{"id":824,"date":"2025-02-25T14:43:13","date_gmt":"2025-02-25T17:43:13","guid":{"rendered":"https:\/\/importadoramc.cl\/distribucion\/?post_type=product&#038;p=824"},"modified":"2026-04-16T13:03:57","modified_gmt":"2026-04-16T17:03:57","slug":"co2-walther-co2-88-g-4-1688","status":"publish","type":"product","link":"https:\/\/importadoramc.cl\/distribucion\/producto\/co2-walther-co2-88-g-4-1688\/","title":{"rendered":"CO2 Walther CO2 88 g #4.1688"},"content":{"rendered":"<p><strong>\u00bfPor qu\u00e9 usar capsulas CO2 Umarex\/Walther?<\/strong><\/p>\n<p>Cuando usas capsulas CO2 originales prologas la vida \u00fatil de la v\u00e1lvula, evitando cualquier tipo de atasco o mal funcionamiento de la pistola de aire. Otros fabricantes dise\u00f1an las capsulas con diversos tama\u00f1os que pueden boquear la pistola de aire e incluso llegar a destruir su sello. Otros fabricantes no filtran el gas de CO2 antes de introducirlo en las c\u00e1psula esto aumenta la suciedad de la v\u00e1lvula provocando una disfunci\u00f3n de la pistola de aire.<\/p>\n<table style=\"border-collapse: collapse; width: 100%;\">\n<tbody>\n<tr>\n<th style=\"border: 1px solid black; padding: 8px;\">Datos T\u00e9cnicos<\/th>\n<th style=\"border: 1px solid black; padding: 8px;\"><\/th>\n<\/tr>\n<tr>\n<td style=\"border: 1px solid black; padding: 8px;\">Contenido<\/td>\n<td style=\"border: 1px solid black; padding: 8px;\">1 unidad<\/td>\n<\/tr>\n<tr>\n<td style=\"border: 1px solid black; padding: 8px;\">Empaque<\/td>\n<td style=\"border: 1px solid black; padding: 8px;\">Ninguno<\/td>\n<\/tr>\n<tr>\n<td style=\"border: 1px solid black; padding: 8px;\">Peso<\/td>\n<td style=\"border: 1px solid black; padding: 8px;\">449 g<\/td>\n<\/tr>\n<\/tbody>\n<\/table>\n<p><img fetchpriority=\"high\" decoding=\"async\" class=\"\" src=\"https:\/\/importadoramc.cl\/distribucion\/wp-content\/uploads\/2025\/02\/16990246311263628.png\" alt=\"\" width=\"715\" height=\"358\" \/><\/p>\n","protected":false},"excerpt":{"rendered":"<p>\u00bfPor qu\u00e9 usar capsulas CO2 Umarex\/Walther? Cuando usas capsulas CO2 originales prologas la vida \u00fatil de la v\u00e1lvula, evitando cualquier tipo de atasco o mal funcionamiento de la pistola de aire. Otros fabricantes dise\u00f1an las capsulas con diversos tama\u00f1os que&#8230;<\/p>\n","protected":false},"featured_media":3810,"template":"","meta":{"_acf_changed":false},"product_brand":[124],"product_cat":[26,17,151],"product_tag":[],"class_list":{"0":"post-824","1":"product","2":"type-product","3":"status-publish","4":"has-post-thumbnail","6":"product_brand-walther","7":"product_cat-aire-comprimido","8":"product_cat-general","9":"product_cat-insumos","11":"first","12":"instock","13":"taxable","14":"shipping-taxable","15":"purchasable","16":"product-type-simple"},"acf":[],"yoast_head":"<!-- This site is optimized with the Yoast SEO plugin v27.2 - https:\/\/yoast.com\/product\/yoast-seo-wordpress\/ -->\n<title>CO2 Walther CO2 88 g #4.1688 - Importadora MC<\/title>\n<meta name=\"robots\" content=\"index, follow, max-snippet:-1, max-image-preview:large, max-video-preview:-1\" \/>\n<link rel=\"canonical\" href=\"https:\/\/importadoramc.cl\/distribucion\/producto\/co2-walther-co2-88-g-4-1688\/\" \/>\n<meta property=\"og:locale\" content=\"es_ES\" \/>\n<meta property=\"og:type\" content=\"article\" \/>\n<meta property=\"og:title\" content=\"CO2 Walther CO2 88 g #4.1688 - Importadora MC\" \/>\n<meta property=\"og:description\" content=\"\u00bfPor qu\u00e9 usar capsulas CO2 Umarex\/Walther? Cuando usas capsulas CO2 originales prologas la vida \u00fatil de la v\u00e1lvula, evitando cualquier tipo de atasco o mal funcionamiento de la pistola de aire. Otros fabricantes dise\u00f1an las capsulas con diversos tama\u00f1os que...\" \/>\n<meta property=\"og:url\" content=\"https:\/\/importadoramc.cl\/distribucion\/producto\/co2-walther-co2-88-g-4-1688\/\" \/>\n<meta property=\"og:site_name\" content=\"Importadora MC\" \/>\n<meta property=\"article:modified_time\" content=\"2026-04-16T17:03:57+00:00\" \/>\n<meta property=\"og:image\" content=\"https:\/\/importadoramc.cl\/distribucion\/wp-content\/uploads\/2025\/02\/Co2Capsule-Walther-88gr-1.png\" \/>\n\t<meta property=\"og:image:width\" content=\"1000\" \/>\n\t<meta property=\"og:image:height\" content=\"1000\" \/>\n\t<meta property=\"og:image:type\" content=\"image\/png\" \/>\n<meta name=\"twitter:card\" content=\"summary_large_image\" \/>\n<meta name=\"twitter:label1\" content=\"Tiempo estimado de lectura\" \/>\n\t<meta name=\"twitter:data1\" content=\"1 minuto\" \/>\n<script type=\"application\/ld+json\" class=\"yoast-schema-graph\">{\"@context\":\"https:\/\/schema.org\",\"@graph\":[{\"@type\":\"WebPage\",\"@id\":\"https:\/\/importadoramc.cl\/distribucion\/producto\/co2-walther-co2-88-g-4-1688\/\",\"url\":\"https:\/\/importadoramc.cl\/distribucion\/producto\/co2-walther-co2-88-g-4-1688\/\",\"name\":\"CO2 Walther CO2 88 g #4.1688 - Importadora MC\",\"isPartOf\":{\"@id\":\"https:\/\/importadoramc.cl\/distribucion\/#website\"},\"primaryImageOfPage\":{\"@id\":\"https:\/\/importadoramc.cl\/distribucion\/producto\/co2-walther-co2-88-g-4-1688\/#primaryimage\"},\"image\":{\"@id\":\"https:\/\/importadoramc.cl\/distribucion\/producto\/co2-walther-co2-88-g-4-1688\/#primaryimage\"},\"thumbnailUrl\":\"https:\/\/importadoramc.cl\/distribucion\/wp-content\/uploads\/2025\/02\/Co2Capsule-Walther-88gr-1.png\",\"datePublished\":\"2025-02-25T17:43:13+00:00\",\"dateModified\":\"2026-04-16T17:03:57+00:00\",\"breadcrumb\":{\"@id\":\"https:\/\/importadoramc.cl\/distribucion\/producto\/co2-walther-co2-88-g-4-1688\/#breadcrumb\"},\"inLanguage\":\"es-CL\",\"potentialAction\":[{\"@type\":\"ReadAction\",\"target\":[\"https:\/\/importadoramc.cl\/distribucion\/producto\/co2-walther-co2-88-g-4-1688\/\"]}]},{\"@type\":\"ImageObject\",\"inLanguage\":\"es-CL\",\"@id\":\"https:\/\/importadoramc.cl\/distribucion\/producto\/co2-walther-co2-88-g-4-1688\/#primaryimage\",\"url\":\"https:\/\/importadoramc.cl\/distribucion\/wp-content\/uploads\/2025\/02\/Co2Capsule-Walther-88gr-1.png\",\"contentUrl\":\"https:\/\/importadoramc.cl\/distribucion\/wp-content\/uploads\/2025\/02\/Co2Capsule-Walther-88gr-1.png\",\"width\":1000,\"height\":1000},{\"@type\":\"BreadcrumbList\",\"@id\":\"https:\/\/importadoramc.cl\/distribucion\/producto\/co2-walther-co2-88-g-4-1688\/#breadcrumb\",\"itemListElement\":[{\"@type\":\"ListItem\",\"position\":1,\"name\":\"Portada\",\"item\":\"https:\/\/importadoramc.cl\/distribucion\/\"},{\"@type\":\"ListItem\",\"position\":2,\"name\":\"Productos\",\"item\":\"https:\/\/importadoramc.cl\/distribucion\/productos\/\"},{\"@type\":\"ListItem\",\"position\":3,\"name\":\"CO2 Walther CO2 88 g #4.1688\"}]},{\"@type\":\"WebSite\",\"@id\":\"https:\/\/importadoramc.cl\/distribucion\/#website\",\"url\":\"https:\/\/importadoramc.cl\/distribucion\/\",\"name\":\"Importadora MC\",\"description\":\"\",\"publisher\":{\"@id\":\"https:\/\/importadoramc.cl\/distribucion\/#organization\"},\"potentialAction\":[{\"@type\":\"SearchAction\",\"target\":{\"@type\":\"EntryPoint\",\"urlTemplate\":\"https:\/\/importadoramc.cl\/distribucion\/?s={search_term_string}\"},\"query-input\":{\"@type\":\"PropertyValueSpecification\",\"valueRequired\":true,\"valueName\":\"search_term_string\"}}],\"inLanguage\":\"es-CL\"},{\"@type\":\"Organization\",\"@id\":\"https:\/\/importadoramc.cl\/distribucion\/#organization\",\"name\":\"Importadora MC\",\"url\":\"https:\/\/importadoramc.cl\/distribucion\/\",\"logo\":{\"@type\":\"ImageObject\",\"inLanguage\":\"es-CL\",\"@id\":\"https:\/\/importadoramc.cl\/distribucion\/#\/schema\/logo\/image\/\",\"url\":\"https:\/\/importadoramc.cl\/distribucion\/wp-content\/uploads\/2025\/04\/VECTORIZACION-DE-LOGO-IMPORTADORA-1.jpg\",\"contentUrl\":\"https:\/\/importadoramc.cl\/distribucion\/wp-content\/uploads\/2025\/04\/VECTORIZACION-DE-LOGO-IMPORTADORA-1.jpg\",\"width\":2559,\"height\":2513,\"caption\":\"Importadora MC\"},\"image\":{\"@id\":\"https:\/\/importadoramc.cl\/distribucion\/#\/schema\/logo\/image\/\"},\"sameAs\":[\"https:\/\/www.linkedin.com\/company\/importadora-mc-cl\/\"]}]}<\/script>\n<!-- \/ Yoast SEO plugin. -->","yoast_head_json":{"title":"CO2 Walther CO2 88 g #4.1688 - Importadora MC","robots":{"index":"index","follow":"follow","max-snippet":"max-snippet:-1","max-image-preview":"max-image-preview:large","max-video-preview":"max-video-preview:-1"},"canonical":"https:\/\/importadoramc.cl\/distribucion\/producto\/co2-walther-co2-88-g-4-1688\/","og_locale":"es_ES","og_type":"article","og_title":"CO2 Walther CO2 88 g #4.1688 - Importadora MC","og_description":"\u00bfPor qu\u00e9 usar capsulas CO2 Umarex\/Walther? Cuando usas capsulas CO2 originales prologas la vida \u00fatil de la v\u00e1lvula, evitando cualquier tipo de atasco o mal funcionamiento de la pistola de aire. Otros fabricantes dise\u00f1an las capsulas con diversos tama\u00f1os que...","og_url":"https:\/\/importadoramc.cl\/distribucion\/producto\/co2-walther-co2-88-g-4-1688\/","og_site_name":"Importadora MC","article_modified_time":"2026-04-16T17:03:57+00:00","og_image":[{"width":1000,"height":1000,"url":"https:\/\/importadoramc.cl\/distribucion\/wp-content\/uploads\/2025\/02\/Co2Capsule-Walther-88gr-1.png","type":"image\/png"}],"twitter_card":"summary_large_image","twitter_misc":{"Tiempo estimado de lectura":"1 minuto"},"schema":{"@context":"https:\/\/schema.org","@graph":[{"@type":"WebPage","@id":"https:\/\/importadoramc.cl\/distribucion\/producto\/co2-walther-co2-88-g-4-1688\/","url":"https:\/\/importadoramc.cl\/distribucion\/producto\/co2-walther-co2-88-g-4-1688\/","name":"CO2 Walther CO2 88 g #4.1688 - Importadora MC","isPartOf":{"@id":"https:\/\/importadoramc.cl\/distribucion\/#website"},"primaryImageOfPage":{"@id":"https:\/\/importadoramc.cl\/distribucion\/producto\/co2-walther-co2-88-g-4-1688\/#primaryimage"},"image":{"@id":"https:\/\/importadoramc.cl\/distribucion\/producto\/co2-walther-co2-88-g-4-1688\/#primaryimage"},"thumbnailUrl":"https:\/\/importadoramc.cl\/distribucion\/wp-content\/uploads\/2025\/02\/Co2Capsule-Walther-88gr-1.png","datePublished":"2025-02-25T17:43:13+00:00","dateModified":"2026-04-16T17:03:57+00:00","breadcrumb":{"@id":"https:\/\/importadoramc.cl\/distribucion\/producto\/co2-walther-co2-88-g-4-1688\/#breadcrumb"},"inLanguage":"es-CL","potentialAction":[{"@type":"ReadAction","target":["https:\/\/importadoramc.cl\/distribucion\/producto\/co2-walther-co2-88-g-4-1688\/"]}]},{"@type":"ImageObject","inLanguage":"es-CL","@id":"https:\/\/importadoramc.cl\/distribucion\/producto\/co2-walther-co2-88-g-4-1688\/#primaryimage","url":"https:\/\/importadoramc.cl\/distribucion\/wp-content\/uploads\/2025\/02\/Co2Capsule-Walther-88gr-1.png","contentUrl":"https:\/\/importadoramc.cl\/distribucion\/wp-content\/uploads\/2025\/02\/Co2Capsule-Walther-88gr-1.png","width":1000,"height":1000},{"@type":"BreadcrumbList","@id":"https:\/\/importadoramc.cl\/distribucion\/producto\/co2-walther-co2-88-g-4-1688\/#breadcrumb","itemListElement":[{"@type":"ListItem","position":1,"name":"Portada","item":"https:\/\/importadoramc.cl\/distribucion\/"},{"@type":"ListItem","position":2,"name":"Productos","item":"https:\/\/importadoramc.cl\/distribucion\/productos\/"},{"@type":"ListItem","position":3,"name":"CO2 Walther CO2 88 g #4.1688"}]},{"@type":"WebSite","@id":"https:\/\/importadoramc.cl\/distribucion\/#website","url":"https:\/\/importadoramc.cl\/distribucion\/","name":"Importadora MC","description":"","publisher":{"@id":"https:\/\/importadoramc.cl\/distribucion\/#organization"},"potentialAction":[{"@type":"SearchAction","target":{"@type":"EntryPoint","urlTemplate":"https:\/\/importadoramc.cl\/distribucion\/?s={search_term_string}"},"query-input":{"@type":"PropertyValueSpecification","valueRequired":true,"valueName":"search_term_string"}}],"inLanguage":"es-CL"},{"@type":"Organization","@id":"https:\/\/importadoramc.cl\/distribucion\/#organization","name":"Importadora MC","url":"https:\/\/importadoramc.cl\/distribucion\/","logo":{"@type":"ImageObject","inLanguage":"es-CL","@id":"https:\/\/importadoramc.cl\/distribucion\/#\/schema\/logo\/image\/","url":"https:\/\/importadoramc.cl\/distribucion\/wp-content\/uploads\/2025\/04\/VECTORIZACION-DE-LOGO-IMPORTADORA-1.jpg","contentUrl":"https:\/\/importadoramc.cl\/distribucion\/wp-content\/uploads\/2025\/04\/VECTORIZACION-DE-LOGO-IMPORTADORA-1.jpg","width":2559,"height":2513,"caption":"Importadora MC"},"image":{"@id":"https:\/\/importadoramc.cl\/distribucion\/#\/schema\/logo\/image\/"},"sameAs":["https:\/\/www.linkedin.com\/company\/importadora-mc-cl\/"]}]}},"_links":{"self":[{"href":"https:\/\/importadoramc.cl\/distribucion\/wp-json\/wp\/v2\/product\/824","targetHints":{"allow":["GET"]}}],"collection":[{"href":"https:\/\/importadoramc.cl\/distribucion\/wp-json\/wp\/v2\/product"}],"about":[{"href":"https:\/\/importadoramc.cl\/distribucion\/wp-json\/wp\/v2\/types\/product"}],"wp:featuredmedia":[{"embeddable":true,"href":"https:\/\/importadoramc.cl\/distribucion\/wp-json\/wp\/v2\/media\/3810"}],"wp:attachment":[{"href":"https:\/\/importadoramc.cl\/distribucion\/wp-json\/wp\/v2\/media?parent=824"}],"wp:term":[{"taxonomy":"product_brand","embeddable":true,"href":"https:\/\/importadoramc.cl\/distribucion\/wp-json\/wp\/v2\/product_brand?post=824"},{"taxonomy":"product_cat","embeddable":true,"href":"https:\/\/importadoramc.cl\/distribucion\/wp-json\/wp\/v2\/product_cat?post=824"},{"taxonomy":"product_tag","embeddable":true,"href":"https:\/\/importadoramc.cl\/distribucion\/wp-json\/wp\/v2\/product_tag?post=824"}],"curies":[{"name":"wp","href":"https:\/\/api.w.org\/{rel}","templated":true}]}}