{"id":785,"date":"2025-02-25T14:43:10","date_gmt":"2025-02-25T17:43:10","guid":{"rendered":"https:\/\/importadoramc.cl\/distribucion\/?post_type=product&#038;p=785"},"modified":"2026-04-13T17:39:43","modified_gmt":"2026-04-13T21:39:43","slug":"revolver-colt-saa-45-55-nkl-wht-45-mm-177-poston-co2-30-j-6r-5-8322","status":"publish","type":"product","link":"https:\/\/importadoramc.cl\/distribucion\/producto\/revolver-colt-saa-45-55-nkl-wht-45-mm-177-poston-co2-30-j-6r-5-8322\/","title":{"rendered":"Rev\u00f3lver Colt SAA .45 &#8211; 5,5&#8243; NKL-WHT 4,5 mm (.177) Poston CO2 < 3,0 J 6R, #5.8322"},"content":{"rendered":"<p>Esta r\u00e9plica del famoso \u201cPeacemaker\u201d est\u00e1 disponible en una versi\u00f3n de balines completamente met\u00e1lica que ofrece mayor precisi\u00f3n. El rev\u00f3lver Colt Single Action Army, con seis vainillas met\u00e1licas, dispara balines de 4,5 mm a trav\u00e9s de un ca\u00f1\u00f3n estriado. Esta versi\u00f3n cuenta con un acabado niquelado y cachas con apariencia de marfil.<\/p>\n<table style=\"border-collapse: collapse; width: 100%;\">\n<tbody>\n<tr>\n<th style=\"border: 1px solid #000; padding: 8px;\">Especificaci\u00f3n<\/th>\n<th style=\"border: 1px solid #000; padding: 8px;\">Detalle<\/th>\n<\/tr>\n<tr>\n<td style=\"border: 1px solid #000; padding: 8px;\">Nivel de energ\u00eda (E\u2080)<\/td>\n<td style=\"border: 1px solid #000; padding: 8px;\">&lt; 3.0 J<\/td>\n<\/tr>\n<tr>\n<td style=\"border: 1px solid #000; padding: 8px;\">Velocidad (V\u2080)<\/td>\n<td style=\"border: 1px solid #000; padding: 8px;\">115 m\/s (377 fps)<\/td>\n<\/tr>\n<tr>\n<td style=\"border: 1px solid #000; padding: 8px;\">Calibre<\/td>\n<td style=\"border: 1px solid #000; padding: 8px;\">4.5 mm (.177) Pellet<\/td>\n<\/tr>\n<tr>\n<td style=\"border: 1px solid #000; padding: 8px;\">Fuente de energ\u00eda<\/td>\n<td style=\"border: 1px solid #000; padding: 8px;\">1 c\u00e1psula de CO\u2082 de 12 g<\/td>\n<\/tr>\n<tr>\n<td style=\"border: 1px solid #000; padding: 8px;\">Capacidad del cargador<\/td>\n<td style=\"border: 1px solid #000; padding: 8px;\">6 tiros<\/td>\n<\/tr>\n<tr>\n<td style=\"border: 1px solid #000; padding: 8px;\">Capacidad de disparos<\/td>\n<td style=\"border: 1px solid #000; padding: 8px;\">120 disparos aprox.<\/td>\n<\/tr>\n<tr>\n<td style=\"border: 1px solid #000; padding: 8px;\">Tipo de disparo<\/td>\n<td style=\"border: 1px solid #000; padding: 8px;\">Single Action<\/td>\n<\/tr>\n<tr>\n<td style=\"border: 1px solid #000; padding: 8px;\">Seguro<\/td>\n<td style=\"border: 1px solid #000; padding: 8px;\">Seguro deslizante<\/td>\n<\/tr>\n<tr>\n<td style=\"border: 1px solid #000; padding: 8px;\">Longitud<\/td>\n<td style=\"border: 1px solid #000; padding: 8px;\">275 mm<\/td>\n<\/tr>\n<tr>\n<td style=\"border: 1px solid #000; padding: 8px;\">Peso<\/td>\n<td style=\"border: 1px solid #000; padding: 8px;\">867 g<\/td>\n<\/tr>\n<\/tbody>\n<\/table>\n","protected":false},"excerpt":{"rendered":"<p>Esta r\u00e9plica del famoso \u201cPeacemaker\u201d est\u00e1 disponible en una versi\u00f3n de balines completamente met\u00e1lica que ofrece mayor precisi\u00f3n. El rev\u00f3lver Colt Single Action Army, con seis vainillas met\u00e1licas, dispara balines de 4,5 mm a trav\u00e9s de un ca\u00f1\u00f3n estriado. Esta&#8230;<\/p>\n","protected":false},"featured_media":5311,"template":"","meta":{"_acf_changed":false},"product_brand":[33],"product_cat":[26,17,27],"product_tag":[],"class_list":{"0":"post-785","1":"product","2":"type-product","3":"status-publish","4":"has-post-thumbnail","6":"product_brand-umarex","7":"product_cat-aire-comprimido","8":"product_cat-general","9":"product_cat-pistolas-y-revolver","11":"first","12":"outofstock","13":"taxable","14":"shipping-taxable","15":"purchasable","16":"product-type-simple"},"acf":[],"yoast_head":"<!-- This site is optimized with the Yoast SEO plugin v27.2 - https:\/\/yoast.com\/product\/yoast-seo-wordpress\/ -->\n<title>Rev\u00f3lver Colt SAA .45 - 5,5&quot; NKL-WHT 4,5 mm (.177) Poston CO2 &lt; 3,0 J 6R, #5.8322 - Importadora MC<\/title>\n<meta name=\"robots\" content=\"index, follow, max-snippet:-1, max-image-preview:large, max-video-preview:-1\" \/>\n<link rel=\"canonical\" href=\"https:\/\/importadoramc.cl\/distribucion\/producto\/revolver-colt-saa-45-55-nkl-wht-45-mm-177-poston-co2-30-j-6r-5-8322\/\" \/>\n<meta property=\"og:locale\" content=\"es_ES\" \/>\n<meta property=\"og:type\" content=\"article\" \/>\n<meta property=\"og:title\" content=\"Rev\u00f3lver Colt SAA .45 - 5,5&quot; NKL-WHT 4,5 mm (.177) Poston CO2 &lt; 3,0 J 6R, #5.8322 - Importadora MC\" \/>\n<meta property=\"og:description\" content=\"Esta r\u00e9plica del famoso \u201cPeacemaker\u201d est\u00e1 disponible en una versi\u00f3n de balines completamente met\u00e1lica que ofrece mayor precisi\u00f3n. El rev\u00f3lver Colt Single Action Army, con seis vainillas met\u00e1licas, dispara balines de 4,5 mm a trav\u00e9s de un ca\u00f1\u00f3n estriado. Esta...\" \/>\n<meta property=\"og:url\" content=\"https:\/\/importadoramc.cl\/distribucion\/producto\/revolver-colt-saa-45-55-nkl-wht-45-mm-177-poston-co2-30-j-6r-5-8322\/\" \/>\n<meta property=\"og:site_name\" content=\"Importadora MC\" \/>\n<meta property=\"article:modified_time\" content=\"2026-04-13T21:39:43+00:00\" \/>\n<meta property=\"og:image\" content=\"https:\/\/importadoramc.cl\/distribucion\/wp-content\/uploads\/2025\/02\/COLT-SAA-.45.jpg\" \/>\n\t<meta property=\"og:image:width\" content=\"1000\" \/>\n\t<meta property=\"og:image:height\" content=\"1000\" \/>\n\t<meta property=\"og:image:type\" content=\"image\/jpeg\" \/>\n<meta name=\"twitter:card\" content=\"summary_large_image\" \/>\n<meta name=\"twitter:label1\" content=\"Tiempo estimado de lectura\" \/>\n\t<meta name=\"twitter:data1\" content=\"1 minuto\" \/>\n<script type=\"application\/ld+json\" class=\"yoast-schema-graph\">{\"@context\":\"https:\/\/schema.org\",\"@graph\":[{\"@type\":\"WebPage\",\"@id\":\"https:\/\/importadoramc.cl\/distribucion\/producto\/revolver-colt-saa-45-55-nkl-wht-45-mm-177-poston-co2-30-j-6r-5-8322\/\",\"url\":\"https:\/\/importadoramc.cl\/distribucion\/producto\/revolver-colt-saa-45-55-nkl-wht-45-mm-177-poston-co2-30-j-6r-5-8322\/\",\"name\":\"Rev\u00f3lver Colt SAA .45 - 5,5\\\" NKL-WHT 4,5 mm (.177) Poston CO2 < 3,0 J 6R, #5.8322 - Importadora MC\",\"isPartOf\":{\"@id\":\"https:\/\/importadoramc.cl\/distribucion\/#website\"},\"primaryImageOfPage\":{\"@id\":\"https:\/\/importadoramc.cl\/distribucion\/producto\/revolver-colt-saa-45-55-nkl-wht-45-mm-177-poston-co2-30-j-6r-5-8322\/#primaryimage\"},\"image\":{\"@id\":\"https:\/\/importadoramc.cl\/distribucion\/producto\/revolver-colt-saa-45-55-nkl-wht-45-mm-177-poston-co2-30-j-6r-5-8322\/#primaryimage\"},\"thumbnailUrl\":\"https:\/\/importadoramc.cl\/distribucion\/wp-content\/uploads\/2025\/02\/COLT-SAA-.45.jpg\",\"datePublished\":\"2025-02-25T17:43:10+00:00\",\"dateModified\":\"2026-04-13T21:39:43+00:00\",\"breadcrumb\":{\"@id\":\"https:\/\/importadoramc.cl\/distribucion\/producto\/revolver-colt-saa-45-55-nkl-wht-45-mm-177-poston-co2-30-j-6r-5-8322\/#breadcrumb\"},\"inLanguage\":\"es-CL\",\"potentialAction\":[{\"@type\":\"ReadAction\",\"target\":[\"https:\/\/importadoramc.cl\/distribucion\/producto\/revolver-colt-saa-45-55-nkl-wht-45-mm-177-poston-co2-30-j-6r-5-8322\/\"]}]},{\"@type\":\"ImageObject\",\"inLanguage\":\"es-CL\",\"@id\":\"https:\/\/importadoramc.cl\/distribucion\/producto\/revolver-colt-saa-45-55-nkl-wht-45-mm-177-poston-co2-30-j-6r-5-8322\/#primaryimage\",\"url\":\"https:\/\/importadoramc.cl\/distribucion\/wp-content\/uploads\/2025\/02\/COLT-SAA-.45.jpg\",\"contentUrl\":\"https:\/\/importadoramc.cl\/distribucion\/wp-content\/uploads\/2025\/02\/COLT-SAA-.45.jpg\",\"width\":1000,\"height\":1000},{\"@type\":\"BreadcrumbList\",\"@id\":\"https:\/\/importadoramc.cl\/distribucion\/producto\/revolver-colt-saa-45-55-nkl-wht-45-mm-177-poston-co2-30-j-6r-5-8322\/#breadcrumb\",\"itemListElement\":[{\"@type\":\"ListItem\",\"position\":1,\"name\":\"Portada\",\"item\":\"https:\/\/importadoramc.cl\/distribucion\/\"},{\"@type\":\"ListItem\",\"position\":2,\"name\":\"Productos\",\"item\":\"https:\/\/importadoramc.cl\/distribucion\/productos\/\"},{\"@type\":\"ListItem\",\"position\":3,\"name\":\"Rev\u00f3lver Colt SAA .45 &#8211; 5,5&#8243; NKL-WHT 4,5 mm (.177) Poston CO2 < 3,0 J 6R, #5.8322\"}]},{\"@type\":\"WebSite\",\"@id\":\"https:\/\/importadoramc.cl\/distribucion\/#website\",\"url\":\"https:\/\/importadoramc.cl\/distribucion\/\",\"name\":\"Importadora MC\",\"description\":\"\",\"publisher\":{\"@id\":\"https:\/\/importadoramc.cl\/distribucion\/#organization\"},\"potentialAction\":[{\"@type\":\"SearchAction\",\"target\":{\"@type\":\"EntryPoint\",\"urlTemplate\":\"https:\/\/importadoramc.cl\/distribucion\/?s={search_term_string}\"},\"query-input\":{\"@type\":\"PropertyValueSpecification\",\"valueRequired\":true,\"valueName\":\"search_term_string\"}}],\"inLanguage\":\"es-CL\"},{\"@type\":\"Organization\",\"@id\":\"https:\/\/importadoramc.cl\/distribucion\/#organization\",\"name\":\"Importadora MC\",\"url\":\"https:\/\/importadoramc.cl\/distribucion\/\",\"logo\":{\"@type\":\"ImageObject\",\"inLanguage\":\"es-CL\",\"@id\":\"https:\/\/importadoramc.cl\/distribucion\/#\/schema\/logo\/image\/\",\"url\":\"https:\/\/importadoramc.cl\/distribucion\/wp-content\/uploads\/2025\/04\/VECTORIZACION-DE-LOGO-IMPORTADORA-1.jpg\",\"contentUrl\":\"https:\/\/importadoramc.cl\/distribucion\/wp-content\/uploads\/2025\/04\/VECTORIZACION-DE-LOGO-IMPORTADORA-1.jpg\",\"width\":2559,\"height\":2513,\"caption\":\"Importadora MC\"},\"image\":{\"@id\":\"https:\/\/importadoramc.cl\/distribucion\/#\/schema\/logo\/image\/\"},\"sameAs\":[\"https:\/\/www.linkedin.com\/company\/importadora-mc-cl\/\"]}]}<\/script>\n<!-- \/ Yoast SEO plugin. -->","yoast_head_json":{"title":"Rev\u00f3lver Colt SAA .45 - 5,5\" NKL-WHT 4,5 mm (.177) Poston CO2 < 3,0 J 6R, #5.8322 - Importadora MC","robots":{"index":"index","follow":"follow","max-snippet":"max-snippet:-1","max-image-preview":"max-image-preview:large","max-video-preview":"max-video-preview:-1"},"canonical":"https:\/\/importadoramc.cl\/distribucion\/producto\/revolver-colt-saa-45-55-nkl-wht-45-mm-177-poston-co2-30-j-6r-5-8322\/","og_locale":"es_ES","og_type":"article","og_title":"Rev\u00f3lver Colt SAA .45 - 5,5\" NKL-WHT 4,5 mm (.177) Poston CO2 < 3,0 J 6R, #5.8322 - Importadora MC","og_description":"Esta r\u00e9plica del famoso \u201cPeacemaker\u201d est\u00e1 disponible en una versi\u00f3n de balines completamente met\u00e1lica que ofrece mayor precisi\u00f3n. El rev\u00f3lver Colt Single Action Army, con seis vainillas met\u00e1licas, dispara balines de 4,5 mm a trav\u00e9s de un ca\u00f1\u00f3n estriado. Esta...","og_url":"https:\/\/importadoramc.cl\/distribucion\/producto\/revolver-colt-saa-45-55-nkl-wht-45-mm-177-poston-co2-30-j-6r-5-8322\/","og_site_name":"Importadora MC","article_modified_time":"2026-04-13T21:39:43+00:00","og_image":[{"width":1000,"height":1000,"url":"https:\/\/importadoramc.cl\/distribucion\/wp-content\/uploads\/2025\/02\/COLT-SAA-.45.jpg","type":"image\/jpeg"}],"twitter_card":"summary_large_image","twitter_misc":{"Tiempo estimado de lectura":"1 minuto"},"schema":{"@context":"https:\/\/schema.org","@graph":[{"@type":"WebPage","@id":"https:\/\/importadoramc.cl\/distribucion\/producto\/revolver-colt-saa-45-55-nkl-wht-45-mm-177-poston-co2-30-j-6r-5-8322\/","url":"https:\/\/importadoramc.cl\/distribucion\/producto\/revolver-colt-saa-45-55-nkl-wht-45-mm-177-poston-co2-30-j-6r-5-8322\/","name":"Rev\u00f3lver Colt SAA .45 - 5,5\" NKL-WHT 4,5 mm (.177) Poston CO2 < 3,0 J 6R, #5.8322 - Importadora MC","isPartOf":{"@id":"https:\/\/importadoramc.cl\/distribucion\/#website"},"primaryImageOfPage":{"@id":"https:\/\/importadoramc.cl\/distribucion\/producto\/revolver-colt-saa-45-55-nkl-wht-45-mm-177-poston-co2-30-j-6r-5-8322\/#primaryimage"},"image":{"@id":"https:\/\/importadoramc.cl\/distribucion\/producto\/revolver-colt-saa-45-55-nkl-wht-45-mm-177-poston-co2-30-j-6r-5-8322\/#primaryimage"},"thumbnailUrl":"https:\/\/importadoramc.cl\/distribucion\/wp-content\/uploads\/2025\/02\/COLT-SAA-.45.jpg","datePublished":"2025-02-25T17:43:10+00:00","dateModified":"2026-04-13T21:39:43+00:00","breadcrumb":{"@id":"https:\/\/importadoramc.cl\/distribucion\/producto\/revolver-colt-saa-45-55-nkl-wht-45-mm-177-poston-co2-30-j-6r-5-8322\/#breadcrumb"},"inLanguage":"es-CL","potentialAction":[{"@type":"ReadAction","target":["https:\/\/importadoramc.cl\/distribucion\/producto\/revolver-colt-saa-45-55-nkl-wht-45-mm-177-poston-co2-30-j-6r-5-8322\/"]}]},{"@type":"ImageObject","inLanguage":"es-CL","@id":"https:\/\/importadoramc.cl\/distribucion\/producto\/revolver-colt-saa-45-55-nkl-wht-45-mm-177-poston-co2-30-j-6r-5-8322\/#primaryimage","url":"https:\/\/importadoramc.cl\/distribucion\/wp-content\/uploads\/2025\/02\/COLT-SAA-.45.jpg","contentUrl":"https:\/\/importadoramc.cl\/distribucion\/wp-content\/uploads\/2025\/02\/COLT-SAA-.45.jpg","width":1000,"height":1000},{"@type":"BreadcrumbList","@id":"https:\/\/importadoramc.cl\/distribucion\/producto\/revolver-colt-saa-45-55-nkl-wht-45-mm-177-poston-co2-30-j-6r-5-8322\/#breadcrumb","itemListElement":[{"@type":"ListItem","position":1,"name":"Portada","item":"https:\/\/importadoramc.cl\/distribucion\/"},{"@type":"ListItem","position":2,"name":"Productos","item":"https:\/\/importadoramc.cl\/distribucion\/productos\/"},{"@type":"ListItem","position":3,"name":"Rev\u00f3lver Colt SAA .45 &#8211; 5,5&#8243; NKL-WHT 4,5 mm (.177) Poston CO2 < 3,0 J 6R, #5.8322"}]},{"@type":"WebSite","@id":"https:\/\/importadoramc.cl\/distribucion\/#website","url":"https:\/\/importadoramc.cl\/distribucion\/","name":"Importadora MC","description":"","publisher":{"@id":"https:\/\/importadoramc.cl\/distribucion\/#organization"},"potentialAction":[{"@type":"SearchAction","target":{"@type":"EntryPoint","urlTemplate":"https:\/\/importadoramc.cl\/distribucion\/?s={search_term_string}"},"query-input":{"@type":"PropertyValueSpecification","valueRequired":true,"valueName":"search_term_string"}}],"inLanguage":"es-CL"},{"@type":"Organization","@id":"https:\/\/importadoramc.cl\/distribucion\/#organization","name":"Importadora MC","url":"https:\/\/importadoramc.cl\/distribucion\/","logo":{"@type":"ImageObject","inLanguage":"es-CL","@id":"https:\/\/importadoramc.cl\/distribucion\/#\/schema\/logo\/image\/","url":"https:\/\/importadoramc.cl\/distribucion\/wp-content\/uploads\/2025\/04\/VECTORIZACION-DE-LOGO-IMPORTADORA-1.jpg","contentUrl":"https:\/\/importadoramc.cl\/distribucion\/wp-content\/uploads\/2025\/04\/VECTORIZACION-DE-LOGO-IMPORTADORA-1.jpg","width":2559,"height":2513,"caption":"Importadora MC"},"image":{"@id":"https:\/\/importadoramc.cl\/distribucion\/#\/schema\/logo\/image\/"},"sameAs":["https:\/\/www.linkedin.com\/company\/importadora-mc-cl\/"]}]}},"_links":{"self":[{"href":"https:\/\/importadoramc.cl\/distribucion\/wp-json\/wp\/v2\/product\/785","targetHints":{"allow":["GET"]}}],"collection":[{"href":"https:\/\/importadoramc.cl\/distribucion\/wp-json\/wp\/v2\/product"}],"about":[{"href":"https:\/\/importadoramc.cl\/distribucion\/wp-json\/wp\/v2\/types\/product"}],"wp:featuredmedia":[{"embeddable":true,"href":"https:\/\/importadoramc.cl\/distribucion\/wp-json\/wp\/v2\/media\/5311"}],"wp:attachment":[{"href":"https:\/\/importadoramc.cl\/distribucion\/wp-json\/wp\/v2\/media?parent=785"}],"wp:term":[{"taxonomy":"product_brand","embeddable":true,"href":"https:\/\/importadoramc.cl\/distribucion\/wp-json\/wp\/v2\/product_brand?post=785"},{"taxonomy":"product_cat","embeddable":true,"href":"https:\/\/importadoramc.cl\/distribucion\/wp-json\/wp\/v2\/product_cat?post=785"},{"taxonomy":"product_tag","embeddable":true,"href":"https:\/\/importadoramc.cl\/distribucion\/wp-json\/wp\/v2\/product_tag?post=785"}],"curies":[{"name":"wp","href":"https:\/\/api.w.org\/{rel}","templated":true}]}}