{"id":749,"date":"2025-02-25T14:43:07","date_gmt":"2025-02-25T17:43:07","guid":{"rendered":"https:\/\/importadoramc.cl\/distribucion\/?post_type=product&#038;p=749"},"modified":"2026-04-01T16:00:35","modified_gmt":"2026-04-01T19:00:35","slug":"pistola-cal-50-mod-lancer-scorpion-ltd-50as-b-co2","status":"publish","type":"product","link":"https:\/\/importadoramc.cl\/distribucion\/producto\/pistola-cal-50-mod-lancer-scorpion-ltd-50as-b-co2\/","title":{"rendered":"Pistola cal .50 mod Lancer Scorpion, #LTD-50AS-B, co2"},"content":{"rendered":"<p>Mant\u00e9ngase a usted y a sus seres queridos a salvo de los intrusos. La l\u00ednea Lancer Defense de pistolas de CO2 menos letales est\u00e1 dise\u00f1ada para ser utilizada como una opci\u00f3n menos letal contra los intrusos o con fines de autodefensa.<\/p>\n<table style=\"border: 1px solid black; border-collapse: collapse;\">\n<tbody>\n<tr>\n<td style=\"border: 1px solid black; padding: 4px;\">Tipo<\/td>\n<td style=\"border: 1px solid black; padding: 4px;\">Pistola de defensa no letal<\/td>\n<\/tr>\n<tr>\n<td style=\"border: 1px solid black; padding: 4px;\">Calibre<\/td>\n<td style=\"border: 1px solid black; padding: 4px;\">.50<\/td>\n<\/tr>\n<tr>\n<td style=\"border: 1px solid black; padding: 4px;\">Capacidad del cargador<\/td>\n<td style=\"border: 1px solid black; padding: 4px;\">7 tiros (extra\u00edble)<\/td>\n<\/tr>\n<tr>\n<td style=\"border: 1px solid black; padding: 4px;\">Velocidad<\/td>\n<td style=\"border: 1px solid black; padding: 4px;\">300 fps (100 m\/s)<\/td>\n<\/tr>\n<tr>\n<td style=\"border: 1px solid black; padding: 4px;\">Distancia efectiva<\/td>\n<td style=\"border: 1px solid black; padding: 4px;\">12 metros<\/td>\n<\/tr>\n<tr>\n<td style=\"border: 1px solid black; padding: 4px;\">Funcionamiento<\/td>\n<td style=\"border: 1px solid black; padding: 4px;\">CO\u2082 de 12g<\/td>\n<\/tr>\n<tr>\n<td style=\"border: 1px solid black; padding: 4px;\">Modo de disparo<\/td>\n<td style=\"border: 1px solid black; padding: 4px;\">Semiautom\u00e1tica<\/td>\n<\/tr>\n<tr>\n<td style=\"border: 1px solid black; padding: 4px;\">Peso<\/td>\n<td style=\"border: 1px solid black; padding: 4px;\">910 g<\/td>\n<\/tr>\n<tr>\n<td style=\"border: 1px solid black; padding: 4px;\">Material<\/td>\n<td style=\"border: 1px solid black; padding: 4px;\">Pol\u00edmero<\/td>\n<\/tr>\n<tr>\n<td style=\"border: 1px solid black; padding: 4px;\">Color<\/td>\n<td style=\"border: 1px solid black; padding: 4px;\">Negro<\/td>\n<\/tr>\n<\/tbody>\n<\/table>\n","protected":false},"excerpt":{"rendered":"<p>Mant\u00e9ngase a usted y a sus seres queridos a salvo de los intrusos. La l\u00ednea Lancer Defense de pistolas de CO2 menos letales est\u00e1 dise\u00f1ada para ser utilizada como una opci\u00f3n menos letal contra los intrusos o con fines de&#8230;<\/p>\n","protected":false},"featured_media":5012,"template":"","meta":{"_acf_changed":false},"product_brand":[100],"product_cat":[116,17,139],"product_tag":[],"class_list":{"0":"post-749","1":"product","2":"type-product","3":"status-publish","4":"has-post-thumbnail","6":"product_brand-lancer-defense","7":"product_cat-defensa-personal","8":"product_cat-general","9":"product_cat-marcadora-no-letal","11":"first","12":"outofstock","13":"taxable","14":"shipping-taxable","15":"purchasable","16":"product-type-simple"},"acf":[],"yoast_head":"<!-- This site is optimized with the Yoast SEO plugin v27.2 - https:\/\/yoast.com\/product\/yoast-seo-wordpress\/ -->\n<title>Pistola cal .50 mod Lancer Scorpion, #LTD-50AS-B, co2 - Importadora MC<\/title>\n<meta name=\"robots\" content=\"index, follow, max-snippet:-1, max-image-preview:large, max-video-preview:-1\" \/>\n<link rel=\"canonical\" href=\"https:\/\/importadoramc.cl\/distribucion\/producto\/pistola-cal-50-mod-lancer-scorpion-ltd-50as-b-co2\/\" \/>\n<meta property=\"og:locale\" content=\"es_ES\" \/>\n<meta property=\"og:type\" content=\"article\" \/>\n<meta property=\"og:title\" content=\"Pistola cal .50 mod Lancer Scorpion, #LTD-50AS-B, co2 - Importadora MC\" \/>\n<meta property=\"og:description\" content=\"Mant\u00e9ngase a usted y a sus seres queridos a salvo de los intrusos. La l\u00ednea Lancer Defense de pistolas de CO2 menos letales est\u00e1 dise\u00f1ada para ser utilizada como una opci\u00f3n menos letal contra los intrusos o con fines de...\" \/>\n<meta property=\"og:url\" content=\"https:\/\/importadoramc.cl\/distribucion\/producto\/pistola-cal-50-mod-lancer-scorpion-ltd-50as-b-co2\/\" \/>\n<meta property=\"og:site_name\" content=\"Importadora MC\" \/>\n<meta property=\"article:modified_time\" content=\"2026-04-01T19:00:35+00:00\" \/>\n<meta property=\"og:image\" content=\"https:\/\/importadoramc.cl\/distribucion\/wp-content\/uploads\/2025\/02\/Pistola-cal-.50-mod-Lancer-Scorpion-LTD-50AS-B-co2.png\" \/>\n\t<meta property=\"og:image:width\" content=\"1000\" \/>\n\t<meta property=\"og:image:height\" content=\"1000\" \/>\n\t<meta property=\"og:image:type\" content=\"image\/png\" \/>\n<meta name=\"twitter:card\" content=\"summary_large_image\" \/>\n<meta name=\"twitter:label1\" content=\"Tiempo estimado de lectura\" \/>\n\t<meta name=\"twitter:data1\" content=\"1 minuto\" \/>\n<script type=\"application\/ld+json\" class=\"yoast-schema-graph\">{\"@context\":\"https:\/\/schema.org\",\"@graph\":[{\"@type\":\"WebPage\",\"@id\":\"https:\/\/importadoramc.cl\/distribucion\/producto\/pistola-cal-50-mod-lancer-scorpion-ltd-50as-b-co2\/\",\"url\":\"https:\/\/importadoramc.cl\/distribucion\/producto\/pistola-cal-50-mod-lancer-scorpion-ltd-50as-b-co2\/\",\"name\":\"Pistola cal .50 mod Lancer Scorpion, #LTD-50AS-B, co2 - Importadora MC\",\"isPartOf\":{\"@id\":\"https:\/\/importadoramc.cl\/distribucion\/#website\"},\"primaryImageOfPage\":{\"@id\":\"https:\/\/importadoramc.cl\/distribucion\/producto\/pistola-cal-50-mod-lancer-scorpion-ltd-50as-b-co2\/#primaryimage\"},\"image\":{\"@id\":\"https:\/\/importadoramc.cl\/distribucion\/producto\/pistola-cal-50-mod-lancer-scorpion-ltd-50as-b-co2\/#primaryimage\"},\"thumbnailUrl\":\"https:\/\/importadoramc.cl\/distribucion\/wp-content\/uploads\/2025\/02\/Pistola-cal-.50-mod-Lancer-Scorpion-LTD-50AS-B-co2.png\",\"datePublished\":\"2025-02-25T17:43:07+00:00\",\"dateModified\":\"2026-04-01T19:00:35+00:00\",\"breadcrumb\":{\"@id\":\"https:\/\/importadoramc.cl\/distribucion\/producto\/pistola-cal-50-mod-lancer-scorpion-ltd-50as-b-co2\/#breadcrumb\"},\"inLanguage\":\"es-CL\",\"potentialAction\":[{\"@type\":\"ReadAction\",\"target\":[\"https:\/\/importadoramc.cl\/distribucion\/producto\/pistola-cal-50-mod-lancer-scorpion-ltd-50as-b-co2\/\"]}]},{\"@type\":\"ImageObject\",\"inLanguage\":\"es-CL\",\"@id\":\"https:\/\/importadoramc.cl\/distribucion\/producto\/pistola-cal-50-mod-lancer-scorpion-ltd-50as-b-co2\/#primaryimage\",\"url\":\"https:\/\/importadoramc.cl\/distribucion\/wp-content\/uploads\/2025\/02\/Pistola-cal-.50-mod-Lancer-Scorpion-LTD-50AS-B-co2.png\",\"contentUrl\":\"https:\/\/importadoramc.cl\/distribucion\/wp-content\/uploads\/2025\/02\/Pistola-cal-.50-mod-Lancer-Scorpion-LTD-50AS-B-co2.png\",\"width\":1000,\"height\":1000},{\"@type\":\"BreadcrumbList\",\"@id\":\"https:\/\/importadoramc.cl\/distribucion\/producto\/pistola-cal-50-mod-lancer-scorpion-ltd-50as-b-co2\/#breadcrumb\",\"itemListElement\":[{\"@type\":\"ListItem\",\"position\":1,\"name\":\"Portada\",\"item\":\"https:\/\/importadoramc.cl\/distribucion\/\"},{\"@type\":\"ListItem\",\"position\":2,\"name\":\"Productos\",\"item\":\"https:\/\/importadoramc.cl\/distribucion\/productos\/\"},{\"@type\":\"ListItem\",\"position\":3,\"name\":\"Pistola cal .50 mod Lancer Scorpion, #LTD-50AS-B, co2\"}]},{\"@type\":\"WebSite\",\"@id\":\"https:\/\/importadoramc.cl\/distribucion\/#website\",\"url\":\"https:\/\/importadoramc.cl\/distribucion\/\",\"name\":\"Importadora MC\",\"description\":\"\",\"publisher\":{\"@id\":\"https:\/\/importadoramc.cl\/distribucion\/#organization\"},\"potentialAction\":[{\"@type\":\"SearchAction\",\"target\":{\"@type\":\"EntryPoint\",\"urlTemplate\":\"https:\/\/importadoramc.cl\/distribucion\/?s={search_term_string}\"},\"query-input\":{\"@type\":\"PropertyValueSpecification\",\"valueRequired\":true,\"valueName\":\"search_term_string\"}}],\"inLanguage\":\"es-CL\"},{\"@type\":\"Organization\",\"@id\":\"https:\/\/importadoramc.cl\/distribucion\/#organization\",\"name\":\"Importadora MC\",\"url\":\"https:\/\/importadoramc.cl\/distribucion\/\",\"logo\":{\"@type\":\"ImageObject\",\"inLanguage\":\"es-CL\",\"@id\":\"https:\/\/importadoramc.cl\/distribucion\/#\/schema\/logo\/image\/\",\"url\":\"https:\/\/importadoramc.cl\/distribucion\/wp-content\/uploads\/2025\/04\/VECTORIZACION-DE-LOGO-IMPORTADORA-1.jpg\",\"contentUrl\":\"https:\/\/importadoramc.cl\/distribucion\/wp-content\/uploads\/2025\/04\/VECTORIZACION-DE-LOGO-IMPORTADORA-1.jpg\",\"width\":2559,\"height\":2513,\"caption\":\"Importadora MC\"},\"image\":{\"@id\":\"https:\/\/importadoramc.cl\/distribucion\/#\/schema\/logo\/image\/\"},\"sameAs\":[\"https:\/\/www.linkedin.com\/company\/importadora-mc-cl\/\"]}]}<\/script>\n<!-- \/ Yoast SEO plugin. -->","yoast_head_json":{"title":"Pistola cal .50 mod Lancer Scorpion, #LTD-50AS-B, co2 - Importadora MC","robots":{"index":"index","follow":"follow","max-snippet":"max-snippet:-1","max-image-preview":"max-image-preview:large","max-video-preview":"max-video-preview:-1"},"canonical":"https:\/\/importadoramc.cl\/distribucion\/producto\/pistola-cal-50-mod-lancer-scorpion-ltd-50as-b-co2\/","og_locale":"es_ES","og_type":"article","og_title":"Pistola cal .50 mod Lancer Scorpion, #LTD-50AS-B, co2 - Importadora MC","og_description":"Mant\u00e9ngase a usted y a sus seres queridos a salvo de los intrusos. La l\u00ednea Lancer Defense de pistolas de CO2 menos letales est\u00e1 dise\u00f1ada para ser utilizada como una opci\u00f3n menos letal contra los intrusos o con fines de...","og_url":"https:\/\/importadoramc.cl\/distribucion\/producto\/pistola-cal-50-mod-lancer-scorpion-ltd-50as-b-co2\/","og_site_name":"Importadora MC","article_modified_time":"2026-04-01T19:00:35+00:00","og_image":[{"width":1000,"height":1000,"url":"https:\/\/importadoramc.cl\/distribucion\/wp-content\/uploads\/2025\/02\/Pistola-cal-.50-mod-Lancer-Scorpion-LTD-50AS-B-co2.png","type":"image\/png"}],"twitter_card":"summary_large_image","twitter_misc":{"Tiempo estimado de lectura":"1 minuto"},"schema":{"@context":"https:\/\/schema.org","@graph":[{"@type":"WebPage","@id":"https:\/\/importadoramc.cl\/distribucion\/producto\/pistola-cal-50-mod-lancer-scorpion-ltd-50as-b-co2\/","url":"https:\/\/importadoramc.cl\/distribucion\/producto\/pistola-cal-50-mod-lancer-scorpion-ltd-50as-b-co2\/","name":"Pistola cal .50 mod Lancer Scorpion, #LTD-50AS-B, co2 - Importadora MC","isPartOf":{"@id":"https:\/\/importadoramc.cl\/distribucion\/#website"},"primaryImageOfPage":{"@id":"https:\/\/importadoramc.cl\/distribucion\/producto\/pistola-cal-50-mod-lancer-scorpion-ltd-50as-b-co2\/#primaryimage"},"image":{"@id":"https:\/\/importadoramc.cl\/distribucion\/producto\/pistola-cal-50-mod-lancer-scorpion-ltd-50as-b-co2\/#primaryimage"},"thumbnailUrl":"https:\/\/importadoramc.cl\/distribucion\/wp-content\/uploads\/2025\/02\/Pistola-cal-.50-mod-Lancer-Scorpion-LTD-50AS-B-co2.png","datePublished":"2025-02-25T17:43:07+00:00","dateModified":"2026-04-01T19:00:35+00:00","breadcrumb":{"@id":"https:\/\/importadoramc.cl\/distribucion\/producto\/pistola-cal-50-mod-lancer-scorpion-ltd-50as-b-co2\/#breadcrumb"},"inLanguage":"es-CL","potentialAction":[{"@type":"ReadAction","target":["https:\/\/importadoramc.cl\/distribucion\/producto\/pistola-cal-50-mod-lancer-scorpion-ltd-50as-b-co2\/"]}]},{"@type":"ImageObject","inLanguage":"es-CL","@id":"https:\/\/importadoramc.cl\/distribucion\/producto\/pistola-cal-50-mod-lancer-scorpion-ltd-50as-b-co2\/#primaryimage","url":"https:\/\/importadoramc.cl\/distribucion\/wp-content\/uploads\/2025\/02\/Pistola-cal-.50-mod-Lancer-Scorpion-LTD-50AS-B-co2.png","contentUrl":"https:\/\/importadoramc.cl\/distribucion\/wp-content\/uploads\/2025\/02\/Pistola-cal-.50-mod-Lancer-Scorpion-LTD-50AS-B-co2.png","width":1000,"height":1000},{"@type":"BreadcrumbList","@id":"https:\/\/importadoramc.cl\/distribucion\/producto\/pistola-cal-50-mod-lancer-scorpion-ltd-50as-b-co2\/#breadcrumb","itemListElement":[{"@type":"ListItem","position":1,"name":"Portada","item":"https:\/\/importadoramc.cl\/distribucion\/"},{"@type":"ListItem","position":2,"name":"Productos","item":"https:\/\/importadoramc.cl\/distribucion\/productos\/"},{"@type":"ListItem","position":3,"name":"Pistola cal .50 mod Lancer Scorpion, #LTD-50AS-B, co2"}]},{"@type":"WebSite","@id":"https:\/\/importadoramc.cl\/distribucion\/#website","url":"https:\/\/importadoramc.cl\/distribucion\/","name":"Importadora MC","description":"","publisher":{"@id":"https:\/\/importadoramc.cl\/distribucion\/#organization"},"potentialAction":[{"@type":"SearchAction","target":{"@type":"EntryPoint","urlTemplate":"https:\/\/importadoramc.cl\/distribucion\/?s={search_term_string}"},"query-input":{"@type":"PropertyValueSpecification","valueRequired":true,"valueName":"search_term_string"}}],"inLanguage":"es-CL"},{"@type":"Organization","@id":"https:\/\/importadoramc.cl\/distribucion\/#organization","name":"Importadora MC","url":"https:\/\/importadoramc.cl\/distribucion\/","logo":{"@type":"ImageObject","inLanguage":"es-CL","@id":"https:\/\/importadoramc.cl\/distribucion\/#\/schema\/logo\/image\/","url":"https:\/\/importadoramc.cl\/distribucion\/wp-content\/uploads\/2025\/04\/VECTORIZACION-DE-LOGO-IMPORTADORA-1.jpg","contentUrl":"https:\/\/importadoramc.cl\/distribucion\/wp-content\/uploads\/2025\/04\/VECTORIZACION-DE-LOGO-IMPORTADORA-1.jpg","width":2559,"height":2513,"caption":"Importadora MC"},"image":{"@id":"https:\/\/importadoramc.cl\/distribucion\/#\/schema\/logo\/image\/"},"sameAs":["https:\/\/www.linkedin.com\/company\/importadora-mc-cl\/"]}]}},"_links":{"self":[{"href":"https:\/\/importadoramc.cl\/distribucion\/wp-json\/wp\/v2\/product\/749","targetHints":{"allow":["GET"]}}],"collection":[{"href":"https:\/\/importadoramc.cl\/distribucion\/wp-json\/wp\/v2\/product"}],"about":[{"href":"https:\/\/importadoramc.cl\/distribucion\/wp-json\/wp\/v2\/types\/product"}],"wp:featuredmedia":[{"embeddable":true,"href":"https:\/\/importadoramc.cl\/distribucion\/wp-json\/wp\/v2\/media\/5012"}],"wp:attachment":[{"href":"https:\/\/importadoramc.cl\/distribucion\/wp-json\/wp\/v2\/media?parent=749"}],"wp:term":[{"taxonomy":"product_brand","embeddable":true,"href":"https:\/\/importadoramc.cl\/distribucion\/wp-json\/wp\/v2\/product_brand?post=749"},{"taxonomy":"product_cat","embeddable":true,"href":"https:\/\/importadoramc.cl\/distribucion\/wp-json\/wp\/v2\/product_cat?post=749"},{"taxonomy":"product_tag","embeddable":true,"href":"https:\/\/importadoramc.cl\/distribucion\/wp-json\/wp\/v2\/product_tag?post=749"}],"curies":[{"name":"wp","href":"https:\/\/api.w.org\/{rel}","templated":true}]}}