{"id":5911,"date":"2025-10-05T17:48:37","date_gmt":"2025-10-05T20:48:37","guid":{"rendered":"https:\/\/importadoramc.cl\/distribucion\/?post_type=product&#038;p=5911"},"modified":"2026-03-30T10:28:26","modified_gmt":"2026-03-30T13:28:26","slug":"embalaje-replica-cyma-cal-6mm-m4-ris-carabina-aeg-cm-507-6-unidades","status":"publish","type":"product","link":"https:\/\/importadoramc.cl\/distribucion\/producto\/embalaje-replica-cyma-cal-6mm-m4-ris-carabina-aeg-cm-507-6-unidades\/","title":{"rendered":"Embalaje R\u00e9plica CYMA cal 6mm M4 RIS Carabina AEG #CM.507, 6 unidades"},"content":{"rendered":"<p><strong><img decoding=\"async\" class=\"alignnone wp-image-5934\" src=\"https:\/\/importadoramc.cl\/distribucion\/wp-content\/uploads\/2025\/10\/CYMA_company_airsoft_logo.svg_-300x144.png\" alt=\"\" width=\"133\" height=\"64\" srcset=\"https:\/\/importadoramc.cl\/distribucion\/wp-content\/uploads\/2025\/10\/CYMA_company_airsoft_logo.svg_-300x144.png 300w, https:\/\/importadoramc.cl\/distribucion\/wp-content\/uploads\/2025\/10\/CYMA_company_airsoft_logo.svg_-1024x493.png 1024w, https:\/\/importadoramc.cl\/distribucion\/wp-content\/uploads\/2025\/10\/CYMA_company_airsoft_logo.svg_-768x370.png 768w, https:\/\/importadoramc.cl\/distribucion\/wp-content\/uploads\/2025\/10\/CYMA_company_airsoft_logo.svg_-1536x740.png 1536w, https:\/\/importadoramc.cl\/distribucion\/wp-content\/uploads\/2025\/10\/CYMA_company_airsoft_logo.svg_-2048x986.png 2048w, https:\/\/importadoramc.cl\/distribucion\/wp-content\/uploads\/2025\/10\/CYMA_company_airsoft_logo.svg_-600x289.png 600w, https:\/\/importadoramc.cl\/distribucion\/wp-content\/uploads\/2025\/10\/CYMA_company_airsoft_logo.svg_-64x31.png 64w\" sizes=\"(max-width: 133px) 100vw, 133px\" \/><\/strong><\/p>\n<p>La <strong>r\u00e9plica AR15 \/ M4 (CYMA)<\/strong> es una plataforma pr\u00e1ctica y fiable, construida en ABS con piezas met\u00e1licas para un equilibrio entre ligereza y resistencia (peso: 1.960 g). Ofrece modos Auto \/ Semi, gearbox v.2 con rodamientos de acero liso de 8 mm, y una energ\u00eda de salida entre 1.34\u20131.49 J, ideal para uso recreativo.<\/p>\n<p>Funciona con bater\u00eda NiMH 8.4 V (no incluida) \u2014conector Small Tamiya\u2014 su cargador Hi\u2011cap de 300 BB proporciona largas sesiones de juego.<br \/>\nCuenta con ca\u00f1\u00f3n interno de 380 mm, rosca 14 mm (anti\u2011horario) compatible con supresores\/adaptadores, y est\u00e1 recomendada para BBs 0.23\u20130.25 g.<\/p>\n<table style=\"border-collapse: collapse; width: 100%; border: 1px solid #000;\">\n<thead>\n<tr style=\"background-color: #f2f2f2;\">\n<th style=\"border: 1px solid #000; padding: 6px; text-align: left;\">Caracter\u00edstica<\/th>\n<th style=\"border: 1px solid #000; padding: 6px; text-align: left;\">Detalle<\/th>\n<\/tr>\n<\/thead>\n<tbody>\n<tr>\n<td style=\"border: 1px solid #000; padding: 6px;\">Peso<\/td>\n<td style=\"border: 1px solid #000; padding: 6px;\">1960 g<\/td>\n<\/tr>\n<tr>\n<td style=\"border: 1px solid #000; padding: 6px;\">Color<\/td>\n<td style=\"border: 1px solid #000; padding: 6px;\">Negro<\/td>\n<\/tr>\n<tr>\n<td style=\"border: 1px solid #000; padding: 6px;\">Material<\/td>\n<td style=\"border: 1px solid #000; padding: 6px;\">Cuerpo ABS con piezas met\u00e1licas<\/td>\n<\/tr>\n<tr>\n<td style=\"border: 1px solid #000; padding: 6px;\">Modo de fuego<\/td>\n<td style=\"border: 1px solid #000; padding: 6px;\">Auto, Semi<\/td>\n<\/tr>\n<tr>\n<td style=\"border: 1px solid #000; padding: 6px;\">Tipo de cargador<\/td>\n<td style=\"border: 1px solid #000; padding: 6px;\">Hi\u2011cap<\/td>\n<\/tr>\n<tr>\n<td style=\"border: 1px solid #000; padding: 6px;\">Material del cargador<\/td>\n<td style=\"border: 1px solid #000; padding: 6px;\">ABS<\/td>\n<\/tr>\n<tr>\n<td style=\"border: 1px solid #000; padding: 6px;\">Bater\u00eda incluida<\/td>\n<td style=\"border: 1px solid #000; padding: 6px;\">No<\/td>\n<\/tr>\n<tr>\n<td style=\"border: 1px solid #000; padding: 6px;\">Tipo de bater\u00eda<\/td>\n<td style=\"border: 1px solid #000; padding: 6px;\">NiMH<\/td>\n<\/tr>\n<tr>\n<td style=\"border: 1px solid #000; padding: 6px;\">Tipo de conector<\/td>\n<td style=\"border: 1px solid #000; padding: 6px;\">Small Tamiya<\/td>\n<\/tr>\n<tr>\n<td style=\"border: 1px solid #000; padding: 6px;\">Versi\u00f3n de gearbox<\/td>\n<td style=\"border: 1px solid #000; padding: 6px;\">v.2<\/td>\n<\/tr>\n<tr>\n<td style=\"border: 1px solid #000; padding: 6px;\">Tipo de rodamiento<\/td>\n<td style=\"border: 1px solid #000; padding: 6px;\">Acero liso<\/td>\n<\/tr>\n<tr>\n<td style=\"border: 1px solid #000; padding: 6px;\">Di\u00e1metro de rodamientos<\/td>\n<td style=\"border: 1px solid #000; padding: 6px;\">8 mm<\/td>\n<\/tr>\n<tr>\n<td style=\"border: 1px solid #000; padding: 6px;\">Per\u00edodo de garant\u00eda<\/td>\n<td style=\"border: 1px solid #000; padding: 6px;\">12 meses<\/td>\n<\/tr>\n<tr>\n<td style=\"border: 1px solid #000; padding: 6px;\">Tipo de rosca en el ca\u00f1\u00f3n<\/td>\n<td style=\"border: 1px solid #000; padding: 6px;\">Anti\u2011horario<\/td>\n<\/tr>\n<tr>\n<td style=\"border: 1px solid #000; padding: 6px;\">EAN<\/td>\n<td style=\"border: 1px solid #000; padding: 6px;\">5901698423865<\/td>\n<\/tr>\n<tr>\n<td style=\"border: 1px solid #000; padding: 6px;\">Munici\u00f3n recomendada<\/td>\n<td style=\"border: 1px solid #000; padding: 6px;\">0.23 g, 0.25 g<\/td>\n<\/tr>\n<tr>\n<td style=\"border: 1px solid #000; padding: 6px;\">N\u00famero de serie<\/td>\n<td style=\"border: 1px solid #000; padding: 6px;\">S\u00ed<\/td>\n<\/tr>\n<tr>\n<td style=\"border: 1px solid #000; padding: 6px;\">Longitud<\/td>\n<td style=\"border: 1px solid #000; padding: 6px;\">795 mm<\/td>\n<\/tr>\n<tr>\n<td style=\"border: 1px solid #000; padding: 6px;\">Capacidad del cargador<\/td>\n<td style=\"border: 1px solid #000; padding: 6px;\">300 BBs<\/td>\n<\/tr>\n<tr>\n<td style=\"border: 1px solid #000; padding: 6px;\">Voltaje de bater\u00eda (V)<\/td>\n<td style=\"border: 1px solid #000; padding: 6px;\">8.4 V<\/td>\n<\/tr>\n<tr>\n<td style=\"border: 1px solid #000; padding: 6px;\">Capacidad de bater\u00eda (mAh)<\/td>\n<td style=\"border: 1px solid #000; padding: 6px;\">1100 mAh<\/td>\n<\/tr>\n<tr>\n<td style=\"border: 1px solid #000; padding: 6px;\">Longitud del ca\u00f1\u00f3n interno<\/td>\n<td style=\"border: 1px solid #000; padding: 6px;\">380 mm<\/td>\n<\/tr>\n<tr>\n<td style=\"border: 1px solid #000; padding: 6px;\">Energ\u00eda de salida<\/td>\n<td style=\"border: 1px solid #000; padding: 6px;\">1.34 \u2013 1.49 J<\/td>\n<\/tr>\n<tr>\n<td style=\"border: 1px solid #000; padding: 6px;\">Di\u00e1metro de rosca en el ca\u00f1\u00f3n (mm)<\/td>\n<td style=\"border: 1px solid #000; padding: 6px;\">14 mm<\/td>\n<\/tr>\n<tr>\n<td style=\"border: 1px solid #000; padding: 6px;\">Modelo de r\u00e9plica<\/td>\n<td style=\"border: 1px solid #000; padding: 6px;\">R\u00e9plica de Airsoft AR15 \/ M4 \/ M16<\/td>\n<\/tr>\n<tr>\n<td style=\"border: 1px solid #000; padding: 6px;\">Material del cuerpo<\/td>\n<td style=\"border: 1px solid #000; padding: 6px;\">Pl\u00e1stico<\/td>\n<\/tr>\n<tr>\n<td style=\"border: 1px solid #000; padding: 6px;\">Fabricante<\/td>\n<td style=\"border: 1px solid #000; padding: 6px;\">CYMA<\/td>\n<\/tr>\n<\/tbody>\n<\/table>\n","protected":false},"excerpt":{"rendered":"<p>La r\u00e9plica AR15 \/ M4 (CYMA) es una plataforma pr\u00e1ctica y fiable, construida en ABS con piezas met\u00e1licas para un equilibrio entre ligereza y resistencia (peso: 1.960 g). Ofrece modos Auto \/ Semi, gearbox v.2 con rodamientos de acero liso&#8230;<\/p>\n","protected":false},"featured_media":6179,"template":"","meta":{"_acf_changed":false},"product_brand":[161],"product_cat":[18,17,19],"product_tag":[],"class_list":{"0":"post-5911","1":"product","2":"type-product","3":"status-publish","4":"has-post-thumbnail","6":"product_brand-cyma","7":"product_cat-airsoft","8":"product_cat-general","9":"product_cat-replicas-electricas","11":"first","12":"outofstock","13":"taxable","14":"shipping-taxable","15":"purchasable","16":"product-type-simple"},"acf":[],"yoast_head":"<!-- This site is optimized with the Yoast SEO plugin v27.2 - https:\/\/yoast.com\/product\/yoast-seo-wordpress\/ -->\n<title>Embalaje R\u00e9plica CYMA cal 6mm M4 RIS Carabina AEG #CM.507, 6 unidades - Importadora MC<\/title>\n<meta name=\"robots\" content=\"index, follow, max-snippet:-1, max-image-preview:large, max-video-preview:-1\" \/>\n<link rel=\"canonical\" href=\"https:\/\/importadoramc.cl\/distribucion\/producto\/embalaje-replica-cyma-cal-6mm-m4-ris-carabina-aeg-cm-507-6-unidades\/\" \/>\n<meta property=\"og:locale\" content=\"es_ES\" \/>\n<meta property=\"og:type\" content=\"article\" \/>\n<meta property=\"og:title\" content=\"Embalaje R\u00e9plica CYMA cal 6mm M4 RIS Carabina AEG #CM.507, 6 unidades - Importadora MC\" \/>\n<meta property=\"og:description\" content=\"La r\u00e9plica AR15 \/ M4 (CYMA) es una plataforma pr\u00e1ctica y fiable, construida en ABS con piezas met\u00e1licas para un equilibrio entre ligereza y resistencia (peso: 1.960 g). Ofrece modos Auto \/ Semi, gearbox v.2 con rodamientos de acero liso...\" \/>\n<meta property=\"og:url\" content=\"https:\/\/importadoramc.cl\/distribucion\/producto\/embalaje-replica-cyma-cal-6mm-m4-ris-carabina-aeg-cm-507-6-unidades\/\" \/>\n<meta property=\"og:site_name\" content=\"Importadora MC\" \/>\n<meta property=\"article:modified_time\" content=\"2026-03-30T13:28:26+00:00\" \/>\n<meta property=\"og:image\" content=\"https:\/\/importadoramc.cl\/distribucion\/wp-content\/uploads\/2025\/10\/6-Unidades-CM.507.png\" \/>\n\t<meta property=\"og:image:width\" content=\"2000\" \/>\n\t<meta property=\"og:image:height\" content=\"2000\" \/>\n\t<meta property=\"og:image:type\" content=\"image\/png\" \/>\n<meta name=\"twitter:card\" content=\"summary_large_image\" \/>\n<meta name=\"twitter:label1\" content=\"Tiempo estimado de lectura\" \/>\n\t<meta name=\"twitter:data1\" content=\"2 minutos\" \/>\n<script type=\"application\/ld+json\" class=\"yoast-schema-graph\">{\"@context\":\"https:\/\/schema.org\",\"@graph\":[{\"@type\":\"WebPage\",\"@id\":\"https:\/\/importadoramc.cl\/distribucion\/producto\/embalaje-replica-cyma-cal-6mm-m4-ris-carabina-aeg-cm-507-6-unidades\/\",\"url\":\"https:\/\/importadoramc.cl\/distribucion\/producto\/embalaje-replica-cyma-cal-6mm-m4-ris-carabina-aeg-cm-507-6-unidades\/\",\"name\":\"Embalaje R\u00e9plica CYMA cal 6mm M4 RIS Carabina AEG #CM.507, 6 unidades - Importadora MC\",\"isPartOf\":{\"@id\":\"https:\/\/importadoramc.cl\/distribucion\/#website\"},\"primaryImageOfPage\":{\"@id\":\"https:\/\/importadoramc.cl\/distribucion\/producto\/embalaje-replica-cyma-cal-6mm-m4-ris-carabina-aeg-cm-507-6-unidades\/#primaryimage\"},\"image\":{\"@id\":\"https:\/\/importadoramc.cl\/distribucion\/producto\/embalaje-replica-cyma-cal-6mm-m4-ris-carabina-aeg-cm-507-6-unidades\/#primaryimage\"},\"thumbnailUrl\":\"https:\/\/importadoramc.cl\/distribucion\/wp-content\/uploads\/2025\/10\/6-Unidades-CM.507.png\",\"datePublished\":\"2025-10-05T20:48:37+00:00\",\"dateModified\":\"2026-03-30T13:28:26+00:00\",\"breadcrumb\":{\"@id\":\"https:\/\/importadoramc.cl\/distribucion\/producto\/embalaje-replica-cyma-cal-6mm-m4-ris-carabina-aeg-cm-507-6-unidades\/#breadcrumb\"},\"inLanguage\":\"es-CL\",\"potentialAction\":[{\"@type\":\"ReadAction\",\"target\":[\"https:\/\/importadoramc.cl\/distribucion\/producto\/embalaje-replica-cyma-cal-6mm-m4-ris-carabina-aeg-cm-507-6-unidades\/\"]}]},{\"@type\":\"ImageObject\",\"inLanguage\":\"es-CL\",\"@id\":\"https:\/\/importadoramc.cl\/distribucion\/producto\/embalaje-replica-cyma-cal-6mm-m4-ris-carabina-aeg-cm-507-6-unidades\/#primaryimage\",\"url\":\"https:\/\/importadoramc.cl\/distribucion\/wp-content\/uploads\/2025\/10\/6-Unidades-CM.507.png\",\"contentUrl\":\"https:\/\/importadoramc.cl\/distribucion\/wp-content\/uploads\/2025\/10\/6-Unidades-CM.507.png\",\"width\":2000,\"height\":2000},{\"@type\":\"BreadcrumbList\",\"@id\":\"https:\/\/importadoramc.cl\/distribucion\/producto\/embalaje-replica-cyma-cal-6mm-m4-ris-carabina-aeg-cm-507-6-unidades\/#breadcrumb\",\"itemListElement\":[{\"@type\":\"ListItem\",\"position\":1,\"name\":\"Portada\",\"item\":\"https:\/\/importadoramc.cl\/distribucion\/\"},{\"@type\":\"ListItem\",\"position\":2,\"name\":\"Productos\",\"item\":\"https:\/\/importadoramc.cl\/distribucion\/productos\/\"},{\"@type\":\"ListItem\",\"position\":3,\"name\":\"Embalaje R\u00e9plica CYMA cal 6mm M4 RIS Carabina AEG #CM.507, 6 unidades\"}]},{\"@type\":\"WebSite\",\"@id\":\"https:\/\/importadoramc.cl\/distribucion\/#website\",\"url\":\"https:\/\/importadoramc.cl\/distribucion\/\",\"name\":\"Importadora MC\",\"description\":\"\",\"publisher\":{\"@id\":\"https:\/\/importadoramc.cl\/distribucion\/#organization\"},\"potentialAction\":[{\"@type\":\"SearchAction\",\"target\":{\"@type\":\"EntryPoint\",\"urlTemplate\":\"https:\/\/importadoramc.cl\/distribucion\/?s={search_term_string}\"},\"query-input\":{\"@type\":\"PropertyValueSpecification\",\"valueRequired\":true,\"valueName\":\"search_term_string\"}}],\"inLanguage\":\"es-CL\"},{\"@type\":\"Organization\",\"@id\":\"https:\/\/importadoramc.cl\/distribucion\/#organization\",\"name\":\"Importadora MC\",\"url\":\"https:\/\/importadoramc.cl\/distribucion\/\",\"logo\":{\"@type\":\"ImageObject\",\"inLanguage\":\"es-CL\",\"@id\":\"https:\/\/importadoramc.cl\/distribucion\/#\/schema\/logo\/image\/\",\"url\":\"https:\/\/importadoramc.cl\/distribucion\/wp-content\/uploads\/2025\/04\/VECTORIZACION-DE-LOGO-IMPORTADORA-1.jpg\",\"contentUrl\":\"https:\/\/importadoramc.cl\/distribucion\/wp-content\/uploads\/2025\/04\/VECTORIZACION-DE-LOGO-IMPORTADORA-1.jpg\",\"width\":2559,\"height\":2513,\"caption\":\"Importadora MC\"},\"image\":{\"@id\":\"https:\/\/importadoramc.cl\/distribucion\/#\/schema\/logo\/image\/\"},\"sameAs\":[\"https:\/\/www.linkedin.com\/company\/importadora-mc-cl\/\"]}]}<\/script>\n<!-- \/ Yoast SEO plugin. -->","yoast_head_json":{"title":"Embalaje R\u00e9plica CYMA cal 6mm M4 RIS Carabina AEG #CM.507, 6 unidades - Importadora MC","robots":{"index":"index","follow":"follow","max-snippet":"max-snippet:-1","max-image-preview":"max-image-preview:large","max-video-preview":"max-video-preview:-1"},"canonical":"https:\/\/importadoramc.cl\/distribucion\/producto\/embalaje-replica-cyma-cal-6mm-m4-ris-carabina-aeg-cm-507-6-unidades\/","og_locale":"es_ES","og_type":"article","og_title":"Embalaje R\u00e9plica CYMA cal 6mm M4 RIS Carabina AEG #CM.507, 6 unidades - Importadora MC","og_description":"La r\u00e9plica AR15 \/ M4 (CYMA) es una plataforma pr\u00e1ctica y fiable, construida en ABS con piezas met\u00e1licas para un equilibrio entre ligereza y resistencia (peso: 1.960 g). Ofrece modos Auto \/ Semi, gearbox v.2 con rodamientos de acero liso...","og_url":"https:\/\/importadoramc.cl\/distribucion\/producto\/embalaje-replica-cyma-cal-6mm-m4-ris-carabina-aeg-cm-507-6-unidades\/","og_site_name":"Importadora MC","article_modified_time":"2026-03-30T13:28:26+00:00","og_image":[{"width":2000,"height":2000,"url":"https:\/\/importadoramc.cl\/distribucion\/wp-content\/uploads\/2025\/10\/6-Unidades-CM.507.png","type":"image\/png"}],"twitter_card":"summary_large_image","twitter_misc":{"Tiempo estimado de lectura":"2 minutos"},"schema":{"@context":"https:\/\/schema.org","@graph":[{"@type":"WebPage","@id":"https:\/\/importadoramc.cl\/distribucion\/producto\/embalaje-replica-cyma-cal-6mm-m4-ris-carabina-aeg-cm-507-6-unidades\/","url":"https:\/\/importadoramc.cl\/distribucion\/producto\/embalaje-replica-cyma-cal-6mm-m4-ris-carabina-aeg-cm-507-6-unidades\/","name":"Embalaje R\u00e9plica CYMA cal 6mm M4 RIS Carabina AEG #CM.507, 6 unidades - Importadora MC","isPartOf":{"@id":"https:\/\/importadoramc.cl\/distribucion\/#website"},"primaryImageOfPage":{"@id":"https:\/\/importadoramc.cl\/distribucion\/producto\/embalaje-replica-cyma-cal-6mm-m4-ris-carabina-aeg-cm-507-6-unidades\/#primaryimage"},"image":{"@id":"https:\/\/importadoramc.cl\/distribucion\/producto\/embalaje-replica-cyma-cal-6mm-m4-ris-carabina-aeg-cm-507-6-unidades\/#primaryimage"},"thumbnailUrl":"https:\/\/importadoramc.cl\/distribucion\/wp-content\/uploads\/2025\/10\/6-Unidades-CM.507.png","datePublished":"2025-10-05T20:48:37+00:00","dateModified":"2026-03-30T13:28:26+00:00","breadcrumb":{"@id":"https:\/\/importadoramc.cl\/distribucion\/producto\/embalaje-replica-cyma-cal-6mm-m4-ris-carabina-aeg-cm-507-6-unidades\/#breadcrumb"},"inLanguage":"es-CL","potentialAction":[{"@type":"ReadAction","target":["https:\/\/importadoramc.cl\/distribucion\/producto\/embalaje-replica-cyma-cal-6mm-m4-ris-carabina-aeg-cm-507-6-unidades\/"]}]},{"@type":"ImageObject","inLanguage":"es-CL","@id":"https:\/\/importadoramc.cl\/distribucion\/producto\/embalaje-replica-cyma-cal-6mm-m4-ris-carabina-aeg-cm-507-6-unidades\/#primaryimage","url":"https:\/\/importadoramc.cl\/distribucion\/wp-content\/uploads\/2025\/10\/6-Unidades-CM.507.png","contentUrl":"https:\/\/importadoramc.cl\/distribucion\/wp-content\/uploads\/2025\/10\/6-Unidades-CM.507.png","width":2000,"height":2000},{"@type":"BreadcrumbList","@id":"https:\/\/importadoramc.cl\/distribucion\/producto\/embalaje-replica-cyma-cal-6mm-m4-ris-carabina-aeg-cm-507-6-unidades\/#breadcrumb","itemListElement":[{"@type":"ListItem","position":1,"name":"Portada","item":"https:\/\/importadoramc.cl\/distribucion\/"},{"@type":"ListItem","position":2,"name":"Productos","item":"https:\/\/importadoramc.cl\/distribucion\/productos\/"},{"@type":"ListItem","position":3,"name":"Embalaje R\u00e9plica CYMA cal 6mm M4 RIS Carabina AEG #CM.507, 6 unidades"}]},{"@type":"WebSite","@id":"https:\/\/importadoramc.cl\/distribucion\/#website","url":"https:\/\/importadoramc.cl\/distribucion\/","name":"Importadora MC","description":"","publisher":{"@id":"https:\/\/importadoramc.cl\/distribucion\/#organization"},"potentialAction":[{"@type":"SearchAction","target":{"@type":"EntryPoint","urlTemplate":"https:\/\/importadoramc.cl\/distribucion\/?s={search_term_string}"},"query-input":{"@type":"PropertyValueSpecification","valueRequired":true,"valueName":"search_term_string"}}],"inLanguage":"es-CL"},{"@type":"Organization","@id":"https:\/\/importadoramc.cl\/distribucion\/#organization","name":"Importadora MC","url":"https:\/\/importadoramc.cl\/distribucion\/","logo":{"@type":"ImageObject","inLanguage":"es-CL","@id":"https:\/\/importadoramc.cl\/distribucion\/#\/schema\/logo\/image\/","url":"https:\/\/importadoramc.cl\/distribucion\/wp-content\/uploads\/2025\/04\/VECTORIZACION-DE-LOGO-IMPORTADORA-1.jpg","contentUrl":"https:\/\/importadoramc.cl\/distribucion\/wp-content\/uploads\/2025\/04\/VECTORIZACION-DE-LOGO-IMPORTADORA-1.jpg","width":2559,"height":2513,"caption":"Importadora MC"},"image":{"@id":"https:\/\/importadoramc.cl\/distribucion\/#\/schema\/logo\/image\/"},"sameAs":["https:\/\/www.linkedin.com\/company\/importadora-mc-cl\/"]}]}},"_links":{"self":[{"href":"https:\/\/importadoramc.cl\/distribucion\/wp-json\/wp\/v2\/product\/5911","targetHints":{"allow":["GET"]}}],"collection":[{"href":"https:\/\/importadoramc.cl\/distribucion\/wp-json\/wp\/v2\/product"}],"about":[{"href":"https:\/\/importadoramc.cl\/distribucion\/wp-json\/wp\/v2\/types\/product"}],"wp:featuredmedia":[{"embeddable":true,"href":"https:\/\/importadoramc.cl\/distribucion\/wp-json\/wp\/v2\/media\/6179"}],"wp:attachment":[{"href":"https:\/\/importadoramc.cl\/distribucion\/wp-json\/wp\/v2\/media?parent=5911"}],"wp:term":[{"taxonomy":"product_brand","embeddable":true,"href":"https:\/\/importadoramc.cl\/distribucion\/wp-json\/wp\/v2\/product_brand?post=5911"},{"taxonomy":"product_cat","embeddable":true,"href":"https:\/\/importadoramc.cl\/distribucion\/wp-json\/wp\/v2\/product_cat?post=5911"},{"taxonomy":"product_tag","embeddable":true,"href":"https:\/\/importadoramc.cl\/distribucion\/wp-json\/wp\/v2\/product_tag?post=5911"}],"curies":[{"name":"wp","href":"https:\/\/api.w.org\/{rel}","templated":true}]}}