{"id":5866,"date":"2025-09-25T12:09:10","date_gmt":"2025-09-25T15:09:10","guid":{"rendered":"https:\/\/importadoramc.cl\/distribucion\/?post_type=product&#038;p=5866"},"modified":"2026-04-06T15:30:30","modified_gmt":"2026-04-06T19:30:30","slug":"lente-omega-captivate-pol-green-mirror-kryptek-neptune-frame-acome13","status":"publish","type":"product","link":"https:\/\/importadoramc.cl\/distribucion\/producto\/lente-omega-captivate-pol-green-mirror-kryptek-neptune-frame-acome13\/","title":{"rendered":"Lente OMEGA CAPTIVATE POL GREEN MIRROR \/ KRYPTEK NEPTUNE FRAME #ACOME13"},"content":{"rendered":"<p data-start=\"0\" data-end=\"179\">Uno de los modelos m\u00e1s audaces de nuestra l\u00ednea Active Lifestyle, el <strong data-start=\"69\" data-end=\"89\">Wiley X WX OMEGA<\/strong> ofrece una montura envolvente de alto ajuste que bloquea eficazmente la luz perif\u00e9rica.<\/p>\n<p data-start=\"181\" data-end=\"413\" data-is-last-node=\"\" data-is-only-node=\"\">Sus lentes cumplen con los est\u00e1ndares <strong data-start=\"219\" data-end=\"233\">ANSI Z87.1<\/strong> en calidad \u00f3ptica y resistencia a impactos de alta masa y alta velocidad, brind\u00e1ndote la confianza de que los <strong data-start=\"344\" data-end=\"356\">WX OMEGA<\/strong> proteger\u00e1n tus ojos en cualquier aventura al aire libre.<\/p>\n<p><strong style=\"font-size: 16px;\" data-start=\"0\" data-end=\"14\">Beneficios<\/strong><\/p>\n<p data-start=\"16\" data-end=\"180\"><strong data-start=\"16\" data-end=\"36\">Protege tus ojos<\/strong><br data-start=\"36\" data-end=\"39\" \/>Disfruta de aventuras al aire libre sin preocupaciones gracias a la protecci\u00f3n 100% contra rayos UVA\/UVB, cuidando tu visi\u00f3n en todo momento.<\/p>\n<p data-start=\"182\" data-end=\"363\"><strong data-start=\"182\" data-end=\"207\">Comodidad todo el d\u00eda<\/strong><br data-start=\"207\" data-end=\"210\" \/>Siente la diferencia de una montura liviana, dise\u00f1ada para mantener la comodidad durante largas jornadas, ya sea trabajando o en tus actividades diarias.<\/p>\n<p data-start=\"365\" data-end=\"518\" data-is-last-node=\"\" data-is-only-node=\"\"><strong data-start=\"365\" data-end=\"392\">Apto para receta \u00f3ptica<\/strong><br data-start=\"392\" data-end=\"395\" \/>Hechos a tu medida: compatibles con lentes \u00f3pticos, combinando estilo con la claridad visual que necesitas en cada momento.<\/p>\n<h3 data-section-id=\"sx1xlx\" data-start=\"106\" data-end=\"129\"><span role=\"text\"><strong data-start=\"110\" data-end=\"129\">Caracter\u00edsticas<\/strong><\/span><\/h3>\n<ul data-start=\"131\" data-end=\"414\">\n<li data-section-id=\"18eorys\" data-start=\"131\" data-end=\"149\">Serie Active 8<\/li>\n<li data-section-id=\"1nnyrm8\" data-start=\"150\" data-end=\"213\">Dise\u00f1o de lente base 8 con curvatura envolvente (high-wrap)<\/li>\n<li data-section-id=\"185k7lq\" data-start=\"214\" data-end=\"263\">Lentes de policarbonato Selenite\u2122 irrompibles<\/li>\n<li data-section-id=\"hiyw5d\" data-start=\"264\" data-end=\"317\">Durabilidad y resistencia a impactos inigualables<\/li>\n<li data-section-id=\"1x5nzv2\" data-start=\"318\" data-end=\"347\">Montura de nylon Triloid\u2122<\/li>\n<li data-section-id=\"g0gyus\" data-start=\"348\" data-end=\"414\">Uno de los materiales no met\u00e1licos m\u00e1s resistentes disponibles<\/li>\n<\/ul>\n","protected":false},"excerpt":{"rendered":"<p>Uno de los modelos m\u00e1s audaces de nuestra l\u00ednea Active Lifestyle, el Wiley X WX OMEGA ofrece una montura envolvente de alto ajuste que bloquea eficazmente la luz perif\u00e9rica. Sus lentes cumplen con los est\u00e1ndares ANSI Z87.1 en calidad \u00f3ptica&#8230;<\/p>\n","protected":false},"featured_media":7834,"template":"","meta":{"_acf_changed":false},"product_brand":[35],"product_cat":[64,17,65],"product_tag":[],"class_list":{"0":"post-5866","1":"product","2":"type-product","3":"status-publish","4":"has-post-thumbnail","6":"product_brand-wiley-x","7":"product_cat-equipamiento","8":"product_cat-general","9":"product_cat-lentes","11":"first","12":"instock","13":"taxable","14":"shipping-taxable","15":"purchasable","16":"product-type-simple"},"acf":[],"yoast_head":"<!-- This site is optimized with the Yoast SEO plugin v27.2 - https:\/\/yoast.com\/product\/yoast-seo-wordpress\/ -->\n<title>Lente OMEGA CAPTIVATE POL GREEN MIRROR \/ KRYPTEK NEPTUNE FRAME #ACOME13 - Importadora MC<\/title>\n<meta name=\"robots\" content=\"index, follow, max-snippet:-1, max-image-preview:large, max-video-preview:-1\" \/>\n<link rel=\"canonical\" href=\"https:\/\/importadoramc.cl\/distribucion\/producto\/lente-omega-captivate-pol-green-mirror-kryptek-neptune-frame-acome13\/\" \/>\n<meta property=\"og:locale\" content=\"es_ES\" \/>\n<meta property=\"og:type\" content=\"article\" \/>\n<meta property=\"og:title\" content=\"Lente OMEGA CAPTIVATE POL GREEN MIRROR \/ KRYPTEK NEPTUNE FRAME #ACOME13 - Importadora MC\" \/>\n<meta property=\"og:description\" content=\"Uno de los modelos m\u00e1s audaces de nuestra l\u00ednea Active Lifestyle, el Wiley X WX OMEGA ofrece una montura envolvente de alto ajuste que bloquea eficazmente la luz perif\u00e9rica. Sus lentes cumplen con los est\u00e1ndares ANSI Z87.1 en calidad \u00f3ptica...\" \/>\n<meta property=\"og:url\" content=\"https:\/\/importadoramc.cl\/distribucion\/producto\/lente-omega-captivate-pol-green-mirror-kryptek-neptune-frame-acome13\/\" \/>\n<meta property=\"og:site_name\" content=\"Importadora MC\" \/>\n<meta property=\"article:modified_time\" content=\"2026-04-06T19:30:30+00:00\" \/>\n<meta property=\"og:image\" content=\"https:\/\/importadoramc.cl\/distribucion\/wp-content\/uploads\/2025\/09\/1.jpg\" \/>\n\t<meta property=\"og:image:width\" content=\"2000\" \/>\n\t<meta property=\"og:image:height\" content=\"2000\" \/>\n\t<meta property=\"og:image:type\" content=\"image\/jpeg\" \/>\n<meta name=\"twitter:card\" content=\"summary_large_image\" \/>\n<meta name=\"twitter:label1\" content=\"Tiempo estimado de lectura\" \/>\n\t<meta name=\"twitter:data1\" content=\"2 minutos\" \/>\n<script type=\"application\/ld+json\" class=\"yoast-schema-graph\">{\"@context\":\"https:\/\/schema.org\",\"@graph\":[{\"@type\":\"WebPage\",\"@id\":\"https:\/\/importadoramc.cl\/distribucion\/producto\/lente-omega-captivate-pol-green-mirror-kryptek-neptune-frame-acome13\/\",\"url\":\"https:\/\/importadoramc.cl\/distribucion\/producto\/lente-omega-captivate-pol-green-mirror-kryptek-neptune-frame-acome13\/\",\"name\":\"Lente OMEGA CAPTIVATE POL GREEN MIRROR \/ KRYPTEK NEPTUNE FRAME #ACOME13 - Importadora MC\",\"isPartOf\":{\"@id\":\"https:\/\/importadoramc.cl\/distribucion\/#website\"},\"primaryImageOfPage\":{\"@id\":\"https:\/\/importadoramc.cl\/distribucion\/producto\/lente-omega-captivate-pol-green-mirror-kryptek-neptune-frame-acome13\/#primaryimage\"},\"image\":{\"@id\":\"https:\/\/importadoramc.cl\/distribucion\/producto\/lente-omega-captivate-pol-green-mirror-kryptek-neptune-frame-acome13\/#primaryimage\"},\"thumbnailUrl\":\"https:\/\/importadoramc.cl\/distribucion\/wp-content\/uploads\/2025\/09\/1.jpg\",\"datePublished\":\"2025-09-25T15:09:10+00:00\",\"dateModified\":\"2026-04-06T19:30:30+00:00\",\"breadcrumb\":{\"@id\":\"https:\/\/importadoramc.cl\/distribucion\/producto\/lente-omega-captivate-pol-green-mirror-kryptek-neptune-frame-acome13\/#breadcrumb\"},\"inLanguage\":\"es-CL\",\"potentialAction\":[{\"@type\":\"ReadAction\",\"target\":[\"https:\/\/importadoramc.cl\/distribucion\/producto\/lente-omega-captivate-pol-green-mirror-kryptek-neptune-frame-acome13\/\"]}]},{\"@type\":\"ImageObject\",\"inLanguage\":\"es-CL\",\"@id\":\"https:\/\/importadoramc.cl\/distribucion\/producto\/lente-omega-captivate-pol-green-mirror-kryptek-neptune-frame-acome13\/#primaryimage\",\"url\":\"https:\/\/importadoramc.cl\/distribucion\/wp-content\/uploads\/2025\/09\/1.jpg\",\"contentUrl\":\"https:\/\/importadoramc.cl\/distribucion\/wp-content\/uploads\/2025\/09\/1.jpg\",\"width\":2000,\"height\":2000},{\"@type\":\"BreadcrumbList\",\"@id\":\"https:\/\/importadoramc.cl\/distribucion\/producto\/lente-omega-captivate-pol-green-mirror-kryptek-neptune-frame-acome13\/#breadcrumb\",\"itemListElement\":[{\"@type\":\"ListItem\",\"position\":1,\"name\":\"Portada\",\"item\":\"https:\/\/importadoramc.cl\/distribucion\/\"},{\"@type\":\"ListItem\",\"position\":2,\"name\":\"Productos\",\"item\":\"https:\/\/importadoramc.cl\/distribucion\/productos\/\"},{\"@type\":\"ListItem\",\"position\":3,\"name\":\"Lente OMEGA CAPTIVATE POL GREEN MIRROR \/ KRYPTEK NEPTUNE FRAME #ACOME13\"}]},{\"@type\":\"WebSite\",\"@id\":\"https:\/\/importadoramc.cl\/distribucion\/#website\",\"url\":\"https:\/\/importadoramc.cl\/distribucion\/\",\"name\":\"Importadora MC\",\"description\":\"\",\"publisher\":{\"@id\":\"https:\/\/importadoramc.cl\/distribucion\/#organization\"},\"potentialAction\":[{\"@type\":\"SearchAction\",\"target\":{\"@type\":\"EntryPoint\",\"urlTemplate\":\"https:\/\/importadoramc.cl\/distribucion\/?s={search_term_string}\"},\"query-input\":{\"@type\":\"PropertyValueSpecification\",\"valueRequired\":true,\"valueName\":\"search_term_string\"}}],\"inLanguage\":\"es-CL\"},{\"@type\":\"Organization\",\"@id\":\"https:\/\/importadoramc.cl\/distribucion\/#organization\",\"name\":\"Importadora MC\",\"url\":\"https:\/\/importadoramc.cl\/distribucion\/\",\"logo\":{\"@type\":\"ImageObject\",\"inLanguage\":\"es-CL\",\"@id\":\"https:\/\/importadoramc.cl\/distribucion\/#\/schema\/logo\/image\/\",\"url\":\"https:\/\/importadoramc.cl\/distribucion\/wp-content\/uploads\/2025\/04\/VECTORIZACION-DE-LOGO-IMPORTADORA-1.jpg\",\"contentUrl\":\"https:\/\/importadoramc.cl\/distribucion\/wp-content\/uploads\/2025\/04\/VECTORIZACION-DE-LOGO-IMPORTADORA-1.jpg\",\"width\":2559,\"height\":2513,\"caption\":\"Importadora MC\"},\"image\":{\"@id\":\"https:\/\/importadoramc.cl\/distribucion\/#\/schema\/logo\/image\/\"},\"sameAs\":[\"https:\/\/www.linkedin.com\/company\/importadora-mc-cl\/\"]}]}<\/script>\n<!-- \/ Yoast SEO plugin. -->","yoast_head_json":{"title":"Lente OMEGA CAPTIVATE POL GREEN MIRROR \/ KRYPTEK NEPTUNE FRAME #ACOME13 - Importadora MC","robots":{"index":"index","follow":"follow","max-snippet":"max-snippet:-1","max-image-preview":"max-image-preview:large","max-video-preview":"max-video-preview:-1"},"canonical":"https:\/\/importadoramc.cl\/distribucion\/producto\/lente-omega-captivate-pol-green-mirror-kryptek-neptune-frame-acome13\/","og_locale":"es_ES","og_type":"article","og_title":"Lente OMEGA CAPTIVATE POL GREEN MIRROR \/ KRYPTEK NEPTUNE FRAME #ACOME13 - Importadora MC","og_description":"Uno de los modelos m\u00e1s audaces de nuestra l\u00ednea Active Lifestyle, el Wiley X WX OMEGA ofrece una montura envolvente de alto ajuste que bloquea eficazmente la luz perif\u00e9rica. Sus lentes cumplen con los est\u00e1ndares ANSI Z87.1 en calidad \u00f3ptica...","og_url":"https:\/\/importadoramc.cl\/distribucion\/producto\/lente-omega-captivate-pol-green-mirror-kryptek-neptune-frame-acome13\/","og_site_name":"Importadora MC","article_modified_time":"2026-04-06T19:30:30+00:00","og_image":[{"width":2000,"height":2000,"url":"https:\/\/importadoramc.cl\/distribucion\/wp-content\/uploads\/2025\/09\/1.jpg","type":"image\/jpeg"}],"twitter_card":"summary_large_image","twitter_misc":{"Tiempo estimado de lectura":"2 minutos"},"schema":{"@context":"https:\/\/schema.org","@graph":[{"@type":"WebPage","@id":"https:\/\/importadoramc.cl\/distribucion\/producto\/lente-omega-captivate-pol-green-mirror-kryptek-neptune-frame-acome13\/","url":"https:\/\/importadoramc.cl\/distribucion\/producto\/lente-omega-captivate-pol-green-mirror-kryptek-neptune-frame-acome13\/","name":"Lente OMEGA CAPTIVATE POL GREEN MIRROR \/ KRYPTEK NEPTUNE FRAME #ACOME13 - Importadora MC","isPartOf":{"@id":"https:\/\/importadoramc.cl\/distribucion\/#website"},"primaryImageOfPage":{"@id":"https:\/\/importadoramc.cl\/distribucion\/producto\/lente-omega-captivate-pol-green-mirror-kryptek-neptune-frame-acome13\/#primaryimage"},"image":{"@id":"https:\/\/importadoramc.cl\/distribucion\/producto\/lente-omega-captivate-pol-green-mirror-kryptek-neptune-frame-acome13\/#primaryimage"},"thumbnailUrl":"https:\/\/importadoramc.cl\/distribucion\/wp-content\/uploads\/2025\/09\/1.jpg","datePublished":"2025-09-25T15:09:10+00:00","dateModified":"2026-04-06T19:30:30+00:00","breadcrumb":{"@id":"https:\/\/importadoramc.cl\/distribucion\/producto\/lente-omega-captivate-pol-green-mirror-kryptek-neptune-frame-acome13\/#breadcrumb"},"inLanguage":"es-CL","potentialAction":[{"@type":"ReadAction","target":["https:\/\/importadoramc.cl\/distribucion\/producto\/lente-omega-captivate-pol-green-mirror-kryptek-neptune-frame-acome13\/"]}]},{"@type":"ImageObject","inLanguage":"es-CL","@id":"https:\/\/importadoramc.cl\/distribucion\/producto\/lente-omega-captivate-pol-green-mirror-kryptek-neptune-frame-acome13\/#primaryimage","url":"https:\/\/importadoramc.cl\/distribucion\/wp-content\/uploads\/2025\/09\/1.jpg","contentUrl":"https:\/\/importadoramc.cl\/distribucion\/wp-content\/uploads\/2025\/09\/1.jpg","width":2000,"height":2000},{"@type":"BreadcrumbList","@id":"https:\/\/importadoramc.cl\/distribucion\/producto\/lente-omega-captivate-pol-green-mirror-kryptek-neptune-frame-acome13\/#breadcrumb","itemListElement":[{"@type":"ListItem","position":1,"name":"Portada","item":"https:\/\/importadoramc.cl\/distribucion\/"},{"@type":"ListItem","position":2,"name":"Productos","item":"https:\/\/importadoramc.cl\/distribucion\/productos\/"},{"@type":"ListItem","position":3,"name":"Lente OMEGA CAPTIVATE POL GREEN MIRROR \/ KRYPTEK NEPTUNE FRAME #ACOME13"}]},{"@type":"WebSite","@id":"https:\/\/importadoramc.cl\/distribucion\/#website","url":"https:\/\/importadoramc.cl\/distribucion\/","name":"Importadora MC","description":"","publisher":{"@id":"https:\/\/importadoramc.cl\/distribucion\/#organization"},"potentialAction":[{"@type":"SearchAction","target":{"@type":"EntryPoint","urlTemplate":"https:\/\/importadoramc.cl\/distribucion\/?s={search_term_string}"},"query-input":{"@type":"PropertyValueSpecification","valueRequired":true,"valueName":"search_term_string"}}],"inLanguage":"es-CL"},{"@type":"Organization","@id":"https:\/\/importadoramc.cl\/distribucion\/#organization","name":"Importadora MC","url":"https:\/\/importadoramc.cl\/distribucion\/","logo":{"@type":"ImageObject","inLanguage":"es-CL","@id":"https:\/\/importadoramc.cl\/distribucion\/#\/schema\/logo\/image\/","url":"https:\/\/importadoramc.cl\/distribucion\/wp-content\/uploads\/2025\/04\/VECTORIZACION-DE-LOGO-IMPORTADORA-1.jpg","contentUrl":"https:\/\/importadoramc.cl\/distribucion\/wp-content\/uploads\/2025\/04\/VECTORIZACION-DE-LOGO-IMPORTADORA-1.jpg","width":2559,"height":2513,"caption":"Importadora MC"},"image":{"@id":"https:\/\/importadoramc.cl\/distribucion\/#\/schema\/logo\/image\/"},"sameAs":["https:\/\/www.linkedin.com\/company\/importadora-mc-cl\/"]}]}},"_links":{"self":[{"href":"https:\/\/importadoramc.cl\/distribucion\/wp-json\/wp\/v2\/product\/5866","targetHints":{"allow":["GET"]}}],"collection":[{"href":"https:\/\/importadoramc.cl\/distribucion\/wp-json\/wp\/v2\/product"}],"about":[{"href":"https:\/\/importadoramc.cl\/distribucion\/wp-json\/wp\/v2\/types\/product"}],"wp:featuredmedia":[{"embeddable":true,"href":"https:\/\/importadoramc.cl\/distribucion\/wp-json\/wp\/v2\/media\/7834"}],"wp:attachment":[{"href":"https:\/\/importadoramc.cl\/distribucion\/wp-json\/wp\/v2\/media?parent=5866"}],"wp:term":[{"taxonomy":"product_brand","embeddable":true,"href":"https:\/\/importadoramc.cl\/distribucion\/wp-json\/wp\/v2\/product_brand?post=5866"},{"taxonomy":"product_cat","embeddable":true,"href":"https:\/\/importadoramc.cl\/distribucion\/wp-json\/wp\/v2\/product_cat?post=5866"},{"taxonomy":"product_tag","embeddable":true,"href":"https:\/\/importadoramc.cl\/distribucion\/wp-json\/wp\/v2\/product_tag?post=5866"}],"curies":[{"name":"wp","href":"https:\/\/api.w.org\/{rel}","templated":true}]}}