{"id":561,"date":"2025-02-25T14:42:51","date_gmt":"2025-02-25T17:42:51","guid":{"rendered":"https:\/\/importadoramc.cl\/distribucion\/?post_type=product&#038;p=561"},"modified":"2025-08-13T10:18:26","modified_gmt":"2025-08-13T14:18:26","slug":"cargador-cal-9-mm-para-glock-19x-capacidad-17-rds","status":"publish","type":"product","link":"https:\/\/importadoramc.cl\/distribucion\/producto\/cargador-cal-9-mm-para-glock-19x-capacidad-17-rds\/","title":{"rendered":"CARGADOR cal 9 mm para Glock 19X capacidad 17 rds"},"content":{"rendered":"<p>Cargador original con capacidad para 17 balas, compatible con modelos GLOCK 17, 19, 19X, 26, 34 y 45, de cualquier generaci\u00f3n. Su dise\u00f1o en color coyote lo hace ideal para combinar con la est\u00e9tica del modelo 19X, manteniendo plena funcionalidad en toda la familia GLOCK 9&#215;19 mm.<\/p>\n","protected":false},"excerpt":{"rendered":"<p>Cargador original con capacidad para 17 balas, compatible con modelos GLOCK 17, 19, 19X, 26, 34 y 45, de cualquier generaci\u00f3n. Su dise\u00f1o en color coyote lo hace ideal para combinar con la est\u00e9tica del modelo 19X, manteniendo plena funcionalidad&#8230;<\/p>\n","protected":false},"featured_media":4918,"template":"","meta":{"_acf_changed":false},"product_brand":[34],"product_cat":[44,48,17],"product_tag":[],"class_list":{"0":"post-561","1":"product","2":"type-product","3":"status-publish","4":"has-post-thumbnail","6":"product_brand-glock","7":"product_cat-armas-de-fuego","8":"product_cat-cargadores-armas-de-fuego","9":"product_cat-general","11":"first","12":"instock","13":"taxable","14":"shipping-taxable","15":"purchasable","16":"product-type-simple"},"acf":[],"yoast_head":"<!-- This site is optimized with the Yoast SEO plugin v27.2 - https:\/\/yoast.com\/product\/yoast-seo-wordpress\/ -->\n<title>CARGADOR cal 9 mm para Glock 19X capacidad 17 rds - Importadora MC<\/title>\n<meta name=\"robots\" content=\"index, follow, max-snippet:-1, max-image-preview:large, max-video-preview:-1\" \/>\n<link rel=\"canonical\" href=\"https:\/\/importadoramc.cl\/distribucion\/producto\/cargador-cal-9-mm-para-glock-19x-capacidad-17-rds\/\" \/>\n<meta property=\"og:locale\" content=\"es_ES\" \/>\n<meta property=\"og:type\" content=\"article\" \/>\n<meta property=\"og:title\" content=\"CARGADOR cal 9 mm para Glock 19X capacidad 17 rds - Importadora MC\" \/>\n<meta property=\"og:description\" content=\"Cargador original con capacidad para 17 balas, compatible con modelos GLOCK 17, 19, 19X, 26, 34 y 45, de cualquier generaci\u00f3n. Su dise\u00f1o en color coyote lo hace ideal para combinar con la est\u00e9tica del modelo 19X, manteniendo plena funcionalidad...\" \/>\n<meta property=\"og:url\" content=\"https:\/\/importadoramc.cl\/distribucion\/producto\/cargador-cal-9-mm-para-glock-19x-capacidad-17-rds\/\" \/>\n<meta property=\"og:site_name\" content=\"Importadora MC\" \/>\n<meta property=\"article:modified_time\" content=\"2025-08-13T14:18:26+00:00\" \/>\n<meta property=\"og:image\" content=\"https:\/\/importadoramc.cl\/distribucion\/wp-content\/uploads\/2025\/02\/CARGADOR-cal-9-mm-para-Glock-19X-capacidad-17-rds.png\" \/>\n\t<meta property=\"og:image:width\" content=\"1000\" \/>\n\t<meta property=\"og:image:height\" content=\"1000\" \/>\n\t<meta property=\"og:image:type\" content=\"image\/png\" \/>\n<meta name=\"twitter:card\" content=\"summary_large_image\" \/>\n<meta name=\"twitter:label1\" content=\"Tiempo estimado de lectura\" \/>\n\t<meta name=\"twitter:data1\" content=\"1 minuto\" \/>\n<script type=\"application\/ld+json\" class=\"yoast-schema-graph\">{\"@context\":\"https:\/\/schema.org\",\"@graph\":[{\"@type\":\"WebPage\",\"@id\":\"https:\/\/importadoramc.cl\/distribucion\/producto\/cargador-cal-9-mm-para-glock-19x-capacidad-17-rds\/\",\"url\":\"https:\/\/importadoramc.cl\/distribucion\/producto\/cargador-cal-9-mm-para-glock-19x-capacidad-17-rds\/\",\"name\":\"CARGADOR cal 9 mm para Glock 19X capacidad 17 rds - Importadora MC\",\"isPartOf\":{\"@id\":\"https:\/\/importadoramc.cl\/distribucion\/#website\"},\"primaryImageOfPage\":{\"@id\":\"https:\/\/importadoramc.cl\/distribucion\/producto\/cargador-cal-9-mm-para-glock-19x-capacidad-17-rds\/#primaryimage\"},\"image\":{\"@id\":\"https:\/\/importadoramc.cl\/distribucion\/producto\/cargador-cal-9-mm-para-glock-19x-capacidad-17-rds\/#primaryimage\"},\"thumbnailUrl\":\"https:\/\/importadoramc.cl\/distribucion\/wp-content\/uploads\/2025\/02\/CARGADOR-cal-9-mm-para-Glock-19X-capacidad-17-rds.png\",\"datePublished\":\"2025-02-25T17:42:51+00:00\",\"dateModified\":\"2025-08-13T14:18:26+00:00\",\"breadcrumb\":{\"@id\":\"https:\/\/importadoramc.cl\/distribucion\/producto\/cargador-cal-9-mm-para-glock-19x-capacidad-17-rds\/#breadcrumb\"},\"inLanguage\":\"es-CL\",\"potentialAction\":[{\"@type\":\"ReadAction\",\"target\":[\"https:\/\/importadoramc.cl\/distribucion\/producto\/cargador-cal-9-mm-para-glock-19x-capacidad-17-rds\/\"]}]},{\"@type\":\"ImageObject\",\"inLanguage\":\"es-CL\",\"@id\":\"https:\/\/importadoramc.cl\/distribucion\/producto\/cargador-cal-9-mm-para-glock-19x-capacidad-17-rds\/#primaryimage\",\"url\":\"https:\/\/importadoramc.cl\/distribucion\/wp-content\/uploads\/2025\/02\/CARGADOR-cal-9-mm-para-Glock-19X-capacidad-17-rds.png\",\"contentUrl\":\"https:\/\/importadoramc.cl\/distribucion\/wp-content\/uploads\/2025\/02\/CARGADOR-cal-9-mm-para-Glock-19X-capacidad-17-rds.png\",\"width\":1000,\"height\":1000},{\"@type\":\"BreadcrumbList\",\"@id\":\"https:\/\/importadoramc.cl\/distribucion\/producto\/cargador-cal-9-mm-para-glock-19x-capacidad-17-rds\/#breadcrumb\",\"itemListElement\":[{\"@type\":\"ListItem\",\"position\":1,\"name\":\"Portada\",\"item\":\"https:\/\/importadoramc.cl\/distribucion\/\"},{\"@type\":\"ListItem\",\"position\":2,\"name\":\"Productos\",\"item\":\"https:\/\/importadoramc.cl\/distribucion\/productos\/\"},{\"@type\":\"ListItem\",\"position\":3,\"name\":\"CARGADOR cal 9 mm para Glock 19X capacidad 17 rds\"}]},{\"@type\":\"WebSite\",\"@id\":\"https:\/\/importadoramc.cl\/distribucion\/#website\",\"url\":\"https:\/\/importadoramc.cl\/distribucion\/\",\"name\":\"Importadora MC\",\"description\":\"\",\"publisher\":{\"@id\":\"https:\/\/importadoramc.cl\/distribucion\/#organization\"},\"potentialAction\":[{\"@type\":\"SearchAction\",\"target\":{\"@type\":\"EntryPoint\",\"urlTemplate\":\"https:\/\/importadoramc.cl\/distribucion\/?s={search_term_string}\"},\"query-input\":{\"@type\":\"PropertyValueSpecification\",\"valueRequired\":true,\"valueName\":\"search_term_string\"}}],\"inLanguage\":\"es-CL\"},{\"@type\":\"Organization\",\"@id\":\"https:\/\/importadoramc.cl\/distribucion\/#organization\",\"name\":\"Importadora MC\",\"url\":\"https:\/\/importadoramc.cl\/distribucion\/\",\"logo\":{\"@type\":\"ImageObject\",\"inLanguage\":\"es-CL\",\"@id\":\"https:\/\/importadoramc.cl\/distribucion\/#\/schema\/logo\/image\/\",\"url\":\"https:\/\/importadoramc.cl\/distribucion\/wp-content\/uploads\/2025\/04\/VECTORIZACION-DE-LOGO-IMPORTADORA-1.jpg\",\"contentUrl\":\"https:\/\/importadoramc.cl\/distribucion\/wp-content\/uploads\/2025\/04\/VECTORIZACION-DE-LOGO-IMPORTADORA-1.jpg\",\"width\":2559,\"height\":2513,\"caption\":\"Importadora MC\"},\"image\":{\"@id\":\"https:\/\/importadoramc.cl\/distribucion\/#\/schema\/logo\/image\/\"},\"sameAs\":[\"https:\/\/www.linkedin.com\/company\/importadora-mc-cl\/\"]}]}<\/script>\n<!-- \/ Yoast SEO plugin. -->","yoast_head_json":{"title":"CARGADOR cal 9 mm para Glock 19X capacidad 17 rds - Importadora MC","robots":{"index":"index","follow":"follow","max-snippet":"max-snippet:-1","max-image-preview":"max-image-preview:large","max-video-preview":"max-video-preview:-1"},"canonical":"https:\/\/importadoramc.cl\/distribucion\/producto\/cargador-cal-9-mm-para-glock-19x-capacidad-17-rds\/","og_locale":"es_ES","og_type":"article","og_title":"CARGADOR cal 9 mm para Glock 19X capacidad 17 rds - Importadora MC","og_description":"Cargador original con capacidad para 17 balas, compatible con modelos GLOCK 17, 19, 19X, 26, 34 y 45, de cualquier generaci\u00f3n. Su dise\u00f1o en color coyote lo hace ideal para combinar con la est\u00e9tica del modelo 19X, manteniendo plena funcionalidad...","og_url":"https:\/\/importadoramc.cl\/distribucion\/producto\/cargador-cal-9-mm-para-glock-19x-capacidad-17-rds\/","og_site_name":"Importadora MC","article_modified_time":"2025-08-13T14:18:26+00:00","og_image":[{"width":1000,"height":1000,"url":"https:\/\/importadoramc.cl\/distribucion\/wp-content\/uploads\/2025\/02\/CARGADOR-cal-9-mm-para-Glock-19X-capacidad-17-rds.png","type":"image\/png"}],"twitter_card":"summary_large_image","twitter_misc":{"Tiempo estimado de lectura":"1 minuto"},"schema":{"@context":"https:\/\/schema.org","@graph":[{"@type":"WebPage","@id":"https:\/\/importadoramc.cl\/distribucion\/producto\/cargador-cal-9-mm-para-glock-19x-capacidad-17-rds\/","url":"https:\/\/importadoramc.cl\/distribucion\/producto\/cargador-cal-9-mm-para-glock-19x-capacidad-17-rds\/","name":"CARGADOR cal 9 mm para Glock 19X capacidad 17 rds - Importadora MC","isPartOf":{"@id":"https:\/\/importadoramc.cl\/distribucion\/#website"},"primaryImageOfPage":{"@id":"https:\/\/importadoramc.cl\/distribucion\/producto\/cargador-cal-9-mm-para-glock-19x-capacidad-17-rds\/#primaryimage"},"image":{"@id":"https:\/\/importadoramc.cl\/distribucion\/producto\/cargador-cal-9-mm-para-glock-19x-capacidad-17-rds\/#primaryimage"},"thumbnailUrl":"https:\/\/importadoramc.cl\/distribucion\/wp-content\/uploads\/2025\/02\/CARGADOR-cal-9-mm-para-Glock-19X-capacidad-17-rds.png","datePublished":"2025-02-25T17:42:51+00:00","dateModified":"2025-08-13T14:18:26+00:00","breadcrumb":{"@id":"https:\/\/importadoramc.cl\/distribucion\/producto\/cargador-cal-9-mm-para-glock-19x-capacidad-17-rds\/#breadcrumb"},"inLanguage":"es-CL","potentialAction":[{"@type":"ReadAction","target":["https:\/\/importadoramc.cl\/distribucion\/producto\/cargador-cal-9-mm-para-glock-19x-capacidad-17-rds\/"]}]},{"@type":"ImageObject","inLanguage":"es-CL","@id":"https:\/\/importadoramc.cl\/distribucion\/producto\/cargador-cal-9-mm-para-glock-19x-capacidad-17-rds\/#primaryimage","url":"https:\/\/importadoramc.cl\/distribucion\/wp-content\/uploads\/2025\/02\/CARGADOR-cal-9-mm-para-Glock-19X-capacidad-17-rds.png","contentUrl":"https:\/\/importadoramc.cl\/distribucion\/wp-content\/uploads\/2025\/02\/CARGADOR-cal-9-mm-para-Glock-19X-capacidad-17-rds.png","width":1000,"height":1000},{"@type":"BreadcrumbList","@id":"https:\/\/importadoramc.cl\/distribucion\/producto\/cargador-cal-9-mm-para-glock-19x-capacidad-17-rds\/#breadcrumb","itemListElement":[{"@type":"ListItem","position":1,"name":"Portada","item":"https:\/\/importadoramc.cl\/distribucion\/"},{"@type":"ListItem","position":2,"name":"Productos","item":"https:\/\/importadoramc.cl\/distribucion\/productos\/"},{"@type":"ListItem","position":3,"name":"CARGADOR cal 9 mm para Glock 19X capacidad 17 rds"}]},{"@type":"WebSite","@id":"https:\/\/importadoramc.cl\/distribucion\/#website","url":"https:\/\/importadoramc.cl\/distribucion\/","name":"Importadora MC","description":"","publisher":{"@id":"https:\/\/importadoramc.cl\/distribucion\/#organization"},"potentialAction":[{"@type":"SearchAction","target":{"@type":"EntryPoint","urlTemplate":"https:\/\/importadoramc.cl\/distribucion\/?s={search_term_string}"},"query-input":{"@type":"PropertyValueSpecification","valueRequired":true,"valueName":"search_term_string"}}],"inLanguage":"es-CL"},{"@type":"Organization","@id":"https:\/\/importadoramc.cl\/distribucion\/#organization","name":"Importadora MC","url":"https:\/\/importadoramc.cl\/distribucion\/","logo":{"@type":"ImageObject","inLanguage":"es-CL","@id":"https:\/\/importadoramc.cl\/distribucion\/#\/schema\/logo\/image\/","url":"https:\/\/importadoramc.cl\/distribucion\/wp-content\/uploads\/2025\/04\/VECTORIZACION-DE-LOGO-IMPORTADORA-1.jpg","contentUrl":"https:\/\/importadoramc.cl\/distribucion\/wp-content\/uploads\/2025\/04\/VECTORIZACION-DE-LOGO-IMPORTADORA-1.jpg","width":2559,"height":2513,"caption":"Importadora MC"},"image":{"@id":"https:\/\/importadoramc.cl\/distribucion\/#\/schema\/logo\/image\/"},"sameAs":["https:\/\/www.linkedin.com\/company\/importadora-mc-cl\/"]}]}},"_links":{"self":[{"href":"https:\/\/importadoramc.cl\/distribucion\/wp-json\/wp\/v2\/product\/561","targetHints":{"allow":["GET"]}}],"collection":[{"href":"https:\/\/importadoramc.cl\/distribucion\/wp-json\/wp\/v2\/product"}],"about":[{"href":"https:\/\/importadoramc.cl\/distribucion\/wp-json\/wp\/v2\/types\/product"}],"wp:featuredmedia":[{"embeddable":true,"href":"https:\/\/importadoramc.cl\/distribucion\/wp-json\/wp\/v2\/media\/4918"}],"wp:attachment":[{"href":"https:\/\/importadoramc.cl\/distribucion\/wp-json\/wp\/v2\/media?parent=561"}],"wp:term":[{"taxonomy":"product_brand","embeddable":true,"href":"https:\/\/importadoramc.cl\/distribucion\/wp-json\/wp\/v2\/product_brand?post=561"},{"taxonomy":"product_cat","embeddable":true,"href":"https:\/\/importadoramc.cl\/distribucion\/wp-json\/wp\/v2\/product_cat?post=561"},{"taxonomy":"product_tag","embeddable":true,"href":"https:\/\/importadoramc.cl\/distribucion\/wp-json\/wp\/v2\/product_tag?post=561"}],"curies":[{"name":"wp","href":"https:\/\/api.w.org\/{rel}","templated":true}]}}