{"id":5095,"date":"2025-07-11T17:21:08","date_gmt":"2025-07-11T21:21:08","guid":{"rendered":"https:\/\/importadoramc.cl\/distribucion\/?post_type=product&#038;p=5095"},"modified":"2026-04-08T16:25:05","modified_gmt":"2026-04-08T20:25:05","slug":"bala-cal-38-sp-marca-american-eagle-158-gr-punta-de-plomo-caja-50-unidades","status":"publish","type":"product","link":"https:\/\/importadoramc.cl\/distribucion\/producto\/bala-cal-38-sp-marca-american-eagle-158-gr-punta-de-plomo-caja-50-unidades\/","title":{"rendered":"BALA cal 38 sp. marca American Eagle, 158 gr, punta de plomo, caja 50 unidades"},"content":{"rendered":"<p>Fiabilidad, precisi\u00f3n y consistencia definen a los cartuchos <strong>American Eagle .38 Special con punta Lead Round Nose (LRN)<\/strong> de 158 granos. Dise\u00f1ados para entrenamiento y pr\u00e1ctica regular, estos proyectiles proporcionan un retroceso moderado y un rendimiento estable, ideal para tiradores que buscan precisi\u00f3n en el pol\u00edgono con un precio accesible.<\/p>\n<table style=\"border-collapse: collapse; width: 100%; border: 1px solid #000;\">\n<thead>\n<tr style=\"background-color: #f2f2f2;\">\n<th style=\"border: 1px solid #000; padding: 8px;\">Caracter\u00edsticas destacadas<\/th>\n<th style=\"border: 1px solid #000; padding: 8px;\">Detalle<\/th>\n<\/tr>\n<\/thead>\n<tbody>\n<tr>\n<td style=\"border: 1px solid #000; padding: 8px;\">Calibre<\/td>\n<td style=\"border: 1px solid #000; padding: 8px;\">.38 Special<\/td>\n<\/tr>\n<tr>\n<td style=\"border: 1px solid #000; padding: 8px;\">Tipo de punta<\/td>\n<td style=\"border: 1px solid #000; padding: 8px;\">Lead Round Nose (Punta redonda de plomo)<\/td>\n<\/tr>\n<tr>\n<td style=\"border: 1px solid #000; padding: 8px;\">Peso del proyectil<\/td>\n<td style=\"border: 1px solid #000; padding: 8px;\">158 grain (granos)<\/td>\n<\/tr>\n<tr>\n<td style=\"border: 1px solid #000; padding: 8px;\">Cantidad<\/td>\n<td style=\"border: 1px solid #000; padding: 8px;\">50 cartuchos por caja<\/td>\n<\/tr>\n<tr>\n<td style=\"border: 1px solid #000; padding: 8px;\">Aplicaci\u00f3n<\/td>\n<td style=\"border: 1px solid #000; padding: 8px;\">Entrenamiento y tiro recreativo<\/td>\n<\/tr>\n<tr>\n<td style=\"border: 1px solid #000; padding: 8px;\">Marca<\/td>\n<td style=\"border: 1px solid #000; padding: 8px;\">American Eagle (Federal Ammunition)<\/td>\n<\/tr>\n<\/tbody>\n<\/table>\n","protected":false},"excerpt":{"rendered":"<p>Fiabilidad, precisi\u00f3n y consistencia definen a los cartuchos American Eagle .38 Special con punta Lead Round Nose (LRN) de 158 granos. Dise\u00f1ados para entrenamiento y pr\u00e1ctica regular, estos proyectiles proporcionan un retroceso moderado y un rendimiento estable, ideal para tiradores&#8230;<\/p>\n","protected":false},"featured_media":5162,"template":"","meta":{"_acf_changed":false},"product_brand":[155],"product_cat":[44,17,146],"product_tag":[],"class_list":{"0":"post-5095","1":"product","2":"type-product","3":"status-publish","4":"has-post-thumbnail","6":"product_brand-federal","7":"product_cat-armas-de-fuego","8":"product_cat-general","9":"product_cat-municion-armas-de-fuego","11":"first","12":"outofstock","13":"taxable","14":"shipping-taxable","15":"purchasable","16":"product-type-simple"},"acf":[],"yoast_head":"<!-- This site is optimized with the Yoast SEO plugin v27.2 - https:\/\/yoast.com\/product\/yoast-seo-wordpress\/ -->\n<title>BALA cal 38 sp. marca American Eagle, 158 gr, punta de plomo, caja 50 unidades - Importadora MC<\/title>\n<meta name=\"robots\" content=\"index, follow, max-snippet:-1, max-image-preview:large, max-video-preview:-1\" \/>\n<link rel=\"canonical\" href=\"https:\/\/importadoramc.cl\/distribucion\/producto\/bala-cal-38-sp-marca-american-eagle-158-gr-punta-de-plomo-caja-50-unidades\/\" \/>\n<meta property=\"og:locale\" content=\"es_ES\" \/>\n<meta property=\"og:type\" content=\"article\" \/>\n<meta property=\"og:title\" content=\"BALA cal 38 sp. marca American Eagle, 158 gr, punta de plomo, caja 50 unidades - Importadora MC\" \/>\n<meta property=\"og:description\" content=\"Fiabilidad, precisi\u00f3n y consistencia definen a los cartuchos American Eagle .38 Special con punta Lead Round Nose (LRN) de 158 granos. Dise\u00f1ados para entrenamiento y pr\u00e1ctica regular, estos proyectiles proporcionan un retroceso moderado y un rendimiento estable, ideal para tiradores...\" \/>\n<meta property=\"og:url\" content=\"https:\/\/importadoramc.cl\/distribucion\/producto\/bala-cal-38-sp-marca-american-eagle-158-gr-punta-de-plomo-caja-50-unidades\/\" \/>\n<meta property=\"og:site_name\" content=\"Importadora MC\" \/>\n<meta property=\"article:modified_time\" content=\"2026-04-08T20:25:05+00:00\" \/>\n<meta property=\"og:image\" content=\"https:\/\/importadoramc.cl\/distribucion\/wp-content\/uploads\/2025\/07\/Eagle-38.34.png\" \/>\n\t<meta property=\"og:image:width\" content=\"1600\" \/>\n\t<meta property=\"og:image:height\" content=\"1200\" \/>\n\t<meta property=\"og:image:type\" content=\"image\/png\" \/>\n<meta name=\"twitter:card\" content=\"summary_large_image\" \/>\n<meta name=\"twitter:label1\" content=\"Tiempo estimado de lectura\" \/>\n\t<meta name=\"twitter:data1\" content=\"1 minuto\" \/>\n<script type=\"application\/ld+json\" class=\"yoast-schema-graph\">{\"@context\":\"https:\/\/schema.org\",\"@graph\":[{\"@type\":\"WebPage\",\"@id\":\"https:\/\/importadoramc.cl\/distribucion\/producto\/bala-cal-38-sp-marca-american-eagle-158-gr-punta-de-plomo-caja-50-unidades\/\",\"url\":\"https:\/\/importadoramc.cl\/distribucion\/producto\/bala-cal-38-sp-marca-american-eagle-158-gr-punta-de-plomo-caja-50-unidades\/\",\"name\":\"BALA cal 38 sp. marca American Eagle, 158 gr, punta de plomo, caja 50 unidades - Importadora MC\",\"isPartOf\":{\"@id\":\"https:\/\/importadoramc.cl\/distribucion\/#website\"},\"primaryImageOfPage\":{\"@id\":\"https:\/\/importadoramc.cl\/distribucion\/producto\/bala-cal-38-sp-marca-american-eagle-158-gr-punta-de-plomo-caja-50-unidades\/#primaryimage\"},\"image\":{\"@id\":\"https:\/\/importadoramc.cl\/distribucion\/producto\/bala-cal-38-sp-marca-american-eagle-158-gr-punta-de-plomo-caja-50-unidades\/#primaryimage\"},\"thumbnailUrl\":\"https:\/\/importadoramc.cl\/distribucion\/wp-content\/uploads\/2025\/07\/Eagle-38.34.png\",\"datePublished\":\"2025-07-11T21:21:08+00:00\",\"dateModified\":\"2026-04-08T20:25:05+00:00\",\"breadcrumb\":{\"@id\":\"https:\/\/importadoramc.cl\/distribucion\/producto\/bala-cal-38-sp-marca-american-eagle-158-gr-punta-de-plomo-caja-50-unidades\/#breadcrumb\"},\"inLanguage\":\"es-CL\",\"potentialAction\":[{\"@type\":\"ReadAction\",\"target\":[\"https:\/\/importadoramc.cl\/distribucion\/producto\/bala-cal-38-sp-marca-american-eagle-158-gr-punta-de-plomo-caja-50-unidades\/\"]}]},{\"@type\":\"ImageObject\",\"inLanguage\":\"es-CL\",\"@id\":\"https:\/\/importadoramc.cl\/distribucion\/producto\/bala-cal-38-sp-marca-american-eagle-158-gr-punta-de-plomo-caja-50-unidades\/#primaryimage\",\"url\":\"https:\/\/importadoramc.cl\/distribucion\/wp-content\/uploads\/2025\/07\/Eagle-38.34.png\",\"contentUrl\":\"https:\/\/importadoramc.cl\/distribucion\/wp-content\/uploads\/2025\/07\/Eagle-38.34.png\",\"width\":1600,\"height\":1200},{\"@type\":\"BreadcrumbList\",\"@id\":\"https:\/\/importadoramc.cl\/distribucion\/producto\/bala-cal-38-sp-marca-american-eagle-158-gr-punta-de-plomo-caja-50-unidades\/#breadcrumb\",\"itemListElement\":[{\"@type\":\"ListItem\",\"position\":1,\"name\":\"Portada\",\"item\":\"https:\/\/importadoramc.cl\/distribucion\/\"},{\"@type\":\"ListItem\",\"position\":2,\"name\":\"Productos\",\"item\":\"https:\/\/importadoramc.cl\/distribucion\/productos\/\"},{\"@type\":\"ListItem\",\"position\":3,\"name\":\"BALA cal 38 sp. marca American Eagle, 158 gr, punta de plomo, caja 50 unidades\"}]},{\"@type\":\"WebSite\",\"@id\":\"https:\/\/importadoramc.cl\/distribucion\/#website\",\"url\":\"https:\/\/importadoramc.cl\/distribucion\/\",\"name\":\"Importadora MC\",\"description\":\"\",\"publisher\":{\"@id\":\"https:\/\/importadoramc.cl\/distribucion\/#organization\"},\"potentialAction\":[{\"@type\":\"SearchAction\",\"target\":{\"@type\":\"EntryPoint\",\"urlTemplate\":\"https:\/\/importadoramc.cl\/distribucion\/?s={search_term_string}\"},\"query-input\":{\"@type\":\"PropertyValueSpecification\",\"valueRequired\":true,\"valueName\":\"search_term_string\"}}],\"inLanguage\":\"es-CL\"},{\"@type\":\"Organization\",\"@id\":\"https:\/\/importadoramc.cl\/distribucion\/#organization\",\"name\":\"Importadora MC\",\"url\":\"https:\/\/importadoramc.cl\/distribucion\/\",\"logo\":{\"@type\":\"ImageObject\",\"inLanguage\":\"es-CL\",\"@id\":\"https:\/\/importadoramc.cl\/distribucion\/#\/schema\/logo\/image\/\",\"url\":\"https:\/\/importadoramc.cl\/distribucion\/wp-content\/uploads\/2025\/04\/VECTORIZACION-DE-LOGO-IMPORTADORA-1.jpg\",\"contentUrl\":\"https:\/\/importadoramc.cl\/distribucion\/wp-content\/uploads\/2025\/04\/VECTORIZACION-DE-LOGO-IMPORTADORA-1.jpg\",\"width\":2559,\"height\":2513,\"caption\":\"Importadora MC\"},\"image\":{\"@id\":\"https:\/\/importadoramc.cl\/distribucion\/#\/schema\/logo\/image\/\"},\"sameAs\":[\"https:\/\/www.linkedin.com\/company\/importadora-mc-cl\/\"]}]}<\/script>\n<!-- \/ Yoast SEO plugin. -->","yoast_head_json":{"title":"BALA cal 38 sp. marca American Eagle, 158 gr, punta de plomo, caja 50 unidades - Importadora MC","robots":{"index":"index","follow":"follow","max-snippet":"max-snippet:-1","max-image-preview":"max-image-preview:large","max-video-preview":"max-video-preview:-1"},"canonical":"https:\/\/importadoramc.cl\/distribucion\/producto\/bala-cal-38-sp-marca-american-eagle-158-gr-punta-de-plomo-caja-50-unidades\/","og_locale":"es_ES","og_type":"article","og_title":"BALA cal 38 sp. marca American Eagle, 158 gr, punta de plomo, caja 50 unidades - Importadora MC","og_description":"Fiabilidad, precisi\u00f3n y consistencia definen a los cartuchos American Eagle .38 Special con punta Lead Round Nose (LRN) de 158 granos. Dise\u00f1ados para entrenamiento y pr\u00e1ctica regular, estos proyectiles proporcionan un retroceso moderado y un rendimiento estable, ideal para tiradores...","og_url":"https:\/\/importadoramc.cl\/distribucion\/producto\/bala-cal-38-sp-marca-american-eagle-158-gr-punta-de-plomo-caja-50-unidades\/","og_site_name":"Importadora MC","article_modified_time":"2026-04-08T20:25:05+00:00","og_image":[{"width":1600,"height":1200,"url":"https:\/\/importadoramc.cl\/distribucion\/wp-content\/uploads\/2025\/07\/Eagle-38.34.png","type":"image\/png"}],"twitter_card":"summary_large_image","twitter_misc":{"Tiempo estimado de lectura":"1 minuto"},"schema":{"@context":"https:\/\/schema.org","@graph":[{"@type":"WebPage","@id":"https:\/\/importadoramc.cl\/distribucion\/producto\/bala-cal-38-sp-marca-american-eagle-158-gr-punta-de-plomo-caja-50-unidades\/","url":"https:\/\/importadoramc.cl\/distribucion\/producto\/bala-cal-38-sp-marca-american-eagle-158-gr-punta-de-plomo-caja-50-unidades\/","name":"BALA cal 38 sp. marca American Eagle, 158 gr, punta de plomo, caja 50 unidades - Importadora MC","isPartOf":{"@id":"https:\/\/importadoramc.cl\/distribucion\/#website"},"primaryImageOfPage":{"@id":"https:\/\/importadoramc.cl\/distribucion\/producto\/bala-cal-38-sp-marca-american-eagle-158-gr-punta-de-plomo-caja-50-unidades\/#primaryimage"},"image":{"@id":"https:\/\/importadoramc.cl\/distribucion\/producto\/bala-cal-38-sp-marca-american-eagle-158-gr-punta-de-plomo-caja-50-unidades\/#primaryimage"},"thumbnailUrl":"https:\/\/importadoramc.cl\/distribucion\/wp-content\/uploads\/2025\/07\/Eagle-38.34.png","datePublished":"2025-07-11T21:21:08+00:00","dateModified":"2026-04-08T20:25:05+00:00","breadcrumb":{"@id":"https:\/\/importadoramc.cl\/distribucion\/producto\/bala-cal-38-sp-marca-american-eagle-158-gr-punta-de-plomo-caja-50-unidades\/#breadcrumb"},"inLanguage":"es-CL","potentialAction":[{"@type":"ReadAction","target":["https:\/\/importadoramc.cl\/distribucion\/producto\/bala-cal-38-sp-marca-american-eagle-158-gr-punta-de-plomo-caja-50-unidades\/"]}]},{"@type":"ImageObject","inLanguage":"es-CL","@id":"https:\/\/importadoramc.cl\/distribucion\/producto\/bala-cal-38-sp-marca-american-eagle-158-gr-punta-de-plomo-caja-50-unidades\/#primaryimage","url":"https:\/\/importadoramc.cl\/distribucion\/wp-content\/uploads\/2025\/07\/Eagle-38.34.png","contentUrl":"https:\/\/importadoramc.cl\/distribucion\/wp-content\/uploads\/2025\/07\/Eagle-38.34.png","width":1600,"height":1200},{"@type":"BreadcrumbList","@id":"https:\/\/importadoramc.cl\/distribucion\/producto\/bala-cal-38-sp-marca-american-eagle-158-gr-punta-de-plomo-caja-50-unidades\/#breadcrumb","itemListElement":[{"@type":"ListItem","position":1,"name":"Portada","item":"https:\/\/importadoramc.cl\/distribucion\/"},{"@type":"ListItem","position":2,"name":"Productos","item":"https:\/\/importadoramc.cl\/distribucion\/productos\/"},{"@type":"ListItem","position":3,"name":"BALA cal 38 sp. marca American Eagle, 158 gr, punta de plomo, caja 50 unidades"}]},{"@type":"WebSite","@id":"https:\/\/importadoramc.cl\/distribucion\/#website","url":"https:\/\/importadoramc.cl\/distribucion\/","name":"Importadora MC","description":"","publisher":{"@id":"https:\/\/importadoramc.cl\/distribucion\/#organization"},"potentialAction":[{"@type":"SearchAction","target":{"@type":"EntryPoint","urlTemplate":"https:\/\/importadoramc.cl\/distribucion\/?s={search_term_string}"},"query-input":{"@type":"PropertyValueSpecification","valueRequired":true,"valueName":"search_term_string"}}],"inLanguage":"es-CL"},{"@type":"Organization","@id":"https:\/\/importadoramc.cl\/distribucion\/#organization","name":"Importadora MC","url":"https:\/\/importadoramc.cl\/distribucion\/","logo":{"@type":"ImageObject","inLanguage":"es-CL","@id":"https:\/\/importadoramc.cl\/distribucion\/#\/schema\/logo\/image\/","url":"https:\/\/importadoramc.cl\/distribucion\/wp-content\/uploads\/2025\/04\/VECTORIZACION-DE-LOGO-IMPORTADORA-1.jpg","contentUrl":"https:\/\/importadoramc.cl\/distribucion\/wp-content\/uploads\/2025\/04\/VECTORIZACION-DE-LOGO-IMPORTADORA-1.jpg","width":2559,"height":2513,"caption":"Importadora MC"},"image":{"@id":"https:\/\/importadoramc.cl\/distribucion\/#\/schema\/logo\/image\/"},"sameAs":["https:\/\/www.linkedin.com\/company\/importadora-mc-cl\/"]}]}},"_links":{"self":[{"href":"https:\/\/importadoramc.cl\/distribucion\/wp-json\/wp\/v2\/product\/5095","targetHints":{"allow":["GET"]}}],"collection":[{"href":"https:\/\/importadoramc.cl\/distribucion\/wp-json\/wp\/v2\/product"}],"about":[{"href":"https:\/\/importadoramc.cl\/distribucion\/wp-json\/wp\/v2\/types\/product"}],"wp:featuredmedia":[{"embeddable":true,"href":"https:\/\/importadoramc.cl\/distribucion\/wp-json\/wp\/v2\/media\/5162"}],"wp:attachment":[{"href":"https:\/\/importadoramc.cl\/distribucion\/wp-json\/wp\/v2\/media?parent=5095"}],"wp:term":[{"taxonomy":"product_brand","embeddable":true,"href":"https:\/\/importadoramc.cl\/distribucion\/wp-json\/wp\/v2\/product_brand?post=5095"},{"taxonomy":"product_cat","embeddable":true,"href":"https:\/\/importadoramc.cl\/distribucion\/wp-json\/wp\/v2\/product_cat?post=5095"},{"taxonomy":"product_tag","embeddable":true,"href":"https:\/\/importadoramc.cl\/distribucion\/wp-json\/wp\/v2\/product_tag?post=5095"}],"curies":[{"name":"wp","href":"https:\/\/api.w.org\/{rel}","templated":true}]}}