{"id":491,"date":"2025-02-25T14:42:46","date_gmt":"2025-02-25T17:42:46","guid":{"rendered":"https:\/\/importadoramc.cl\/distribucion\/?post_type=product&#038;p=491"},"modified":"2026-04-06T12:27:51","modified_gmt":"2026-04-06T16:27:51","slug":"cargador-cal-9-mm-para-glock-43-capacidad-6-rds","status":"publish","type":"product","link":"https:\/\/importadoramc.cl\/distribucion\/producto\/cargador-cal-9-mm-para-glock-43-capacidad-6-rds\/","title":{"rendered":"Cargador cal 9 mm para Glock 43, capacidad 6 rds"},"content":{"rendered":"<p data-start=\"114\" data-end=\"354\">Este cargador <strong data-start=\"128\" data-end=\"137\">Glock<\/strong> est\u00e1 fabricado con un inserto de acero endurecido recubierto por un pol\u00edmero de alta tecnolog\u00eda, lo que proporciona una excelente protecci\u00f3n estructural y evita deformaciones, incluso ante ca\u00eddas desde gran altura.<\/p>\n<p data-start=\"356\" data-end=\"543\">Su resorte de alta calidad y elevador (follower) garantizan una alimentaci\u00f3n confiable y constante, desde el primer disparo con el resorte completamente comprimido hasta el \u00faltimo tiro.<\/p>\n<p data-start=\"545\" data-end=\"642\">Adem\u00e1s, su cuerpo con doble corte permite compatibilidad con liberadores de cargador reversibles.<\/p>\n<p><span role=\"text\"><strong data-start=\"653\" data-end=\"672\">CARACTER\u00cdSTICAS<\/strong><\/span><\/p>\n<ul data-start=\"674\" data-end=\"1012\">\n<li data-section-id=\"m08snx\" data-start=\"674\" data-end=\"753\">Construcci\u00f3n en metal endurecido recubierto en pol\u00edmero de alta resistencia<\/li>\n<li data-section-id=\"89bfmo\" data-start=\"754\" data-end=\"823\">Ventanas de visualizaci\u00f3n para verificaci\u00f3n del nivel de munici\u00f3n<\/li>\n<li data-section-id=\"1jcxhnk\" data-start=\"824\" data-end=\"872\">Dise\u00f1o GLOCK de hilera simple (single stack)<\/li>\n<li data-section-id=\"ejznds\" data-start=\"873\" data-end=\"913\">Resorte met\u00e1lico de alta durabilidad<\/li>\n<li data-section-id=\"9mggit\" data-start=\"914\" data-end=\"963\">Base est\u00e1ndar delgada en pol\u00edmero color negro<\/li>\n<li data-section-id=\"1uq1g9w\" data-start=\"964\" data-end=\"1012\">Elevador (follower) en color negro y naranjo<\/li>\n<\/ul>\n","protected":false},"excerpt":{"rendered":"<p>Este cargador Glock est\u00e1 fabricado con un inserto de acero endurecido recubierto por un pol\u00edmero de alta tecnolog\u00eda, lo que proporciona una excelente protecci\u00f3n estructural y evita deformaciones, incluso ante ca\u00eddas desde gran altura. Su resorte de alta calidad y&#8230;<\/p>\n","protected":false},"featured_media":7831,"template":"","meta":{"_acf_changed":false},"product_brand":[34],"product_cat":[44,48,17],"product_tag":[],"class_list":{"0":"post-491","1":"product","2":"type-product","3":"status-publish","4":"has-post-thumbnail","6":"product_brand-glock","7":"product_cat-armas-de-fuego","8":"product_cat-cargadores-armas-de-fuego","9":"product_cat-general","11":"first","12":"outofstock","13":"taxable","14":"shipping-taxable","15":"purchasable","16":"product-type-simple"},"acf":[],"yoast_head":"<!-- This site is optimized with the Yoast SEO plugin v27.2 - https:\/\/yoast.com\/product\/yoast-seo-wordpress\/ -->\n<title>Cargador cal 9 mm para Glock 43, capacidad 6 rds - Importadora MC<\/title>\n<meta name=\"robots\" content=\"index, follow, max-snippet:-1, max-image-preview:large, max-video-preview:-1\" \/>\n<link rel=\"canonical\" href=\"https:\/\/importadoramc.cl\/distribucion\/producto\/cargador-cal-9-mm-para-glock-43-capacidad-6-rds\/\" \/>\n<meta property=\"og:locale\" content=\"es_ES\" \/>\n<meta property=\"og:type\" content=\"article\" \/>\n<meta property=\"og:title\" content=\"Cargador cal 9 mm para Glock 43, capacidad 6 rds - Importadora MC\" \/>\n<meta property=\"og:description\" content=\"Este cargador Glock est\u00e1 fabricado con un inserto de acero endurecido recubierto por un pol\u00edmero de alta tecnolog\u00eda, lo que proporciona una excelente protecci\u00f3n estructural y evita deformaciones, incluso ante ca\u00eddas desde gran altura. Su resorte de alta calidad y...\" \/>\n<meta property=\"og:url\" content=\"https:\/\/importadoramc.cl\/distribucion\/producto\/cargador-cal-9-mm-para-glock-43-capacidad-6-rds\/\" \/>\n<meta property=\"og:site_name\" content=\"Importadora MC\" \/>\n<meta property=\"article:modified_time\" content=\"2026-04-06T16:27:51+00:00\" \/>\n<meta property=\"og:image\" content=\"https:\/\/importadoramc.cl\/distribucion\/wp-content\/uploads\/2025\/02\/Magazine-G43-Gen5-6rds-70017_Technical_45-Degree_20230125_005.jpg\" \/>\n\t<meta property=\"og:image:width\" content=\"600\" \/>\n\t<meta property=\"og:image:height\" content=\"600\" \/>\n\t<meta property=\"og:image:type\" content=\"image\/jpeg\" \/>\n<meta name=\"twitter:card\" content=\"summary_large_image\" \/>\n<meta name=\"twitter:label1\" content=\"Tiempo estimado de lectura\" \/>\n\t<meta name=\"twitter:data1\" content=\"1 minuto\" \/>\n<script type=\"application\/ld+json\" class=\"yoast-schema-graph\">{\"@context\":\"https:\/\/schema.org\",\"@graph\":[{\"@type\":\"WebPage\",\"@id\":\"https:\/\/importadoramc.cl\/distribucion\/producto\/cargador-cal-9-mm-para-glock-43-capacidad-6-rds\/\",\"url\":\"https:\/\/importadoramc.cl\/distribucion\/producto\/cargador-cal-9-mm-para-glock-43-capacidad-6-rds\/\",\"name\":\"Cargador cal 9 mm para Glock 43, capacidad 6 rds - Importadora MC\",\"isPartOf\":{\"@id\":\"https:\/\/importadoramc.cl\/distribucion\/#website\"},\"primaryImageOfPage\":{\"@id\":\"https:\/\/importadoramc.cl\/distribucion\/producto\/cargador-cal-9-mm-para-glock-43-capacidad-6-rds\/#primaryimage\"},\"image\":{\"@id\":\"https:\/\/importadoramc.cl\/distribucion\/producto\/cargador-cal-9-mm-para-glock-43-capacidad-6-rds\/#primaryimage\"},\"thumbnailUrl\":\"https:\/\/importadoramc.cl\/distribucion\/wp-content\/uploads\/2025\/02\/Magazine-G43-Gen5-6rds-70017_Technical_45-Degree_20230125_005.jpg\",\"datePublished\":\"2025-02-25T17:42:46+00:00\",\"dateModified\":\"2026-04-06T16:27:51+00:00\",\"breadcrumb\":{\"@id\":\"https:\/\/importadoramc.cl\/distribucion\/producto\/cargador-cal-9-mm-para-glock-43-capacidad-6-rds\/#breadcrumb\"},\"inLanguage\":\"es-CL\",\"potentialAction\":[{\"@type\":\"ReadAction\",\"target\":[\"https:\/\/importadoramc.cl\/distribucion\/producto\/cargador-cal-9-mm-para-glock-43-capacidad-6-rds\/\"]}]},{\"@type\":\"ImageObject\",\"inLanguage\":\"es-CL\",\"@id\":\"https:\/\/importadoramc.cl\/distribucion\/producto\/cargador-cal-9-mm-para-glock-43-capacidad-6-rds\/#primaryimage\",\"url\":\"https:\/\/importadoramc.cl\/distribucion\/wp-content\/uploads\/2025\/02\/Magazine-G43-Gen5-6rds-70017_Technical_45-Degree_20230125_005.jpg\",\"contentUrl\":\"https:\/\/importadoramc.cl\/distribucion\/wp-content\/uploads\/2025\/02\/Magazine-G43-Gen5-6rds-70017_Technical_45-Degree_20230125_005.jpg\",\"width\":600,\"height\":600},{\"@type\":\"BreadcrumbList\",\"@id\":\"https:\/\/importadoramc.cl\/distribucion\/producto\/cargador-cal-9-mm-para-glock-43-capacidad-6-rds\/#breadcrumb\",\"itemListElement\":[{\"@type\":\"ListItem\",\"position\":1,\"name\":\"Portada\",\"item\":\"https:\/\/importadoramc.cl\/distribucion\/\"},{\"@type\":\"ListItem\",\"position\":2,\"name\":\"Productos\",\"item\":\"https:\/\/importadoramc.cl\/distribucion\/productos\/\"},{\"@type\":\"ListItem\",\"position\":3,\"name\":\"Cargador cal 9 mm para Glock 43, capacidad 6 rds\"}]},{\"@type\":\"WebSite\",\"@id\":\"https:\/\/importadoramc.cl\/distribucion\/#website\",\"url\":\"https:\/\/importadoramc.cl\/distribucion\/\",\"name\":\"Importadora MC\",\"description\":\"\",\"publisher\":{\"@id\":\"https:\/\/importadoramc.cl\/distribucion\/#organization\"},\"potentialAction\":[{\"@type\":\"SearchAction\",\"target\":{\"@type\":\"EntryPoint\",\"urlTemplate\":\"https:\/\/importadoramc.cl\/distribucion\/?s={search_term_string}\"},\"query-input\":{\"@type\":\"PropertyValueSpecification\",\"valueRequired\":true,\"valueName\":\"search_term_string\"}}],\"inLanguage\":\"es-CL\"},{\"@type\":\"Organization\",\"@id\":\"https:\/\/importadoramc.cl\/distribucion\/#organization\",\"name\":\"Importadora MC\",\"url\":\"https:\/\/importadoramc.cl\/distribucion\/\",\"logo\":{\"@type\":\"ImageObject\",\"inLanguage\":\"es-CL\",\"@id\":\"https:\/\/importadoramc.cl\/distribucion\/#\/schema\/logo\/image\/\",\"url\":\"https:\/\/importadoramc.cl\/distribucion\/wp-content\/uploads\/2025\/04\/VECTORIZACION-DE-LOGO-IMPORTADORA-1.jpg\",\"contentUrl\":\"https:\/\/importadoramc.cl\/distribucion\/wp-content\/uploads\/2025\/04\/VECTORIZACION-DE-LOGO-IMPORTADORA-1.jpg\",\"width\":2559,\"height\":2513,\"caption\":\"Importadora MC\"},\"image\":{\"@id\":\"https:\/\/importadoramc.cl\/distribucion\/#\/schema\/logo\/image\/\"},\"sameAs\":[\"https:\/\/www.linkedin.com\/company\/importadora-mc-cl\/\"]}]}<\/script>\n<!-- \/ Yoast SEO plugin. -->","yoast_head_json":{"title":"Cargador cal 9 mm para Glock 43, capacidad 6 rds - Importadora MC","robots":{"index":"index","follow":"follow","max-snippet":"max-snippet:-1","max-image-preview":"max-image-preview:large","max-video-preview":"max-video-preview:-1"},"canonical":"https:\/\/importadoramc.cl\/distribucion\/producto\/cargador-cal-9-mm-para-glock-43-capacidad-6-rds\/","og_locale":"es_ES","og_type":"article","og_title":"Cargador cal 9 mm para Glock 43, capacidad 6 rds - Importadora MC","og_description":"Este cargador Glock est\u00e1 fabricado con un inserto de acero endurecido recubierto por un pol\u00edmero de alta tecnolog\u00eda, lo que proporciona una excelente protecci\u00f3n estructural y evita deformaciones, incluso ante ca\u00eddas desde gran altura. Su resorte de alta calidad y...","og_url":"https:\/\/importadoramc.cl\/distribucion\/producto\/cargador-cal-9-mm-para-glock-43-capacidad-6-rds\/","og_site_name":"Importadora MC","article_modified_time":"2026-04-06T16:27:51+00:00","og_image":[{"width":600,"height":600,"url":"https:\/\/importadoramc.cl\/distribucion\/wp-content\/uploads\/2025\/02\/Magazine-G43-Gen5-6rds-70017_Technical_45-Degree_20230125_005.jpg","type":"image\/jpeg"}],"twitter_card":"summary_large_image","twitter_misc":{"Tiempo estimado de lectura":"1 minuto"},"schema":{"@context":"https:\/\/schema.org","@graph":[{"@type":"WebPage","@id":"https:\/\/importadoramc.cl\/distribucion\/producto\/cargador-cal-9-mm-para-glock-43-capacidad-6-rds\/","url":"https:\/\/importadoramc.cl\/distribucion\/producto\/cargador-cal-9-mm-para-glock-43-capacidad-6-rds\/","name":"Cargador cal 9 mm para Glock 43, capacidad 6 rds - Importadora MC","isPartOf":{"@id":"https:\/\/importadoramc.cl\/distribucion\/#website"},"primaryImageOfPage":{"@id":"https:\/\/importadoramc.cl\/distribucion\/producto\/cargador-cal-9-mm-para-glock-43-capacidad-6-rds\/#primaryimage"},"image":{"@id":"https:\/\/importadoramc.cl\/distribucion\/producto\/cargador-cal-9-mm-para-glock-43-capacidad-6-rds\/#primaryimage"},"thumbnailUrl":"https:\/\/importadoramc.cl\/distribucion\/wp-content\/uploads\/2025\/02\/Magazine-G43-Gen5-6rds-70017_Technical_45-Degree_20230125_005.jpg","datePublished":"2025-02-25T17:42:46+00:00","dateModified":"2026-04-06T16:27:51+00:00","breadcrumb":{"@id":"https:\/\/importadoramc.cl\/distribucion\/producto\/cargador-cal-9-mm-para-glock-43-capacidad-6-rds\/#breadcrumb"},"inLanguage":"es-CL","potentialAction":[{"@type":"ReadAction","target":["https:\/\/importadoramc.cl\/distribucion\/producto\/cargador-cal-9-mm-para-glock-43-capacidad-6-rds\/"]}]},{"@type":"ImageObject","inLanguage":"es-CL","@id":"https:\/\/importadoramc.cl\/distribucion\/producto\/cargador-cal-9-mm-para-glock-43-capacidad-6-rds\/#primaryimage","url":"https:\/\/importadoramc.cl\/distribucion\/wp-content\/uploads\/2025\/02\/Magazine-G43-Gen5-6rds-70017_Technical_45-Degree_20230125_005.jpg","contentUrl":"https:\/\/importadoramc.cl\/distribucion\/wp-content\/uploads\/2025\/02\/Magazine-G43-Gen5-6rds-70017_Technical_45-Degree_20230125_005.jpg","width":600,"height":600},{"@type":"BreadcrumbList","@id":"https:\/\/importadoramc.cl\/distribucion\/producto\/cargador-cal-9-mm-para-glock-43-capacidad-6-rds\/#breadcrumb","itemListElement":[{"@type":"ListItem","position":1,"name":"Portada","item":"https:\/\/importadoramc.cl\/distribucion\/"},{"@type":"ListItem","position":2,"name":"Productos","item":"https:\/\/importadoramc.cl\/distribucion\/productos\/"},{"@type":"ListItem","position":3,"name":"Cargador cal 9 mm para Glock 43, capacidad 6 rds"}]},{"@type":"WebSite","@id":"https:\/\/importadoramc.cl\/distribucion\/#website","url":"https:\/\/importadoramc.cl\/distribucion\/","name":"Importadora MC","description":"","publisher":{"@id":"https:\/\/importadoramc.cl\/distribucion\/#organization"},"potentialAction":[{"@type":"SearchAction","target":{"@type":"EntryPoint","urlTemplate":"https:\/\/importadoramc.cl\/distribucion\/?s={search_term_string}"},"query-input":{"@type":"PropertyValueSpecification","valueRequired":true,"valueName":"search_term_string"}}],"inLanguage":"es-CL"},{"@type":"Organization","@id":"https:\/\/importadoramc.cl\/distribucion\/#organization","name":"Importadora MC","url":"https:\/\/importadoramc.cl\/distribucion\/","logo":{"@type":"ImageObject","inLanguage":"es-CL","@id":"https:\/\/importadoramc.cl\/distribucion\/#\/schema\/logo\/image\/","url":"https:\/\/importadoramc.cl\/distribucion\/wp-content\/uploads\/2025\/04\/VECTORIZACION-DE-LOGO-IMPORTADORA-1.jpg","contentUrl":"https:\/\/importadoramc.cl\/distribucion\/wp-content\/uploads\/2025\/04\/VECTORIZACION-DE-LOGO-IMPORTADORA-1.jpg","width":2559,"height":2513,"caption":"Importadora MC"},"image":{"@id":"https:\/\/importadoramc.cl\/distribucion\/#\/schema\/logo\/image\/"},"sameAs":["https:\/\/www.linkedin.com\/company\/importadora-mc-cl\/"]}]}},"_links":{"self":[{"href":"https:\/\/importadoramc.cl\/distribucion\/wp-json\/wp\/v2\/product\/491","targetHints":{"allow":["GET"]}}],"collection":[{"href":"https:\/\/importadoramc.cl\/distribucion\/wp-json\/wp\/v2\/product"}],"about":[{"href":"https:\/\/importadoramc.cl\/distribucion\/wp-json\/wp\/v2\/types\/product"}],"wp:featuredmedia":[{"embeddable":true,"href":"https:\/\/importadoramc.cl\/distribucion\/wp-json\/wp\/v2\/media\/7831"}],"wp:attachment":[{"href":"https:\/\/importadoramc.cl\/distribucion\/wp-json\/wp\/v2\/media?parent=491"}],"wp:term":[{"taxonomy":"product_brand","embeddable":true,"href":"https:\/\/importadoramc.cl\/distribucion\/wp-json\/wp\/v2\/product_brand?post=491"},{"taxonomy":"product_cat","embeddable":true,"href":"https:\/\/importadoramc.cl\/distribucion\/wp-json\/wp\/v2\/product_cat?post=491"},{"taxonomy":"product_tag","embeddable":true,"href":"https:\/\/importadoramc.cl\/distribucion\/wp-json\/wp\/v2\/product_tag?post=491"}],"curies":[{"name":"wp","href":"https:\/\/api.w.org\/{rel}","templated":true}]}}