{"id":490,"date":"2025-02-25T14:42:46","date_gmt":"2025-02-25T17:42:46","guid":{"rendered":"https:\/\/importadoramc.cl\/distribucion\/?post_type=product&#038;p=490"},"modified":"2026-04-06T12:09:37","modified_gmt":"2026-04-06T16:09:37","slug":"cargador-cal-9-mm-para-glock-19-capacidad-15-rds","status":"publish","type":"product","link":"https:\/\/importadoramc.cl\/distribucion\/producto\/cargador-cal-9-mm-para-glock-19-capacidad-15-rds\/","title":{"rendered":"Cargador cal 9 mm para Glock 19, capacidad 15 rds"},"content":{"rendered":"<p>Este\u00a0<strong>cargador GLOCK<\/strong>\u00a0est\u00e1 construido con un inserto de acero endurecido recubierto con un pol\u00edmero de alta tecnolog\u00eda para proteger el cargador y evitar deformaciones, incluso cuando se cae desde gran altura. El resorte y el elevador de alta calidad garantizan una alimentaci\u00f3n confiable desde el primer cartucho, impulsado por un resorte completamente comprimido, hasta el \u00faltimo disparo. Su cuerpo de cargador con doble corte tambi\u00e9n funciona con un ret\u00e9n de cargador reversible en los modelos de pistola <strong>Glock Gen4 y Gen5<\/strong>.<\/p>\n<table style=\"border-collapse: collapse; width: 100%;\">\n<tbody>\n<tr>\n<th style=\"border: 1px solid #000; padding: 8px; text-align: left;\">Caracter\u00edsticas<\/th>\n<th style=\"border: 1px solid #000; padding: 8px; text-align: left;\">Descripci\u00f3n<\/th>\n<\/tr>\n<tr>\n<td style=\"border: 1px solid #000; padding: 8px;\">Construcci\u00f3n<\/td>\n<td style=\"border: 1px solid #000; padding: 8px;\">Fabricado con metal endurecido recubierto en pol\u00edmero duradero<\/td>\n<\/tr>\n<tr>\n<td style=\"border: 1px solid #000; padding: 8px;\">Ventanas de visualizaci\u00f3n<\/td>\n<td style=\"border: 1px solid #000; padding: 8px;\">Ventanas para confirmaci\u00f3n visual del contenido<\/td>\n<\/tr>\n<tr>\n<td style=\"border: 1px solid #000; padding: 8px;\">Dise\u00f1o<\/td>\n<td style=\"border: 1px solid #000; padding: 8px;\">Dise\u00f1o de doble hilera (double-stack)<\/td>\n<\/tr>\n<tr>\n<td style=\"border: 1px solid #000; padding: 8px;\">Resorte<\/td>\n<td style=\"border: 1px solid #000; padding: 8px;\">Resorte met\u00e1lico del cargador<\/td>\n<\/tr>\n<tr>\n<td style=\"border: 1px solid #000; padding: 8px;\">Base<\/td>\n<td style=\"border: 1px solid #000; padding: 8px;\">Placa base est\u00e1ndar de pol\u00edmero negro<\/td>\n<\/tr>\n<tr>\n<td style=\"border: 1px solid #000; padding: 8px;\">Elevador<\/td>\n<td style=\"border: 1px solid #000; padding: 8px;\">Elevador (follower) de color negro<\/td>\n<\/tr>\n<\/tbody>\n<\/table>\n","protected":false},"excerpt":{"rendered":"<p>Este\u00a0cargador GLOCK\u00a0est\u00e1 construido con un inserto de acero endurecido recubierto con un pol\u00edmero de alta tecnolog\u00eda para proteger el cargador y evitar deformaciones, incluso cuando se cae desde gran altura. El resorte y el elevador de alta calidad garantizan una&#8230;<\/p>\n","protected":false},"featured_media":7819,"template":"","meta":{"_acf_changed":false},"product_brand":[34],"product_cat":[44,48,17],"product_tag":[],"class_list":{"0":"post-490","1":"product","2":"type-product","3":"status-publish","4":"has-post-thumbnail","6":"product_brand-glock","7":"product_cat-armas-de-fuego","8":"product_cat-cargadores-armas-de-fuego","9":"product_cat-general","11":"first","12":"instock","13":"taxable","14":"shipping-taxable","15":"purchasable","16":"product-type-simple"},"acf":[],"yoast_head":"<!-- This site is optimized with the Yoast SEO plugin v27.2 - https:\/\/yoast.com\/product\/yoast-seo-wordpress\/ -->\n<title>Cargador cal 9 mm para Glock 19, capacidad 15 rds - Importadora MC<\/title>\n<meta name=\"robots\" content=\"index, follow, max-snippet:-1, max-image-preview:large, max-video-preview:-1\" \/>\n<link rel=\"canonical\" href=\"https:\/\/importadoramc.cl\/distribucion\/producto\/cargador-cal-9-mm-para-glock-19-capacidad-15-rds\/\" \/>\n<meta property=\"og:locale\" content=\"es_ES\" \/>\n<meta property=\"og:type\" content=\"article\" \/>\n<meta property=\"og:title\" content=\"Cargador cal 9 mm para Glock 19, capacidad 15 rds - Importadora MC\" \/>\n<meta property=\"og:description\" content=\"Este\u00a0cargador GLOCK\u00a0est\u00e1 construido con un inserto de acero endurecido recubierto con un pol\u00edmero de alta tecnolog\u00eda para proteger el cargador y evitar deformaciones, incluso cuando se cae desde gran altura. El resorte y el elevador de alta calidad garantizan una...\" \/>\n<meta property=\"og:url\" content=\"https:\/\/importadoramc.cl\/distribucion\/producto\/cargador-cal-9-mm-para-glock-19-capacidad-15-rds\/\" \/>\n<meta property=\"og:site_name\" content=\"Importadora MC\" \/>\n<meta property=\"article:modified_time\" content=\"2026-04-06T16:09:37+00:00\" \/>\n<meta property=\"og:image\" content=\"https:\/\/importadoramc.cl\/distribucion\/wp-content\/uploads\/2025\/02\/X_16-1084-magazine-g19-15rd-back-side-13122016-web-productpopup-md9490.jpg\" \/>\n\t<meta property=\"og:image:width\" content=\"640\" \/>\n\t<meta property=\"og:image:height\" content=\"640\" \/>\n\t<meta property=\"og:image:type\" content=\"image\/jpeg\" \/>\n<meta name=\"twitter:card\" content=\"summary_large_image\" \/>\n<meta name=\"twitter:label1\" content=\"Tiempo estimado de lectura\" \/>\n\t<meta name=\"twitter:data1\" content=\"1 minuto\" \/>\n<script type=\"application\/ld+json\" class=\"yoast-schema-graph\">{\"@context\":\"https:\/\/schema.org\",\"@graph\":[{\"@type\":\"WebPage\",\"@id\":\"https:\/\/importadoramc.cl\/distribucion\/producto\/cargador-cal-9-mm-para-glock-19-capacidad-15-rds\/\",\"url\":\"https:\/\/importadoramc.cl\/distribucion\/producto\/cargador-cal-9-mm-para-glock-19-capacidad-15-rds\/\",\"name\":\"Cargador cal 9 mm para Glock 19, capacidad 15 rds - Importadora MC\",\"isPartOf\":{\"@id\":\"https:\/\/importadoramc.cl\/distribucion\/#website\"},\"primaryImageOfPage\":{\"@id\":\"https:\/\/importadoramc.cl\/distribucion\/producto\/cargador-cal-9-mm-para-glock-19-capacidad-15-rds\/#primaryimage\"},\"image\":{\"@id\":\"https:\/\/importadoramc.cl\/distribucion\/producto\/cargador-cal-9-mm-para-glock-19-capacidad-15-rds\/#primaryimage\"},\"thumbnailUrl\":\"https:\/\/importadoramc.cl\/distribucion\/wp-content\/uploads\/2025\/02\/X_16-1084-magazine-g19-15rd-back-side-13122016-web-productpopup-md9490.jpg\",\"datePublished\":\"2025-02-25T17:42:46+00:00\",\"dateModified\":\"2026-04-06T16:09:37+00:00\",\"breadcrumb\":{\"@id\":\"https:\/\/importadoramc.cl\/distribucion\/producto\/cargador-cal-9-mm-para-glock-19-capacidad-15-rds\/#breadcrumb\"},\"inLanguage\":\"es-CL\",\"potentialAction\":[{\"@type\":\"ReadAction\",\"target\":[\"https:\/\/importadoramc.cl\/distribucion\/producto\/cargador-cal-9-mm-para-glock-19-capacidad-15-rds\/\"]}]},{\"@type\":\"ImageObject\",\"inLanguage\":\"es-CL\",\"@id\":\"https:\/\/importadoramc.cl\/distribucion\/producto\/cargador-cal-9-mm-para-glock-19-capacidad-15-rds\/#primaryimage\",\"url\":\"https:\/\/importadoramc.cl\/distribucion\/wp-content\/uploads\/2025\/02\/X_16-1084-magazine-g19-15rd-back-side-13122016-web-productpopup-md9490.jpg\",\"contentUrl\":\"https:\/\/importadoramc.cl\/distribucion\/wp-content\/uploads\/2025\/02\/X_16-1084-magazine-g19-15rd-back-side-13122016-web-productpopup-md9490.jpg\",\"width\":640,\"height\":640},{\"@type\":\"BreadcrumbList\",\"@id\":\"https:\/\/importadoramc.cl\/distribucion\/producto\/cargador-cal-9-mm-para-glock-19-capacidad-15-rds\/#breadcrumb\",\"itemListElement\":[{\"@type\":\"ListItem\",\"position\":1,\"name\":\"Portada\",\"item\":\"https:\/\/importadoramc.cl\/distribucion\/\"},{\"@type\":\"ListItem\",\"position\":2,\"name\":\"Productos\",\"item\":\"https:\/\/importadoramc.cl\/distribucion\/productos\/\"},{\"@type\":\"ListItem\",\"position\":3,\"name\":\"Cargador cal 9 mm para Glock 19, capacidad 15 rds\"}]},{\"@type\":\"WebSite\",\"@id\":\"https:\/\/importadoramc.cl\/distribucion\/#website\",\"url\":\"https:\/\/importadoramc.cl\/distribucion\/\",\"name\":\"Importadora MC\",\"description\":\"\",\"publisher\":{\"@id\":\"https:\/\/importadoramc.cl\/distribucion\/#organization\"},\"potentialAction\":[{\"@type\":\"SearchAction\",\"target\":{\"@type\":\"EntryPoint\",\"urlTemplate\":\"https:\/\/importadoramc.cl\/distribucion\/?s={search_term_string}\"},\"query-input\":{\"@type\":\"PropertyValueSpecification\",\"valueRequired\":true,\"valueName\":\"search_term_string\"}}],\"inLanguage\":\"es-CL\"},{\"@type\":\"Organization\",\"@id\":\"https:\/\/importadoramc.cl\/distribucion\/#organization\",\"name\":\"Importadora MC\",\"url\":\"https:\/\/importadoramc.cl\/distribucion\/\",\"logo\":{\"@type\":\"ImageObject\",\"inLanguage\":\"es-CL\",\"@id\":\"https:\/\/importadoramc.cl\/distribucion\/#\/schema\/logo\/image\/\",\"url\":\"https:\/\/importadoramc.cl\/distribucion\/wp-content\/uploads\/2025\/04\/VECTORIZACION-DE-LOGO-IMPORTADORA-1.jpg\",\"contentUrl\":\"https:\/\/importadoramc.cl\/distribucion\/wp-content\/uploads\/2025\/04\/VECTORIZACION-DE-LOGO-IMPORTADORA-1.jpg\",\"width\":2559,\"height\":2513,\"caption\":\"Importadora MC\"},\"image\":{\"@id\":\"https:\/\/importadoramc.cl\/distribucion\/#\/schema\/logo\/image\/\"},\"sameAs\":[\"https:\/\/www.linkedin.com\/company\/importadora-mc-cl\/\"]}]}<\/script>\n<!-- \/ Yoast SEO plugin. -->","yoast_head_json":{"title":"Cargador cal 9 mm para Glock 19, capacidad 15 rds - Importadora MC","robots":{"index":"index","follow":"follow","max-snippet":"max-snippet:-1","max-image-preview":"max-image-preview:large","max-video-preview":"max-video-preview:-1"},"canonical":"https:\/\/importadoramc.cl\/distribucion\/producto\/cargador-cal-9-mm-para-glock-19-capacidad-15-rds\/","og_locale":"es_ES","og_type":"article","og_title":"Cargador cal 9 mm para Glock 19, capacidad 15 rds - Importadora MC","og_description":"Este\u00a0cargador GLOCK\u00a0est\u00e1 construido con un inserto de acero endurecido recubierto con un pol\u00edmero de alta tecnolog\u00eda para proteger el cargador y evitar deformaciones, incluso cuando se cae desde gran altura. El resorte y el elevador de alta calidad garantizan una...","og_url":"https:\/\/importadoramc.cl\/distribucion\/producto\/cargador-cal-9-mm-para-glock-19-capacidad-15-rds\/","og_site_name":"Importadora MC","article_modified_time":"2026-04-06T16:09:37+00:00","og_image":[{"width":640,"height":640,"url":"https:\/\/importadoramc.cl\/distribucion\/wp-content\/uploads\/2025\/02\/X_16-1084-magazine-g19-15rd-back-side-13122016-web-productpopup-md9490.jpg","type":"image\/jpeg"}],"twitter_card":"summary_large_image","twitter_misc":{"Tiempo estimado de lectura":"1 minuto"},"schema":{"@context":"https:\/\/schema.org","@graph":[{"@type":"WebPage","@id":"https:\/\/importadoramc.cl\/distribucion\/producto\/cargador-cal-9-mm-para-glock-19-capacidad-15-rds\/","url":"https:\/\/importadoramc.cl\/distribucion\/producto\/cargador-cal-9-mm-para-glock-19-capacidad-15-rds\/","name":"Cargador cal 9 mm para Glock 19, capacidad 15 rds - Importadora MC","isPartOf":{"@id":"https:\/\/importadoramc.cl\/distribucion\/#website"},"primaryImageOfPage":{"@id":"https:\/\/importadoramc.cl\/distribucion\/producto\/cargador-cal-9-mm-para-glock-19-capacidad-15-rds\/#primaryimage"},"image":{"@id":"https:\/\/importadoramc.cl\/distribucion\/producto\/cargador-cal-9-mm-para-glock-19-capacidad-15-rds\/#primaryimage"},"thumbnailUrl":"https:\/\/importadoramc.cl\/distribucion\/wp-content\/uploads\/2025\/02\/X_16-1084-magazine-g19-15rd-back-side-13122016-web-productpopup-md9490.jpg","datePublished":"2025-02-25T17:42:46+00:00","dateModified":"2026-04-06T16:09:37+00:00","breadcrumb":{"@id":"https:\/\/importadoramc.cl\/distribucion\/producto\/cargador-cal-9-mm-para-glock-19-capacidad-15-rds\/#breadcrumb"},"inLanguage":"es-CL","potentialAction":[{"@type":"ReadAction","target":["https:\/\/importadoramc.cl\/distribucion\/producto\/cargador-cal-9-mm-para-glock-19-capacidad-15-rds\/"]}]},{"@type":"ImageObject","inLanguage":"es-CL","@id":"https:\/\/importadoramc.cl\/distribucion\/producto\/cargador-cal-9-mm-para-glock-19-capacidad-15-rds\/#primaryimage","url":"https:\/\/importadoramc.cl\/distribucion\/wp-content\/uploads\/2025\/02\/X_16-1084-magazine-g19-15rd-back-side-13122016-web-productpopup-md9490.jpg","contentUrl":"https:\/\/importadoramc.cl\/distribucion\/wp-content\/uploads\/2025\/02\/X_16-1084-magazine-g19-15rd-back-side-13122016-web-productpopup-md9490.jpg","width":640,"height":640},{"@type":"BreadcrumbList","@id":"https:\/\/importadoramc.cl\/distribucion\/producto\/cargador-cal-9-mm-para-glock-19-capacidad-15-rds\/#breadcrumb","itemListElement":[{"@type":"ListItem","position":1,"name":"Portada","item":"https:\/\/importadoramc.cl\/distribucion\/"},{"@type":"ListItem","position":2,"name":"Productos","item":"https:\/\/importadoramc.cl\/distribucion\/productos\/"},{"@type":"ListItem","position":3,"name":"Cargador cal 9 mm para Glock 19, capacidad 15 rds"}]},{"@type":"WebSite","@id":"https:\/\/importadoramc.cl\/distribucion\/#website","url":"https:\/\/importadoramc.cl\/distribucion\/","name":"Importadora MC","description":"","publisher":{"@id":"https:\/\/importadoramc.cl\/distribucion\/#organization"},"potentialAction":[{"@type":"SearchAction","target":{"@type":"EntryPoint","urlTemplate":"https:\/\/importadoramc.cl\/distribucion\/?s={search_term_string}"},"query-input":{"@type":"PropertyValueSpecification","valueRequired":true,"valueName":"search_term_string"}}],"inLanguage":"es-CL"},{"@type":"Organization","@id":"https:\/\/importadoramc.cl\/distribucion\/#organization","name":"Importadora MC","url":"https:\/\/importadoramc.cl\/distribucion\/","logo":{"@type":"ImageObject","inLanguage":"es-CL","@id":"https:\/\/importadoramc.cl\/distribucion\/#\/schema\/logo\/image\/","url":"https:\/\/importadoramc.cl\/distribucion\/wp-content\/uploads\/2025\/04\/VECTORIZACION-DE-LOGO-IMPORTADORA-1.jpg","contentUrl":"https:\/\/importadoramc.cl\/distribucion\/wp-content\/uploads\/2025\/04\/VECTORIZACION-DE-LOGO-IMPORTADORA-1.jpg","width":2559,"height":2513,"caption":"Importadora MC"},"image":{"@id":"https:\/\/importadoramc.cl\/distribucion\/#\/schema\/logo\/image\/"},"sameAs":["https:\/\/www.linkedin.com\/company\/importadora-mc-cl\/"]}]}},"_links":{"self":[{"href":"https:\/\/importadoramc.cl\/distribucion\/wp-json\/wp\/v2\/product\/490","targetHints":{"allow":["GET"]}}],"collection":[{"href":"https:\/\/importadoramc.cl\/distribucion\/wp-json\/wp\/v2\/product"}],"about":[{"href":"https:\/\/importadoramc.cl\/distribucion\/wp-json\/wp\/v2\/types\/product"}],"wp:featuredmedia":[{"embeddable":true,"href":"https:\/\/importadoramc.cl\/distribucion\/wp-json\/wp\/v2\/media\/7819"}],"wp:attachment":[{"href":"https:\/\/importadoramc.cl\/distribucion\/wp-json\/wp\/v2\/media?parent=490"}],"wp:term":[{"taxonomy":"product_brand","embeddable":true,"href":"https:\/\/importadoramc.cl\/distribucion\/wp-json\/wp\/v2\/product_brand?post=490"},{"taxonomy":"product_cat","embeddable":true,"href":"https:\/\/importadoramc.cl\/distribucion\/wp-json\/wp\/v2\/product_cat?post=490"},{"taxonomy":"product_tag","embeddable":true,"href":"https:\/\/importadoramc.cl\/distribucion\/wp-json\/wp\/v2\/product_tag?post=490"}],"curies":[{"name":"wp","href":"https:\/\/api.w.org\/{rel}","templated":true}]}}