{"id":397,"date":"2025-02-25T14:39:11","date_gmt":"2025-02-25T17:39:11","guid":{"rendered":"https:\/\/importadoramc.cl\/distribucion\/?post_type=product&#038;p=397"},"modified":"2026-04-08T16:25:13","modified_gmt":"2026-04-08T20:25:13","slug":"pistola-cal-9x19mm-glock-mod-17-gen3-4414","status":"publish","type":"product","link":"https:\/\/importadoramc.cl\/distribucion\/producto\/pistola-cal-9x19mm-glock-mod-17-gen3-4414\/","title":{"rendered":"Pistola Cal 9x19mm Glock mod 17 gen3 #4414"},"content":{"rendered":"<p>Dise\u00f1ado para profesionales, la\u00a0<strong>GLOCK 17\u00a0<\/strong>cuenta con la confianza de los agentes del orden y el personal militar de todo el mundo debido a su confiabilidad insuperable, la capacidad \u00f3ptima del cargador de 17 rondas en el cargador est\u00e1ndar y su bajo peso. Con el caracter\u00edstico sistema de gatillo &#8220;Safe Action&#8221;, la pistola Luger GLOCK 17 de 9 mm es segura, f\u00e1cil y r\u00e1pida, precisamente lo que necesita en situaciones cr\u00edticas.<\/p>\n<table style=\"border: 1px solid black; border-collapse: collapse;\">\n<tbody>\n<tr>\n<th style=\"border: 1px solid black; padding: 6px;\">Dato T\u00e9cnico<\/th>\n<th style=\"border: 1px solid black; padding: 6px;\">Especificaci\u00f3n<\/th>\n<\/tr>\n<tr>\n<td style=\"border: 1px solid black; padding: 6px;\">Calibre<\/td>\n<td style=\"border: 1px solid black; padding: 6px;\">9mm<\/td>\n<\/tr>\n<tr>\n<td style=\"border: 1px solid black; padding: 6px;\">Capacidad cargador<\/td>\n<td style=\"border: 1px solid black; padding: 6px;\">17 rondas (Opcionales: 19 \/ 24 \/ 31 \/ 33)<\/td>\n<\/tr>\n<tr>\n<td style=\"border: 1px solid black; padding: 6px;\">Peso sin cargador<\/td>\n<td style=\"border: 1px solid black; padding: 6px;\">625 g<\/td>\n<\/tr>\n<tr>\n<td style=\"border: 1px solid black; padding: 6px;\">Peso con cargador vac\u00edo<\/td>\n<td style=\"border: 1px solid black; padding: 6px;\">705 g<\/td>\n<\/tr>\n<tr>\n<td style=\"border: 1px solid black; padding: 6px;\">Peso con cargador lleno<\/td>\n<td style=\"border: 1px solid black; padding: 6px;\">915 g<\/td>\n<\/tr>\n<tr>\n<td style=\"border: 1px solid black; padding: 6px;\">Longitud del ca\u00f1\u00f3n<\/td>\n<td style=\"border: 1px solid black; padding: 6px;\">114 mm<\/td>\n<\/tr>\n<tr>\n<td style=\"border: 1px solid black; padding: 6px;\">Tir\u00f3n del gatillo<\/td>\n<td style=\"border: 1px solid black; padding: 6px;\">28 N<\/td>\n<\/tr>\n<tr>\n<td style=\"border: 1px solid black; padding: 6px;\">Sistema de seguridad<\/td>\n<td style=\"border: 1px solid black; padding: 6px;\">SafeAction de GLOCK<\/td>\n<\/tr>\n<\/tbody>\n<\/table>\n<h3><strong><br \/>\nDIMENSIONES<\/strong><\/h3>\n<p><img fetchpriority=\"high\" decoding=\"async\" class=\"alignnone \" src=\"https:\/\/dojiw2m9tvv09.cloudfront.net\/6365\/product\/pw_798\/16300706642630664.jpg\" width=\"508\" height=\"446\" \/><\/p>\n<p><img decoding=\"async\" class=\"alignnone \" src=\"https:\/\/dojiw2m9tvv09.cloudfront.net\/6365\/product\/pw_798\/16300706945160695.jpg\" width=\"560\" height=\"421\" \/><\/p>\n","protected":false},"excerpt":{"rendered":"<p>Dise\u00f1ado para profesionales, la\u00a0GLOCK 17\u00a0cuenta con la confianza de los agentes del orden y el personal militar de todo el mundo debido a su confiabilidad insuperable, la capacidad \u00f3ptima del cargador de 17 rondas en el cargador est\u00e1ndar y su&#8230;<\/p>\n","protected":false},"featured_media":4735,"template":"","meta":{"_acf_changed":false},"product_brand":[34],"product_cat":[45,44,17],"product_tag":[],"class_list":{"0":"post-397","1":"product","2":"type-product","3":"status-publish","4":"has-post-thumbnail","6":"product_brand-glock","7":"product_cat-armas-cortas","8":"product_cat-armas-de-fuego","9":"product_cat-general","11":"first","12":"outofstock","13":"taxable","14":"shipping-taxable","15":"purchasable","16":"product-type-simple"},"acf":[],"yoast_head":"<!-- This site is optimized with the Yoast SEO plugin v27.2 - https:\/\/yoast.com\/product\/yoast-seo-wordpress\/ -->\n<title>Pistola Cal 9x19mm Glock mod 17 gen3 #4414 - Importadora MC<\/title>\n<meta name=\"robots\" content=\"index, follow, max-snippet:-1, max-image-preview:large, max-video-preview:-1\" \/>\n<link rel=\"canonical\" href=\"https:\/\/importadoramc.cl\/distribucion\/producto\/pistola-cal-9x19mm-glock-mod-17-gen3-4414\/\" \/>\n<meta property=\"og:locale\" content=\"es_ES\" \/>\n<meta property=\"og:type\" content=\"article\" \/>\n<meta property=\"og:title\" content=\"Pistola Cal 9x19mm Glock mod 17 gen3 #4414 - Importadora MC\" \/>\n<meta property=\"og:description\" content=\"Dise\u00f1ado para profesionales, la\u00a0GLOCK 17\u00a0cuenta con la confianza de los agentes del orden y el personal militar de todo el mundo debido a su confiabilidad insuperable, la capacidad \u00f3ptima del cargador de 17 rondas en el cargador est\u00e1ndar y su...\" \/>\n<meta property=\"og:url\" content=\"https:\/\/importadoramc.cl\/distribucion\/producto\/pistola-cal-9x19mm-glock-mod-17-gen3-4414\/\" \/>\n<meta property=\"og:site_name\" content=\"Importadora MC\" \/>\n<meta property=\"article:modified_time\" content=\"2026-04-08T20:25:13+00:00\" \/>\n<meta property=\"og:image\" content=\"https:\/\/importadoramc.cl\/distribucion\/wp-content\/uploads\/2025\/02\/glock-17-gen-3-cal-9mm.png\" \/>\n\t<meta property=\"og:image:width\" content=\"1000\" \/>\n\t<meta property=\"og:image:height\" content=\"1000\" \/>\n\t<meta property=\"og:image:type\" content=\"image\/png\" \/>\n<meta name=\"twitter:card\" content=\"summary_large_image\" \/>\n<meta name=\"twitter:label1\" content=\"Tiempo estimado de lectura\" \/>\n\t<meta name=\"twitter:data1\" content=\"2 minutos\" \/>\n<script type=\"application\/ld+json\" class=\"yoast-schema-graph\">{\"@context\":\"https:\/\/schema.org\",\"@graph\":[{\"@type\":\"WebPage\",\"@id\":\"https:\/\/importadoramc.cl\/distribucion\/producto\/pistola-cal-9x19mm-glock-mod-17-gen3-4414\/\",\"url\":\"https:\/\/importadoramc.cl\/distribucion\/producto\/pistola-cal-9x19mm-glock-mod-17-gen3-4414\/\",\"name\":\"Pistola Cal 9x19mm Glock mod 17 gen3 #4414 - Importadora MC\",\"isPartOf\":{\"@id\":\"https:\/\/importadoramc.cl\/distribucion\/#website\"},\"primaryImageOfPage\":{\"@id\":\"https:\/\/importadoramc.cl\/distribucion\/producto\/pistola-cal-9x19mm-glock-mod-17-gen3-4414\/#primaryimage\"},\"image\":{\"@id\":\"https:\/\/importadoramc.cl\/distribucion\/producto\/pistola-cal-9x19mm-glock-mod-17-gen3-4414\/#primaryimage\"},\"thumbnailUrl\":\"https:\/\/importadoramc.cl\/distribucion\/wp-content\/uploads\/2025\/02\/glock-17-gen-3-cal-9mm.png\",\"datePublished\":\"2025-02-25T17:39:11+00:00\",\"dateModified\":\"2026-04-08T20:25:13+00:00\",\"breadcrumb\":{\"@id\":\"https:\/\/importadoramc.cl\/distribucion\/producto\/pistola-cal-9x19mm-glock-mod-17-gen3-4414\/#breadcrumb\"},\"inLanguage\":\"es-CL\",\"potentialAction\":[{\"@type\":\"ReadAction\",\"target\":[\"https:\/\/importadoramc.cl\/distribucion\/producto\/pistola-cal-9x19mm-glock-mod-17-gen3-4414\/\"]}]},{\"@type\":\"ImageObject\",\"inLanguage\":\"es-CL\",\"@id\":\"https:\/\/importadoramc.cl\/distribucion\/producto\/pistola-cal-9x19mm-glock-mod-17-gen3-4414\/#primaryimage\",\"url\":\"https:\/\/importadoramc.cl\/distribucion\/wp-content\/uploads\/2025\/02\/glock-17-gen-3-cal-9mm.png\",\"contentUrl\":\"https:\/\/importadoramc.cl\/distribucion\/wp-content\/uploads\/2025\/02\/glock-17-gen-3-cal-9mm.png\",\"width\":1000,\"height\":1000},{\"@type\":\"BreadcrumbList\",\"@id\":\"https:\/\/importadoramc.cl\/distribucion\/producto\/pistola-cal-9x19mm-glock-mod-17-gen3-4414\/#breadcrumb\",\"itemListElement\":[{\"@type\":\"ListItem\",\"position\":1,\"name\":\"Portada\",\"item\":\"https:\/\/importadoramc.cl\/distribucion\/\"},{\"@type\":\"ListItem\",\"position\":2,\"name\":\"Productos\",\"item\":\"https:\/\/importadoramc.cl\/distribucion\/productos\/\"},{\"@type\":\"ListItem\",\"position\":3,\"name\":\"Pistola Cal 9x19mm Glock mod 17 gen3 #4414\"}]},{\"@type\":\"WebSite\",\"@id\":\"https:\/\/importadoramc.cl\/distribucion\/#website\",\"url\":\"https:\/\/importadoramc.cl\/distribucion\/\",\"name\":\"Importadora MC\",\"description\":\"\",\"publisher\":{\"@id\":\"https:\/\/importadoramc.cl\/distribucion\/#organization\"},\"potentialAction\":[{\"@type\":\"SearchAction\",\"target\":{\"@type\":\"EntryPoint\",\"urlTemplate\":\"https:\/\/importadoramc.cl\/distribucion\/?s={search_term_string}\"},\"query-input\":{\"@type\":\"PropertyValueSpecification\",\"valueRequired\":true,\"valueName\":\"search_term_string\"}}],\"inLanguage\":\"es-CL\"},{\"@type\":\"Organization\",\"@id\":\"https:\/\/importadoramc.cl\/distribucion\/#organization\",\"name\":\"Importadora MC\",\"url\":\"https:\/\/importadoramc.cl\/distribucion\/\",\"logo\":{\"@type\":\"ImageObject\",\"inLanguage\":\"es-CL\",\"@id\":\"https:\/\/importadoramc.cl\/distribucion\/#\/schema\/logo\/image\/\",\"url\":\"https:\/\/importadoramc.cl\/distribucion\/wp-content\/uploads\/2025\/04\/VECTORIZACION-DE-LOGO-IMPORTADORA-1.jpg\",\"contentUrl\":\"https:\/\/importadoramc.cl\/distribucion\/wp-content\/uploads\/2025\/04\/VECTORIZACION-DE-LOGO-IMPORTADORA-1.jpg\",\"width\":2559,\"height\":2513,\"caption\":\"Importadora MC\"},\"image\":{\"@id\":\"https:\/\/importadoramc.cl\/distribucion\/#\/schema\/logo\/image\/\"},\"sameAs\":[\"https:\/\/www.linkedin.com\/company\/importadora-mc-cl\/\"]}]}<\/script>\n<!-- \/ Yoast SEO plugin. -->","yoast_head_json":{"title":"Pistola Cal 9x19mm Glock mod 17 gen3 #4414 - Importadora MC","robots":{"index":"index","follow":"follow","max-snippet":"max-snippet:-1","max-image-preview":"max-image-preview:large","max-video-preview":"max-video-preview:-1"},"canonical":"https:\/\/importadoramc.cl\/distribucion\/producto\/pistola-cal-9x19mm-glock-mod-17-gen3-4414\/","og_locale":"es_ES","og_type":"article","og_title":"Pistola Cal 9x19mm Glock mod 17 gen3 #4414 - Importadora MC","og_description":"Dise\u00f1ado para profesionales, la\u00a0GLOCK 17\u00a0cuenta con la confianza de los agentes del orden y el personal militar de todo el mundo debido a su confiabilidad insuperable, la capacidad \u00f3ptima del cargador de 17 rondas en el cargador est\u00e1ndar y su...","og_url":"https:\/\/importadoramc.cl\/distribucion\/producto\/pistola-cal-9x19mm-glock-mod-17-gen3-4414\/","og_site_name":"Importadora MC","article_modified_time":"2026-04-08T20:25:13+00:00","og_image":[{"width":1000,"height":1000,"url":"https:\/\/importadoramc.cl\/distribucion\/wp-content\/uploads\/2025\/02\/glock-17-gen-3-cal-9mm.png","type":"image\/png"}],"twitter_card":"summary_large_image","twitter_misc":{"Tiempo estimado de lectura":"2 minutos"},"schema":{"@context":"https:\/\/schema.org","@graph":[{"@type":"WebPage","@id":"https:\/\/importadoramc.cl\/distribucion\/producto\/pistola-cal-9x19mm-glock-mod-17-gen3-4414\/","url":"https:\/\/importadoramc.cl\/distribucion\/producto\/pistola-cal-9x19mm-glock-mod-17-gen3-4414\/","name":"Pistola Cal 9x19mm Glock mod 17 gen3 #4414 - Importadora MC","isPartOf":{"@id":"https:\/\/importadoramc.cl\/distribucion\/#website"},"primaryImageOfPage":{"@id":"https:\/\/importadoramc.cl\/distribucion\/producto\/pistola-cal-9x19mm-glock-mod-17-gen3-4414\/#primaryimage"},"image":{"@id":"https:\/\/importadoramc.cl\/distribucion\/producto\/pistola-cal-9x19mm-glock-mod-17-gen3-4414\/#primaryimage"},"thumbnailUrl":"https:\/\/importadoramc.cl\/distribucion\/wp-content\/uploads\/2025\/02\/glock-17-gen-3-cal-9mm.png","datePublished":"2025-02-25T17:39:11+00:00","dateModified":"2026-04-08T20:25:13+00:00","breadcrumb":{"@id":"https:\/\/importadoramc.cl\/distribucion\/producto\/pistola-cal-9x19mm-glock-mod-17-gen3-4414\/#breadcrumb"},"inLanguage":"es-CL","potentialAction":[{"@type":"ReadAction","target":["https:\/\/importadoramc.cl\/distribucion\/producto\/pistola-cal-9x19mm-glock-mod-17-gen3-4414\/"]}]},{"@type":"ImageObject","inLanguage":"es-CL","@id":"https:\/\/importadoramc.cl\/distribucion\/producto\/pistola-cal-9x19mm-glock-mod-17-gen3-4414\/#primaryimage","url":"https:\/\/importadoramc.cl\/distribucion\/wp-content\/uploads\/2025\/02\/glock-17-gen-3-cal-9mm.png","contentUrl":"https:\/\/importadoramc.cl\/distribucion\/wp-content\/uploads\/2025\/02\/glock-17-gen-3-cal-9mm.png","width":1000,"height":1000},{"@type":"BreadcrumbList","@id":"https:\/\/importadoramc.cl\/distribucion\/producto\/pistola-cal-9x19mm-glock-mod-17-gen3-4414\/#breadcrumb","itemListElement":[{"@type":"ListItem","position":1,"name":"Portada","item":"https:\/\/importadoramc.cl\/distribucion\/"},{"@type":"ListItem","position":2,"name":"Productos","item":"https:\/\/importadoramc.cl\/distribucion\/productos\/"},{"@type":"ListItem","position":3,"name":"Pistola Cal 9x19mm Glock mod 17 gen3 #4414"}]},{"@type":"WebSite","@id":"https:\/\/importadoramc.cl\/distribucion\/#website","url":"https:\/\/importadoramc.cl\/distribucion\/","name":"Importadora MC","description":"","publisher":{"@id":"https:\/\/importadoramc.cl\/distribucion\/#organization"},"potentialAction":[{"@type":"SearchAction","target":{"@type":"EntryPoint","urlTemplate":"https:\/\/importadoramc.cl\/distribucion\/?s={search_term_string}"},"query-input":{"@type":"PropertyValueSpecification","valueRequired":true,"valueName":"search_term_string"}}],"inLanguage":"es-CL"},{"@type":"Organization","@id":"https:\/\/importadoramc.cl\/distribucion\/#organization","name":"Importadora MC","url":"https:\/\/importadoramc.cl\/distribucion\/","logo":{"@type":"ImageObject","inLanguage":"es-CL","@id":"https:\/\/importadoramc.cl\/distribucion\/#\/schema\/logo\/image\/","url":"https:\/\/importadoramc.cl\/distribucion\/wp-content\/uploads\/2025\/04\/VECTORIZACION-DE-LOGO-IMPORTADORA-1.jpg","contentUrl":"https:\/\/importadoramc.cl\/distribucion\/wp-content\/uploads\/2025\/04\/VECTORIZACION-DE-LOGO-IMPORTADORA-1.jpg","width":2559,"height":2513,"caption":"Importadora MC"},"image":{"@id":"https:\/\/importadoramc.cl\/distribucion\/#\/schema\/logo\/image\/"},"sameAs":["https:\/\/www.linkedin.com\/company\/importadora-mc-cl\/"]}]}},"_links":{"self":[{"href":"https:\/\/importadoramc.cl\/distribucion\/wp-json\/wp\/v2\/product\/397","targetHints":{"allow":["GET"]}}],"collection":[{"href":"https:\/\/importadoramc.cl\/distribucion\/wp-json\/wp\/v2\/product"}],"about":[{"href":"https:\/\/importadoramc.cl\/distribucion\/wp-json\/wp\/v2\/types\/product"}],"wp:featuredmedia":[{"embeddable":true,"href":"https:\/\/importadoramc.cl\/distribucion\/wp-json\/wp\/v2\/media\/4735"}],"wp:attachment":[{"href":"https:\/\/importadoramc.cl\/distribucion\/wp-json\/wp\/v2\/media?parent=397"}],"wp:term":[{"taxonomy":"product_brand","embeddable":true,"href":"https:\/\/importadoramc.cl\/distribucion\/wp-json\/wp\/v2\/product_brand?post=397"},{"taxonomy":"product_cat","embeddable":true,"href":"https:\/\/importadoramc.cl\/distribucion\/wp-json\/wp\/v2\/product_cat?post=397"},{"taxonomy":"product_tag","embeddable":true,"href":"https:\/\/importadoramc.cl\/distribucion\/wp-json\/wp\/v2\/product_tag?post=397"}],"curies":[{"name":"wp","href":"https:\/\/api.w.org\/{rel}","templated":true}]}}