{"id":2663,"date":"2025-02-25T14:46:04","date_gmt":"2025-02-25T17:46:04","guid":{"rendered":"https:\/\/importadoramc.cl\/distribucion\/?post_type=product&#038;p=2663"},"modified":"2026-03-31T14:09:50","modified_gmt":"2026-03-31T17:09:50","slug":"mk3-defense-technollogy-por-embalaje-25-un","status":"publish","type":"product","link":"https:\/\/importadoramc.cl\/distribucion\/producto\/mk3-defense-technollogy-por-embalaje-25-un\/","title":{"rendered":"Mk3 Defense Technollogy por embalaje, 25 un."},"content":{"rendered":"<p>Es un medio sencillo para dejar incapaz a un atacante con rapidez y eficacia.<\/p>\n<p>Alta concentraci\u00f3n del ingrediente activo, es la m\u00e1xima permitida en el mercado USA.<\/p>\n<p>el l\u00edquido sale en forma de chorro lineal, esto permite mayor precisi\u00f3n, concentraci\u00f3n y alcance, y evitar que el viento se lo lleve por deriva, pudiendo llegarse en la cara con viento en contra.<\/p>\n","protected":false},"excerpt":{"rendered":"<p>Es un medio sencillo para dejar incapaz a un atacante con rapidez y eficacia. Alta concentraci\u00f3n del ingrediente activo, es la m\u00e1xima permitida en el mercado USA. el l\u00edquido sale en forma de chorro lineal, esto permite mayor precisi\u00f3n, concentraci\u00f3n&#8230;<\/p>\n","protected":false},"featured_media":2726,"template":"","meta":{"_acf_changed":false},"product_brand":[110],"product_cat":[109,17],"product_tag":[],"class_list":{"0":"post-2663","1":"product","2":"type-product","3":"status-publish","4":"has-post-thumbnail","6":"product_brand-defense-technollogy","7":"product_cat-gas-pimienta","8":"product_cat-general","10":"first","11":"outofstock","12":"taxable","13":"shipping-taxable","14":"purchasable","15":"product-type-simple"},"acf":[],"yoast_head":"<!-- This site is optimized with the Yoast SEO plugin v27.2 - https:\/\/yoast.com\/product\/yoast-seo-wordpress\/ -->\n<title>Mk3 Defense Technollogy por embalaje, 25 un. - Importadora MC<\/title>\n<meta name=\"robots\" content=\"index, follow, max-snippet:-1, max-image-preview:large, max-video-preview:-1\" \/>\n<link rel=\"canonical\" href=\"https:\/\/importadoramc.cl\/distribucion\/producto\/mk3-defense-technollogy-por-embalaje-25-un\/\" \/>\n<meta property=\"og:locale\" content=\"es_ES\" \/>\n<meta property=\"og:type\" content=\"article\" \/>\n<meta property=\"og:title\" content=\"Mk3 Defense Technollogy por embalaje, 25 un. - Importadora MC\" \/>\n<meta property=\"og:description\" content=\"Es un medio sencillo para dejar incapaz a un atacante con rapidez y eficacia. Alta concentraci\u00f3n del ingrediente activo, es la m\u00e1xima permitida en el mercado USA. el l\u00edquido sale en forma de chorro lineal, esto permite mayor precisi\u00f3n, concentraci\u00f3n...\" \/>\n<meta property=\"og:url\" content=\"https:\/\/importadoramc.cl\/distribucion\/producto\/mk3-defense-technollogy-por-embalaje-25-un\/\" \/>\n<meta property=\"og:site_name\" content=\"Importadora MC\" \/>\n<meta property=\"article:modified_time\" content=\"2026-03-31T17:09:50+00:00\" \/>\n<meta property=\"og:image\" content=\"https:\/\/importadoramc.cl\/distribucion\/wp-content\/uploads\/2025\/02\/Gas-pimienta-Defense-Technollogy-Mk3-42.5g.png\" \/>\n\t<meta property=\"og:image:width\" content=\"800\" \/>\n\t<meta property=\"og:image:height\" content=\"800\" \/>\n\t<meta property=\"og:image:type\" content=\"image\/png\" \/>\n<meta name=\"twitter:card\" content=\"summary_large_image\" \/>\n<script type=\"application\/ld+json\" class=\"yoast-schema-graph\">{\"@context\":\"https:\/\/schema.org\",\"@graph\":[{\"@type\":\"WebPage\",\"@id\":\"https:\/\/importadoramc.cl\/distribucion\/producto\/mk3-defense-technollogy-por-embalaje-25-un\/\",\"url\":\"https:\/\/importadoramc.cl\/distribucion\/producto\/mk3-defense-technollogy-por-embalaje-25-un\/\",\"name\":\"Mk3 Defense Technollogy por embalaje, 25 un. - Importadora MC\",\"isPartOf\":{\"@id\":\"https:\/\/importadoramc.cl\/distribucion\/#website\"},\"primaryImageOfPage\":{\"@id\":\"https:\/\/importadoramc.cl\/distribucion\/producto\/mk3-defense-technollogy-por-embalaje-25-un\/#primaryimage\"},\"image\":{\"@id\":\"https:\/\/importadoramc.cl\/distribucion\/producto\/mk3-defense-technollogy-por-embalaje-25-un\/#primaryimage\"},\"thumbnailUrl\":\"https:\/\/importadoramc.cl\/distribucion\/wp-content\/uploads\/2025\/02\/Gas-pimienta-Defense-Technollogy-Mk3-42.5g.png\",\"datePublished\":\"2025-02-25T17:46:04+00:00\",\"dateModified\":\"2026-03-31T17:09:50+00:00\",\"breadcrumb\":{\"@id\":\"https:\/\/importadoramc.cl\/distribucion\/producto\/mk3-defense-technollogy-por-embalaje-25-un\/#breadcrumb\"},\"inLanguage\":\"es-CL\",\"potentialAction\":[{\"@type\":\"ReadAction\",\"target\":[\"https:\/\/importadoramc.cl\/distribucion\/producto\/mk3-defense-technollogy-por-embalaje-25-un\/\"]}]},{\"@type\":\"ImageObject\",\"inLanguage\":\"es-CL\",\"@id\":\"https:\/\/importadoramc.cl\/distribucion\/producto\/mk3-defense-technollogy-por-embalaje-25-un\/#primaryimage\",\"url\":\"https:\/\/importadoramc.cl\/distribucion\/wp-content\/uploads\/2025\/02\/Gas-pimienta-Defense-Technollogy-Mk3-42.5g.png\",\"contentUrl\":\"https:\/\/importadoramc.cl\/distribucion\/wp-content\/uploads\/2025\/02\/Gas-pimienta-Defense-Technollogy-Mk3-42.5g.png\",\"width\":800,\"height\":800},{\"@type\":\"BreadcrumbList\",\"@id\":\"https:\/\/importadoramc.cl\/distribucion\/producto\/mk3-defense-technollogy-por-embalaje-25-un\/#breadcrumb\",\"itemListElement\":[{\"@type\":\"ListItem\",\"position\":1,\"name\":\"Portada\",\"item\":\"https:\/\/importadoramc.cl\/distribucion\/\"},{\"@type\":\"ListItem\",\"position\":2,\"name\":\"Productos\",\"item\":\"https:\/\/importadoramc.cl\/distribucion\/productos\/\"},{\"@type\":\"ListItem\",\"position\":3,\"name\":\"Mk3 Defense Technollogy por embalaje, 25 un.\"}]},{\"@type\":\"WebSite\",\"@id\":\"https:\/\/importadoramc.cl\/distribucion\/#website\",\"url\":\"https:\/\/importadoramc.cl\/distribucion\/\",\"name\":\"Importadora MC\",\"description\":\"\",\"publisher\":{\"@id\":\"https:\/\/importadoramc.cl\/distribucion\/#organization\"},\"potentialAction\":[{\"@type\":\"SearchAction\",\"target\":{\"@type\":\"EntryPoint\",\"urlTemplate\":\"https:\/\/importadoramc.cl\/distribucion\/?s={search_term_string}\"},\"query-input\":{\"@type\":\"PropertyValueSpecification\",\"valueRequired\":true,\"valueName\":\"search_term_string\"}}],\"inLanguage\":\"es-CL\"},{\"@type\":\"Organization\",\"@id\":\"https:\/\/importadoramc.cl\/distribucion\/#organization\",\"name\":\"Importadora MC\",\"url\":\"https:\/\/importadoramc.cl\/distribucion\/\",\"logo\":{\"@type\":\"ImageObject\",\"inLanguage\":\"es-CL\",\"@id\":\"https:\/\/importadoramc.cl\/distribucion\/#\/schema\/logo\/image\/\",\"url\":\"https:\/\/importadoramc.cl\/distribucion\/wp-content\/uploads\/2025\/04\/VECTORIZACION-DE-LOGO-IMPORTADORA-1.jpg\",\"contentUrl\":\"https:\/\/importadoramc.cl\/distribucion\/wp-content\/uploads\/2025\/04\/VECTORIZACION-DE-LOGO-IMPORTADORA-1.jpg\",\"width\":2559,\"height\":2513,\"caption\":\"Importadora MC\"},\"image\":{\"@id\":\"https:\/\/importadoramc.cl\/distribucion\/#\/schema\/logo\/image\/\"},\"sameAs\":[\"https:\/\/www.linkedin.com\/company\/importadora-mc-cl\/\"]}]}<\/script>\n<!-- \/ Yoast SEO plugin. -->","yoast_head_json":{"title":"Mk3 Defense Technollogy por embalaje, 25 un. - Importadora MC","robots":{"index":"index","follow":"follow","max-snippet":"max-snippet:-1","max-image-preview":"max-image-preview:large","max-video-preview":"max-video-preview:-1"},"canonical":"https:\/\/importadoramc.cl\/distribucion\/producto\/mk3-defense-technollogy-por-embalaje-25-un\/","og_locale":"es_ES","og_type":"article","og_title":"Mk3 Defense Technollogy por embalaje, 25 un. - Importadora MC","og_description":"Es un medio sencillo para dejar incapaz a un atacante con rapidez y eficacia. Alta concentraci\u00f3n del ingrediente activo, es la m\u00e1xima permitida en el mercado USA. el l\u00edquido sale en forma de chorro lineal, esto permite mayor precisi\u00f3n, concentraci\u00f3n...","og_url":"https:\/\/importadoramc.cl\/distribucion\/producto\/mk3-defense-technollogy-por-embalaje-25-un\/","og_site_name":"Importadora MC","article_modified_time":"2026-03-31T17:09:50+00:00","og_image":[{"width":800,"height":800,"url":"https:\/\/importadoramc.cl\/distribucion\/wp-content\/uploads\/2025\/02\/Gas-pimienta-Defense-Technollogy-Mk3-42.5g.png","type":"image\/png"}],"twitter_card":"summary_large_image","schema":{"@context":"https:\/\/schema.org","@graph":[{"@type":"WebPage","@id":"https:\/\/importadoramc.cl\/distribucion\/producto\/mk3-defense-technollogy-por-embalaje-25-un\/","url":"https:\/\/importadoramc.cl\/distribucion\/producto\/mk3-defense-technollogy-por-embalaje-25-un\/","name":"Mk3 Defense Technollogy por embalaje, 25 un. - Importadora MC","isPartOf":{"@id":"https:\/\/importadoramc.cl\/distribucion\/#website"},"primaryImageOfPage":{"@id":"https:\/\/importadoramc.cl\/distribucion\/producto\/mk3-defense-technollogy-por-embalaje-25-un\/#primaryimage"},"image":{"@id":"https:\/\/importadoramc.cl\/distribucion\/producto\/mk3-defense-technollogy-por-embalaje-25-un\/#primaryimage"},"thumbnailUrl":"https:\/\/importadoramc.cl\/distribucion\/wp-content\/uploads\/2025\/02\/Gas-pimienta-Defense-Technollogy-Mk3-42.5g.png","datePublished":"2025-02-25T17:46:04+00:00","dateModified":"2026-03-31T17:09:50+00:00","breadcrumb":{"@id":"https:\/\/importadoramc.cl\/distribucion\/producto\/mk3-defense-technollogy-por-embalaje-25-un\/#breadcrumb"},"inLanguage":"es-CL","potentialAction":[{"@type":"ReadAction","target":["https:\/\/importadoramc.cl\/distribucion\/producto\/mk3-defense-technollogy-por-embalaje-25-un\/"]}]},{"@type":"ImageObject","inLanguage":"es-CL","@id":"https:\/\/importadoramc.cl\/distribucion\/producto\/mk3-defense-technollogy-por-embalaje-25-un\/#primaryimage","url":"https:\/\/importadoramc.cl\/distribucion\/wp-content\/uploads\/2025\/02\/Gas-pimienta-Defense-Technollogy-Mk3-42.5g.png","contentUrl":"https:\/\/importadoramc.cl\/distribucion\/wp-content\/uploads\/2025\/02\/Gas-pimienta-Defense-Technollogy-Mk3-42.5g.png","width":800,"height":800},{"@type":"BreadcrumbList","@id":"https:\/\/importadoramc.cl\/distribucion\/producto\/mk3-defense-technollogy-por-embalaje-25-un\/#breadcrumb","itemListElement":[{"@type":"ListItem","position":1,"name":"Portada","item":"https:\/\/importadoramc.cl\/distribucion\/"},{"@type":"ListItem","position":2,"name":"Productos","item":"https:\/\/importadoramc.cl\/distribucion\/productos\/"},{"@type":"ListItem","position":3,"name":"Mk3 Defense Technollogy por embalaje, 25 un."}]},{"@type":"WebSite","@id":"https:\/\/importadoramc.cl\/distribucion\/#website","url":"https:\/\/importadoramc.cl\/distribucion\/","name":"Importadora MC","description":"","publisher":{"@id":"https:\/\/importadoramc.cl\/distribucion\/#organization"},"potentialAction":[{"@type":"SearchAction","target":{"@type":"EntryPoint","urlTemplate":"https:\/\/importadoramc.cl\/distribucion\/?s={search_term_string}"},"query-input":{"@type":"PropertyValueSpecification","valueRequired":true,"valueName":"search_term_string"}}],"inLanguage":"es-CL"},{"@type":"Organization","@id":"https:\/\/importadoramc.cl\/distribucion\/#organization","name":"Importadora MC","url":"https:\/\/importadoramc.cl\/distribucion\/","logo":{"@type":"ImageObject","inLanguage":"es-CL","@id":"https:\/\/importadoramc.cl\/distribucion\/#\/schema\/logo\/image\/","url":"https:\/\/importadoramc.cl\/distribucion\/wp-content\/uploads\/2025\/04\/VECTORIZACION-DE-LOGO-IMPORTADORA-1.jpg","contentUrl":"https:\/\/importadoramc.cl\/distribucion\/wp-content\/uploads\/2025\/04\/VECTORIZACION-DE-LOGO-IMPORTADORA-1.jpg","width":2559,"height":2513,"caption":"Importadora MC"},"image":{"@id":"https:\/\/importadoramc.cl\/distribucion\/#\/schema\/logo\/image\/"},"sameAs":["https:\/\/www.linkedin.com\/company\/importadora-mc-cl\/"]}]}},"_links":{"self":[{"href":"https:\/\/importadoramc.cl\/distribucion\/wp-json\/wp\/v2\/product\/2663","targetHints":{"allow":["GET"]}}],"collection":[{"href":"https:\/\/importadoramc.cl\/distribucion\/wp-json\/wp\/v2\/product"}],"about":[{"href":"https:\/\/importadoramc.cl\/distribucion\/wp-json\/wp\/v2\/types\/product"}],"wp:featuredmedia":[{"embeddable":true,"href":"https:\/\/importadoramc.cl\/distribucion\/wp-json\/wp\/v2\/media\/2726"}],"wp:attachment":[{"href":"https:\/\/importadoramc.cl\/distribucion\/wp-json\/wp\/v2\/media?parent=2663"}],"wp:term":[{"taxonomy":"product_brand","embeddable":true,"href":"https:\/\/importadoramc.cl\/distribucion\/wp-json\/wp\/v2\/product_brand?post=2663"},{"taxonomy":"product_cat","embeddable":true,"href":"https:\/\/importadoramc.cl\/distribucion\/wp-json\/wp\/v2\/product_cat?post=2663"},{"taxonomy":"product_tag","embeddable":true,"href":"https:\/\/importadoramc.cl\/distribucion\/wp-json\/wp\/v2\/product_tag?post=2663"}],"curies":[{"name":"wp","href":"https:\/\/api.w.org\/{rel}","templated":true}]}}