{"id":2662,"date":"2025-02-25T14:46:04","date_gmt":"2025-02-25T17:46:04","guid":{"rendered":"https:\/\/importadoramc.cl\/distribucion\/?post_type=product&#038;p=2662"},"modified":"2026-03-19T15:57:19","modified_gmt":"2026-03-19T18:57:19","slug":"mk2-defense-technollogy-por-embalaje-25-un","status":"publish","type":"product","link":"https:\/\/importadoramc.cl\/distribucion\/producto\/mk2-defense-technollogy-por-embalaje-25-un\/","title":{"rendered":"Mk2 Defense Technollogy por embalaje, 25 un."},"content":{"rendered":"<p>El cartucho con banda blanca de 0,2% MC indica el nivel de capsaicinoides principales que se descarga por la boquilla en el momento de uso.<br data-start=\"139\" data-end=\"142\" \/>El modelo MK-2 es de tama\u00f1o ideal para que los oficiales de patrulla lo lleven en el cintur\u00f3n de servicio.<br data-start=\"248\" data-end=\"251\" \/>Esta formulaci\u00f3n ha sido probada y es no inflamable y segura para su uso con armas de descarga electr\u00f3nica (EDW).<br data-start=\"364\" data-end=\"367\" \/>Los aerosoles OC Defense Technology\u00ae First Defense\u00ae se producen en una instalaci\u00f3n de fabricaci\u00f3n con certificaci\u00f3n ISO.<br data-start=\"487\" data-end=\"490\" \/>Todos los porcentajes de capsaicinoides principales (MC%) son verificados por un laboratorio independiente para garantizar la calidad.<\/p>\n<p>Es un medio sencillo para dejar incapaz a un atacante con rapidez y eficacia.<\/p>\n<p>Alta concentraci\u00f3n del ingrediente activo, es la m\u00e1xima permitida en el mercado USA.<\/p>\n<h4>El l\u00edquido sale en forma de chorro lineal, esto permite mayor precisi\u00f3n, concentraci\u00f3n y alcance, y evitar que el viento se lo lleve por deriva, pudiendo llegarse en la cara con viento en contra.<\/h4>\n<p><strong>CARACTER\u00cdSTICAS<\/strong><\/p>\n<ul>\n<li>El cartucho con banda blanca de 0,2% MC indica el nivel de capsaicinoides principales que se descarga por la boquilla en el momento de uso.<\/li>\n<li>El modelo MK-2 es de tama\u00f1o ideal para que los oficiales de patrulla lo lleven en el cintur\u00f3n de servicio.<\/li>\n<li>Esta formulaci\u00f3n ha sido probada y es no inflamable y segura para su uso con armas de descarga electr\u00f3nica (EDW).<\/li>\n<li>Los aerosoles OC Defense Technology\u00ae First Defense\u00ae se producen en una instalaci\u00f3n de fabricaci\u00f3n con certificaci\u00f3n ISO.<\/li>\n<li>Todos los porcentajes de capsaicinoides principales (MC%) son verificados por un laboratorio independiente para garantizar la calidad.<\/li>\n<\/ul>\n<h4><strong>PRIMEROS AUXILIOS EN CASO DE APLICACI\u00d3N<br \/>\n<\/strong><\/h4>\n<p><strong>I. GENERAL:<\/strong><\/p>\n<p>Traslade a la persona afectada del \u00e1rea contaminada a un espacio abierto, de cara al viento.<br \/>\nMantenga la calma y limite su actividad.<br \/>\nLa mayor\u00eda de las personas se recuperar\u00e1n completamente 45 minutos despu\u00e9s de comenzar los primeros auxilios.<\/p>\n<p><strong>II. OJOS:<\/strong><\/p>\n<p>Sensaci\u00f3n intensa de ardor, inflamaci\u00f3n temporal de los tejidos que rodean los ojos, que provoca el cierre involuntario.<br \/>\nLave los ojos con abundante agua fr\u00eda.<br \/>\nNO permita que la persona se frote los ojos ni la cara. Si necesita usar una toalla de papel, h\u00e1galo con movimientos absorbentes y des\u00e9chela despu\u00e9s de un solo uso.<br \/>\nAverig\u00fce si la persona usa lentes de contacto. De ser as\u00ed, perm\u00edtale quit\u00e1rselos o llame a los servicios de emergencias m\u00e9dicas para que se los quiten. NO intente quit\u00e1rselos a menos que cuente con la capacitaci\u00f3n m\u00e9dica necesaria.<br \/>\nLos lentes de contacto pueden contaminarse y es posible que deban desecharse.<br \/>\nMantenga los ojos abiertos de cara al viento.<br \/>\nLagrimear ayuda a despejar los ojos.<br \/>\nMantenga a las personas expuestas alejadas de la luz solar directa durante el proceso de descontaminaci\u00f3n. Cuanto m\u00e1s brillante y caliente sea la luz solar directa, m\u00e1s intensificar\u00e1 la sensaci\u00f3n de ardor.<\/p>\n<p><strong>III. NARIZ:<\/strong><\/p>\n<p>Irritaci\u00f3n, ardor, secreci\u00f3n nasal.<br \/>\nRespire con normalidad.<br \/>\nSu\u00e9nese la nariz para expulsar cualquier material.<\/p>\n<p><strong>IV. PIEL:<\/strong><\/p>\n<p>Sensaci\u00f3n de ardor en las zonas afectadas. Puede presentarse enrojecimiento en personas de piel clara.<br \/>\nNO aplique cremas, ung\u00fcentos, aceites, lociones ni cremas para quemaduras, ya que solo retendr\u00e1n el OC en la piel.<br \/>\nEnjuague la piel con abundante agua fr\u00eda y exponga a la persona al aire libre.<br \/>\nPuede obtener mayor alivio duch\u00e1ndose con agua fr\u00eda y jab\u00f3n suave, y lavando el cabello con champ\u00fa.<\/p>\n<p>L\u00e1vese bien y enju\u00e1guese con frecuencia para eliminar cualquier resto de agua contaminada.<br \/>\nSi tiene alguna pregunta sobre estos procedimientos, p\u00f3ngase en contacto con Defense Technology\u00ae.<\/p>\n<p><strong><br \/>\nDESCONTAMINACI\u00d3N DE \u00c1REAS\u00a0<\/strong><\/p>\n<p><strong>PASO 1:<\/strong> Ventile el edificio para eliminar el CO en suspensi\u00f3n. Abra todas las puertas y ventanas que lo permitan las condiciones clim\u00e1ticas. Esto debe hacerse lo antes posible. Si se pueden instalar ventiladores para aumentar la ventilaci\u00f3n, ser\u00e1 de gran ayuda.<\/p>\n<p><strong>PASO 2:<\/strong> Las superficies se pueden descontaminar lav\u00e1ndolas con agua o un pa\u00f1o h\u00famedo. Siempre que sea posible, l\u00edmpielas en h\u00famedo con detergentes comerciales como Dawn o Simple Green.<\/p>\n<p><strong>PASO 3:<\/strong> La ropa y otras telas se pueden limpiar de la forma habitual (ya sea a m\u00e1quina o en seco).<\/p>\n<p>NOTA: El personal debe usar guantes de goma y mascarilla de gasa durante la limpieza para evitar la posibilidad de contaminaci\u00f3n residual. El OC es una mejor opci\u00f3n de despliegue en interiores que el CN o el CS, ya que la limpieza y la reocupaci\u00f3n de la estructura suelen realizarse en una o dos horas. Los costos de limpieza son m\u00ednimos para la agencia encargada del despliegue.<\/p>\n<h4><strong>\u00a0<\/strong><\/h4>\n","protected":false},"excerpt":{"rendered":"<p>El cartucho con banda blanca de 0,2% MC indica el nivel de capsaicinoides principales que se descarga por la boquilla en el momento de uso.El modelo MK-2 es de tama\u00f1o ideal para que los oficiales de patrulla lo lleven en&#8230;<\/p>\n","protected":false},"featured_media":2723,"template":"","meta":{"_acf_changed":false},"product_brand":[110],"product_cat":[116,109,17],"product_tag":[],"class_list":{"0":"post-2662","1":"product","2":"type-product","3":"status-publish","4":"has-post-thumbnail","6":"product_brand-defense-technollogy","7":"product_cat-defensa-personal","8":"product_cat-gas-pimienta","9":"product_cat-general","11":"first","12":"instock","13":"taxable","14":"shipping-taxable","15":"purchasable","16":"product-type-simple"},"acf":[],"yoast_head":"<!-- This site is optimized with the Yoast SEO plugin v27.2 - https:\/\/yoast.com\/product\/yoast-seo-wordpress\/ -->\n<title>Mk2 Defense Technollogy por embalaje, 25 un. - Importadora MC<\/title>\n<meta name=\"robots\" content=\"index, follow, max-snippet:-1, max-image-preview:large, max-video-preview:-1\" \/>\n<link rel=\"canonical\" href=\"https:\/\/importadoramc.cl\/distribucion\/producto\/mk2-defense-technollogy-por-embalaje-25-un\/\" \/>\n<meta property=\"og:locale\" content=\"es_ES\" \/>\n<meta property=\"og:type\" content=\"article\" \/>\n<meta property=\"og:title\" content=\"Mk2 Defense Technollogy por embalaje, 25 un. - Importadora MC\" \/>\n<meta property=\"og:description\" content=\"El cartucho con banda blanca de 0,2% MC indica el nivel de capsaicinoides principales que se descarga por la boquilla en el momento de uso.El modelo MK-2 es de tama\u00f1o ideal para que los oficiales de patrulla lo lleven en...\" \/>\n<meta property=\"og:url\" content=\"https:\/\/importadoramc.cl\/distribucion\/producto\/mk2-defense-technollogy-por-embalaje-25-un\/\" \/>\n<meta property=\"og:site_name\" content=\"Importadora MC\" \/>\n<meta property=\"article:modified_time\" content=\"2026-03-19T18:57:19+00:00\" \/>\n<meta property=\"og:image\" content=\"https:\/\/importadoramc.cl\/distribucion\/wp-content\/uploads\/2025\/02\/MK2-Defense-Technology.png\" \/>\n\t<meta property=\"og:image:width\" content=\"800\" \/>\n\t<meta property=\"og:image:height\" content=\"800\" \/>\n\t<meta property=\"og:image:type\" content=\"image\/png\" \/>\n<meta name=\"twitter:card\" content=\"summary_large_image\" \/>\n<meta name=\"twitter:label1\" content=\"Tiempo estimado de lectura\" \/>\n\t<meta name=\"twitter:data1\" content=\"4 minutos\" \/>\n<script type=\"application\/ld+json\" class=\"yoast-schema-graph\">{\"@context\":\"https:\/\/schema.org\",\"@graph\":[{\"@type\":\"WebPage\",\"@id\":\"https:\/\/importadoramc.cl\/distribucion\/producto\/mk2-defense-technollogy-por-embalaje-25-un\/\",\"url\":\"https:\/\/importadoramc.cl\/distribucion\/producto\/mk2-defense-technollogy-por-embalaje-25-un\/\",\"name\":\"Mk2 Defense Technollogy por embalaje, 25 un. - Importadora MC\",\"isPartOf\":{\"@id\":\"https:\/\/importadoramc.cl\/distribucion\/#website\"},\"primaryImageOfPage\":{\"@id\":\"https:\/\/importadoramc.cl\/distribucion\/producto\/mk2-defense-technollogy-por-embalaje-25-un\/#primaryimage\"},\"image\":{\"@id\":\"https:\/\/importadoramc.cl\/distribucion\/producto\/mk2-defense-technollogy-por-embalaje-25-un\/#primaryimage\"},\"thumbnailUrl\":\"https:\/\/importadoramc.cl\/distribucion\/wp-content\/uploads\/2025\/02\/MK2-Defense-Technology.png\",\"datePublished\":\"2025-02-25T17:46:04+00:00\",\"dateModified\":\"2026-03-19T18:57:19+00:00\",\"breadcrumb\":{\"@id\":\"https:\/\/importadoramc.cl\/distribucion\/producto\/mk2-defense-technollogy-por-embalaje-25-un\/#breadcrumb\"},\"inLanguage\":\"es-CL\",\"potentialAction\":[{\"@type\":\"ReadAction\",\"target\":[\"https:\/\/importadoramc.cl\/distribucion\/producto\/mk2-defense-technollogy-por-embalaje-25-un\/\"]}]},{\"@type\":\"ImageObject\",\"inLanguage\":\"es-CL\",\"@id\":\"https:\/\/importadoramc.cl\/distribucion\/producto\/mk2-defense-technollogy-por-embalaje-25-un\/#primaryimage\",\"url\":\"https:\/\/importadoramc.cl\/distribucion\/wp-content\/uploads\/2025\/02\/MK2-Defense-Technology.png\",\"contentUrl\":\"https:\/\/importadoramc.cl\/distribucion\/wp-content\/uploads\/2025\/02\/MK2-Defense-Technology.png\",\"width\":800,\"height\":800},{\"@type\":\"BreadcrumbList\",\"@id\":\"https:\/\/importadoramc.cl\/distribucion\/producto\/mk2-defense-technollogy-por-embalaje-25-un\/#breadcrumb\",\"itemListElement\":[{\"@type\":\"ListItem\",\"position\":1,\"name\":\"Portada\",\"item\":\"https:\/\/importadoramc.cl\/distribucion\/\"},{\"@type\":\"ListItem\",\"position\":2,\"name\":\"Productos\",\"item\":\"https:\/\/importadoramc.cl\/distribucion\/productos\/\"},{\"@type\":\"ListItem\",\"position\":3,\"name\":\"Mk2 Defense Technollogy por embalaje, 25 un.\"}]},{\"@type\":\"WebSite\",\"@id\":\"https:\/\/importadoramc.cl\/distribucion\/#website\",\"url\":\"https:\/\/importadoramc.cl\/distribucion\/\",\"name\":\"Importadora MC\",\"description\":\"\",\"publisher\":{\"@id\":\"https:\/\/importadoramc.cl\/distribucion\/#organization\"},\"potentialAction\":[{\"@type\":\"SearchAction\",\"target\":{\"@type\":\"EntryPoint\",\"urlTemplate\":\"https:\/\/importadoramc.cl\/distribucion\/?s={search_term_string}\"},\"query-input\":{\"@type\":\"PropertyValueSpecification\",\"valueRequired\":true,\"valueName\":\"search_term_string\"}}],\"inLanguage\":\"es-CL\"},{\"@type\":\"Organization\",\"@id\":\"https:\/\/importadoramc.cl\/distribucion\/#organization\",\"name\":\"Importadora MC\",\"url\":\"https:\/\/importadoramc.cl\/distribucion\/\",\"logo\":{\"@type\":\"ImageObject\",\"inLanguage\":\"es-CL\",\"@id\":\"https:\/\/importadoramc.cl\/distribucion\/#\/schema\/logo\/image\/\",\"url\":\"https:\/\/importadoramc.cl\/distribucion\/wp-content\/uploads\/2025\/04\/VECTORIZACION-DE-LOGO-IMPORTADORA-1.jpg\",\"contentUrl\":\"https:\/\/importadoramc.cl\/distribucion\/wp-content\/uploads\/2025\/04\/VECTORIZACION-DE-LOGO-IMPORTADORA-1.jpg\",\"width\":2559,\"height\":2513,\"caption\":\"Importadora MC\"},\"image\":{\"@id\":\"https:\/\/importadoramc.cl\/distribucion\/#\/schema\/logo\/image\/\"},\"sameAs\":[\"https:\/\/www.linkedin.com\/company\/importadora-mc-cl\/\"]}]}<\/script>\n<!-- \/ Yoast SEO plugin. -->","yoast_head_json":{"title":"Mk2 Defense Technollogy por embalaje, 25 un. - Importadora MC","robots":{"index":"index","follow":"follow","max-snippet":"max-snippet:-1","max-image-preview":"max-image-preview:large","max-video-preview":"max-video-preview:-1"},"canonical":"https:\/\/importadoramc.cl\/distribucion\/producto\/mk2-defense-technollogy-por-embalaje-25-un\/","og_locale":"es_ES","og_type":"article","og_title":"Mk2 Defense Technollogy por embalaje, 25 un. - Importadora MC","og_description":"El cartucho con banda blanca de 0,2% MC indica el nivel de capsaicinoides principales que se descarga por la boquilla en el momento de uso.El modelo MK-2 es de tama\u00f1o ideal para que los oficiales de patrulla lo lleven en...","og_url":"https:\/\/importadoramc.cl\/distribucion\/producto\/mk2-defense-technollogy-por-embalaje-25-un\/","og_site_name":"Importadora MC","article_modified_time":"2026-03-19T18:57:19+00:00","og_image":[{"width":800,"height":800,"url":"https:\/\/importadoramc.cl\/distribucion\/wp-content\/uploads\/2025\/02\/MK2-Defense-Technology.png","type":"image\/png"}],"twitter_card":"summary_large_image","twitter_misc":{"Tiempo estimado de lectura":"4 minutos"},"schema":{"@context":"https:\/\/schema.org","@graph":[{"@type":"WebPage","@id":"https:\/\/importadoramc.cl\/distribucion\/producto\/mk2-defense-technollogy-por-embalaje-25-un\/","url":"https:\/\/importadoramc.cl\/distribucion\/producto\/mk2-defense-technollogy-por-embalaje-25-un\/","name":"Mk2 Defense Technollogy por embalaje, 25 un. - Importadora MC","isPartOf":{"@id":"https:\/\/importadoramc.cl\/distribucion\/#website"},"primaryImageOfPage":{"@id":"https:\/\/importadoramc.cl\/distribucion\/producto\/mk2-defense-technollogy-por-embalaje-25-un\/#primaryimage"},"image":{"@id":"https:\/\/importadoramc.cl\/distribucion\/producto\/mk2-defense-technollogy-por-embalaje-25-un\/#primaryimage"},"thumbnailUrl":"https:\/\/importadoramc.cl\/distribucion\/wp-content\/uploads\/2025\/02\/MK2-Defense-Technology.png","datePublished":"2025-02-25T17:46:04+00:00","dateModified":"2026-03-19T18:57:19+00:00","breadcrumb":{"@id":"https:\/\/importadoramc.cl\/distribucion\/producto\/mk2-defense-technollogy-por-embalaje-25-un\/#breadcrumb"},"inLanguage":"es-CL","potentialAction":[{"@type":"ReadAction","target":["https:\/\/importadoramc.cl\/distribucion\/producto\/mk2-defense-technollogy-por-embalaje-25-un\/"]}]},{"@type":"ImageObject","inLanguage":"es-CL","@id":"https:\/\/importadoramc.cl\/distribucion\/producto\/mk2-defense-technollogy-por-embalaje-25-un\/#primaryimage","url":"https:\/\/importadoramc.cl\/distribucion\/wp-content\/uploads\/2025\/02\/MK2-Defense-Technology.png","contentUrl":"https:\/\/importadoramc.cl\/distribucion\/wp-content\/uploads\/2025\/02\/MK2-Defense-Technology.png","width":800,"height":800},{"@type":"BreadcrumbList","@id":"https:\/\/importadoramc.cl\/distribucion\/producto\/mk2-defense-technollogy-por-embalaje-25-un\/#breadcrumb","itemListElement":[{"@type":"ListItem","position":1,"name":"Portada","item":"https:\/\/importadoramc.cl\/distribucion\/"},{"@type":"ListItem","position":2,"name":"Productos","item":"https:\/\/importadoramc.cl\/distribucion\/productos\/"},{"@type":"ListItem","position":3,"name":"Mk2 Defense Technollogy por embalaje, 25 un."}]},{"@type":"WebSite","@id":"https:\/\/importadoramc.cl\/distribucion\/#website","url":"https:\/\/importadoramc.cl\/distribucion\/","name":"Importadora MC","description":"","publisher":{"@id":"https:\/\/importadoramc.cl\/distribucion\/#organization"},"potentialAction":[{"@type":"SearchAction","target":{"@type":"EntryPoint","urlTemplate":"https:\/\/importadoramc.cl\/distribucion\/?s={search_term_string}"},"query-input":{"@type":"PropertyValueSpecification","valueRequired":true,"valueName":"search_term_string"}}],"inLanguage":"es-CL"},{"@type":"Organization","@id":"https:\/\/importadoramc.cl\/distribucion\/#organization","name":"Importadora MC","url":"https:\/\/importadoramc.cl\/distribucion\/","logo":{"@type":"ImageObject","inLanguage":"es-CL","@id":"https:\/\/importadoramc.cl\/distribucion\/#\/schema\/logo\/image\/","url":"https:\/\/importadoramc.cl\/distribucion\/wp-content\/uploads\/2025\/04\/VECTORIZACION-DE-LOGO-IMPORTADORA-1.jpg","contentUrl":"https:\/\/importadoramc.cl\/distribucion\/wp-content\/uploads\/2025\/04\/VECTORIZACION-DE-LOGO-IMPORTADORA-1.jpg","width":2559,"height":2513,"caption":"Importadora MC"},"image":{"@id":"https:\/\/importadoramc.cl\/distribucion\/#\/schema\/logo\/image\/"},"sameAs":["https:\/\/www.linkedin.com\/company\/importadora-mc-cl\/"]}]}},"_links":{"self":[{"href":"https:\/\/importadoramc.cl\/distribucion\/wp-json\/wp\/v2\/product\/2662","targetHints":{"allow":["GET"]}}],"collection":[{"href":"https:\/\/importadoramc.cl\/distribucion\/wp-json\/wp\/v2\/product"}],"about":[{"href":"https:\/\/importadoramc.cl\/distribucion\/wp-json\/wp\/v2\/types\/product"}],"wp:featuredmedia":[{"embeddable":true,"href":"https:\/\/importadoramc.cl\/distribucion\/wp-json\/wp\/v2\/media\/2723"}],"wp:attachment":[{"href":"https:\/\/importadoramc.cl\/distribucion\/wp-json\/wp\/v2\/media?parent=2662"}],"wp:term":[{"taxonomy":"product_brand","embeddable":true,"href":"https:\/\/importadoramc.cl\/distribucion\/wp-json\/wp\/v2\/product_brand?post=2662"},{"taxonomy":"product_cat","embeddable":true,"href":"https:\/\/importadoramc.cl\/distribucion\/wp-json\/wp\/v2\/product_cat?post=2662"},{"taxonomy":"product_tag","embeddable":true,"href":"https:\/\/importadoramc.cl\/distribucion\/wp-json\/wp\/v2\/product_tag?post=2662"}],"curies":[{"name":"wp","href":"https:\/\/api.w.org\/{rel}","templated":true}]}}