{"id":2657,"date":"2025-02-25T14:46:04","date_gmt":"2025-02-25T17:46:04","guid":{"rendered":"https:\/\/importadoramc.cl\/distribucion\/?post_type=product&#038;p=2657"},"modified":"2026-04-01T15:57:11","modified_gmt":"2026-04-01T18:57:11","slug":"pistola-scorpion-por-embalaje-10-un","status":"publish","type":"product","link":"https:\/\/importadoramc.cl\/distribucion\/producto\/pistola-scorpion-por-embalaje-10-un\/","title":{"rendered":"Pistola Scorpion por embalaje ( 10 un.)"},"content":{"rendered":"<p>Mant\u00e9ngase a usted y a sus seres queridos a salvo de los intrusos. La l\u00ednea Lancer Defense de pistolas de CO2 menos letales est\u00e1 dise\u00f1ada para ser utilizada como una opci\u00f3n menos letal contra los intrusos o con fines de autodefensa.<\/p>\n<h2><strong>Caracter\u00edsticas<\/strong><\/h2>\n<p>Pistola de Defensa no-letal.<\/p>\n<p>Calibre .50 con cargador extraible de 7 tiros.<\/p>\n<p>Velocidad de 300 Fps (100m\/s).<\/p>\n<p>Distancia efectiva 12 metros.<\/p>\n<p>Pistola semiautom\u00e1tica utiliza capsulas de CO2 de 12 gramos.<\/p>\n<p>Pesa 910 gramos,<\/p>\n<p>cuerpo de Pol\u00edmero, color Negro<\/p>\n","protected":false},"excerpt":{"rendered":"<p>Mant\u00e9ngase a usted y a sus seres queridos a salvo de los intrusos. La l\u00ednea Lancer Defense de pistolas de CO2 menos letales est\u00e1 dise\u00f1ada para ser utilizada como una opci\u00f3n menos letal contra los intrusos o con fines de&#8230;<\/p>\n","protected":false},"featured_media":2721,"template":"","meta":{"_acf_changed":false},"product_brand":[100],"product_cat":[116,17,139],"product_tag":[],"class_list":{"0":"post-2657","1":"product","2":"type-product","3":"status-publish","4":"has-post-thumbnail","6":"product_brand-lancer-defense","7":"product_cat-defensa-personal","8":"product_cat-general","9":"product_cat-marcadora-no-letal","11":"first","12":"outofstock","13":"taxable","14":"shipping-taxable","15":"purchasable","16":"product-type-simple"},"acf":[],"yoast_head":"<!-- This site is optimized with the Yoast SEO plugin v27.2 - https:\/\/yoast.com\/product\/yoast-seo-wordpress\/ -->\n<title>Pistola Scorpion por embalaje ( 10 un.) - Importadora MC<\/title>\n<meta name=\"robots\" content=\"index, follow, max-snippet:-1, max-image-preview:large, max-video-preview:-1\" \/>\n<link rel=\"canonical\" href=\"https:\/\/importadoramc.cl\/distribucion\/producto\/pistola-scorpion-por-embalaje-10-un\/\" \/>\n<meta property=\"og:locale\" content=\"es_ES\" \/>\n<meta property=\"og:type\" content=\"article\" \/>\n<meta property=\"og:title\" content=\"Pistola Scorpion por embalaje ( 10 un.) - Importadora MC\" \/>\n<meta property=\"og:description\" content=\"Mant\u00e9ngase a usted y a sus seres queridos a salvo de los intrusos. La l\u00ednea Lancer Defense de pistolas de CO2 menos letales est\u00e1 dise\u00f1ada para ser utilizada como una opci\u00f3n menos letal contra los intrusos o con fines de...\" \/>\n<meta property=\"og:url\" content=\"https:\/\/importadoramc.cl\/distribucion\/producto\/pistola-scorpion-por-embalaje-10-un\/\" \/>\n<meta property=\"og:site_name\" content=\"Importadora MC\" \/>\n<meta property=\"article:modified_time\" content=\"2026-04-01T18:57:11+00:00\" \/>\n<meta property=\"og:image\" content=\"https:\/\/importadoramc.cl\/distribucion\/wp-content\/uploads\/2025\/02\/Scorpion-defense-.50-cal.png\" \/>\n\t<meta property=\"og:image:width\" content=\"800\" \/>\n\t<meta property=\"og:image:height\" content=\"800\" \/>\n\t<meta property=\"og:image:type\" content=\"image\/png\" \/>\n<meta name=\"twitter:card\" content=\"summary_large_image\" \/>\n<script type=\"application\/ld+json\" class=\"yoast-schema-graph\">{\"@context\":\"https:\/\/schema.org\",\"@graph\":[{\"@type\":\"WebPage\",\"@id\":\"https:\/\/importadoramc.cl\/distribucion\/producto\/pistola-scorpion-por-embalaje-10-un\/\",\"url\":\"https:\/\/importadoramc.cl\/distribucion\/producto\/pistola-scorpion-por-embalaje-10-un\/\",\"name\":\"Pistola Scorpion por embalaje ( 10 un.) - Importadora MC\",\"isPartOf\":{\"@id\":\"https:\/\/importadoramc.cl\/distribucion\/#website\"},\"primaryImageOfPage\":{\"@id\":\"https:\/\/importadoramc.cl\/distribucion\/producto\/pistola-scorpion-por-embalaje-10-un\/#primaryimage\"},\"image\":{\"@id\":\"https:\/\/importadoramc.cl\/distribucion\/producto\/pistola-scorpion-por-embalaje-10-un\/#primaryimage\"},\"thumbnailUrl\":\"https:\/\/importadoramc.cl\/distribucion\/wp-content\/uploads\/2025\/02\/Scorpion-defense-.50-cal.png\",\"datePublished\":\"2025-02-25T17:46:04+00:00\",\"dateModified\":\"2026-04-01T18:57:11+00:00\",\"breadcrumb\":{\"@id\":\"https:\/\/importadoramc.cl\/distribucion\/producto\/pistola-scorpion-por-embalaje-10-un\/#breadcrumb\"},\"inLanguage\":\"es-CL\",\"potentialAction\":[{\"@type\":\"ReadAction\",\"target\":[\"https:\/\/importadoramc.cl\/distribucion\/producto\/pistola-scorpion-por-embalaje-10-un\/\"]}]},{\"@type\":\"ImageObject\",\"inLanguage\":\"es-CL\",\"@id\":\"https:\/\/importadoramc.cl\/distribucion\/producto\/pistola-scorpion-por-embalaje-10-un\/#primaryimage\",\"url\":\"https:\/\/importadoramc.cl\/distribucion\/wp-content\/uploads\/2025\/02\/Scorpion-defense-.50-cal.png\",\"contentUrl\":\"https:\/\/importadoramc.cl\/distribucion\/wp-content\/uploads\/2025\/02\/Scorpion-defense-.50-cal.png\",\"width\":800,\"height\":800},{\"@type\":\"BreadcrumbList\",\"@id\":\"https:\/\/importadoramc.cl\/distribucion\/producto\/pistola-scorpion-por-embalaje-10-un\/#breadcrumb\",\"itemListElement\":[{\"@type\":\"ListItem\",\"position\":1,\"name\":\"Portada\",\"item\":\"https:\/\/importadoramc.cl\/distribucion\/\"},{\"@type\":\"ListItem\",\"position\":2,\"name\":\"Productos\",\"item\":\"https:\/\/importadoramc.cl\/distribucion\/productos\/\"},{\"@type\":\"ListItem\",\"position\":3,\"name\":\"Pistola Scorpion por embalaje ( 10 un.)\"}]},{\"@type\":\"WebSite\",\"@id\":\"https:\/\/importadoramc.cl\/distribucion\/#website\",\"url\":\"https:\/\/importadoramc.cl\/distribucion\/\",\"name\":\"Importadora MC\",\"description\":\"\",\"publisher\":{\"@id\":\"https:\/\/importadoramc.cl\/distribucion\/#organization\"},\"potentialAction\":[{\"@type\":\"SearchAction\",\"target\":{\"@type\":\"EntryPoint\",\"urlTemplate\":\"https:\/\/importadoramc.cl\/distribucion\/?s={search_term_string}\"},\"query-input\":{\"@type\":\"PropertyValueSpecification\",\"valueRequired\":true,\"valueName\":\"search_term_string\"}}],\"inLanguage\":\"es-CL\"},{\"@type\":\"Organization\",\"@id\":\"https:\/\/importadoramc.cl\/distribucion\/#organization\",\"name\":\"Importadora MC\",\"url\":\"https:\/\/importadoramc.cl\/distribucion\/\",\"logo\":{\"@type\":\"ImageObject\",\"inLanguage\":\"es-CL\",\"@id\":\"https:\/\/importadoramc.cl\/distribucion\/#\/schema\/logo\/image\/\",\"url\":\"https:\/\/importadoramc.cl\/distribucion\/wp-content\/uploads\/2025\/04\/VECTORIZACION-DE-LOGO-IMPORTADORA-1.jpg\",\"contentUrl\":\"https:\/\/importadoramc.cl\/distribucion\/wp-content\/uploads\/2025\/04\/VECTORIZACION-DE-LOGO-IMPORTADORA-1.jpg\",\"width\":2559,\"height\":2513,\"caption\":\"Importadora MC\"},\"image\":{\"@id\":\"https:\/\/importadoramc.cl\/distribucion\/#\/schema\/logo\/image\/\"},\"sameAs\":[\"https:\/\/www.linkedin.com\/company\/importadora-mc-cl\/\"]}]}<\/script>\n<!-- \/ Yoast SEO plugin. -->","yoast_head_json":{"title":"Pistola Scorpion por embalaje ( 10 un.) - Importadora MC","robots":{"index":"index","follow":"follow","max-snippet":"max-snippet:-1","max-image-preview":"max-image-preview:large","max-video-preview":"max-video-preview:-1"},"canonical":"https:\/\/importadoramc.cl\/distribucion\/producto\/pistola-scorpion-por-embalaje-10-un\/","og_locale":"es_ES","og_type":"article","og_title":"Pistola Scorpion por embalaje ( 10 un.) - Importadora MC","og_description":"Mant\u00e9ngase a usted y a sus seres queridos a salvo de los intrusos. La l\u00ednea Lancer Defense de pistolas de CO2 menos letales est\u00e1 dise\u00f1ada para ser utilizada como una opci\u00f3n menos letal contra los intrusos o con fines de...","og_url":"https:\/\/importadoramc.cl\/distribucion\/producto\/pistola-scorpion-por-embalaje-10-un\/","og_site_name":"Importadora MC","article_modified_time":"2026-04-01T18:57:11+00:00","og_image":[{"width":800,"height":800,"url":"https:\/\/importadoramc.cl\/distribucion\/wp-content\/uploads\/2025\/02\/Scorpion-defense-.50-cal.png","type":"image\/png"}],"twitter_card":"summary_large_image","schema":{"@context":"https:\/\/schema.org","@graph":[{"@type":"WebPage","@id":"https:\/\/importadoramc.cl\/distribucion\/producto\/pistola-scorpion-por-embalaje-10-un\/","url":"https:\/\/importadoramc.cl\/distribucion\/producto\/pistola-scorpion-por-embalaje-10-un\/","name":"Pistola Scorpion por embalaje ( 10 un.) - Importadora MC","isPartOf":{"@id":"https:\/\/importadoramc.cl\/distribucion\/#website"},"primaryImageOfPage":{"@id":"https:\/\/importadoramc.cl\/distribucion\/producto\/pistola-scorpion-por-embalaje-10-un\/#primaryimage"},"image":{"@id":"https:\/\/importadoramc.cl\/distribucion\/producto\/pistola-scorpion-por-embalaje-10-un\/#primaryimage"},"thumbnailUrl":"https:\/\/importadoramc.cl\/distribucion\/wp-content\/uploads\/2025\/02\/Scorpion-defense-.50-cal.png","datePublished":"2025-02-25T17:46:04+00:00","dateModified":"2026-04-01T18:57:11+00:00","breadcrumb":{"@id":"https:\/\/importadoramc.cl\/distribucion\/producto\/pistola-scorpion-por-embalaje-10-un\/#breadcrumb"},"inLanguage":"es-CL","potentialAction":[{"@type":"ReadAction","target":["https:\/\/importadoramc.cl\/distribucion\/producto\/pistola-scorpion-por-embalaje-10-un\/"]}]},{"@type":"ImageObject","inLanguage":"es-CL","@id":"https:\/\/importadoramc.cl\/distribucion\/producto\/pistola-scorpion-por-embalaje-10-un\/#primaryimage","url":"https:\/\/importadoramc.cl\/distribucion\/wp-content\/uploads\/2025\/02\/Scorpion-defense-.50-cal.png","contentUrl":"https:\/\/importadoramc.cl\/distribucion\/wp-content\/uploads\/2025\/02\/Scorpion-defense-.50-cal.png","width":800,"height":800},{"@type":"BreadcrumbList","@id":"https:\/\/importadoramc.cl\/distribucion\/producto\/pistola-scorpion-por-embalaje-10-un\/#breadcrumb","itemListElement":[{"@type":"ListItem","position":1,"name":"Portada","item":"https:\/\/importadoramc.cl\/distribucion\/"},{"@type":"ListItem","position":2,"name":"Productos","item":"https:\/\/importadoramc.cl\/distribucion\/productos\/"},{"@type":"ListItem","position":3,"name":"Pistola Scorpion por embalaje ( 10 un.)"}]},{"@type":"WebSite","@id":"https:\/\/importadoramc.cl\/distribucion\/#website","url":"https:\/\/importadoramc.cl\/distribucion\/","name":"Importadora MC","description":"","publisher":{"@id":"https:\/\/importadoramc.cl\/distribucion\/#organization"},"potentialAction":[{"@type":"SearchAction","target":{"@type":"EntryPoint","urlTemplate":"https:\/\/importadoramc.cl\/distribucion\/?s={search_term_string}"},"query-input":{"@type":"PropertyValueSpecification","valueRequired":true,"valueName":"search_term_string"}}],"inLanguage":"es-CL"},{"@type":"Organization","@id":"https:\/\/importadoramc.cl\/distribucion\/#organization","name":"Importadora MC","url":"https:\/\/importadoramc.cl\/distribucion\/","logo":{"@type":"ImageObject","inLanguage":"es-CL","@id":"https:\/\/importadoramc.cl\/distribucion\/#\/schema\/logo\/image\/","url":"https:\/\/importadoramc.cl\/distribucion\/wp-content\/uploads\/2025\/04\/VECTORIZACION-DE-LOGO-IMPORTADORA-1.jpg","contentUrl":"https:\/\/importadoramc.cl\/distribucion\/wp-content\/uploads\/2025\/04\/VECTORIZACION-DE-LOGO-IMPORTADORA-1.jpg","width":2559,"height":2513,"caption":"Importadora MC"},"image":{"@id":"https:\/\/importadoramc.cl\/distribucion\/#\/schema\/logo\/image\/"},"sameAs":["https:\/\/www.linkedin.com\/company\/importadora-mc-cl\/"]}]}},"_links":{"self":[{"href":"https:\/\/importadoramc.cl\/distribucion\/wp-json\/wp\/v2\/product\/2657","targetHints":{"allow":["GET"]}}],"collection":[{"href":"https:\/\/importadoramc.cl\/distribucion\/wp-json\/wp\/v2\/product"}],"about":[{"href":"https:\/\/importadoramc.cl\/distribucion\/wp-json\/wp\/v2\/types\/product"}],"wp:featuredmedia":[{"embeddable":true,"href":"https:\/\/importadoramc.cl\/distribucion\/wp-json\/wp\/v2\/media\/2721"}],"wp:attachment":[{"href":"https:\/\/importadoramc.cl\/distribucion\/wp-json\/wp\/v2\/media?parent=2657"}],"wp:term":[{"taxonomy":"product_brand","embeddable":true,"href":"https:\/\/importadoramc.cl\/distribucion\/wp-json\/wp\/v2\/product_brand?post=2657"},{"taxonomy":"product_cat","embeddable":true,"href":"https:\/\/importadoramc.cl\/distribucion\/wp-json\/wp\/v2\/product_cat?post=2657"},{"taxonomy":"product_tag","embeddable":true,"href":"https:\/\/importadoramc.cl\/distribucion\/wp-json\/wp\/v2\/product_tag?post=2657"}],"curies":[{"name":"wp","href":"https:\/\/api.w.org\/{rel}","templated":true}]}}