{"id":2619,"date":"2025-02-25T14:46:00","date_gmt":"2025-02-25T17:46:00","guid":{"rendered":"https:\/\/importadoramc.cl\/distribucion\/?post_type=product&#038;p=2619"},"modified":"2025-12-22T17:54:46","modified_gmt":"2025-12-22T20:54:46","slug":"guantes-mechanix-m-pact-3-coyote-sm-mp3-72-008","status":"publish","type":"product","link":"https:\/\/importadoramc.cl\/distribucion\/producto\/guantes-mechanix-m-pact-3-coyote-sm-mp3-72-008\/","title":{"rendered":"Guantes Mechanix M-Pact 3 Coyote SM MP3-72-008"},"content":{"rendered":"<p>El poderoso M-Pact\u00ae 3 brinda protecci\u00f3n integral a profesionales militares y de las fuerzas del orden en el campo. Su robusto protector de nudillos de caucho termopl\u00e1stico de una sola pieza est\u00e1 dise\u00f1ado anat\u00f3micamente para absorber impactos contundentes en el dorso de la mano y mejorar la movilidad en operaciones de alto rendimiento.<br \/>\nLos guantes t\u00e1cticos M-Pact\u00ae 3 cuentan con refuerzos internos en las yemas de los dedos para una resistencia extrema a la abrasi\u00f3n, adem\u00e1s de un patr\u00f3n en relieve que proporciona un agarre superior donde m\u00e1s se necesita.<\/p>\n","protected":false},"excerpt":{"rendered":"<p>El poderoso M-Pact\u00ae 3 brinda protecci\u00f3n integral a profesionales militares y de las fuerzas del orden en el campo. Su robusto protector de nudillos de caucho termopl\u00e1stico de una sola pieza est\u00e1 dise\u00f1ado anat\u00f3micamente para absorber impactos contundentes en el&#8230;<\/p>\n","protected":false},"featured_media":2737,"template":"","meta":{"_acf_changed":false},"product_brand":[36],"product_cat":[64,17,66],"product_tag":[],"class_list":{"0":"post-2619","1":"product","2":"type-product","3":"status-publish","4":"has-post-thumbnail","6":"product_brand-mechanix","7":"product_cat-equipamiento","8":"product_cat-general","9":"product_cat-guantes","11":"first","12":"instock","13":"taxable","14":"shipping-taxable","15":"purchasable","16":"product-type-simple"},"acf":[],"yoast_head":"<!-- This site is optimized with the Yoast SEO plugin v27.2 - https:\/\/yoast.com\/product\/yoast-seo-wordpress\/ -->\n<title>Guantes Mechanix M-Pact 3 Coyote SM MP3-72-008 - Importadora MC<\/title>\n<meta name=\"robots\" content=\"index, follow, max-snippet:-1, max-image-preview:large, max-video-preview:-1\" \/>\n<link rel=\"canonical\" href=\"https:\/\/importadoramc.cl\/distribucion\/producto\/guantes-mechanix-m-pact-3-coyote-sm-mp3-72-008\/\" \/>\n<meta property=\"og:locale\" content=\"es_ES\" \/>\n<meta property=\"og:type\" content=\"article\" \/>\n<meta property=\"og:title\" content=\"Guantes Mechanix M-Pact 3 Coyote SM MP3-72-008 - Importadora MC\" \/>\n<meta property=\"og:description\" content=\"El poderoso M-Pact\u00ae 3 brinda protecci\u00f3n integral a profesionales militares y de las fuerzas del orden en el campo. Su robusto protector de nudillos de caucho termopl\u00e1stico de una sola pieza est\u00e1 dise\u00f1ado anat\u00f3micamente para absorber impactos contundentes en el...\" \/>\n<meta property=\"og:url\" content=\"https:\/\/importadoramc.cl\/distribucion\/producto\/guantes-mechanix-m-pact-3-coyote-sm-mp3-72-008\/\" \/>\n<meta property=\"og:site_name\" content=\"Importadora MC\" \/>\n<meta property=\"article:modified_time\" content=\"2025-12-22T20:54:46+00:00\" \/>\n<meta property=\"og:image\" content=\"https:\/\/importadoramc.cl\/distribucion\/wp-content\/uploads\/2025\/02\/gh9njlkdmt97zwwtmdy6.jpg\" \/>\n\t<meta property=\"og:image:width\" content=\"1804\" \/>\n\t<meta property=\"og:image:height\" content=\"2048\" \/>\n\t<meta property=\"og:image:type\" content=\"image\/jpeg\" \/>\n<meta name=\"twitter:card\" content=\"summary_large_image\" \/>\n<script type=\"application\/ld+json\" class=\"yoast-schema-graph\">{\"@context\":\"https:\/\/schema.org\",\"@graph\":[{\"@type\":\"WebPage\",\"@id\":\"https:\/\/importadoramc.cl\/distribucion\/producto\/guantes-mechanix-m-pact-3-coyote-sm-mp3-72-008\/\",\"url\":\"https:\/\/importadoramc.cl\/distribucion\/producto\/guantes-mechanix-m-pact-3-coyote-sm-mp3-72-008\/\",\"name\":\"Guantes Mechanix M-Pact 3 Coyote SM MP3-72-008 - Importadora MC\",\"isPartOf\":{\"@id\":\"https:\/\/importadoramc.cl\/distribucion\/#website\"},\"primaryImageOfPage\":{\"@id\":\"https:\/\/importadoramc.cl\/distribucion\/producto\/guantes-mechanix-m-pact-3-coyote-sm-mp3-72-008\/#primaryimage\"},\"image\":{\"@id\":\"https:\/\/importadoramc.cl\/distribucion\/producto\/guantes-mechanix-m-pact-3-coyote-sm-mp3-72-008\/#primaryimage\"},\"thumbnailUrl\":\"https:\/\/importadoramc.cl\/distribucion\/wp-content\/uploads\/2025\/02\/gh9njlkdmt97zwwtmdy6.jpg\",\"datePublished\":\"2025-02-25T17:46:00+00:00\",\"dateModified\":\"2025-12-22T20:54:46+00:00\",\"breadcrumb\":{\"@id\":\"https:\/\/importadoramc.cl\/distribucion\/producto\/guantes-mechanix-m-pact-3-coyote-sm-mp3-72-008\/#breadcrumb\"},\"inLanguage\":\"es-CL\",\"potentialAction\":[{\"@type\":\"ReadAction\",\"target\":[\"https:\/\/importadoramc.cl\/distribucion\/producto\/guantes-mechanix-m-pact-3-coyote-sm-mp3-72-008\/\"]}]},{\"@type\":\"ImageObject\",\"inLanguage\":\"es-CL\",\"@id\":\"https:\/\/importadoramc.cl\/distribucion\/producto\/guantes-mechanix-m-pact-3-coyote-sm-mp3-72-008\/#primaryimage\",\"url\":\"https:\/\/importadoramc.cl\/distribucion\/wp-content\/uploads\/2025\/02\/gh9njlkdmt97zwwtmdy6.jpg\",\"contentUrl\":\"https:\/\/importadoramc.cl\/distribucion\/wp-content\/uploads\/2025\/02\/gh9njlkdmt97zwwtmdy6.jpg\",\"width\":1804,\"height\":2048},{\"@type\":\"BreadcrumbList\",\"@id\":\"https:\/\/importadoramc.cl\/distribucion\/producto\/guantes-mechanix-m-pact-3-coyote-sm-mp3-72-008\/#breadcrumb\",\"itemListElement\":[{\"@type\":\"ListItem\",\"position\":1,\"name\":\"Portada\",\"item\":\"https:\/\/importadoramc.cl\/distribucion\/\"},{\"@type\":\"ListItem\",\"position\":2,\"name\":\"Productos\",\"item\":\"https:\/\/importadoramc.cl\/distribucion\/productos\/\"},{\"@type\":\"ListItem\",\"position\":3,\"name\":\"Guantes Mechanix M-Pact 3 Coyote SM MP3-72-008\"}]},{\"@type\":\"WebSite\",\"@id\":\"https:\/\/importadoramc.cl\/distribucion\/#website\",\"url\":\"https:\/\/importadoramc.cl\/distribucion\/\",\"name\":\"Importadora MC\",\"description\":\"\",\"publisher\":{\"@id\":\"https:\/\/importadoramc.cl\/distribucion\/#organization\"},\"potentialAction\":[{\"@type\":\"SearchAction\",\"target\":{\"@type\":\"EntryPoint\",\"urlTemplate\":\"https:\/\/importadoramc.cl\/distribucion\/?s={search_term_string}\"},\"query-input\":{\"@type\":\"PropertyValueSpecification\",\"valueRequired\":true,\"valueName\":\"search_term_string\"}}],\"inLanguage\":\"es-CL\"},{\"@type\":\"Organization\",\"@id\":\"https:\/\/importadoramc.cl\/distribucion\/#organization\",\"name\":\"Importadora MC\",\"url\":\"https:\/\/importadoramc.cl\/distribucion\/\",\"logo\":{\"@type\":\"ImageObject\",\"inLanguage\":\"es-CL\",\"@id\":\"https:\/\/importadoramc.cl\/distribucion\/#\/schema\/logo\/image\/\",\"url\":\"https:\/\/importadoramc.cl\/distribucion\/wp-content\/uploads\/2025\/04\/VECTORIZACION-DE-LOGO-IMPORTADORA-1.jpg\",\"contentUrl\":\"https:\/\/importadoramc.cl\/distribucion\/wp-content\/uploads\/2025\/04\/VECTORIZACION-DE-LOGO-IMPORTADORA-1.jpg\",\"width\":2559,\"height\":2513,\"caption\":\"Importadora MC\"},\"image\":{\"@id\":\"https:\/\/importadoramc.cl\/distribucion\/#\/schema\/logo\/image\/\"},\"sameAs\":[\"https:\/\/www.linkedin.com\/company\/importadora-mc-cl\/\"]}]}<\/script>\n<!-- \/ Yoast SEO plugin. -->","yoast_head_json":{"title":"Guantes Mechanix M-Pact 3 Coyote SM MP3-72-008 - Importadora MC","robots":{"index":"index","follow":"follow","max-snippet":"max-snippet:-1","max-image-preview":"max-image-preview:large","max-video-preview":"max-video-preview:-1"},"canonical":"https:\/\/importadoramc.cl\/distribucion\/producto\/guantes-mechanix-m-pact-3-coyote-sm-mp3-72-008\/","og_locale":"es_ES","og_type":"article","og_title":"Guantes Mechanix M-Pact 3 Coyote SM MP3-72-008 - Importadora MC","og_description":"El poderoso M-Pact\u00ae 3 brinda protecci\u00f3n integral a profesionales militares y de las fuerzas del orden en el campo. Su robusto protector de nudillos de caucho termopl\u00e1stico de una sola pieza est\u00e1 dise\u00f1ado anat\u00f3micamente para absorber impactos contundentes en el...","og_url":"https:\/\/importadoramc.cl\/distribucion\/producto\/guantes-mechanix-m-pact-3-coyote-sm-mp3-72-008\/","og_site_name":"Importadora MC","article_modified_time":"2025-12-22T20:54:46+00:00","og_image":[{"width":1804,"height":2048,"url":"https:\/\/importadoramc.cl\/distribucion\/wp-content\/uploads\/2025\/02\/gh9njlkdmt97zwwtmdy6.jpg","type":"image\/jpeg"}],"twitter_card":"summary_large_image","schema":{"@context":"https:\/\/schema.org","@graph":[{"@type":"WebPage","@id":"https:\/\/importadoramc.cl\/distribucion\/producto\/guantes-mechanix-m-pact-3-coyote-sm-mp3-72-008\/","url":"https:\/\/importadoramc.cl\/distribucion\/producto\/guantes-mechanix-m-pact-3-coyote-sm-mp3-72-008\/","name":"Guantes Mechanix M-Pact 3 Coyote SM MP3-72-008 - Importadora MC","isPartOf":{"@id":"https:\/\/importadoramc.cl\/distribucion\/#website"},"primaryImageOfPage":{"@id":"https:\/\/importadoramc.cl\/distribucion\/producto\/guantes-mechanix-m-pact-3-coyote-sm-mp3-72-008\/#primaryimage"},"image":{"@id":"https:\/\/importadoramc.cl\/distribucion\/producto\/guantes-mechanix-m-pact-3-coyote-sm-mp3-72-008\/#primaryimage"},"thumbnailUrl":"https:\/\/importadoramc.cl\/distribucion\/wp-content\/uploads\/2025\/02\/gh9njlkdmt97zwwtmdy6.jpg","datePublished":"2025-02-25T17:46:00+00:00","dateModified":"2025-12-22T20:54:46+00:00","breadcrumb":{"@id":"https:\/\/importadoramc.cl\/distribucion\/producto\/guantes-mechanix-m-pact-3-coyote-sm-mp3-72-008\/#breadcrumb"},"inLanguage":"es-CL","potentialAction":[{"@type":"ReadAction","target":["https:\/\/importadoramc.cl\/distribucion\/producto\/guantes-mechanix-m-pact-3-coyote-sm-mp3-72-008\/"]}]},{"@type":"ImageObject","inLanguage":"es-CL","@id":"https:\/\/importadoramc.cl\/distribucion\/producto\/guantes-mechanix-m-pact-3-coyote-sm-mp3-72-008\/#primaryimage","url":"https:\/\/importadoramc.cl\/distribucion\/wp-content\/uploads\/2025\/02\/gh9njlkdmt97zwwtmdy6.jpg","contentUrl":"https:\/\/importadoramc.cl\/distribucion\/wp-content\/uploads\/2025\/02\/gh9njlkdmt97zwwtmdy6.jpg","width":1804,"height":2048},{"@type":"BreadcrumbList","@id":"https:\/\/importadoramc.cl\/distribucion\/producto\/guantes-mechanix-m-pact-3-coyote-sm-mp3-72-008\/#breadcrumb","itemListElement":[{"@type":"ListItem","position":1,"name":"Portada","item":"https:\/\/importadoramc.cl\/distribucion\/"},{"@type":"ListItem","position":2,"name":"Productos","item":"https:\/\/importadoramc.cl\/distribucion\/productos\/"},{"@type":"ListItem","position":3,"name":"Guantes Mechanix M-Pact 3 Coyote SM MP3-72-008"}]},{"@type":"WebSite","@id":"https:\/\/importadoramc.cl\/distribucion\/#website","url":"https:\/\/importadoramc.cl\/distribucion\/","name":"Importadora MC","description":"","publisher":{"@id":"https:\/\/importadoramc.cl\/distribucion\/#organization"},"potentialAction":[{"@type":"SearchAction","target":{"@type":"EntryPoint","urlTemplate":"https:\/\/importadoramc.cl\/distribucion\/?s={search_term_string}"},"query-input":{"@type":"PropertyValueSpecification","valueRequired":true,"valueName":"search_term_string"}}],"inLanguage":"es-CL"},{"@type":"Organization","@id":"https:\/\/importadoramc.cl\/distribucion\/#organization","name":"Importadora MC","url":"https:\/\/importadoramc.cl\/distribucion\/","logo":{"@type":"ImageObject","inLanguage":"es-CL","@id":"https:\/\/importadoramc.cl\/distribucion\/#\/schema\/logo\/image\/","url":"https:\/\/importadoramc.cl\/distribucion\/wp-content\/uploads\/2025\/04\/VECTORIZACION-DE-LOGO-IMPORTADORA-1.jpg","contentUrl":"https:\/\/importadoramc.cl\/distribucion\/wp-content\/uploads\/2025\/04\/VECTORIZACION-DE-LOGO-IMPORTADORA-1.jpg","width":2559,"height":2513,"caption":"Importadora MC"},"image":{"@id":"https:\/\/importadoramc.cl\/distribucion\/#\/schema\/logo\/image\/"},"sameAs":["https:\/\/www.linkedin.com\/company\/importadora-mc-cl\/"]}]}},"_links":{"self":[{"href":"https:\/\/importadoramc.cl\/distribucion\/wp-json\/wp\/v2\/product\/2619","targetHints":{"allow":["GET"]}}],"collection":[{"href":"https:\/\/importadoramc.cl\/distribucion\/wp-json\/wp\/v2\/product"}],"about":[{"href":"https:\/\/importadoramc.cl\/distribucion\/wp-json\/wp\/v2\/types\/product"}],"wp:featuredmedia":[{"embeddable":true,"href":"https:\/\/importadoramc.cl\/distribucion\/wp-json\/wp\/v2\/media\/2737"}],"wp:attachment":[{"href":"https:\/\/importadoramc.cl\/distribucion\/wp-json\/wp\/v2\/media?parent=2619"}],"wp:term":[{"taxonomy":"product_brand","embeddable":true,"href":"https:\/\/importadoramc.cl\/distribucion\/wp-json\/wp\/v2\/product_brand?post=2619"},{"taxonomy":"product_cat","embeddable":true,"href":"https:\/\/importadoramc.cl\/distribucion\/wp-json\/wp\/v2\/product_cat?post=2619"},{"taxonomy":"product_tag","embeddable":true,"href":"https:\/\/importadoramc.cl\/distribucion\/wp-json\/wp\/v2\/product_tag?post=2619"}],"curies":[{"name":"wp","href":"https:\/\/api.w.org\/{rel}","templated":true}]}}