{"id":2603,"date":"2025-02-25T14:45:59","date_gmt":"2025-02-25T17:45:59","guid":{"rendered":"https:\/\/importadoramc.cl\/distribucion\/?post_type=product&#038;p=2603"},"modified":"2026-03-30T10:28:20","modified_gmt":"2026-03-30T13:28:20","slug":"guantes-mechanix-05mm-covert-womens-talla-m-msd-55-520","status":"publish","type":"product","link":"https:\/\/importadoramc.cl\/distribucion\/producto\/guantes-mechanix-05mm-covert-womens-talla-m-msd-55-520\/","title":{"rendered":"Guantes Mechanix 0,5mm Covert Women\u00b4s &#8220;Talla M&#8221; MSD-55-520"},"content":{"rendered":"<p>La sensaci\u00f3n de precisi\u00f3n y la alta destreza son sin\u00f3nimos de protecci\u00f3n de la palma de 0,5 mm. Nuestros guantes de tiro encubiertos de 0,5 mm de especialidad para mujer est\u00e1n dise\u00f1ados para ofrecer una sensaci\u00f3n natural y protecci\u00f3n ligera para las manos en un dise\u00f1o anat\u00f3mico. 0.5mm AX-Suede \u2122 proporciona la combinaci\u00f3n perfecta de control t\u00e1ctil y protecci\u00f3n en el campo o en el campo de tiro. El TrekDry \u00ae transpirable se ajusta al dorso de las manos para reducir la acumulaci\u00f3n de calor y las articulaciones flexibles expandibles mejoran la movilidad de los dedos del gatillo para una manipulaci\u00f3n suave.<\/p>\n<h4 data-start=\"0\" data-end=\"25\"><strong data-start=\"4\" data-end=\"23\">CARACTER\u00cdSTICAS<\/strong><\/h4>\n<ul data-start=\"27\" data-end=\"513\">\n<li data-start=\"27\" data-end=\"98\">Cierre de caucho termopl\u00e1stico (TPR) para un ajuste seguro y firme.<\/li>\n<li data-start=\"99\" data-end=\"166\">TrekDry\u00ae transpirable que mantiene las manos frescas y c\u00f3modas.<\/li>\n<li data-start=\"167\" data-end=\"283\">Dise\u00f1o anat\u00f3mico con costuras estrat\u00e9gicas que se adaptan a la forma natural de la mano para un ajuste perfecto.<\/li>\n<li data-start=\"284\" data-end=\"361\">Articulaciones flexibles que mejoran la movilidad del dedo en el gatillo.<\/li>\n<li data-start=\"362\" data-end=\"428\">Palma de 0.5 mm AX-Suede\u2122 para m\u00e1xima destreza y sensibilidad.<\/li>\n<li data-start=\"429\" data-end=\"481\">Lazos de nylon para facilitar el almacenamiento.<\/li>\n<li data-start=\"482\" data-end=\"513\">Apto para lavado a m\u00e1quina.<\/li>\n<\/ul>\n<h4 data-start=\"515\" data-end=\"542\"><strong data-start=\"519\" data-end=\"540\">USOS RECOMENDADOS<\/strong><\/h4>\n<ul data-start=\"544\" data-end=\"609\" data-is-only-node=\"\" data-is-last-node=\"\">\n<li data-start=\"544\" data-end=\"562\">Tiro deportivo<\/li>\n<li data-start=\"563\" data-end=\"595\">Fuerzas de orden y seguridad<\/li>\n<li data-start=\"596\" data-end=\"609\" data-is-last-node=\"\">Uso militar<\/li>\n<\/ul>\n","protected":false},"excerpt":{"rendered":"<p>La sensaci\u00f3n de precisi\u00f3n y la alta destreza son sin\u00f3nimos de protecci\u00f3n de la palma de 0,5 mm. Nuestros guantes de tiro encubiertos de 0,5 mm de especialidad para mujer est\u00e1n dise\u00f1ados para ofrecer una sensaci\u00f3n natural y protecci\u00f3n ligera&#8230;<\/p>\n","protected":false},"featured_media":2761,"template":"","meta":{"_acf_changed":false},"product_brand":[36],"product_cat":[64,17,66],"product_tag":[],"class_list":{"0":"post-2603","1":"product","2":"type-product","3":"status-publish","4":"has-post-thumbnail","6":"product_brand-mechanix","7":"product_cat-equipamiento","8":"product_cat-general","9":"product_cat-guantes","11":"first","12":"outofstock","13":"taxable","14":"shipping-taxable","15":"purchasable","16":"product-type-simple"},"acf":[],"yoast_head":"<!-- This site is optimized with the Yoast SEO plugin v27.2 - https:\/\/yoast.com\/product\/yoast-seo-wordpress\/ -->\n<title>Guantes Mechanix 0,5mm Covert Women\u00b4s &quot;Talla M&quot; MSD-55-520 - Importadora MC<\/title>\n<meta name=\"robots\" content=\"index, follow, max-snippet:-1, max-image-preview:large, max-video-preview:-1\" \/>\n<link rel=\"canonical\" href=\"https:\/\/importadoramc.cl\/distribucion\/producto\/guantes-mechanix-05mm-covert-womens-talla-m-msd-55-520\/\" \/>\n<meta property=\"og:locale\" content=\"es_ES\" \/>\n<meta property=\"og:type\" content=\"article\" \/>\n<meta property=\"og:title\" content=\"Guantes Mechanix 0,5mm Covert Women\u00b4s &quot;Talla M&quot; MSD-55-520 - Importadora MC\" \/>\n<meta property=\"og:description\" content=\"La sensaci\u00f3n de precisi\u00f3n y la alta destreza son sin\u00f3nimos de protecci\u00f3n de la palma de 0,5 mm. Nuestros guantes de tiro encubiertos de 0,5 mm de especialidad para mujer est\u00e1n dise\u00f1ados para ofrecer una sensaci\u00f3n natural y protecci\u00f3n ligera...\" \/>\n<meta property=\"og:url\" content=\"https:\/\/importadoramc.cl\/distribucion\/producto\/guantes-mechanix-05mm-covert-womens-talla-m-msd-55-520\/\" \/>\n<meta property=\"og:site_name\" content=\"Importadora MC\" \/>\n<meta property=\"article:modified_time\" content=\"2026-03-30T13:28:20+00:00\" \/>\n<meta property=\"og:image\" content=\"https:\/\/importadoramc.cl\/distribucion\/wp-content\/uploads\/2025\/02\/X_asyotbzmp080trpakx7j0828.jpg\" \/>\n\t<meta property=\"og:image:width\" content=\"1057\" \/>\n\t<meta property=\"og:image:height\" content=\"1200\" \/>\n\t<meta property=\"og:image:type\" content=\"image\/jpeg\" \/>\n<meta name=\"twitter:card\" content=\"summary_large_image\" \/>\n<meta name=\"twitter:label1\" content=\"Tiempo estimado de lectura\" \/>\n\t<meta name=\"twitter:data1\" content=\"1 minuto\" \/>\n<script type=\"application\/ld+json\" class=\"yoast-schema-graph\">{\"@context\":\"https:\/\/schema.org\",\"@graph\":[{\"@type\":\"WebPage\",\"@id\":\"https:\/\/importadoramc.cl\/distribucion\/producto\/guantes-mechanix-05mm-covert-womens-talla-m-msd-55-520\/\",\"url\":\"https:\/\/importadoramc.cl\/distribucion\/producto\/guantes-mechanix-05mm-covert-womens-talla-m-msd-55-520\/\",\"name\":\"Guantes Mechanix 0,5mm Covert Women\u00b4s \\\"Talla M\\\" MSD-55-520 - Importadora MC\",\"isPartOf\":{\"@id\":\"https:\/\/importadoramc.cl\/distribucion\/#website\"},\"primaryImageOfPage\":{\"@id\":\"https:\/\/importadoramc.cl\/distribucion\/producto\/guantes-mechanix-05mm-covert-womens-talla-m-msd-55-520\/#primaryimage\"},\"image\":{\"@id\":\"https:\/\/importadoramc.cl\/distribucion\/producto\/guantes-mechanix-05mm-covert-womens-talla-m-msd-55-520\/#primaryimage\"},\"thumbnailUrl\":\"https:\/\/importadoramc.cl\/distribucion\/wp-content\/uploads\/2025\/02\/X_asyotbzmp080trpakx7j0828.jpg\",\"datePublished\":\"2025-02-25T17:45:59+00:00\",\"dateModified\":\"2026-03-30T13:28:20+00:00\",\"breadcrumb\":{\"@id\":\"https:\/\/importadoramc.cl\/distribucion\/producto\/guantes-mechanix-05mm-covert-womens-talla-m-msd-55-520\/#breadcrumb\"},\"inLanguage\":\"es-CL\",\"potentialAction\":[{\"@type\":\"ReadAction\",\"target\":[\"https:\/\/importadoramc.cl\/distribucion\/producto\/guantes-mechanix-05mm-covert-womens-talla-m-msd-55-520\/\"]}]},{\"@type\":\"ImageObject\",\"inLanguage\":\"es-CL\",\"@id\":\"https:\/\/importadoramc.cl\/distribucion\/producto\/guantes-mechanix-05mm-covert-womens-talla-m-msd-55-520\/#primaryimage\",\"url\":\"https:\/\/importadoramc.cl\/distribucion\/wp-content\/uploads\/2025\/02\/X_asyotbzmp080trpakx7j0828.jpg\",\"contentUrl\":\"https:\/\/importadoramc.cl\/distribucion\/wp-content\/uploads\/2025\/02\/X_asyotbzmp080trpakx7j0828.jpg\",\"width\":1057,\"height\":1200},{\"@type\":\"BreadcrumbList\",\"@id\":\"https:\/\/importadoramc.cl\/distribucion\/producto\/guantes-mechanix-05mm-covert-womens-talla-m-msd-55-520\/#breadcrumb\",\"itemListElement\":[{\"@type\":\"ListItem\",\"position\":1,\"name\":\"Portada\",\"item\":\"https:\/\/importadoramc.cl\/distribucion\/\"},{\"@type\":\"ListItem\",\"position\":2,\"name\":\"Productos\",\"item\":\"https:\/\/importadoramc.cl\/distribucion\/productos\/\"},{\"@type\":\"ListItem\",\"position\":3,\"name\":\"Guantes Mechanix 0,5mm Covert Women\u00b4s &#8220;Talla M&#8221; MSD-55-520\"}]},{\"@type\":\"WebSite\",\"@id\":\"https:\/\/importadoramc.cl\/distribucion\/#website\",\"url\":\"https:\/\/importadoramc.cl\/distribucion\/\",\"name\":\"Importadora MC\",\"description\":\"\",\"publisher\":{\"@id\":\"https:\/\/importadoramc.cl\/distribucion\/#organization\"},\"potentialAction\":[{\"@type\":\"SearchAction\",\"target\":{\"@type\":\"EntryPoint\",\"urlTemplate\":\"https:\/\/importadoramc.cl\/distribucion\/?s={search_term_string}\"},\"query-input\":{\"@type\":\"PropertyValueSpecification\",\"valueRequired\":true,\"valueName\":\"search_term_string\"}}],\"inLanguage\":\"es-CL\"},{\"@type\":\"Organization\",\"@id\":\"https:\/\/importadoramc.cl\/distribucion\/#organization\",\"name\":\"Importadora MC\",\"url\":\"https:\/\/importadoramc.cl\/distribucion\/\",\"logo\":{\"@type\":\"ImageObject\",\"inLanguage\":\"es-CL\",\"@id\":\"https:\/\/importadoramc.cl\/distribucion\/#\/schema\/logo\/image\/\",\"url\":\"https:\/\/importadoramc.cl\/distribucion\/wp-content\/uploads\/2025\/04\/VECTORIZACION-DE-LOGO-IMPORTADORA-1.jpg\",\"contentUrl\":\"https:\/\/importadoramc.cl\/distribucion\/wp-content\/uploads\/2025\/04\/VECTORIZACION-DE-LOGO-IMPORTADORA-1.jpg\",\"width\":2559,\"height\":2513,\"caption\":\"Importadora MC\"},\"image\":{\"@id\":\"https:\/\/importadoramc.cl\/distribucion\/#\/schema\/logo\/image\/\"},\"sameAs\":[\"https:\/\/www.linkedin.com\/company\/importadora-mc-cl\/\"]}]}<\/script>\n<!-- \/ Yoast SEO plugin. -->","yoast_head_json":{"title":"Guantes Mechanix 0,5mm Covert Women\u00b4s \"Talla M\" MSD-55-520 - Importadora MC","robots":{"index":"index","follow":"follow","max-snippet":"max-snippet:-1","max-image-preview":"max-image-preview:large","max-video-preview":"max-video-preview:-1"},"canonical":"https:\/\/importadoramc.cl\/distribucion\/producto\/guantes-mechanix-05mm-covert-womens-talla-m-msd-55-520\/","og_locale":"es_ES","og_type":"article","og_title":"Guantes Mechanix 0,5mm Covert Women\u00b4s \"Talla M\" MSD-55-520 - Importadora MC","og_description":"La sensaci\u00f3n de precisi\u00f3n y la alta destreza son sin\u00f3nimos de protecci\u00f3n de la palma de 0,5 mm. Nuestros guantes de tiro encubiertos de 0,5 mm de especialidad para mujer est\u00e1n dise\u00f1ados para ofrecer una sensaci\u00f3n natural y protecci\u00f3n ligera...","og_url":"https:\/\/importadoramc.cl\/distribucion\/producto\/guantes-mechanix-05mm-covert-womens-talla-m-msd-55-520\/","og_site_name":"Importadora MC","article_modified_time":"2026-03-30T13:28:20+00:00","og_image":[{"width":1057,"height":1200,"url":"https:\/\/importadoramc.cl\/distribucion\/wp-content\/uploads\/2025\/02\/X_asyotbzmp080trpakx7j0828.jpg","type":"image\/jpeg"}],"twitter_card":"summary_large_image","twitter_misc":{"Tiempo estimado de lectura":"1 minuto"},"schema":{"@context":"https:\/\/schema.org","@graph":[{"@type":"WebPage","@id":"https:\/\/importadoramc.cl\/distribucion\/producto\/guantes-mechanix-05mm-covert-womens-talla-m-msd-55-520\/","url":"https:\/\/importadoramc.cl\/distribucion\/producto\/guantes-mechanix-05mm-covert-womens-talla-m-msd-55-520\/","name":"Guantes Mechanix 0,5mm Covert Women\u00b4s \"Talla M\" MSD-55-520 - Importadora MC","isPartOf":{"@id":"https:\/\/importadoramc.cl\/distribucion\/#website"},"primaryImageOfPage":{"@id":"https:\/\/importadoramc.cl\/distribucion\/producto\/guantes-mechanix-05mm-covert-womens-talla-m-msd-55-520\/#primaryimage"},"image":{"@id":"https:\/\/importadoramc.cl\/distribucion\/producto\/guantes-mechanix-05mm-covert-womens-talla-m-msd-55-520\/#primaryimage"},"thumbnailUrl":"https:\/\/importadoramc.cl\/distribucion\/wp-content\/uploads\/2025\/02\/X_asyotbzmp080trpakx7j0828.jpg","datePublished":"2025-02-25T17:45:59+00:00","dateModified":"2026-03-30T13:28:20+00:00","breadcrumb":{"@id":"https:\/\/importadoramc.cl\/distribucion\/producto\/guantes-mechanix-05mm-covert-womens-talla-m-msd-55-520\/#breadcrumb"},"inLanguage":"es-CL","potentialAction":[{"@type":"ReadAction","target":["https:\/\/importadoramc.cl\/distribucion\/producto\/guantes-mechanix-05mm-covert-womens-talla-m-msd-55-520\/"]}]},{"@type":"ImageObject","inLanguage":"es-CL","@id":"https:\/\/importadoramc.cl\/distribucion\/producto\/guantes-mechanix-05mm-covert-womens-talla-m-msd-55-520\/#primaryimage","url":"https:\/\/importadoramc.cl\/distribucion\/wp-content\/uploads\/2025\/02\/X_asyotbzmp080trpakx7j0828.jpg","contentUrl":"https:\/\/importadoramc.cl\/distribucion\/wp-content\/uploads\/2025\/02\/X_asyotbzmp080trpakx7j0828.jpg","width":1057,"height":1200},{"@type":"BreadcrumbList","@id":"https:\/\/importadoramc.cl\/distribucion\/producto\/guantes-mechanix-05mm-covert-womens-talla-m-msd-55-520\/#breadcrumb","itemListElement":[{"@type":"ListItem","position":1,"name":"Portada","item":"https:\/\/importadoramc.cl\/distribucion\/"},{"@type":"ListItem","position":2,"name":"Productos","item":"https:\/\/importadoramc.cl\/distribucion\/productos\/"},{"@type":"ListItem","position":3,"name":"Guantes Mechanix 0,5mm Covert Women\u00b4s &#8220;Talla M&#8221; MSD-55-520"}]},{"@type":"WebSite","@id":"https:\/\/importadoramc.cl\/distribucion\/#website","url":"https:\/\/importadoramc.cl\/distribucion\/","name":"Importadora MC","description":"","publisher":{"@id":"https:\/\/importadoramc.cl\/distribucion\/#organization"},"potentialAction":[{"@type":"SearchAction","target":{"@type":"EntryPoint","urlTemplate":"https:\/\/importadoramc.cl\/distribucion\/?s={search_term_string}"},"query-input":{"@type":"PropertyValueSpecification","valueRequired":true,"valueName":"search_term_string"}}],"inLanguage":"es-CL"},{"@type":"Organization","@id":"https:\/\/importadoramc.cl\/distribucion\/#organization","name":"Importadora MC","url":"https:\/\/importadoramc.cl\/distribucion\/","logo":{"@type":"ImageObject","inLanguage":"es-CL","@id":"https:\/\/importadoramc.cl\/distribucion\/#\/schema\/logo\/image\/","url":"https:\/\/importadoramc.cl\/distribucion\/wp-content\/uploads\/2025\/04\/VECTORIZACION-DE-LOGO-IMPORTADORA-1.jpg","contentUrl":"https:\/\/importadoramc.cl\/distribucion\/wp-content\/uploads\/2025\/04\/VECTORIZACION-DE-LOGO-IMPORTADORA-1.jpg","width":2559,"height":2513,"caption":"Importadora MC"},"image":{"@id":"https:\/\/importadoramc.cl\/distribucion\/#\/schema\/logo\/image\/"},"sameAs":["https:\/\/www.linkedin.com\/company\/importadora-mc-cl\/"]}]}},"_links":{"self":[{"href":"https:\/\/importadoramc.cl\/distribucion\/wp-json\/wp\/v2\/product\/2603","targetHints":{"allow":["GET"]}}],"collection":[{"href":"https:\/\/importadoramc.cl\/distribucion\/wp-json\/wp\/v2\/product"}],"about":[{"href":"https:\/\/importadoramc.cl\/distribucion\/wp-json\/wp\/v2\/types\/product"}],"wp:featuredmedia":[{"embeddable":true,"href":"https:\/\/importadoramc.cl\/distribucion\/wp-json\/wp\/v2\/media\/2761"}],"wp:attachment":[{"href":"https:\/\/importadoramc.cl\/distribucion\/wp-json\/wp\/v2\/media?parent=2603"}],"wp:term":[{"taxonomy":"product_brand","embeddable":true,"href":"https:\/\/importadoramc.cl\/distribucion\/wp-json\/wp\/v2\/product_brand?post=2603"},{"taxonomy":"product_cat","embeddable":true,"href":"https:\/\/importadoramc.cl\/distribucion\/wp-json\/wp\/v2\/product_cat?post=2603"},{"taxonomy":"product_tag","embeddable":true,"href":"https:\/\/importadoramc.cl\/distribucion\/wp-json\/wp\/v2\/product_tag?post=2603"}],"curies":[{"name":"wp","href":"https:\/\/api.w.org\/{rel}","templated":true}]}}