{"id":2562,"date":"2025-02-25T14:45:55","date_gmt":"2025-02-25T17:45:55","guid":{"rendered":"https:\/\/importadoramc.cl\/distribucion\/?post_type=product&#038;p=2562"},"modified":"2026-03-30T10:28:19","modified_gmt":"2026-03-30T13:28:19","slug":"guantes-mechanix-fastfit-multicam-lg-fftab-78-010","status":"publish","type":"product","link":"https:\/\/importadoramc.cl\/distribucion\/producto\/guantes-mechanix-fastfit-multicam-lg-fftab-78-010\/","title":{"rendered":"Guantes Mechanix FastFit Multicam LG FFTAB-78-010"},"content":{"rendered":"<div class=\"product-description\">\n<p><strong>La pr\u00f3xima generaci\u00f3n de guantes t\u00e1cticos FastFit\u00ae est\u00e1 aqu\u00ed.<\/strong><br \/>\nToma el control con su cuero sint\u00e9tico de alta destreza de 0,6 mm y mantente conectado gracias a su tecnolog\u00eda de compatibilidad total con pantallas t\u00e1ctiles en la palma.<br \/>\nFastFit\u00ae ofrece un ajuste inigualable, combinando enfriamiento por evaporaci\u00f3n mediante TrekDry\u2122 y resistentes bucles de soporte para un almacenamiento pr\u00e1ctico en el campo.<\/p>\n<h5>Caracter\u00edsticas<\/h5>\n<ul>\n<li>TrekDry\u00ae transpirable que mantiene las manos frescas y c\u00f3modas.<\/li>\n<li>Pu\u00f1os el\u00e1sticos que proporcionan un ajuste seguro y r\u00e1pido.<\/li>\n<li>Construcci\u00f3n de punta de dedo tipo pellizcada que mejora la resistencia y durabilidad.<\/li>\n<li>Palma de dos piezas con dise\u00f1o anat\u00f3mico que elimina la acumulaci\u00f3n de material.<\/li>\n<li>Cuero sint\u00e9tico de alta destreza de 0,6 mm compatible con pantallas t\u00e1ctiles.<\/li>\n<li>Bucles de nylon para almacenamiento o transporte.<\/li>\n<li>Lavables en lavadora.<\/li>\n<\/ul>\n<h5>Usos previstos<\/h5>\n<ul>\n<li>Militar<\/li>\n<li>Cumplimiento de la ley<\/li>\n<li>Tiro deportivo<\/li>\n<li>Operaciones de mantenimiento y reparaci\u00f3n<\/li>\n<\/ul>\n<\/div>\n","protected":false},"excerpt":{"rendered":"<p>La pr\u00f3xima generaci\u00f3n de guantes t\u00e1cticos FastFit\u00ae est\u00e1 aqu\u00ed. Toma el control con su cuero sint\u00e9tico de alta destreza de 0,6 mm y mantente conectado gracias a su tecnolog\u00eda de compatibilidad total con pantallas t\u00e1ctiles en la palma. FastFit\u00ae ofrece&#8230;<\/p>\n","protected":false},"featured_media":6588,"template":"","meta":{"_acf_changed":false},"product_brand":[36],"product_cat":[64,17,66],"product_tag":[],"class_list":{"0":"post-2562","1":"product","2":"type-product","3":"status-publish","4":"has-post-thumbnail","6":"product_brand-mechanix","7":"product_cat-equipamiento","8":"product_cat-general","9":"product_cat-guantes","11":"first","12":"outofstock","13":"taxable","14":"shipping-taxable","15":"purchasable","16":"product-type-simple"},"acf":[],"yoast_head":"<!-- This site is optimized with the Yoast SEO plugin v27.2 - https:\/\/yoast.com\/product\/yoast-seo-wordpress\/ -->\n<title>Guantes Mechanix FastFit Multicam LG FFTAB-78-010 - Importadora MC<\/title>\n<meta name=\"robots\" content=\"index, follow, max-snippet:-1, max-image-preview:large, max-video-preview:-1\" \/>\n<link rel=\"canonical\" href=\"https:\/\/importadoramc.cl\/distribucion\/producto\/guantes-mechanix-fastfit-multicam-lg-fftab-78-010\/\" \/>\n<meta property=\"og:locale\" content=\"es_ES\" \/>\n<meta property=\"og:type\" content=\"article\" \/>\n<meta property=\"og:title\" content=\"Guantes Mechanix FastFit Multicam LG FFTAB-78-010 - Importadora MC\" \/>\n<meta property=\"og:description\" content=\"La pr\u00f3xima generaci\u00f3n de guantes t\u00e1cticos FastFit\u00ae est\u00e1 aqu\u00ed. Toma el control con su cuero sint\u00e9tico de alta destreza de 0,6 mm y mantente conectado gracias a su tecnolog\u00eda de compatibilidad total con pantallas t\u00e1ctiles en la palma. FastFit\u00ae ofrece...\" \/>\n<meta property=\"og:url\" content=\"https:\/\/importadoramc.cl\/distribucion\/producto\/guantes-mechanix-fastfit-multicam-lg-fftab-78-010\/\" \/>\n<meta property=\"og:site_name\" content=\"Importadora MC\" \/>\n<meta property=\"article:modified_time\" content=\"2026-03-30T13:28:19+00:00\" \/>\n<meta property=\"og:image\" content=\"https:\/\/importadoramc.cl\/distribucion\/wp-content\/uploads\/2025\/02\/FFTAB-78-010.jpg\" \/>\n\t<meta property=\"og:image:width\" content=\"2000\" \/>\n\t<meta property=\"og:image:height\" content=\"2000\" \/>\n\t<meta property=\"og:image:type\" content=\"image\/jpeg\" \/>\n<meta name=\"twitter:card\" content=\"summary_large_image\" \/>\n<meta name=\"twitter:label1\" content=\"Tiempo estimado de lectura\" \/>\n\t<meta name=\"twitter:data1\" content=\"1 minuto\" \/>\n<script type=\"application\/ld+json\" class=\"yoast-schema-graph\">{\"@context\":\"https:\/\/schema.org\",\"@graph\":[{\"@type\":\"WebPage\",\"@id\":\"https:\/\/importadoramc.cl\/distribucion\/producto\/guantes-mechanix-fastfit-multicam-lg-fftab-78-010\/\",\"url\":\"https:\/\/importadoramc.cl\/distribucion\/producto\/guantes-mechanix-fastfit-multicam-lg-fftab-78-010\/\",\"name\":\"Guantes Mechanix FastFit Multicam LG FFTAB-78-010 - Importadora MC\",\"isPartOf\":{\"@id\":\"https:\/\/importadoramc.cl\/distribucion\/#website\"},\"primaryImageOfPage\":{\"@id\":\"https:\/\/importadoramc.cl\/distribucion\/producto\/guantes-mechanix-fastfit-multicam-lg-fftab-78-010\/#primaryimage\"},\"image\":{\"@id\":\"https:\/\/importadoramc.cl\/distribucion\/producto\/guantes-mechanix-fastfit-multicam-lg-fftab-78-010\/#primaryimage\"},\"thumbnailUrl\":\"https:\/\/importadoramc.cl\/distribucion\/wp-content\/uploads\/2025\/02\/FFTAB-78-010.jpg\",\"datePublished\":\"2025-02-25T17:45:55+00:00\",\"dateModified\":\"2026-03-30T13:28:19+00:00\",\"breadcrumb\":{\"@id\":\"https:\/\/importadoramc.cl\/distribucion\/producto\/guantes-mechanix-fastfit-multicam-lg-fftab-78-010\/#breadcrumb\"},\"inLanguage\":\"es-CL\",\"potentialAction\":[{\"@type\":\"ReadAction\",\"target\":[\"https:\/\/importadoramc.cl\/distribucion\/producto\/guantes-mechanix-fastfit-multicam-lg-fftab-78-010\/\"]}]},{\"@type\":\"ImageObject\",\"inLanguage\":\"es-CL\",\"@id\":\"https:\/\/importadoramc.cl\/distribucion\/producto\/guantes-mechanix-fastfit-multicam-lg-fftab-78-010\/#primaryimage\",\"url\":\"https:\/\/importadoramc.cl\/distribucion\/wp-content\/uploads\/2025\/02\/FFTAB-78-010.jpg\",\"contentUrl\":\"https:\/\/importadoramc.cl\/distribucion\/wp-content\/uploads\/2025\/02\/FFTAB-78-010.jpg\",\"width\":2000,\"height\":2000},{\"@type\":\"BreadcrumbList\",\"@id\":\"https:\/\/importadoramc.cl\/distribucion\/producto\/guantes-mechanix-fastfit-multicam-lg-fftab-78-010\/#breadcrumb\",\"itemListElement\":[{\"@type\":\"ListItem\",\"position\":1,\"name\":\"Portada\",\"item\":\"https:\/\/importadoramc.cl\/distribucion\/\"},{\"@type\":\"ListItem\",\"position\":2,\"name\":\"Productos\",\"item\":\"https:\/\/importadoramc.cl\/distribucion\/productos\/\"},{\"@type\":\"ListItem\",\"position\":3,\"name\":\"Guantes Mechanix FastFit Multicam LG FFTAB-78-010\"}]},{\"@type\":\"WebSite\",\"@id\":\"https:\/\/importadoramc.cl\/distribucion\/#website\",\"url\":\"https:\/\/importadoramc.cl\/distribucion\/\",\"name\":\"Importadora MC\",\"description\":\"\",\"publisher\":{\"@id\":\"https:\/\/importadoramc.cl\/distribucion\/#organization\"},\"potentialAction\":[{\"@type\":\"SearchAction\",\"target\":{\"@type\":\"EntryPoint\",\"urlTemplate\":\"https:\/\/importadoramc.cl\/distribucion\/?s={search_term_string}\"},\"query-input\":{\"@type\":\"PropertyValueSpecification\",\"valueRequired\":true,\"valueName\":\"search_term_string\"}}],\"inLanguage\":\"es-CL\"},{\"@type\":\"Organization\",\"@id\":\"https:\/\/importadoramc.cl\/distribucion\/#organization\",\"name\":\"Importadora MC\",\"url\":\"https:\/\/importadoramc.cl\/distribucion\/\",\"logo\":{\"@type\":\"ImageObject\",\"inLanguage\":\"es-CL\",\"@id\":\"https:\/\/importadoramc.cl\/distribucion\/#\/schema\/logo\/image\/\",\"url\":\"https:\/\/importadoramc.cl\/distribucion\/wp-content\/uploads\/2025\/04\/VECTORIZACION-DE-LOGO-IMPORTADORA-1.jpg\",\"contentUrl\":\"https:\/\/importadoramc.cl\/distribucion\/wp-content\/uploads\/2025\/04\/VECTORIZACION-DE-LOGO-IMPORTADORA-1.jpg\",\"width\":2559,\"height\":2513,\"caption\":\"Importadora MC\"},\"image\":{\"@id\":\"https:\/\/importadoramc.cl\/distribucion\/#\/schema\/logo\/image\/\"},\"sameAs\":[\"https:\/\/www.linkedin.com\/company\/importadora-mc-cl\/\"]}]}<\/script>\n<!-- \/ Yoast SEO plugin. -->","yoast_head_json":{"title":"Guantes Mechanix FastFit Multicam LG FFTAB-78-010 - Importadora MC","robots":{"index":"index","follow":"follow","max-snippet":"max-snippet:-1","max-image-preview":"max-image-preview:large","max-video-preview":"max-video-preview:-1"},"canonical":"https:\/\/importadoramc.cl\/distribucion\/producto\/guantes-mechanix-fastfit-multicam-lg-fftab-78-010\/","og_locale":"es_ES","og_type":"article","og_title":"Guantes Mechanix FastFit Multicam LG FFTAB-78-010 - Importadora MC","og_description":"La pr\u00f3xima generaci\u00f3n de guantes t\u00e1cticos FastFit\u00ae est\u00e1 aqu\u00ed. Toma el control con su cuero sint\u00e9tico de alta destreza de 0,6 mm y mantente conectado gracias a su tecnolog\u00eda de compatibilidad total con pantallas t\u00e1ctiles en la palma. FastFit\u00ae ofrece...","og_url":"https:\/\/importadoramc.cl\/distribucion\/producto\/guantes-mechanix-fastfit-multicam-lg-fftab-78-010\/","og_site_name":"Importadora MC","article_modified_time":"2026-03-30T13:28:19+00:00","og_image":[{"width":2000,"height":2000,"url":"https:\/\/importadoramc.cl\/distribucion\/wp-content\/uploads\/2025\/02\/FFTAB-78-010.jpg","type":"image\/jpeg"}],"twitter_card":"summary_large_image","twitter_misc":{"Tiempo estimado de lectura":"1 minuto"},"schema":{"@context":"https:\/\/schema.org","@graph":[{"@type":"WebPage","@id":"https:\/\/importadoramc.cl\/distribucion\/producto\/guantes-mechanix-fastfit-multicam-lg-fftab-78-010\/","url":"https:\/\/importadoramc.cl\/distribucion\/producto\/guantes-mechanix-fastfit-multicam-lg-fftab-78-010\/","name":"Guantes Mechanix FastFit Multicam LG FFTAB-78-010 - Importadora MC","isPartOf":{"@id":"https:\/\/importadoramc.cl\/distribucion\/#website"},"primaryImageOfPage":{"@id":"https:\/\/importadoramc.cl\/distribucion\/producto\/guantes-mechanix-fastfit-multicam-lg-fftab-78-010\/#primaryimage"},"image":{"@id":"https:\/\/importadoramc.cl\/distribucion\/producto\/guantes-mechanix-fastfit-multicam-lg-fftab-78-010\/#primaryimage"},"thumbnailUrl":"https:\/\/importadoramc.cl\/distribucion\/wp-content\/uploads\/2025\/02\/FFTAB-78-010.jpg","datePublished":"2025-02-25T17:45:55+00:00","dateModified":"2026-03-30T13:28:19+00:00","breadcrumb":{"@id":"https:\/\/importadoramc.cl\/distribucion\/producto\/guantes-mechanix-fastfit-multicam-lg-fftab-78-010\/#breadcrumb"},"inLanguage":"es-CL","potentialAction":[{"@type":"ReadAction","target":["https:\/\/importadoramc.cl\/distribucion\/producto\/guantes-mechanix-fastfit-multicam-lg-fftab-78-010\/"]}]},{"@type":"ImageObject","inLanguage":"es-CL","@id":"https:\/\/importadoramc.cl\/distribucion\/producto\/guantes-mechanix-fastfit-multicam-lg-fftab-78-010\/#primaryimage","url":"https:\/\/importadoramc.cl\/distribucion\/wp-content\/uploads\/2025\/02\/FFTAB-78-010.jpg","contentUrl":"https:\/\/importadoramc.cl\/distribucion\/wp-content\/uploads\/2025\/02\/FFTAB-78-010.jpg","width":2000,"height":2000},{"@type":"BreadcrumbList","@id":"https:\/\/importadoramc.cl\/distribucion\/producto\/guantes-mechanix-fastfit-multicam-lg-fftab-78-010\/#breadcrumb","itemListElement":[{"@type":"ListItem","position":1,"name":"Portada","item":"https:\/\/importadoramc.cl\/distribucion\/"},{"@type":"ListItem","position":2,"name":"Productos","item":"https:\/\/importadoramc.cl\/distribucion\/productos\/"},{"@type":"ListItem","position":3,"name":"Guantes Mechanix FastFit Multicam LG FFTAB-78-010"}]},{"@type":"WebSite","@id":"https:\/\/importadoramc.cl\/distribucion\/#website","url":"https:\/\/importadoramc.cl\/distribucion\/","name":"Importadora MC","description":"","publisher":{"@id":"https:\/\/importadoramc.cl\/distribucion\/#organization"},"potentialAction":[{"@type":"SearchAction","target":{"@type":"EntryPoint","urlTemplate":"https:\/\/importadoramc.cl\/distribucion\/?s={search_term_string}"},"query-input":{"@type":"PropertyValueSpecification","valueRequired":true,"valueName":"search_term_string"}}],"inLanguage":"es-CL"},{"@type":"Organization","@id":"https:\/\/importadoramc.cl\/distribucion\/#organization","name":"Importadora MC","url":"https:\/\/importadoramc.cl\/distribucion\/","logo":{"@type":"ImageObject","inLanguage":"es-CL","@id":"https:\/\/importadoramc.cl\/distribucion\/#\/schema\/logo\/image\/","url":"https:\/\/importadoramc.cl\/distribucion\/wp-content\/uploads\/2025\/04\/VECTORIZACION-DE-LOGO-IMPORTADORA-1.jpg","contentUrl":"https:\/\/importadoramc.cl\/distribucion\/wp-content\/uploads\/2025\/04\/VECTORIZACION-DE-LOGO-IMPORTADORA-1.jpg","width":2559,"height":2513,"caption":"Importadora MC"},"image":{"@id":"https:\/\/importadoramc.cl\/distribucion\/#\/schema\/logo\/image\/"},"sameAs":["https:\/\/www.linkedin.com\/company\/importadora-mc-cl\/"]}]}},"_links":{"self":[{"href":"https:\/\/importadoramc.cl\/distribucion\/wp-json\/wp\/v2\/product\/2562","targetHints":{"allow":["GET"]}}],"collection":[{"href":"https:\/\/importadoramc.cl\/distribucion\/wp-json\/wp\/v2\/product"}],"about":[{"href":"https:\/\/importadoramc.cl\/distribucion\/wp-json\/wp\/v2\/types\/product"}],"wp:featuredmedia":[{"embeddable":true,"href":"https:\/\/importadoramc.cl\/distribucion\/wp-json\/wp\/v2\/media\/6588"}],"wp:attachment":[{"href":"https:\/\/importadoramc.cl\/distribucion\/wp-json\/wp\/v2\/media?parent=2562"}],"wp:term":[{"taxonomy":"product_brand","embeddable":true,"href":"https:\/\/importadoramc.cl\/distribucion\/wp-json\/wp\/v2\/product_brand?post=2562"},{"taxonomy":"product_cat","embeddable":true,"href":"https:\/\/importadoramc.cl\/distribucion\/wp-json\/wp\/v2\/product_cat?post=2562"},{"taxonomy":"product_tag","embeddable":true,"href":"https:\/\/importadoramc.cl\/distribucion\/wp-json\/wp\/v2\/product_tag?post=2562"}],"curies":[{"name":"wp","href":"https:\/\/api.w.org\/{rel}","templated":true}]}}