{"id":2552,"date":"2025-02-25T14:45:54","date_gmt":"2025-02-25T17:45:54","guid":{"rendered":"https:\/\/importadoramc.cl\/distribucion\/?post_type=product&#038;p=2552"},"modified":"2026-04-17T17:07:02","modified_gmt":"2026-04-17T21:07:02","slug":"guantes-mechanix-m-pact-3-covert-lg-mp3-55-010","status":"publish","type":"product","link":"https:\/\/importadoramc.cl\/distribucion\/producto\/guantes-mechanix-m-pact-3-covert-lg-mp3-55-010\/","title":{"rendered":"Guantes Mechanix M-Pact 3 Covert LG MP3-55-010"},"content":{"rendered":"<div class=\"product-description\">\n<p><strong>El poderoso M-Pact\u00ae 3<\/strong> ofrece protecci\u00f3n total de manos para profesionales militares y de cumplimiento de la ley en el campo.<br \/>\nSu protector de nudillos de caucho termopl\u00e1stico (TPR) de una sola pieza, con dise\u00f1o anat\u00f3mico, est\u00e1 pensado para absorber impactos contundentes en el dorso de la mano y mejorar la movilidad general durante operaciones de alta exigencia.<br \/>\nLos guantes t\u00e1cticos M-Pact\u00ae 3 incorporan refuerzo interno en la punta de los dedos para una resistencia extrema a la abrasi\u00f3n, junto con patrones en relieve que entregan un agarre superior donde m\u00e1s se necesita.<\/p>\n<h5>Caracter\u00edsticas<\/h5>\n<ul>\n<li>Protecci\u00f3n contra impactos de caucho termopl\u00e1stico (TPR) moldeado conforme a la norma EN 13594.<\/li>\n<li>Cierre de mu\u00f1eca de caucho termopl\u00e1stico (TPR) que proporciona un ajuste seguro.<\/li>\n<li>Acolchado de acorde\u00f3n EVA que reduce impactos en pulgar y dedos.<\/li>\n<li>Refuerzo interno en la punta de los dedos para resistencia extrema a la abrasi\u00f3n.<\/li>\n<li>Palma de cuero sint\u00e9tico duradero compatible con pantallas t\u00e1ctiles.<\/li>\n<li>Bucles de nylon para transporte o almacenamiento.<\/li>\n<li>Lavables en lavadora.<\/li>\n<\/ul>\n<h5>Usos previstos<\/h5>\n<ul>\n<li>Militar<\/li>\n<li>Cumplimiento de la ley<\/li>\n<li>B\u00fasqueda y rescate<\/li>\n<li>Operaciones de mantenimiento y reparaci\u00f3n<\/li>\n<\/ul>\n<\/div>\n","protected":false},"excerpt":{"rendered":"<p>El poderoso M-Pact\u00ae 3 ofrece protecci\u00f3n total de manos para profesionales militares y de cumplimiento de la ley en el campo. Su protector de nudillos de caucho termopl\u00e1stico (TPR) de una sola pieza, con dise\u00f1o anat\u00f3mico, est\u00e1 pensado para absorber&#8230;<\/p>\n","protected":false},"featured_media":6615,"template":"","meta":{"_acf_changed":false},"product_brand":[36],"product_cat":[64,17,66],"product_tag":[],"class_list":{"0":"post-2552","1":"product","2":"type-product","3":"status-publish","4":"has-post-thumbnail","6":"product_brand-mechanix","7":"product_cat-equipamiento","8":"product_cat-general","9":"product_cat-guantes","11":"first","12":"outofstock","13":"taxable","14":"shipping-taxable","15":"purchasable","16":"product-type-simple"},"acf":[],"yoast_head":"<!-- This site is optimized with the Yoast SEO plugin v27.2 - https:\/\/yoast.com\/product\/yoast-seo-wordpress\/ -->\n<title>Guantes Mechanix M-Pact 3 Covert LG MP3-55-010 - Importadora MC<\/title>\n<meta name=\"robots\" content=\"index, follow, max-snippet:-1, max-image-preview:large, max-video-preview:-1\" \/>\n<link rel=\"canonical\" href=\"https:\/\/importadoramc.cl\/distribucion\/producto\/guantes-mechanix-m-pact-3-covert-lg-mp3-55-010\/\" \/>\n<meta property=\"og:locale\" content=\"es_ES\" \/>\n<meta property=\"og:type\" content=\"article\" \/>\n<meta property=\"og:title\" content=\"Guantes Mechanix M-Pact 3 Covert LG MP3-55-010 - Importadora MC\" \/>\n<meta property=\"og:description\" content=\"El poderoso M-Pact\u00ae 3 ofrece protecci\u00f3n total de manos para profesionales militares y de cumplimiento de la ley en el campo. Su protector de nudillos de caucho termopl\u00e1stico (TPR) de una sola pieza, con dise\u00f1o anat\u00f3mico, est\u00e1 pensado para absorber...\" \/>\n<meta property=\"og:url\" content=\"https:\/\/importadoramc.cl\/distribucion\/producto\/guantes-mechanix-m-pact-3-covert-lg-mp3-55-010\/\" \/>\n<meta property=\"og:site_name\" content=\"Importadora MC\" \/>\n<meta property=\"article:modified_time\" content=\"2026-04-17T21:07:02+00:00\" \/>\n<meta property=\"og:image\" content=\"https:\/\/importadoramc.cl\/distribucion\/wp-content\/uploads\/2025\/02\/M-Pack-3-Covert-Talla-M-MP3-55-009.jpg\" \/>\n\t<meta property=\"og:image:width\" content=\"2000\" \/>\n\t<meta property=\"og:image:height\" content=\"2000\" \/>\n\t<meta property=\"og:image:type\" content=\"image\/jpeg\" \/>\n<meta name=\"twitter:card\" content=\"summary_large_image\" \/>\n<meta name=\"twitter:label1\" content=\"Tiempo estimado de lectura\" \/>\n\t<meta name=\"twitter:data1\" content=\"2 minutos\" \/>\n<script type=\"application\/ld+json\" class=\"yoast-schema-graph\">{\"@context\":\"https:\/\/schema.org\",\"@graph\":[{\"@type\":\"WebPage\",\"@id\":\"https:\/\/importadoramc.cl\/distribucion\/producto\/guantes-mechanix-m-pact-3-covert-lg-mp3-55-010\/\",\"url\":\"https:\/\/importadoramc.cl\/distribucion\/producto\/guantes-mechanix-m-pact-3-covert-lg-mp3-55-010\/\",\"name\":\"Guantes Mechanix M-Pact 3 Covert LG MP3-55-010 - Importadora MC\",\"isPartOf\":{\"@id\":\"https:\/\/importadoramc.cl\/distribucion\/#website\"},\"primaryImageOfPage\":{\"@id\":\"https:\/\/importadoramc.cl\/distribucion\/producto\/guantes-mechanix-m-pact-3-covert-lg-mp3-55-010\/#primaryimage\"},\"image\":{\"@id\":\"https:\/\/importadoramc.cl\/distribucion\/producto\/guantes-mechanix-m-pact-3-covert-lg-mp3-55-010\/#primaryimage\"},\"thumbnailUrl\":\"https:\/\/importadoramc.cl\/distribucion\/wp-content\/uploads\/2025\/02\/M-Pack-3-Covert-Talla-M-MP3-55-009.jpg\",\"datePublished\":\"2025-02-25T17:45:54+00:00\",\"dateModified\":\"2026-04-17T21:07:02+00:00\",\"breadcrumb\":{\"@id\":\"https:\/\/importadoramc.cl\/distribucion\/producto\/guantes-mechanix-m-pact-3-covert-lg-mp3-55-010\/#breadcrumb\"},\"inLanguage\":\"es-CL\",\"potentialAction\":[{\"@type\":\"ReadAction\",\"target\":[\"https:\/\/importadoramc.cl\/distribucion\/producto\/guantes-mechanix-m-pact-3-covert-lg-mp3-55-010\/\"]}]},{\"@type\":\"ImageObject\",\"inLanguage\":\"es-CL\",\"@id\":\"https:\/\/importadoramc.cl\/distribucion\/producto\/guantes-mechanix-m-pact-3-covert-lg-mp3-55-010\/#primaryimage\",\"url\":\"https:\/\/importadoramc.cl\/distribucion\/wp-content\/uploads\/2025\/02\/M-Pack-3-Covert-Talla-M-MP3-55-009.jpg\",\"contentUrl\":\"https:\/\/importadoramc.cl\/distribucion\/wp-content\/uploads\/2025\/02\/M-Pack-3-Covert-Talla-M-MP3-55-009.jpg\",\"width\":2000,\"height\":2000},{\"@type\":\"BreadcrumbList\",\"@id\":\"https:\/\/importadoramc.cl\/distribucion\/producto\/guantes-mechanix-m-pact-3-covert-lg-mp3-55-010\/#breadcrumb\",\"itemListElement\":[{\"@type\":\"ListItem\",\"position\":1,\"name\":\"Portada\",\"item\":\"https:\/\/importadoramc.cl\/distribucion\/\"},{\"@type\":\"ListItem\",\"position\":2,\"name\":\"Productos\",\"item\":\"https:\/\/importadoramc.cl\/distribucion\/productos\/\"},{\"@type\":\"ListItem\",\"position\":3,\"name\":\"Guantes Mechanix M-Pact 3 Covert LG MP3-55-010\"}]},{\"@type\":\"WebSite\",\"@id\":\"https:\/\/importadoramc.cl\/distribucion\/#website\",\"url\":\"https:\/\/importadoramc.cl\/distribucion\/\",\"name\":\"Importadora MC\",\"description\":\"\",\"publisher\":{\"@id\":\"https:\/\/importadoramc.cl\/distribucion\/#organization\"},\"potentialAction\":[{\"@type\":\"SearchAction\",\"target\":{\"@type\":\"EntryPoint\",\"urlTemplate\":\"https:\/\/importadoramc.cl\/distribucion\/?s={search_term_string}\"},\"query-input\":{\"@type\":\"PropertyValueSpecification\",\"valueRequired\":true,\"valueName\":\"search_term_string\"}}],\"inLanguage\":\"es-CL\"},{\"@type\":\"Organization\",\"@id\":\"https:\/\/importadoramc.cl\/distribucion\/#organization\",\"name\":\"Importadora MC\",\"url\":\"https:\/\/importadoramc.cl\/distribucion\/\",\"logo\":{\"@type\":\"ImageObject\",\"inLanguage\":\"es-CL\",\"@id\":\"https:\/\/importadoramc.cl\/distribucion\/#\/schema\/logo\/image\/\",\"url\":\"https:\/\/importadoramc.cl\/distribucion\/wp-content\/uploads\/2025\/04\/VECTORIZACION-DE-LOGO-IMPORTADORA-1.jpg\",\"contentUrl\":\"https:\/\/importadoramc.cl\/distribucion\/wp-content\/uploads\/2025\/04\/VECTORIZACION-DE-LOGO-IMPORTADORA-1.jpg\",\"width\":2559,\"height\":2513,\"caption\":\"Importadora MC\"},\"image\":{\"@id\":\"https:\/\/importadoramc.cl\/distribucion\/#\/schema\/logo\/image\/\"},\"sameAs\":[\"https:\/\/www.linkedin.com\/company\/importadora-mc-cl\/\"]}]}<\/script>\n<!-- \/ Yoast SEO plugin. -->","yoast_head_json":{"title":"Guantes Mechanix M-Pact 3 Covert LG MP3-55-010 - Importadora MC","robots":{"index":"index","follow":"follow","max-snippet":"max-snippet:-1","max-image-preview":"max-image-preview:large","max-video-preview":"max-video-preview:-1"},"canonical":"https:\/\/importadoramc.cl\/distribucion\/producto\/guantes-mechanix-m-pact-3-covert-lg-mp3-55-010\/","og_locale":"es_ES","og_type":"article","og_title":"Guantes Mechanix M-Pact 3 Covert LG MP3-55-010 - Importadora MC","og_description":"El poderoso M-Pact\u00ae 3 ofrece protecci\u00f3n total de manos para profesionales militares y de cumplimiento de la ley en el campo. Su protector de nudillos de caucho termopl\u00e1stico (TPR) de una sola pieza, con dise\u00f1o anat\u00f3mico, est\u00e1 pensado para absorber...","og_url":"https:\/\/importadoramc.cl\/distribucion\/producto\/guantes-mechanix-m-pact-3-covert-lg-mp3-55-010\/","og_site_name":"Importadora MC","article_modified_time":"2026-04-17T21:07:02+00:00","og_image":[{"width":2000,"height":2000,"url":"https:\/\/importadoramc.cl\/distribucion\/wp-content\/uploads\/2025\/02\/M-Pack-3-Covert-Talla-M-MP3-55-009.jpg","type":"image\/jpeg"}],"twitter_card":"summary_large_image","twitter_misc":{"Tiempo estimado de lectura":"2 minutos"},"schema":{"@context":"https:\/\/schema.org","@graph":[{"@type":"WebPage","@id":"https:\/\/importadoramc.cl\/distribucion\/producto\/guantes-mechanix-m-pact-3-covert-lg-mp3-55-010\/","url":"https:\/\/importadoramc.cl\/distribucion\/producto\/guantes-mechanix-m-pact-3-covert-lg-mp3-55-010\/","name":"Guantes Mechanix M-Pact 3 Covert LG MP3-55-010 - Importadora MC","isPartOf":{"@id":"https:\/\/importadoramc.cl\/distribucion\/#website"},"primaryImageOfPage":{"@id":"https:\/\/importadoramc.cl\/distribucion\/producto\/guantes-mechanix-m-pact-3-covert-lg-mp3-55-010\/#primaryimage"},"image":{"@id":"https:\/\/importadoramc.cl\/distribucion\/producto\/guantes-mechanix-m-pact-3-covert-lg-mp3-55-010\/#primaryimage"},"thumbnailUrl":"https:\/\/importadoramc.cl\/distribucion\/wp-content\/uploads\/2025\/02\/M-Pack-3-Covert-Talla-M-MP3-55-009.jpg","datePublished":"2025-02-25T17:45:54+00:00","dateModified":"2026-04-17T21:07:02+00:00","breadcrumb":{"@id":"https:\/\/importadoramc.cl\/distribucion\/producto\/guantes-mechanix-m-pact-3-covert-lg-mp3-55-010\/#breadcrumb"},"inLanguage":"es-CL","potentialAction":[{"@type":"ReadAction","target":["https:\/\/importadoramc.cl\/distribucion\/producto\/guantes-mechanix-m-pact-3-covert-lg-mp3-55-010\/"]}]},{"@type":"ImageObject","inLanguage":"es-CL","@id":"https:\/\/importadoramc.cl\/distribucion\/producto\/guantes-mechanix-m-pact-3-covert-lg-mp3-55-010\/#primaryimage","url":"https:\/\/importadoramc.cl\/distribucion\/wp-content\/uploads\/2025\/02\/M-Pack-3-Covert-Talla-M-MP3-55-009.jpg","contentUrl":"https:\/\/importadoramc.cl\/distribucion\/wp-content\/uploads\/2025\/02\/M-Pack-3-Covert-Talla-M-MP3-55-009.jpg","width":2000,"height":2000},{"@type":"BreadcrumbList","@id":"https:\/\/importadoramc.cl\/distribucion\/producto\/guantes-mechanix-m-pact-3-covert-lg-mp3-55-010\/#breadcrumb","itemListElement":[{"@type":"ListItem","position":1,"name":"Portada","item":"https:\/\/importadoramc.cl\/distribucion\/"},{"@type":"ListItem","position":2,"name":"Productos","item":"https:\/\/importadoramc.cl\/distribucion\/productos\/"},{"@type":"ListItem","position":3,"name":"Guantes Mechanix M-Pact 3 Covert LG MP3-55-010"}]},{"@type":"WebSite","@id":"https:\/\/importadoramc.cl\/distribucion\/#website","url":"https:\/\/importadoramc.cl\/distribucion\/","name":"Importadora MC","description":"","publisher":{"@id":"https:\/\/importadoramc.cl\/distribucion\/#organization"},"potentialAction":[{"@type":"SearchAction","target":{"@type":"EntryPoint","urlTemplate":"https:\/\/importadoramc.cl\/distribucion\/?s={search_term_string}"},"query-input":{"@type":"PropertyValueSpecification","valueRequired":true,"valueName":"search_term_string"}}],"inLanguage":"es-CL"},{"@type":"Organization","@id":"https:\/\/importadoramc.cl\/distribucion\/#organization","name":"Importadora MC","url":"https:\/\/importadoramc.cl\/distribucion\/","logo":{"@type":"ImageObject","inLanguage":"es-CL","@id":"https:\/\/importadoramc.cl\/distribucion\/#\/schema\/logo\/image\/","url":"https:\/\/importadoramc.cl\/distribucion\/wp-content\/uploads\/2025\/04\/VECTORIZACION-DE-LOGO-IMPORTADORA-1.jpg","contentUrl":"https:\/\/importadoramc.cl\/distribucion\/wp-content\/uploads\/2025\/04\/VECTORIZACION-DE-LOGO-IMPORTADORA-1.jpg","width":2559,"height":2513,"caption":"Importadora MC"},"image":{"@id":"https:\/\/importadoramc.cl\/distribucion\/#\/schema\/logo\/image\/"},"sameAs":["https:\/\/www.linkedin.com\/company\/importadora-mc-cl\/"]}]}},"_links":{"self":[{"href":"https:\/\/importadoramc.cl\/distribucion\/wp-json\/wp\/v2\/product\/2552","targetHints":{"allow":["GET"]}}],"collection":[{"href":"https:\/\/importadoramc.cl\/distribucion\/wp-json\/wp\/v2\/product"}],"about":[{"href":"https:\/\/importadoramc.cl\/distribucion\/wp-json\/wp\/v2\/types\/product"}],"wp:featuredmedia":[{"embeddable":true,"href":"https:\/\/importadoramc.cl\/distribucion\/wp-json\/wp\/v2\/media\/6615"}],"wp:attachment":[{"href":"https:\/\/importadoramc.cl\/distribucion\/wp-json\/wp\/v2\/media?parent=2552"}],"wp:term":[{"taxonomy":"product_brand","embeddable":true,"href":"https:\/\/importadoramc.cl\/distribucion\/wp-json\/wp\/v2\/product_brand?post=2552"},{"taxonomy":"product_cat","embeddable":true,"href":"https:\/\/importadoramc.cl\/distribucion\/wp-json\/wp\/v2\/product_cat?post=2552"},{"taxonomy":"product_tag","embeddable":true,"href":"https:\/\/importadoramc.cl\/distribucion\/wp-json\/wp\/v2\/product_tag?post=2552"}],"curies":[{"name":"wp","href":"https:\/\/api.w.org\/{rel}","templated":true}]}}