{"id":2547,"date":"2025-02-25T14:45:54","date_gmt":"2025-02-25T17:45:54","guid":{"rendered":"https:\/\/importadoramc.cl\/distribucion\/?post_type=product&#038;p=2547"},"modified":"2025-07-03T11:30:28","modified_gmt":"2025-07-03T15:30:28","slug":"guantes-mechanix-m-pact-covert-sm-mpt-55-008","status":"publish","type":"product","link":"https:\/\/importadoramc.cl\/distribucion\/producto\/guantes-mechanix-m-pact-covert-sm-mpt-55-008\/","title":{"rendered":"Guantes Mechanix M-Pact Covert SM MPT-55-008"},"content":{"rendered":"<ul data-start=\"78\" data-end=\"713\">\n<li data-start=\"78\" data-end=\"171\">Protecci\u00f3n contra impactos con caucho termopl\u00e1stico (TPR) que cumple con la norma EN 13594.<\/li>\n<li data-start=\"172\" data-end=\"239\">Goma termopl\u00e1stica (TPR) con protecci\u00f3n en la punta de los dedos.<\/li>\n<li data-start=\"240\" data-end=\"319\">El cierre de caucho termopl\u00e1stico (TPR) asegura un ajuste firme en la mu\u00f1eca.<\/li>\n<li data-start=\"320\" data-end=\"384\">El transpirable TrekDry\u00ae mantiene tus manos frescas y c\u00f3modas.<\/li>\n<li data-start=\"385\" data-end=\"415\">Refuerzo de palma Armortex\u00ae.<\/li>\n<li data-start=\"416\" data-end=\"504\">El refuerzo interno en la punta de los dedos ofrece resistencia extrema a la abrasi\u00f3n.<\/li>\n<li data-start=\"505\" data-end=\"577\">Palma de cuero sint\u00e9tico duradero con tecnolog\u00eda para pantalla t\u00e1ctil.<\/li>\n<li data-start=\"578\" data-end=\"644\">El acolchado en la palma D3O\u00ae absorbe el impacto y la vibraci\u00f3n.<\/li>\n<li data-start=\"645\" data-end=\"692\">Bucles de nylon para un f\u00e1cil almacenamiento.<\/li>\n<li data-start=\"693\" data-end=\"713\">Lavable a m\u00e1quina.<\/li>\n<\/ul>\n<p data-start=\"715\" data-end=\"736\"><strong data-start=\"715\" data-end=\"736\">USOS RECOMENDADOS<\/strong><\/p>\n<ul data-start=\"738\" data-end=\"822\">\n<li data-start=\"738\" data-end=\"749\">Militares<\/li>\n<li data-start=\"750\" data-end=\"776\">Fuerzas de orden p\u00fablico<\/li>\n<li data-start=\"777\" data-end=\"793\">Tiro deportivo<\/li>\n<li data-start=\"794\" data-end=\"822\">Reparaci\u00f3n y mantenimiento<\/li>\n<\/ul>\n","protected":false},"excerpt":{"rendered":"<p>Protecci\u00f3n contra impactos con caucho termopl\u00e1stico (TPR) que cumple con la norma EN 13594. Goma termopl\u00e1stica (TPR) con protecci\u00f3n en la punta de los dedos. El cierre de caucho termopl\u00e1stico (TPR) asegura un ajuste firme en la mu\u00f1eca. El transpirable&#8230;<\/p>\n","protected":false},"featured_media":4760,"template":"","meta":{"_acf_changed":false},"product_brand":[36],"product_cat":[64,17,66],"product_tag":[],"class_list":{"0":"post-2547","1":"product","2":"type-product","3":"status-publish","4":"has-post-thumbnail","6":"product_brand-mechanix","7":"product_cat-equipamiento","8":"product_cat-general","9":"product_cat-guantes","11":"first","12":"instock","13":"taxable","14":"shipping-taxable","15":"purchasable","16":"product-type-simple"},"acf":[],"yoast_head":"<!-- This site is optimized with the Yoast SEO plugin v27.2 - https:\/\/yoast.com\/product\/yoast-seo-wordpress\/ -->\n<title>Guantes Mechanix M-Pact Covert SM MPT-55-008 - Importadora MC<\/title>\n<meta name=\"robots\" content=\"index, follow, max-snippet:-1, max-image-preview:large, max-video-preview:-1\" \/>\n<link rel=\"canonical\" href=\"https:\/\/importadoramc.cl\/distribucion\/producto\/guantes-mechanix-m-pact-covert-sm-mpt-55-008\/\" \/>\n<meta property=\"og:locale\" content=\"es_ES\" \/>\n<meta property=\"og:type\" content=\"article\" \/>\n<meta property=\"og:title\" content=\"Guantes Mechanix M-Pact Covert SM MPT-55-008 - Importadora MC\" \/>\n<meta property=\"og:description\" content=\"Protecci\u00f3n contra impactos con caucho termopl\u00e1stico (TPR) que cumple con la norma EN 13594. Goma termopl\u00e1stica (TPR) con protecci\u00f3n en la punta de los dedos. El cierre de caucho termopl\u00e1stico (TPR) asegura un ajuste firme en la mu\u00f1eca. El transpirable...\" \/>\n<meta property=\"og:url\" content=\"https:\/\/importadoramc.cl\/distribucion\/producto\/guantes-mechanix-m-pact-covert-sm-mpt-55-008\/\" \/>\n<meta property=\"og:site_name\" content=\"Importadora MC\" \/>\n<meta property=\"article:modified_time\" content=\"2025-07-03T15:30:28+00:00\" \/>\n<meta property=\"og:image\" content=\"https:\/\/importadoramc.cl\/distribucion\/wp-content\/uploads\/2025\/02\/Guantes-Mechanix-M-Pact-Covert-SM-MPT-55-008.png\" \/>\n\t<meta property=\"og:image:width\" content=\"1000\" \/>\n\t<meta property=\"og:image:height\" content=\"1000\" \/>\n\t<meta property=\"og:image:type\" content=\"image\/png\" \/>\n<meta name=\"twitter:card\" content=\"summary_large_image\" \/>\n<meta name=\"twitter:label1\" content=\"Tiempo estimado de lectura\" \/>\n\t<meta name=\"twitter:data1\" content=\"1 minuto\" \/>\n<script type=\"application\/ld+json\" class=\"yoast-schema-graph\">{\"@context\":\"https:\/\/schema.org\",\"@graph\":[{\"@type\":\"WebPage\",\"@id\":\"https:\/\/importadoramc.cl\/distribucion\/producto\/guantes-mechanix-m-pact-covert-sm-mpt-55-008\/\",\"url\":\"https:\/\/importadoramc.cl\/distribucion\/producto\/guantes-mechanix-m-pact-covert-sm-mpt-55-008\/\",\"name\":\"Guantes Mechanix M-Pact Covert SM MPT-55-008 - Importadora MC\",\"isPartOf\":{\"@id\":\"https:\/\/importadoramc.cl\/distribucion\/#website\"},\"primaryImageOfPage\":{\"@id\":\"https:\/\/importadoramc.cl\/distribucion\/producto\/guantes-mechanix-m-pact-covert-sm-mpt-55-008\/#primaryimage\"},\"image\":{\"@id\":\"https:\/\/importadoramc.cl\/distribucion\/producto\/guantes-mechanix-m-pact-covert-sm-mpt-55-008\/#primaryimage\"},\"thumbnailUrl\":\"https:\/\/importadoramc.cl\/distribucion\/wp-content\/uploads\/2025\/02\/Guantes-Mechanix-M-Pact-Covert-SM-MPT-55-008.png\",\"datePublished\":\"2025-02-25T17:45:54+00:00\",\"dateModified\":\"2025-07-03T15:30:28+00:00\",\"breadcrumb\":{\"@id\":\"https:\/\/importadoramc.cl\/distribucion\/producto\/guantes-mechanix-m-pact-covert-sm-mpt-55-008\/#breadcrumb\"},\"inLanguage\":\"es-CL\",\"potentialAction\":[{\"@type\":\"ReadAction\",\"target\":[\"https:\/\/importadoramc.cl\/distribucion\/producto\/guantes-mechanix-m-pact-covert-sm-mpt-55-008\/\"]}]},{\"@type\":\"ImageObject\",\"inLanguage\":\"es-CL\",\"@id\":\"https:\/\/importadoramc.cl\/distribucion\/producto\/guantes-mechanix-m-pact-covert-sm-mpt-55-008\/#primaryimage\",\"url\":\"https:\/\/importadoramc.cl\/distribucion\/wp-content\/uploads\/2025\/02\/Guantes-Mechanix-M-Pact-Covert-SM-MPT-55-008.png\",\"contentUrl\":\"https:\/\/importadoramc.cl\/distribucion\/wp-content\/uploads\/2025\/02\/Guantes-Mechanix-M-Pact-Covert-SM-MPT-55-008.png\",\"width\":1000,\"height\":1000},{\"@type\":\"BreadcrumbList\",\"@id\":\"https:\/\/importadoramc.cl\/distribucion\/producto\/guantes-mechanix-m-pact-covert-sm-mpt-55-008\/#breadcrumb\",\"itemListElement\":[{\"@type\":\"ListItem\",\"position\":1,\"name\":\"Portada\",\"item\":\"https:\/\/importadoramc.cl\/distribucion\/\"},{\"@type\":\"ListItem\",\"position\":2,\"name\":\"Productos\",\"item\":\"https:\/\/importadoramc.cl\/distribucion\/productos\/\"},{\"@type\":\"ListItem\",\"position\":3,\"name\":\"Guantes Mechanix M-Pact Covert SM MPT-55-008\"}]},{\"@type\":\"WebSite\",\"@id\":\"https:\/\/importadoramc.cl\/distribucion\/#website\",\"url\":\"https:\/\/importadoramc.cl\/distribucion\/\",\"name\":\"Importadora MC\",\"description\":\"\",\"publisher\":{\"@id\":\"https:\/\/importadoramc.cl\/distribucion\/#organization\"},\"potentialAction\":[{\"@type\":\"SearchAction\",\"target\":{\"@type\":\"EntryPoint\",\"urlTemplate\":\"https:\/\/importadoramc.cl\/distribucion\/?s={search_term_string}\"},\"query-input\":{\"@type\":\"PropertyValueSpecification\",\"valueRequired\":true,\"valueName\":\"search_term_string\"}}],\"inLanguage\":\"es-CL\"},{\"@type\":\"Organization\",\"@id\":\"https:\/\/importadoramc.cl\/distribucion\/#organization\",\"name\":\"Importadora MC\",\"url\":\"https:\/\/importadoramc.cl\/distribucion\/\",\"logo\":{\"@type\":\"ImageObject\",\"inLanguage\":\"es-CL\",\"@id\":\"https:\/\/importadoramc.cl\/distribucion\/#\/schema\/logo\/image\/\",\"url\":\"https:\/\/importadoramc.cl\/distribucion\/wp-content\/uploads\/2025\/04\/VECTORIZACION-DE-LOGO-IMPORTADORA-1.jpg\",\"contentUrl\":\"https:\/\/importadoramc.cl\/distribucion\/wp-content\/uploads\/2025\/04\/VECTORIZACION-DE-LOGO-IMPORTADORA-1.jpg\",\"width\":2559,\"height\":2513,\"caption\":\"Importadora MC\"},\"image\":{\"@id\":\"https:\/\/importadoramc.cl\/distribucion\/#\/schema\/logo\/image\/\"},\"sameAs\":[\"https:\/\/www.linkedin.com\/company\/importadora-mc-cl\/\"]}]}<\/script>\n<!-- \/ Yoast SEO plugin. -->","yoast_head_json":{"title":"Guantes Mechanix M-Pact Covert SM MPT-55-008 - Importadora MC","robots":{"index":"index","follow":"follow","max-snippet":"max-snippet:-1","max-image-preview":"max-image-preview:large","max-video-preview":"max-video-preview:-1"},"canonical":"https:\/\/importadoramc.cl\/distribucion\/producto\/guantes-mechanix-m-pact-covert-sm-mpt-55-008\/","og_locale":"es_ES","og_type":"article","og_title":"Guantes Mechanix M-Pact Covert SM MPT-55-008 - Importadora MC","og_description":"Protecci\u00f3n contra impactos con caucho termopl\u00e1stico (TPR) que cumple con la norma EN 13594. Goma termopl\u00e1stica (TPR) con protecci\u00f3n en la punta de los dedos. El cierre de caucho termopl\u00e1stico (TPR) asegura un ajuste firme en la mu\u00f1eca. El transpirable...","og_url":"https:\/\/importadoramc.cl\/distribucion\/producto\/guantes-mechanix-m-pact-covert-sm-mpt-55-008\/","og_site_name":"Importadora MC","article_modified_time":"2025-07-03T15:30:28+00:00","og_image":[{"width":1000,"height":1000,"url":"https:\/\/importadoramc.cl\/distribucion\/wp-content\/uploads\/2025\/02\/Guantes-Mechanix-M-Pact-Covert-SM-MPT-55-008.png","type":"image\/png"}],"twitter_card":"summary_large_image","twitter_misc":{"Tiempo estimado de lectura":"1 minuto"},"schema":{"@context":"https:\/\/schema.org","@graph":[{"@type":"WebPage","@id":"https:\/\/importadoramc.cl\/distribucion\/producto\/guantes-mechanix-m-pact-covert-sm-mpt-55-008\/","url":"https:\/\/importadoramc.cl\/distribucion\/producto\/guantes-mechanix-m-pact-covert-sm-mpt-55-008\/","name":"Guantes Mechanix M-Pact Covert SM MPT-55-008 - Importadora MC","isPartOf":{"@id":"https:\/\/importadoramc.cl\/distribucion\/#website"},"primaryImageOfPage":{"@id":"https:\/\/importadoramc.cl\/distribucion\/producto\/guantes-mechanix-m-pact-covert-sm-mpt-55-008\/#primaryimage"},"image":{"@id":"https:\/\/importadoramc.cl\/distribucion\/producto\/guantes-mechanix-m-pact-covert-sm-mpt-55-008\/#primaryimage"},"thumbnailUrl":"https:\/\/importadoramc.cl\/distribucion\/wp-content\/uploads\/2025\/02\/Guantes-Mechanix-M-Pact-Covert-SM-MPT-55-008.png","datePublished":"2025-02-25T17:45:54+00:00","dateModified":"2025-07-03T15:30:28+00:00","breadcrumb":{"@id":"https:\/\/importadoramc.cl\/distribucion\/producto\/guantes-mechanix-m-pact-covert-sm-mpt-55-008\/#breadcrumb"},"inLanguage":"es-CL","potentialAction":[{"@type":"ReadAction","target":["https:\/\/importadoramc.cl\/distribucion\/producto\/guantes-mechanix-m-pact-covert-sm-mpt-55-008\/"]}]},{"@type":"ImageObject","inLanguage":"es-CL","@id":"https:\/\/importadoramc.cl\/distribucion\/producto\/guantes-mechanix-m-pact-covert-sm-mpt-55-008\/#primaryimage","url":"https:\/\/importadoramc.cl\/distribucion\/wp-content\/uploads\/2025\/02\/Guantes-Mechanix-M-Pact-Covert-SM-MPT-55-008.png","contentUrl":"https:\/\/importadoramc.cl\/distribucion\/wp-content\/uploads\/2025\/02\/Guantes-Mechanix-M-Pact-Covert-SM-MPT-55-008.png","width":1000,"height":1000},{"@type":"BreadcrumbList","@id":"https:\/\/importadoramc.cl\/distribucion\/producto\/guantes-mechanix-m-pact-covert-sm-mpt-55-008\/#breadcrumb","itemListElement":[{"@type":"ListItem","position":1,"name":"Portada","item":"https:\/\/importadoramc.cl\/distribucion\/"},{"@type":"ListItem","position":2,"name":"Productos","item":"https:\/\/importadoramc.cl\/distribucion\/productos\/"},{"@type":"ListItem","position":3,"name":"Guantes Mechanix M-Pact Covert SM MPT-55-008"}]},{"@type":"WebSite","@id":"https:\/\/importadoramc.cl\/distribucion\/#website","url":"https:\/\/importadoramc.cl\/distribucion\/","name":"Importadora MC","description":"","publisher":{"@id":"https:\/\/importadoramc.cl\/distribucion\/#organization"},"potentialAction":[{"@type":"SearchAction","target":{"@type":"EntryPoint","urlTemplate":"https:\/\/importadoramc.cl\/distribucion\/?s={search_term_string}"},"query-input":{"@type":"PropertyValueSpecification","valueRequired":true,"valueName":"search_term_string"}}],"inLanguage":"es-CL"},{"@type":"Organization","@id":"https:\/\/importadoramc.cl\/distribucion\/#organization","name":"Importadora MC","url":"https:\/\/importadoramc.cl\/distribucion\/","logo":{"@type":"ImageObject","inLanguage":"es-CL","@id":"https:\/\/importadoramc.cl\/distribucion\/#\/schema\/logo\/image\/","url":"https:\/\/importadoramc.cl\/distribucion\/wp-content\/uploads\/2025\/04\/VECTORIZACION-DE-LOGO-IMPORTADORA-1.jpg","contentUrl":"https:\/\/importadoramc.cl\/distribucion\/wp-content\/uploads\/2025\/04\/VECTORIZACION-DE-LOGO-IMPORTADORA-1.jpg","width":2559,"height":2513,"caption":"Importadora MC"},"image":{"@id":"https:\/\/importadoramc.cl\/distribucion\/#\/schema\/logo\/image\/"},"sameAs":["https:\/\/www.linkedin.com\/company\/importadora-mc-cl\/"]}]}},"_links":{"self":[{"href":"https:\/\/importadoramc.cl\/distribucion\/wp-json\/wp\/v2\/product\/2547","targetHints":{"allow":["GET"]}}],"collection":[{"href":"https:\/\/importadoramc.cl\/distribucion\/wp-json\/wp\/v2\/product"}],"about":[{"href":"https:\/\/importadoramc.cl\/distribucion\/wp-json\/wp\/v2\/types\/product"}],"wp:featuredmedia":[{"embeddable":true,"href":"https:\/\/importadoramc.cl\/distribucion\/wp-json\/wp\/v2\/media\/4760"}],"wp:attachment":[{"href":"https:\/\/importadoramc.cl\/distribucion\/wp-json\/wp\/v2\/media?parent=2547"}],"wp:term":[{"taxonomy":"product_brand","embeddable":true,"href":"https:\/\/importadoramc.cl\/distribucion\/wp-json\/wp\/v2\/product_brand?post=2547"},{"taxonomy":"product_cat","embeddable":true,"href":"https:\/\/importadoramc.cl\/distribucion\/wp-json\/wp\/v2\/product_cat?post=2547"},{"taxonomy":"product_tag","embeddable":true,"href":"https:\/\/importadoramc.cl\/distribucion\/wp-json\/wp\/v2\/product_tag?post=2547"}],"curies":[{"name":"wp","href":"https:\/\/api.w.org\/{rel}","templated":true}]}}