{"id":2544,"date":"2025-02-25T14:45:53","date_gmt":"2025-02-25T17:45:53","guid":{"rendered":"https:\/\/importadoramc.cl\/distribucion\/?post_type=product&#038;p=2544"},"modified":"2026-03-30T10:28:18","modified_gmt":"2026-03-30T13:28:18","slug":"guantes-mechanix-fastfit-covert-md-fftab-55-009","status":"publish","type":"product","link":"https:\/\/importadoramc.cl\/distribucion\/producto\/guantes-mechanix-fastfit-covert-md-fftab-55-009\/","title":{"rendered":"Guantes Mechanix FastFit Covert MD FFTAB-55-009"},"content":{"rendered":"<p data-pm-slice=\"1 1 []\">La nueva generaci\u00f3n de guantes FastFit\u00ae est\u00e1 dise\u00f1ada para ofrecer precisi\u00f3n y rendimiento sobre el terreno. La piel sint\u00e9tica de 0,6 mm de alta destreza proporciona un control inigualable, mientras que su capacidad integral para usar pantallas t\u00e1ctiles te mantendr\u00e1 conectado. El pu\u00f1o de f\u00e1cil colocaci\u00f3n garantiza un ajuste seguro, y los paneles de malla tejida CoolPlus\u00ae reducen la acumulaci\u00f3n de calor para mantener las manos frescas bajo presi\u00f3n.<br \/>\nEl material Ripstop resistente a la abrasi\u00f3n y el robusto panel de neopreno de los nudillos proporcionan durabilidad y protecci\u00f3n, mientras que el acolchado ventilado de la palma absorbe los impactos leves. Con sus puntas de los dedos envueltas con una sola costura para ofrecer mayor nivel de destreza y las resistentes cintas para transportarlos, los FastFit\u00ae sirven para cumplir cualquier misi\u00f3n.<\/p>\n<p><strong>Caracter\u00edsticas<\/strong><\/p>\n<ul>\n<li data-start=\"52\" data-end=\"117\">Dise\u00f1o de pu\u00f1o con envoltura integral, f\u00e1cil de poner y quitar.<\/li>\n<li data-start=\"118\" data-end=\"205\">El dorso de malla tejida CoolPlus\u00ae reduce la acumulaci\u00f3n de calor durante el trabajo.<\/li>\n<li data-start=\"206\" data-end=\"349\">El material Ripstop, resistente a la abrasi\u00f3n, en el dorso de los dedos proporciona una barrera con tratamiento hidr\u00f3fugo y un ajuste c\u00f3modo.<\/li>\n<li data-start=\"350\" data-end=\"470\">El panel de neopreno en los nudillos, ligero y transpirable, amortigua las abrasiones mientras mejora la flexibilidad.<\/li>\n<li data-start=\"471\" data-end=\"620\">El dise\u00f1o de una sola costura en la envoltura de la punta de los dedos elimina los puntos vulnerables de desgaste y mejora el ajuste y la destreza.<\/li>\n<li data-start=\"621\" data-end=\"748\">El dise\u00f1o Lock Ring\u2122 impreso en la articulaci\u00f3n del pulgar envuelve las zonas de mayor desgaste para aumentar la durabilidad.<\/li>\n<li data-start=\"749\" data-end=\"821\">Palma de cuero sint\u00e9tico de 0,6 mm, compatible con pantallas t\u00e1ctiles.<\/li>\n<li data-start=\"822\" data-end=\"906\">El dise\u00f1o de la palma en 2 piezas reduce la concentraci\u00f3n de material en la palma.<\/li>\n<li data-start=\"907\" data-end=\"1048\">El acolchado ventilado en el tal\u00f3n de la palma protege contra los golpes ligeros y las vibraciones, adem\u00e1s de aumentar la transpirabilidad.<\/li>\n<li data-start=\"1049\" data-end=\"1069\">Lavable a m\u00e1quina.<\/li>\n<\/ul>\n","protected":false},"excerpt":{"rendered":"<p>La nueva generaci\u00f3n de guantes FastFit\u00ae est\u00e1 dise\u00f1ada para ofrecer precisi\u00f3n y rendimiento sobre el terreno. La piel sint\u00e9tica de 0,6 mm de alta destreza proporciona un control inigualable, mientras que su capacidad integral para usar pantallas t\u00e1ctiles te mantendr\u00e1&#8230;<\/p>\n","protected":false},"featured_media":2827,"template":"","meta":{"_acf_changed":false},"product_brand":[36],"product_cat":[64,17,66],"product_tag":[],"class_list":{"0":"post-2544","1":"product","2":"type-product","3":"status-publish","4":"has-post-thumbnail","6":"product_brand-mechanix","7":"product_cat-equipamiento","8":"product_cat-general","9":"product_cat-guantes","11":"first","12":"outofstock","13":"taxable","14":"shipping-taxable","15":"purchasable","16":"product-type-simple"},"acf":[],"yoast_head":"<!-- This site is optimized with the Yoast SEO plugin v27.2 - https:\/\/yoast.com\/product\/yoast-seo-wordpress\/ -->\n<title>Guantes Mechanix FastFit Covert MD FFTAB-55-009 - Importadora MC<\/title>\n<meta name=\"robots\" content=\"index, follow, max-snippet:-1, max-image-preview:large, max-video-preview:-1\" \/>\n<link rel=\"canonical\" href=\"https:\/\/importadoramc.cl\/distribucion\/producto\/guantes-mechanix-fastfit-covert-md-fftab-55-009\/\" \/>\n<meta property=\"og:locale\" content=\"es_ES\" \/>\n<meta property=\"og:type\" content=\"article\" \/>\n<meta property=\"og:title\" content=\"Guantes Mechanix FastFit Covert MD FFTAB-55-009 - Importadora MC\" \/>\n<meta property=\"og:description\" content=\"La nueva generaci\u00f3n de guantes FastFit\u00ae est\u00e1 dise\u00f1ada para ofrecer precisi\u00f3n y rendimiento sobre el terreno. La piel sint\u00e9tica de 0,6 mm de alta destreza proporciona un control inigualable, mientras que su capacidad integral para usar pantallas t\u00e1ctiles te mantendr\u00e1...\" \/>\n<meta property=\"og:url\" content=\"https:\/\/importadoramc.cl\/distribucion\/producto\/guantes-mechanix-fastfit-covert-md-fftab-55-009\/\" \/>\n<meta property=\"og:site_name\" content=\"Importadora MC\" \/>\n<meta property=\"article:modified_time\" content=\"2026-03-30T13:28:18+00:00\" \/>\n<meta property=\"og:image\" content=\"https:\/\/importadoramc.cl\/distribucion\/wp-content\/uploads\/2025\/02\/X_0011976.jpg\" \/>\n\t<meta property=\"og:image:width\" content=\"604\" \/>\n\t<meta property=\"og:image:height\" content=\"1024\" \/>\n\t<meta property=\"og:image:type\" content=\"image\/jpeg\" \/>\n<meta name=\"twitter:card\" content=\"summary_large_image\" \/>\n<meta name=\"twitter:label1\" content=\"Tiempo estimado de lectura\" \/>\n\t<meta name=\"twitter:data1\" content=\"2 minutos\" \/>\n<script type=\"application\/ld+json\" class=\"yoast-schema-graph\">{\"@context\":\"https:\/\/schema.org\",\"@graph\":[{\"@type\":\"WebPage\",\"@id\":\"https:\/\/importadoramc.cl\/distribucion\/producto\/guantes-mechanix-fastfit-covert-md-fftab-55-009\/\",\"url\":\"https:\/\/importadoramc.cl\/distribucion\/producto\/guantes-mechanix-fastfit-covert-md-fftab-55-009\/\",\"name\":\"Guantes Mechanix FastFit Covert MD FFTAB-55-009 - Importadora MC\",\"isPartOf\":{\"@id\":\"https:\/\/importadoramc.cl\/distribucion\/#website\"},\"primaryImageOfPage\":{\"@id\":\"https:\/\/importadoramc.cl\/distribucion\/producto\/guantes-mechanix-fastfit-covert-md-fftab-55-009\/#primaryimage\"},\"image\":{\"@id\":\"https:\/\/importadoramc.cl\/distribucion\/producto\/guantes-mechanix-fastfit-covert-md-fftab-55-009\/#primaryimage\"},\"thumbnailUrl\":\"https:\/\/importadoramc.cl\/distribucion\/wp-content\/uploads\/2025\/02\/X_0011976.jpg\",\"datePublished\":\"2025-02-25T17:45:53+00:00\",\"dateModified\":\"2026-03-30T13:28:18+00:00\",\"breadcrumb\":{\"@id\":\"https:\/\/importadoramc.cl\/distribucion\/producto\/guantes-mechanix-fastfit-covert-md-fftab-55-009\/#breadcrumb\"},\"inLanguage\":\"es-CL\",\"potentialAction\":[{\"@type\":\"ReadAction\",\"target\":[\"https:\/\/importadoramc.cl\/distribucion\/producto\/guantes-mechanix-fastfit-covert-md-fftab-55-009\/\"]}]},{\"@type\":\"ImageObject\",\"inLanguage\":\"es-CL\",\"@id\":\"https:\/\/importadoramc.cl\/distribucion\/producto\/guantes-mechanix-fastfit-covert-md-fftab-55-009\/#primaryimage\",\"url\":\"https:\/\/importadoramc.cl\/distribucion\/wp-content\/uploads\/2025\/02\/X_0011976.jpg\",\"contentUrl\":\"https:\/\/importadoramc.cl\/distribucion\/wp-content\/uploads\/2025\/02\/X_0011976.jpg\",\"width\":604,\"height\":1024},{\"@type\":\"BreadcrumbList\",\"@id\":\"https:\/\/importadoramc.cl\/distribucion\/producto\/guantes-mechanix-fastfit-covert-md-fftab-55-009\/#breadcrumb\",\"itemListElement\":[{\"@type\":\"ListItem\",\"position\":1,\"name\":\"Portada\",\"item\":\"https:\/\/importadoramc.cl\/distribucion\/\"},{\"@type\":\"ListItem\",\"position\":2,\"name\":\"Productos\",\"item\":\"https:\/\/importadoramc.cl\/distribucion\/productos\/\"},{\"@type\":\"ListItem\",\"position\":3,\"name\":\"Guantes Mechanix FastFit Covert MD FFTAB-55-009\"}]},{\"@type\":\"WebSite\",\"@id\":\"https:\/\/importadoramc.cl\/distribucion\/#website\",\"url\":\"https:\/\/importadoramc.cl\/distribucion\/\",\"name\":\"Importadora MC\",\"description\":\"\",\"publisher\":{\"@id\":\"https:\/\/importadoramc.cl\/distribucion\/#organization\"},\"potentialAction\":[{\"@type\":\"SearchAction\",\"target\":{\"@type\":\"EntryPoint\",\"urlTemplate\":\"https:\/\/importadoramc.cl\/distribucion\/?s={search_term_string}\"},\"query-input\":{\"@type\":\"PropertyValueSpecification\",\"valueRequired\":true,\"valueName\":\"search_term_string\"}}],\"inLanguage\":\"es-CL\"},{\"@type\":\"Organization\",\"@id\":\"https:\/\/importadoramc.cl\/distribucion\/#organization\",\"name\":\"Importadora MC\",\"url\":\"https:\/\/importadoramc.cl\/distribucion\/\",\"logo\":{\"@type\":\"ImageObject\",\"inLanguage\":\"es-CL\",\"@id\":\"https:\/\/importadoramc.cl\/distribucion\/#\/schema\/logo\/image\/\",\"url\":\"https:\/\/importadoramc.cl\/distribucion\/wp-content\/uploads\/2025\/04\/VECTORIZACION-DE-LOGO-IMPORTADORA-1.jpg\",\"contentUrl\":\"https:\/\/importadoramc.cl\/distribucion\/wp-content\/uploads\/2025\/04\/VECTORIZACION-DE-LOGO-IMPORTADORA-1.jpg\",\"width\":2559,\"height\":2513,\"caption\":\"Importadora MC\"},\"image\":{\"@id\":\"https:\/\/importadoramc.cl\/distribucion\/#\/schema\/logo\/image\/\"},\"sameAs\":[\"https:\/\/www.linkedin.com\/company\/importadora-mc-cl\/\"]}]}<\/script>\n<!-- \/ Yoast SEO plugin. -->","yoast_head_json":{"title":"Guantes Mechanix FastFit Covert MD FFTAB-55-009 - Importadora MC","robots":{"index":"index","follow":"follow","max-snippet":"max-snippet:-1","max-image-preview":"max-image-preview:large","max-video-preview":"max-video-preview:-1"},"canonical":"https:\/\/importadoramc.cl\/distribucion\/producto\/guantes-mechanix-fastfit-covert-md-fftab-55-009\/","og_locale":"es_ES","og_type":"article","og_title":"Guantes Mechanix FastFit Covert MD FFTAB-55-009 - Importadora MC","og_description":"La nueva generaci\u00f3n de guantes FastFit\u00ae est\u00e1 dise\u00f1ada para ofrecer precisi\u00f3n y rendimiento sobre el terreno. La piel sint\u00e9tica de 0,6 mm de alta destreza proporciona un control inigualable, mientras que su capacidad integral para usar pantallas t\u00e1ctiles te mantendr\u00e1...","og_url":"https:\/\/importadoramc.cl\/distribucion\/producto\/guantes-mechanix-fastfit-covert-md-fftab-55-009\/","og_site_name":"Importadora MC","article_modified_time":"2026-03-30T13:28:18+00:00","og_image":[{"width":604,"height":1024,"url":"https:\/\/importadoramc.cl\/distribucion\/wp-content\/uploads\/2025\/02\/X_0011976.jpg","type":"image\/jpeg"}],"twitter_card":"summary_large_image","twitter_misc":{"Tiempo estimado de lectura":"2 minutos"},"schema":{"@context":"https:\/\/schema.org","@graph":[{"@type":"WebPage","@id":"https:\/\/importadoramc.cl\/distribucion\/producto\/guantes-mechanix-fastfit-covert-md-fftab-55-009\/","url":"https:\/\/importadoramc.cl\/distribucion\/producto\/guantes-mechanix-fastfit-covert-md-fftab-55-009\/","name":"Guantes Mechanix FastFit Covert MD FFTAB-55-009 - Importadora MC","isPartOf":{"@id":"https:\/\/importadoramc.cl\/distribucion\/#website"},"primaryImageOfPage":{"@id":"https:\/\/importadoramc.cl\/distribucion\/producto\/guantes-mechanix-fastfit-covert-md-fftab-55-009\/#primaryimage"},"image":{"@id":"https:\/\/importadoramc.cl\/distribucion\/producto\/guantes-mechanix-fastfit-covert-md-fftab-55-009\/#primaryimage"},"thumbnailUrl":"https:\/\/importadoramc.cl\/distribucion\/wp-content\/uploads\/2025\/02\/X_0011976.jpg","datePublished":"2025-02-25T17:45:53+00:00","dateModified":"2026-03-30T13:28:18+00:00","breadcrumb":{"@id":"https:\/\/importadoramc.cl\/distribucion\/producto\/guantes-mechanix-fastfit-covert-md-fftab-55-009\/#breadcrumb"},"inLanguage":"es-CL","potentialAction":[{"@type":"ReadAction","target":["https:\/\/importadoramc.cl\/distribucion\/producto\/guantes-mechanix-fastfit-covert-md-fftab-55-009\/"]}]},{"@type":"ImageObject","inLanguage":"es-CL","@id":"https:\/\/importadoramc.cl\/distribucion\/producto\/guantes-mechanix-fastfit-covert-md-fftab-55-009\/#primaryimage","url":"https:\/\/importadoramc.cl\/distribucion\/wp-content\/uploads\/2025\/02\/X_0011976.jpg","contentUrl":"https:\/\/importadoramc.cl\/distribucion\/wp-content\/uploads\/2025\/02\/X_0011976.jpg","width":604,"height":1024},{"@type":"BreadcrumbList","@id":"https:\/\/importadoramc.cl\/distribucion\/producto\/guantes-mechanix-fastfit-covert-md-fftab-55-009\/#breadcrumb","itemListElement":[{"@type":"ListItem","position":1,"name":"Portada","item":"https:\/\/importadoramc.cl\/distribucion\/"},{"@type":"ListItem","position":2,"name":"Productos","item":"https:\/\/importadoramc.cl\/distribucion\/productos\/"},{"@type":"ListItem","position":3,"name":"Guantes Mechanix FastFit Covert MD FFTAB-55-009"}]},{"@type":"WebSite","@id":"https:\/\/importadoramc.cl\/distribucion\/#website","url":"https:\/\/importadoramc.cl\/distribucion\/","name":"Importadora MC","description":"","publisher":{"@id":"https:\/\/importadoramc.cl\/distribucion\/#organization"},"potentialAction":[{"@type":"SearchAction","target":{"@type":"EntryPoint","urlTemplate":"https:\/\/importadoramc.cl\/distribucion\/?s={search_term_string}"},"query-input":{"@type":"PropertyValueSpecification","valueRequired":true,"valueName":"search_term_string"}}],"inLanguage":"es-CL"},{"@type":"Organization","@id":"https:\/\/importadoramc.cl\/distribucion\/#organization","name":"Importadora MC","url":"https:\/\/importadoramc.cl\/distribucion\/","logo":{"@type":"ImageObject","inLanguage":"es-CL","@id":"https:\/\/importadoramc.cl\/distribucion\/#\/schema\/logo\/image\/","url":"https:\/\/importadoramc.cl\/distribucion\/wp-content\/uploads\/2025\/04\/VECTORIZACION-DE-LOGO-IMPORTADORA-1.jpg","contentUrl":"https:\/\/importadoramc.cl\/distribucion\/wp-content\/uploads\/2025\/04\/VECTORIZACION-DE-LOGO-IMPORTADORA-1.jpg","width":2559,"height":2513,"caption":"Importadora MC"},"image":{"@id":"https:\/\/importadoramc.cl\/distribucion\/#\/schema\/logo\/image\/"},"sameAs":["https:\/\/www.linkedin.com\/company\/importadora-mc-cl\/"]}]}},"_links":{"self":[{"href":"https:\/\/importadoramc.cl\/distribucion\/wp-json\/wp\/v2\/product\/2544","targetHints":{"allow":["GET"]}}],"collection":[{"href":"https:\/\/importadoramc.cl\/distribucion\/wp-json\/wp\/v2\/product"}],"about":[{"href":"https:\/\/importadoramc.cl\/distribucion\/wp-json\/wp\/v2\/types\/product"}],"wp:featuredmedia":[{"embeddable":true,"href":"https:\/\/importadoramc.cl\/distribucion\/wp-json\/wp\/v2\/media\/2827"}],"wp:attachment":[{"href":"https:\/\/importadoramc.cl\/distribucion\/wp-json\/wp\/v2\/media?parent=2544"}],"wp:term":[{"taxonomy":"product_brand","embeddable":true,"href":"https:\/\/importadoramc.cl\/distribucion\/wp-json\/wp\/v2\/product_brand?post=2544"},{"taxonomy":"product_cat","embeddable":true,"href":"https:\/\/importadoramc.cl\/distribucion\/wp-json\/wp\/v2\/product_cat?post=2544"},{"taxonomy":"product_tag","embeddable":true,"href":"https:\/\/importadoramc.cl\/distribucion\/wp-json\/wp\/v2\/product_tag?post=2544"}],"curies":[{"name":"wp","href":"https:\/\/api.w.org\/{rel}","templated":true}]}}