{"id":2530,"date":"2025-02-25T14:45:52","date_gmt":"2025-02-25T17:45:52","guid":{"rendered":"https:\/\/importadoramc.cl\/distribucion\/?post_type=product&#038;p=2530"},"modified":"2026-04-14T15:27:12","modified_gmt":"2026-04-14T19:27:12","slug":"t4e-cal-50-modelo-t4e-tp-50-gen2-blk-50-co2-13-j-6r-2-4066","status":"publish","type":"product","link":"https:\/\/importadoramc.cl\/distribucion\/producto\/t4e-cal-50-modelo-t4e-tp-50-gen2-blk-50-co2-13-j-6r-2-4066\/","title":{"rendered":"T4E cal .50 modelo T4E TP 50 Gen2 BLK .50 CO2 < 13 J 6R #2.4066"},"content":{"rendered":"<p>La pistola t\u00e1ctica (TP) 50 Gen2 es una potente marcadora para defensa, deportes o entrenamiento civil que se destaca por su confiabilidad y alta energ\u00eda inicial. La versi\u00f3n de segunda generaci\u00f3n ha sido optimizada en dise\u00f1o y funci\u00f3n para un rendimiento superior y una disponibilidad operativa.<\/p>\n<p>Las caracter\u00edsticas m\u00e1s importantes de esta actualizaci\u00f3n incluyen una textura de agarre optimizada, una mira de fibra \u00f3ptica de alto contraste y un innovador sistema de perforaci\u00f3n r\u00e1pida sin herramientas con liberaci\u00f3n de presi\u00f3n integrada.<\/p>\n<p>El seguro del gatillo evita disparos accidentales y el riel Picatinny debajo del ca\u00f1\u00f3n puede albergar accesorios adicionales. El T4E TP 50 Gen2 tambi\u00e9n es totalmente compatible con los numerosos accesorios T4E existentes.<\/p>\n<table border=\"1\" cellspacing=\"0\" cellpadding=\"2\">\n<thead>\n<tr>\n<th>Caracter\u00edsticas<\/th>\n<th>Especificaciones<\/th>\n<\/tr>\n<\/thead>\n<tbody>\n<tr>\n<td>Calibre<\/td>\n<td>.50<\/td>\n<\/tr>\n<tr>\n<td>Energ\u00eda<\/td>\n<td>13 J<\/td>\n<\/tr>\n<tr>\n<td>Capacidad<\/td>\n<td>6 Rondas<\/td>\n<\/tr>\n<tr>\n<td>Disparos<\/td>\n<td>12 Rondas<\/td>\n<\/tr>\n<tr>\n<td>C\u00e1psula<\/td>\n<td>CO2 de 12grs<\/td>\n<\/tr>\n<tr>\n<td>Desencadenar<\/td>\n<td>Solo doble acci\u00f3n<\/td>\n<\/tr>\n<tr>\n<td>Seguridad<\/td>\n<td>Seguridad de Gatillo Autom\u00e1tico<\/td>\n<\/tr>\n<tr>\n<td>Longitud<\/td>\n<td>213 mm<\/td>\n<\/tr>\n<tr>\n<td>Peso<\/td>\n<td>682 Grs<\/td>\n<\/tr>\n<\/tbody>\n<\/table>\n","protected":false},"excerpt":{"rendered":"<p>La pistola t\u00e1ctica (TP) 50 Gen2 es una potente marcadora para defensa, deportes o entrenamiento civil que se destaca por su confiabilidad y alta energ\u00eda inicial. La versi\u00f3n de segunda generaci\u00f3n ha sido optimizada en dise\u00f1o y funci\u00f3n para un&#8230;<\/p>\n","protected":false},"featured_media":5847,"template":"","meta":{"_acf_changed":false},"product_brand":[33],"product_cat":[116,17,139],"product_tag":[],"class_list":{"0":"post-2530","1":"product","2":"type-product","3":"status-publish","4":"has-post-thumbnail","6":"product_brand-umarex","7":"product_cat-defensa-personal","8":"product_cat-general","9":"product_cat-marcadora-no-letal","11":"first","12":"instock","13":"taxable","14":"shipping-taxable","15":"purchasable","16":"product-type-simple"},"acf":[],"yoast_head":"<!-- This site is optimized with the Yoast SEO plugin v27.2 - https:\/\/yoast.com\/product\/yoast-seo-wordpress\/ -->\n<title>T4E cal .50 modelo T4E TP 50 Gen2 BLK .50 CO2 &lt; 13 J 6R #2.4066 - Importadora MC<\/title>\n<meta name=\"robots\" content=\"index, follow, max-snippet:-1, max-image-preview:large, max-video-preview:-1\" \/>\n<link rel=\"canonical\" href=\"https:\/\/importadoramc.cl\/distribucion\/producto\/t4e-cal-50-modelo-t4e-tp-50-gen2-blk-50-co2-13-j-6r-2-4066\/\" \/>\n<meta property=\"og:locale\" content=\"es_ES\" \/>\n<meta property=\"og:type\" content=\"article\" \/>\n<meta property=\"og:title\" content=\"T4E cal .50 modelo T4E TP 50 Gen2 BLK .50 CO2 &lt; 13 J 6R #2.4066 - Importadora MC\" \/>\n<meta property=\"og:description\" content=\"La pistola t\u00e1ctica (TP) 50 Gen2 es una potente marcadora para defensa, deportes o entrenamiento civil que se destaca por su confiabilidad y alta energ\u00eda inicial. La versi\u00f3n de segunda generaci\u00f3n ha sido optimizada en dise\u00f1o y funci\u00f3n para un...\" \/>\n<meta property=\"og:url\" content=\"https:\/\/importadoramc.cl\/distribucion\/producto\/t4e-cal-50-modelo-t4e-tp-50-gen2-blk-50-co2-13-j-6r-2-4066\/\" \/>\n<meta property=\"og:site_name\" content=\"Importadora MC\" \/>\n<meta property=\"article:modified_time\" content=\"2026-04-14T19:27:12+00:00\" \/>\n<meta property=\"og:image\" content=\"https:\/\/importadoramc.cl\/distribucion\/wp-content\/uploads\/2025\/02\/T4E-TP-50-Gen-2-3.png\" \/>\n\t<meta property=\"og:image:width\" content=\"1500\" \/>\n\t<meta property=\"og:image:height\" content=\"1500\" \/>\n\t<meta property=\"og:image:type\" content=\"image\/png\" \/>\n<meta name=\"twitter:card\" content=\"summary_large_image\" \/>\n<meta name=\"twitter:label1\" content=\"Tiempo estimado de lectura\" \/>\n\t<meta name=\"twitter:data1\" content=\"1 minuto\" \/>\n<script type=\"application\/ld+json\" class=\"yoast-schema-graph\">{\"@context\":\"https:\/\/schema.org\",\"@graph\":[{\"@type\":\"WebPage\",\"@id\":\"https:\/\/importadoramc.cl\/distribucion\/producto\/t4e-cal-50-modelo-t4e-tp-50-gen2-blk-50-co2-13-j-6r-2-4066\/\",\"url\":\"https:\/\/importadoramc.cl\/distribucion\/producto\/t4e-cal-50-modelo-t4e-tp-50-gen2-blk-50-co2-13-j-6r-2-4066\/\",\"name\":\"T4E cal .50 modelo T4E TP 50 Gen2 BLK .50 CO2 < 13 J 6R #2.4066 - Importadora MC\",\"isPartOf\":{\"@id\":\"https:\/\/importadoramc.cl\/distribucion\/#website\"},\"primaryImageOfPage\":{\"@id\":\"https:\/\/importadoramc.cl\/distribucion\/producto\/t4e-cal-50-modelo-t4e-tp-50-gen2-blk-50-co2-13-j-6r-2-4066\/#primaryimage\"},\"image\":{\"@id\":\"https:\/\/importadoramc.cl\/distribucion\/producto\/t4e-cal-50-modelo-t4e-tp-50-gen2-blk-50-co2-13-j-6r-2-4066\/#primaryimage\"},\"thumbnailUrl\":\"https:\/\/importadoramc.cl\/distribucion\/wp-content\/uploads\/2025\/02\/T4E-TP-50-Gen-2-3.png\",\"datePublished\":\"2025-02-25T17:45:52+00:00\",\"dateModified\":\"2026-04-14T19:27:12+00:00\",\"breadcrumb\":{\"@id\":\"https:\/\/importadoramc.cl\/distribucion\/producto\/t4e-cal-50-modelo-t4e-tp-50-gen2-blk-50-co2-13-j-6r-2-4066\/#breadcrumb\"},\"inLanguage\":\"es-CL\",\"potentialAction\":[{\"@type\":\"ReadAction\",\"target\":[\"https:\/\/importadoramc.cl\/distribucion\/producto\/t4e-cal-50-modelo-t4e-tp-50-gen2-blk-50-co2-13-j-6r-2-4066\/\"]}]},{\"@type\":\"ImageObject\",\"inLanguage\":\"es-CL\",\"@id\":\"https:\/\/importadoramc.cl\/distribucion\/producto\/t4e-cal-50-modelo-t4e-tp-50-gen2-blk-50-co2-13-j-6r-2-4066\/#primaryimage\",\"url\":\"https:\/\/importadoramc.cl\/distribucion\/wp-content\/uploads\/2025\/02\/T4E-TP-50-Gen-2-3.png\",\"contentUrl\":\"https:\/\/importadoramc.cl\/distribucion\/wp-content\/uploads\/2025\/02\/T4E-TP-50-Gen-2-3.png\",\"width\":1500,\"height\":1500},{\"@type\":\"BreadcrumbList\",\"@id\":\"https:\/\/importadoramc.cl\/distribucion\/producto\/t4e-cal-50-modelo-t4e-tp-50-gen2-blk-50-co2-13-j-6r-2-4066\/#breadcrumb\",\"itemListElement\":[{\"@type\":\"ListItem\",\"position\":1,\"name\":\"Portada\",\"item\":\"https:\/\/importadoramc.cl\/distribucion\/\"},{\"@type\":\"ListItem\",\"position\":2,\"name\":\"Productos\",\"item\":\"https:\/\/importadoramc.cl\/distribucion\/productos\/\"},{\"@type\":\"ListItem\",\"position\":3,\"name\":\"T4E cal .50 modelo T4E TP 50 Gen2 BLK .50 CO2 < 13 J 6R #2.4066\"}]},{\"@type\":\"WebSite\",\"@id\":\"https:\/\/importadoramc.cl\/distribucion\/#website\",\"url\":\"https:\/\/importadoramc.cl\/distribucion\/\",\"name\":\"Importadora MC\",\"description\":\"\",\"publisher\":{\"@id\":\"https:\/\/importadoramc.cl\/distribucion\/#organization\"},\"potentialAction\":[{\"@type\":\"SearchAction\",\"target\":{\"@type\":\"EntryPoint\",\"urlTemplate\":\"https:\/\/importadoramc.cl\/distribucion\/?s={search_term_string}\"},\"query-input\":{\"@type\":\"PropertyValueSpecification\",\"valueRequired\":true,\"valueName\":\"search_term_string\"}}],\"inLanguage\":\"es-CL\"},{\"@type\":\"Organization\",\"@id\":\"https:\/\/importadoramc.cl\/distribucion\/#organization\",\"name\":\"Importadora MC\",\"url\":\"https:\/\/importadoramc.cl\/distribucion\/\",\"logo\":{\"@type\":\"ImageObject\",\"inLanguage\":\"es-CL\",\"@id\":\"https:\/\/importadoramc.cl\/distribucion\/#\/schema\/logo\/image\/\",\"url\":\"https:\/\/importadoramc.cl\/distribucion\/wp-content\/uploads\/2025\/04\/VECTORIZACION-DE-LOGO-IMPORTADORA-1.jpg\",\"contentUrl\":\"https:\/\/importadoramc.cl\/distribucion\/wp-content\/uploads\/2025\/04\/VECTORIZACION-DE-LOGO-IMPORTADORA-1.jpg\",\"width\":2559,\"height\":2513,\"caption\":\"Importadora MC\"},\"image\":{\"@id\":\"https:\/\/importadoramc.cl\/distribucion\/#\/schema\/logo\/image\/\"},\"sameAs\":[\"https:\/\/www.linkedin.com\/company\/importadora-mc-cl\/\"]}]}<\/script>\n<!-- \/ Yoast SEO plugin. -->","yoast_head_json":{"title":"T4E cal .50 modelo T4E TP 50 Gen2 BLK .50 CO2 < 13 J 6R #2.4066 - Importadora MC","robots":{"index":"index","follow":"follow","max-snippet":"max-snippet:-1","max-image-preview":"max-image-preview:large","max-video-preview":"max-video-preview:-1"},"canonical":"https:\/\/importadoramc.cl\/distribucion\/producto\/t4e-cal-50-modelo-t4e-tp-50-gen2-blk-50-co2-13-j-6r-2-4066\/","og_locale":"es_ES","og_type":"article","og_title":"T4E cal .50 modelo T4E TP 50 Gen2 BLK .50 CO2 < 13 J 6R #2.4066 - Importadora MC","og_description":"La pistola t\u00e1ctica (TP) 50 Gen2 es una potente marcadora para defensa, deportes o entrenamiento civil que se destaca por su confiabilidad y alta energ\u00eda inicial. La versi\u00f3n de segunda generaci\u00f3n ha sido optimizada en dise\u00f1o y funci\u00f3n para un...","og_url":"https:\/\/importadoramc.cl\/distribucion\/producto\/t4e-cal-50-modelo-t4e-tp-50-gen2-blk-50-co2-13-j-6r-2-4066\/","og_site_name":"Importadora MC","article_modified_time":"2026-04-14T19:27:12+00:00","og_image":[{"width":1500,"height":1500,"url":"https:\/\/importadoramc.cl\/distribucion\/wp-content\/uploads\/2025\/02\/T4E-TP-50-Gen-2-3.png","type":"image\/png"}],"twitter_card":"summary_large_image","twitter_misc":{"Tiempo estimado de lectura":"1 minuto"},"schema":{"@context":"https:\/\/schema.org","@graph":[{"@type":"WebPage","@id":"https:\/\/importadoramc.cl\/distribucion\/producto\/t4e-cal-50-modelo-t4e-tp-50-gen2-blk-50-co2-13-j-6r-2-4066\/","url":"https:\/\/importadoramc.cl\/distribucion\/producto\/t4e-cal-50-modelo-t4e-tp-50-gen2-blk-50-co2-13-j-6r-2-4066\/","name":"T4E cal .50 modelo T4E TP 50 Gen2 BLK .50 CO2 < 13 J 6R #2.4066 - Importadora MC","isPartOf":{"@id":"https:\/\/importadoramc.cl\/distribucion\/#website"},"primaryImageOfPage":{"@id":"https:\/\/importadoramc.cl\/distribucion\/producto\/t4e-cal-50-modelo-t4e-tp-50-gen2-blk-50-co2-13-j-6r-2-4066\/#primaryimage"},"image":{"@id":"https:\/\/importadoramc.cl\/distribucion\/producto\/t4e-cal-50-modelo-t4e-tp-50-gen2-blk-50-co2-13-j-6r-2-4066\/#primaryimage"},"thumbnailUrl":"https:\/\/importadoramc.cl\/distribucion\/wp-content\/uploads\/2025\/02\/T4E-TP-50-Gen-2-3.png","datePublished":"2025-02-25T17:45:52+00:00","dateModified":"2026-04-14T19:27:12+00:00","breadcrumb":{"@id":"https:\/\/importadoramc.cl\/distribucion\/producto\/t4e-cal-50-modelo-t4e-tp-50-gen2-blk-50-co2-13-j-6r-2-4066\/#breadcrumb"},"inLanguage":"es-CL","potentialAction":[{"@type":"ReadAction","target":["https:\/\/importadoramc.cl\/distribucion\/producto\/t4e-cal-50-modelo-t4e-tp-50-gen2-blk-50-co2-13-j-6r-2-4066\/"]}]},{"@type":"ImageObject","inLanguage":"es-CL","@id":"https:\/\/importadoramc.cl\/distribucion\/producto\/t4e-cal-50-modelo-t4e-tp-50-gen2-blk-50-co2-13-j-6r-2-4066\/#primaryimage","url":"https:\/\/importadoramc.cl\/distribucion\/wp-content\/uploads\/2025\/02\/T4E-TP-50-Gen-2-3.png","contentUrl":"https:\/\/importadoramc.cl\/distribucion\/wp-content\/uploads\/2025\/02\/T4E-TP-50-Gen-2-3.png","width":1500,"height":1500},{"@type":"BreadcrumbList","@id":"https:\/\/importadoramc.cl\/distribucion\/producto\/t4e-cal-50-modelo-t4e-tp-50-gen2-blk-50-co2-13-j-6r-2-4066\/#breadcrumb","itemListElement":[{"@type":"ListItem","position":1,"name":"Portada","item":"https:\/\/importadoramc.cl\/distribucion\/"},{"@type":"ListItem","position":2,"name":"Productos","item":"https:\/\/importadoramc.cl\/distribucion\/productos\/"},{"@type":"ListItem","position":3,"name":"T4E cal .50 modelo T4E TP 50 Gen2 BLK .50 CO2 < 13 J 6R #2.4066"}]},{"@type":"WebSite","@id":"https:\/\/importadoramc.cl\/distribucion\/#website","url":"https:\/\/importadoramc.cl\/distribucion\/","name":"Importadora MC","description":"","publisher":{"@id":"https:\/\/importadoramc.cl\/distribucion\/#organization"},"potentialAction":[{"@type":"SearchAction","target":{"@type":"EntryPoint","urlTemplate":"https:\/\/importadoramc.cl\/distribucion\/?s={search_term_string}"},"query-input":{"@type":"PropertyValueSpecification","valueRequired":true,"valueName":"search_term_string"}}],"inLanguage":"es-CL"},{"@type":"Organization","@id":"https:\/\/importadoramc.cl\/distribucion\/#organization","name":"Importadora MC","url":"https:\/\/importadoramc.cl\/distribucion\/","logo":{"@type":"ImageObject","inLanguage":"es-CL","@id":"https:\/\/importadoramc.cl\/distribucion\/#\/schema\/logo\/image\/","url":"https:\/\/importadoramc.cl\/distribucion\/wp-content\/uploads\/2025\/04\/VECTORIZACION-DE-LOGO-IMPORTADORA-1.jpg","contentUrl":"https:\/\/importadoramc.cl\/distribucion\/wp-content\/uploads\/2025\/04\/VECTORIZACION-DE-LOGO-IMPORTADORA-1.jpg","width":2559,"height":2513,"caption":"Importadora MC"},"image":{"@id":"https:\/\/importadoramc.cl\/distribucion\/#\/schema\/logo\/image\/"},"sameAs":["https:\/\/www.linkedin.com\/company\/importadora-mc-cl\/"]}]}},"_links":{"self":[{"href":"https:\/\/importadoramc.cl\/distribucion\/wp-json\/wp\/v2\/product\/2530","targetHints":{"allow":["GET"]}}],"collection":[{"href":"https:\/\/importadoramc.cl\/distribucion\/wp-json\/wp\/v2\/product"}],"about":[{"href":"https:\/\/importadoramc.cl\/distribucion\/wp-json\/wp\/v2\/types\/product"}],"wp:featuredmedia":[{"embeddable":true,"href":"https:\/\/importadoramc.cl\/distribucion\/wp-json\/wp\/v2\/media\/5847"}],"wp:attachment":[{"href":"https:\/\/importadoramc.cl\/distribucion\/wp-json\/wp\/v2\/media?parent=2530"}],"wp:term":[{"taxonomy":"product_brand","embeddable":true,"href":"https:\/\/importadoramc.cl\/distribucion\/wp-json\/wp\/v2\/product_brand?post=2530"},{"taxonomy":"product_cat","embeddable":true,"href":"https:\/\/importadoramc.cl\/distribucion\/wp-json\/wp\/v2\/product_cat?post=2530"},{"taxonomy":"product_tag","embeddable":true,"href":"https:\/\/importadoramc.cl\/distribucion\/wp-json\/wp\/v2\/product_tag?post=2530"}],"curies":[{"name":"wp","href":"https:\/\/api.w.org\/{rel}","templated":true}]}}