{"id":2529,"date":"2025-02-25T14:45:52","date_gmt":"2025-02-25T17:45:52","guid":{"rendered":"https:\/\/importadoramc.cl\/distribucion\/?post_type=product&#038;p=2529"},"modified":"2026-04-14T17:18:11","modified_gmt":"2026-04-14T21:18:11","slug":"t4e-cal-50-modelo-t4e-tr-50-gen2-blk-50-co2-13-j-6r-2-4058","status":"publish","type":"product","link":"https:\/\/importadoramc.cl\/distribucion\/producto\/t4e-cal-50-modelo-t4e-tr-50-gen2-blk-50-co2-13-j-6r-2-4058\/","title":{"rendered":"T4E cal .50 modelo T4E TR 50 Gen2 BLK .50 CO2 < 13 J 6R, #2.4058"},"content":{"rendered":"<p>Las caracter\u00edsticas m\u00e1s importantes de esta actualizaci\u00f3n incluyen una textura de empu\u00f1adura optimizada, una mira de fibra \u00f3ptica de alto contraste y un innovador sistema de perforaci\u00f3n r\u00e1pida sin herramientas con liberaci\u00f3n de presi\u00f3n integrada.<\/p>\n<p>El TR 50 Gen2 tambi\u00e9n se basa en el probado sistema T4E, que ofrece una gran selecci\u00f3n de balas redondas y de precisi\u00f3n del calibre .50 y se alimenta de una c\u00e1psula de CO\u2082 de 12 g. El cargador rotatorio de 6 balas es capaz de alojar balas de precisi\u00f3n de alta precisi\u00f3n y se puede cambiar r\u00e1pidamente. El marco en la zona de la cerradura del cilindro ha sido redise\u00f1ado para un manejo a\u00fan m\u00e1s sencillo. Los elementos funcionales colocados de forma intuitiva y un dise\u00f1o inteligente garantizan un manejo seguro en cualquier situaci\u00f3n.<\/p>\n<table style=\"border-collapse: collapse; border: 1px solid #000; width: 100%; max-width: 600px;\" aria-label=\"Ficha t\u00e9cnica\">\n<caption style=\"caption-side: top; text-align: left; font-weight: bold; padding: 6px 0;\">\u00a0<\/caption>\n<thead>\n<tr>\n<th style=\"border: 1px solid #000; padding: 8px; text-align: left; background: #f5f5f5;\">Caracter\u00edsticas<\/th>\n<th style=\"border: 1px solid #000; padding: 8px; text-align: left; background: #f5f5f5;\">Especificaciones<\/th>\n<\/tr>\n<\/thead>\n<tbody>\n<tr>\n<td style=\"border: 1px solid #000; padding: 8px;\">Calibre<\/td>\n<td style=\"border: 1px solid #000; padding: 8px;\">.50<\/td>\n<\/tr>\n<tr>\n<td style=\"border: 1px solid #000; padding: 8px;\">Energ\u00eda<\/td>\n<td style=\"border: 1px solid #000; padding: 8px;\">13 J<\/td>\n<\/tr>\n<tr>\n<td style=\"border: 1px solid #000; padding: 8px;\">Capacidad<\/td>\n<td style=\"border: 1px solid #000; padding: 8px;\">6 Rondas<\/td>\n<\/tr>\n<tr>\n<td style=\"border: 1px solid #000; padding: 8px;\">Disparos<\/td>\n<td style=\"border: 1px solid #000; padding: 8px;\">12 Rondas<\/td>\n<\/tr>\n<tr>\n<td style=\"border: 1px solid #000; padding: 8px;\">C\u00e1psula<\/td>\n<td style=\"border: 1px solid #000; padding: 8px;\">CO\u2082 de 12grs<\/td>\n<\/tr>\n<tr>\n<td style=\"border: 1px solid #000; padding: 8px;\">Desencadenar<\/td>\n<td style=\"border: 1px solid #000; padding: 8px;\">Solo doble acci\u00f3n<\/td>\n<\/tr>\n<tr>\n<td style=\"border: 1px solid #000; padding: 8px;\">Seguridad<\/td>\n<td style=\"border: 1px solid #000; padding: 8px;\">Seguridad de Gatillo Autom\u00e1tico<\/td>\n<\/tr>\n<tr>\n<td style=\"border: 1px solid #000; padding: 8px;\">Longitud<\/td>\n<td style=\"border: 1px solid #000; padding: 8px;\">250 mm<\/td>\n<\/tr>\n<tr>\n<td style=\"border: 1px solid #000; padding: 8px;\">Peso<\/td>\n<td style=\"border: 1px solid #000; padding: 8px;\">676 Grs<\/td>\n<\/tr>\n<\/tbody>\n<\/table>\n","protected":false},"excerpt":{"rendered":"<p>Las caracter\u00edsticas m\u00e1s importantes de esta actualizaci\u00f3n incluyen una textura de empu\u00f1adura optimizada, una mira de fibra \u00f3ptica de alto contraste y un innovador sistema de perforaci\u00f3n r\u00e1pida sin herramientas con liberaci\u00f3n de presi\u00f3n integrada. El TR 50 Gen2 tambi\u00e9n&#8230;<\/p>\n","protected":false},"featured_media":5852,"template":"","meta":{"_acf_changed":false},"product_brand":[33],"product_cat":[116,17,139],"product_tag":[],"class_list":{"0":"post-2529","1":"product","2":"type-product","3":"status-publish","4":"has-post-thumbnail","6":"product_brand-umarex","7":"product_cat-defensa-personal","8":"product_cat-general","9":"product_cat-marcadora-no-letal","11":"first","12":"instock","13":"taxable","14":"shipping-taxable","15":"purchasable","16":"product-type-simple"},"acf":[],"yoast_head":"<!-- This site is optimized with the Yoast SEO plugin v27.2 - https:\/\/yoast.com\/product\/yoast-seo-wordpress\/ -->\n<title>T4E cal .50 modelo T4E TR 50 Gen2 BLK .50 CO2 &lt; 13 J 6R, #2.4058 - Importadora MC<\/title>\n<meta name=\"robots\" content=\"index, follow, max-snippet:-1, max-image-preview:large, max-video-preview:-1\" \/>\n<link rel=\"canonical\" href=\"https:\/\/importadoramc.cl\/distribucion\/producto\/t4e-cal-50-modelo-t4e-tr-50-gen2-blk-50-co2-13-j-6r-2-4058\/\" \/>\n<meta property=\"og:locale\" content=\"es_ES\" \/>\n<meta property=\"og:type\" content=\"article\" \/>\n<meta property=\"og:title\" content=\"T4E cal .50 modelo T4E TR 50 Gen2 BLK .50 CO2 &lt; 13 J 6R, #2.4058 - Importadora MC\" \/>\n<meta property=\"og:description\" content=\"Las caracter\u00edsticas m\u00e1s importantes de esta actualizaci\u00f3n incluyen una textura de empu\u00f1adura optimizada, una mira de fibra \u00f3ptica de alto contraste y un innovador sistema de perforaci\u00f3n r\u00e1pida sin herramientas con liberaci\u00f3n de presi\u00f3n integrada. El TR 50 Gen2 tambi\u00e9n...\" \/>\n<meta property=\"og:url\" content=\"https:\/\/importadoramc.cl\/distribucion\/producto\/t4e-cal-50-modelo-t4e-tr-50-gen2-blk-50-co2-13-j-6r-2-4058\/\" \/>\n<meta property=\"og:site_name\" content=\"Importadora MC\" \/>\n<meta property=\"article:modified_time\" content=\"2026-04-14T21:18:11+00:00\" \/>\n<meta property=\"og:image\" content=\"https:\/\/importadoramc.cl\/distribucion\/wp-content\/uploads\/2025\/02\/TR50-GEn2-BLK.50.png\" \/>\n\t<meta property=\"og:image:width\" content=\"1500\" \/>\n\t<meta property=\"og:image:height\" content=\"1500\" \/>\n\t<meta property=\"og:image:type\" content=\"image\/png\" \/>\n<meta name=\"twitter:card\" content=\"summary_large_image\" \/>\n<meta name=\"twitter:label1\" content=\"Tiempo estimado de lectura\" \/>\n\t<meta name=\"twitter:data1\" content=\"1 minuto\" \/>\n<script type=\"application\/ld+json\" class=\"yoast-schema-graph\">{\"@context\":\"https:\/\/schema.org\",\"@graph\":[{\"@type\":\"WebPage\",\"@id\":\"https:\/\/importadoramc.cl\/distribucion\/producto\/t4e-cal-50-modelo-t4e-tr-50-gen2-blk-50-co2-13-j-6r-2-4058\/\",\"url\":\"https:\/\/importadoramc.cl\/distribucion\/producto\/t4e-cal-50-modelo-t4e-tr-50-gen2-blk-50-co2-13-j-6r-2-4058\/\",\"name\":\"T4E cal .50 modelo T4E TR 50 Gen2 BLK .50 CO2 < 13 J 6R, #2.4058 - Importadora MC\",\"isPartOf\":{\"@id\":\"https:\/\/importadoramc.cl\/distribucion\/#website\"},\"primaryImageOfPage\":{\"@id\":\"https:\/\/importadoramc.cl\/distribucion\/producto\/t4e-cal-50-modelo-t4e-tr-50-gen2-blk-50-co2-13-j-6r-2-4058\/#primaryimage\"},\"image\":{\"@id\":\"https:\/\/importadoramc.cl\/distribucion\/producto\/t4e-cal-50-modelo-t4e-tr-50-gen2-blk-50-co2-13-j-6r-2-4058\/#primaryimage\"},\"thumbnailUrl\":\"https:\/\/importadoramc.cl\/distribucion\/wp-content\/uploads\/2025\/02\/TR50-GEn2-BLK.50.png\",\"datePublished\":\"2025-02-25T17:45:52+00:00\",\"dateModified\":\"2026-04-14T21:18:11+00:00\",\"breadcrumb\":{\"@id\":\"https:\/\/importadoramc.cl\/distribucion\/producto\/t4e-cal-50-modelo-t4e-tr-50-gen2-blk-50-co2-13-j-6r-2-4058\/#breadcrumb\"},\"inLanguage\":\"es-CL\",\"potentialAction\":[{\"@type\":\"ReadAction\",\"target\":[\"https:\/\/importadoramc.cl\/distribucion\/producto\/t4e-cal-50-modelo-t4e-tr-50-gen2-blk-50-co2-13-j-6r-2-4058\/\"]}]},{\"@type\":\"ImageObject\",\"inLanguage\":\"es-CL\",\"@id\":\"https:\/\/importadoramc.cl\/distribucion\/producto\/t4e-cal-50-modelo-t4e-tr-50-gen2-blk-50-co2-13-j-6r-2-4058\/#primaryimage\",\"url\":\"https:\/\/importadoramc.cl\/distribucion\/wp-content\/uploads\/2025\/02\/TR50-GEn2-BLK.50.png\",\"contentUrl\":\"https:\/\/importadoramc.cl\/distribucion\/wp-content\/uploads\/2025\/02\/TR50-GEn2-BLK.50.png\",\"width\":1500,\"height\":1500},{\"@type\":\"BreadcrumbList\",\"@id\":\"https:\/\/importadoramc.cl\/distribucion\/producto\/t4e-cal-50-modelo-t4e-tr-50-gen2-blk-50-co2-13-j-6r-2-4058\/#breadcrumb\",\"itemListElement\":[{\"@type\":\"ListItem\",\"position\":1,\"name\":\"Portada\",\"item\":\"https:\/\/importadoramc.cl\/distribucion\/\"},{\"@type\":\"ListItem\",\"position\":2,\"name\":\"Productos\",\"item\":\"https:\/\/importadoramc.cl\/distribucion\/productos\/\"},{\"@type\":\"ListItem\",\"position\":3,\"name\":\"T4E cal .50 modelo T4E TR 50 Gen2 BLK .50 CO2 < 13 J 6R, #2.4058\"}]},{\"@type\":\"WebSite\",\"@id\":\"https:\/\/importadoramc.cl\/distribucion\/#website\",\"url\":\"https:\/\/importadoramc.cl\/distribucion\/\",\"name\":\"Importadora MC\",\"description\":\"\",\"publisher\":{\"@id\":\"https:\/\/importadoramc.cl\/distribucion\/#organization\"},\"potentialAction\":[{\"@type\":\"SearchAction\",\"target\":{\"@type\":\"EntryPoint\",\"urlTemplate\":\"https:\/\/importadoramc.cl\/distribucion\/?s={search_term_string}\"},\"query-input\":{\"@type\":\"PropertyValueSpecification\",\"valueRequired\":true,\"valueName\":\"search_term_string\"}}],\"inLanguage\":\"es-CL\"},{\"@type\":\"Organization\",\"@id\":\"https:\/\/importadoramc.cl\/distribucion\/#organization\",\"name\":\"Importadora MC\",\"url\":\"https:\/\/importadoramc.cl\/distribucion\/\",\"logo\":{\"@type\":\"ImageObject\",\"inLanguage\":\"es-CL\",\"@id\":\"https:\/\/importadoramc.cl\/distribucion\/#\/schema\/logo\/image\/\",\"url\":\"https:\/\/importadoramc.cl\/distribucion\/wp-content\/uploads\/2025\/04\/VECTORIZACION-DE-LOGO-IMPORTADORA-1.jpg\",\"contentUrl\":\"https:\/\/importadoramc.cl\/distribucion\/wp-content\/uploads\/2025\/04\/VECTORIZACION-DE-LOGO-IMPORTADORA-1.jpg\",\"width\":2559,\"height\":2513,\"caption\":\"Importadora MC\"},\"image\":{\"@id\":\"https:\/\/importadoramc.cl\/distribucion\/#\/schema\/logo\/image\/\"},\"sameAs\":[\"https:\/\/www.linkedin.com\/company\/importadora-mc-cl\/\"]}]}<\/script>\n<!-- \/ Yoast SEO plugin. -->","yoast_head_json":{"title":"T4E cal .50 modelo T4E TR 50 Gen2 BLK .50 CO2 < 13 J 6R, #2.4058 - Importadora MC","robots":{"index":"index","follow":"follow","max-snippet":"max-snippet:-1","max-image-preview":"max-image-preview:large","max-video-preview":"max-video-preview:-1"},"canonical":"https:\/\/importadoramc.cl\/distribucion\/producto\/t4e-cal-50-modelo-t4e-tr-50-gen2-blk-50-co2-13-j-6r-2-4058\/","og_locale":"es_ES","og_type":"article","og_title":"T4E cal .50 modelo T4E TR 50 Gen2 BLK .50 CO2 < 13 J 6R, #2.4058 - Importadora MC","og_description":"Las caracter\u00edsticas m\u00e1s importantes de esta actualizaci\u00f3n incluyen una textura de empu\u00f1adura optimizada, una mira de fibra \u00f3ptica de alto contraste y un innovador sistema de perforaci\u00f3n r\u00e1pida sin herramientas con liberaci\u00f3n de presi\u00f3n integrada. El TR 50 Gen2 tambi\u00e9n...","og_url":"https:\/\/importadoramc.cl\/distribucion\/producto\/t4e-cal-50-modelo-t4e-tr-50-gen2-blk-50-co2-13-j-6r-2-4058\/","og_site_name":"Importadora MC","article_modified_time":"2026-04-14T21:18:11+00:00","og_image":[{"width":1500,"height":1500,"url":"https:\/\/importadoramc.cl\/distribucion\/wp-content\/uploads\/2025\/02\/TR50-GEn2-BLK.50.png","type":"image\/png"}],"twitter_card":"summary_large_image","twitter_misc":{"Tiempo estimado de lectura":"1 minuto"},"schema":{"@context":"https:\/\/schema.org","@graph":[{"@type":"WebPage","@id":"https:\/\/importadoramc.cl\/distribucion\/producto\/t4e-cal-50-modelo-t4e-tr-50-gen2-blk-50-co2-13-j-6r-2-4058\/","url":"https:\/\/importadoramc.cl\/distribucion\/producto\/t4e-cal-50-modelo-t4e-tr-50-gen2-blk-50-co2-13-j-6r-2-4058\/","name":"T4E cal .50 modelo T4E TR 50 Gen2 BLK .50 CO2 < 13 J 6R, #2.4058 - Importadora MC","isPartOf":{"@id":"https:\/\/importadoramc.cl\/distribucion\/#website"},"primaryImageOfPage":{"@id":"https:\/\/importadoramc.cl\/distribucion\/producto\/t4e-cal-50-modelo-t4e-tr-50-gen2-blk-50-co2-13-j-6r-2-4058\/#primaryimage"},"image":{"@id":"https:\/\/importadoramc.cl\/distribucion\/producto\/t4e-cal-50-modelo-t4e-tr-50-gen2-blk-50-co2-13-j-6r-2-4058\/#primaryimage"},"thumbnailUrl":"https:\/\/importadoramc.cl\/distribucion\/wp-content\/uploads\/2025\/02\/TR50-GEn2-BLK.50.png","datePublished":"2025-02-25T17:45:52+00:00","dateModified":"2026-04-14T21:18:11+00:00","breadcrumb":{"@id":"https:\/\/importadoramc.cl\/distribucion\/producto\/t4e-cal-50-modelo-t4e-tr-50-gen2-blk-50-co2-13-j-6r-2-4058\/#breadcrumb"},"inLanguage":"es-CL","potentialAction":[{"@type":"ReadAction","target":["https:\/\/importadoramc.cl\/distribucion\/producto\/t4e-cal-50-modelo-t4e-tr-50-gen2-blk-50-co2-13-j-6r-2-4058\/"]}]},{"@type":"ImageObject","inLanguage":"es-CL","@id":"https:\/\/importadoramc.cl\/distribucion\/producto\/t4e-cal-50-modelo-t4e-tr-50-gen2-blk-50-co2-13-j-6r-2-4058\/#primaryimage","url":"https:\/\/importadoramc.cl\/distribucion\/wp-content\/uploads\/2025\/02\/TR50-GEn2-BLK.50.png","contentUrl":"https:\/\/importadoramc.cl\/distribucion\/wp-content\/uploads\/2025\/02\/TR50-GEn2-BLK.50.png","width":1500,"height":1500},{"@type":"BreadcrumbList","@id":"https:\/\/importadoramc.cl\/distribucion\/producto\/t4e-cal-50-modelo-t4e-tr-50-gen2-blk-50-co2-13-j-6r-2-4058\/#breadcrumb","itemListElement":[{"@type":"ListItem","position":1,"name":"Portada","item":"https:\/\/importadoramc.cl\/distribucion\/"},{"@type":"ListItem","position":2,"name":"Productos","item":"https:\/\/importadoramc.cl\/distribucion\/productos\/"},{"@type":"ListItem","position":3,"name":"T4E cal .50 modelo T4E TR 50 Gen2 BLK .50 CO2 < 13 J 6R, #2.4058"}]},{"@type":"WebSite","@id":"https:\/\/importadoramc.cl\/distribucion\/#website","url":"https:\/\/importadoramc.cl\/distribucion\/","name":"Importadora MC","description":"","publisher":{"@id":"https:\/\/importadoramc.cl\/distribucion\/#organization"},"potentialAction":[{"@type":"SearchAction","target":{"@type":"EntryPoint","urlTemplate":"https:\/\/importadoramc.cl\/distribucion\/?s={search_term_string}"},"query-input":{"@type":"PropertyValueSpecification","valueRequired":true,"valueName":"search_term_string"}}],"inLanguage":"es-CL"},{"@type":"Organization","@id":"https:\/\/importadoramc.cl\/distribucion\/#organization","name":"Importadora MC","url":"https:\/\/importadoramc.cl\/distribucion\/","logo":{"@type":"ImageObject","inLanguage":"es-CL","@id":"https:\/\/importadoramc.cl\/distribucion\/#\/schema\/logo\/image\/","url":"https:\/\/importadoramc.cl\/distribucion\/wp-content\/uploads\/2025\/04\/VECTORIZACION-DE-LOGO-IMPORTADORA-1.jpg","contentUrl":"https:\/\/importadoramc.cl\/distribucion\/wp-content\/uploads\/2025\/04\/VECTORIZACION-DE-LOGO-IMPORTADORA-1.jpg","width":2559,"height":2513,"caption":"Importadora MC"},"image":{"@id":"https:\/\/importadoramc.cl\/distribucion\/#\/schema\/logo\/image\/"},"sameAs":["https:\/\/www.linkedin.com\/company\/importadora-mc-cl\/"]}]}},"_links":{"self":[{"href":"https:\/\/importadoramc.cl\/distribucion\/wp-json\/wp\/v2\/product\/2529","targetHints":{"allow":["GET"]}}],"collection":[{"href":"https:\/\/importadoramc.cl\/distribucion\/wp-json\/wp\/v2\/product"}],"about":[{"href":"https:\/\/importadoramc.cl\/distribucion\/wp-json\/wp\/v2\/types\/product"}],"wp:featuredmedia":[{"embeddable":true,"href":"https:\/\/importadoramc.cl\/distribucion\/wp-json\/wp\/v2\/media\/5852"}],"wp:attachment":[{"href":"https:\/\/importadoramc.cl\/distribucion\/wp-json\/wp\/v2\/media?parent=2529"}],"wp:term":[{"taxonomy":"product_brand","embeddable":true,"href":"https:\/\/importadoramc.cl\/distribucion\/wp-json\/wp\/v2\/product_brand?post=2529"},{"taxonomy":"product_cat","embeddable":true,"href":"https:\/\/importadoramc.cl\/distribucion\/wp-json\/wp\/v2\/product_cat?post=2529"},{"taxonomy":"product_tag","embeddable":true,"href":"https:\/\/importadoramc.cl\/distribucion\/wp-json\/wp\/v2\/product_tag?post=2529"}],"curies":[{"name":"wp","href":"https:\/\/api.w.org\/{rel}","templated":true}]}}