{"id":2524,"date":"2025-02-25T14:45:52","date_gmt":"2025-02-25T17:45:52","guid":{"rendered":"https:\/\/importadoramc.cl\/distribucion\/?post_type=product&#038;p=2524"},"modified":"2026-03-17T11:57:26","modified_gmt":"2026-03-17T14:57:26","slug":"t4e-municion-de-tiza-uts-ckb-68-cal-68-50pcs-b-5511","status":"publish","type":"product","link":"https:\/\/importadoramc.cl\/distribucion\/producto\/t4e-municion-de-tiza-uts-ckb-68-cal-68-50pcs-b-5511\/","title":{"rendered":"T4E munici\u00f3n de tiza UTS CKB 68 cal..68, 50pcs. #B.5511"},"content":{"rendered":"<p>Las bolas de tiza han demostrado ser \u00fatiles en la formaci\u00f3n, especialmente para la polic\u00eda. Se rompen en pedazos al impactar, marcando el objetivo con polvo de tiza blanca. Gracias a su alta calidad, puedes practicar tiro de precisi\u00f3n y estar bien preparado para usar otros tipos de munici\u00f3n. Ofrecemos bolas de tiza en calibres .43 y .68 para cada uno de sus marcadores de entrenamiento de defensa Umarex.<\/p>\n<p>Perfecto para todos los marcadores con sistema de alimentaci\u00f3n del cargador, ya que la carcasa exterior m\u00e1s resbaladiza y estable optimiza la salida del cargador hacia la rec\u00e1mara, minimizando as\u00ed el riesgo de explosiones durante la alimentaci\u00f3n o en el ca\u00f1\u00f3n.<\/p>\n<table style=\"border: 1px solid black; border-collapse: collapse; width: 100%;\">\n<thead>\n<tr>\n<th style=\"border: 1px solid black; background-color: #f2f2f2; padding: 8px; text-align: left;\">Caracter\u00edsticas<\/th>\n<th style=\"border: 1px solid black; background-color: #f2f2f2; padding: 8px; text-align: left;\">Especificaciones<\/th>\n<\/tr>\n<\/thead>\n<tbody>\n<tr>\n<td style=\"border: 1px solid black; padding: 8px; text-align: left;\">Calibre<\/td>\n<td style=\"border: 1px solid black; padding: 8px; text-align: left;\">.68<\/td>\n<\/tr>\n<tr>\n<td style=\"border: 1px solid black; padding: 8px; text-align: left;\">Peso<\/td>\n<td style=\"border: 1px solid black; padding: 8px; text-align: left;\">2.34g<\/td>\n<\/tr>\n<tr>\n<td style=\"border: 1px solid black; padding: 8px; text-align: left;\">Contenido<\/td>\n<td style=\"border: 1px solid black; padding: 8px; text-align: left;\">50 St. \/ uds.<\/td>\n<\/tr>\n<tr>\n<td style=\"border: 1px solid black; padding: 8px; text-align: left;\">Embalaje<\/td>\n<td style=\"border: 1px solid black; padding: 8px; text-align: left;\">Bola de polietileno<\/td>\n<\/tr>\n<\/tbody>\n<\/table>\n","protected":false},"excerpt":{"rendered":"<p>Las bolas de tiza han demostrado ser \u00fatiles en la formaci\u00f3n, especialmente para la polic\u00eda. Se rompen en pedazos al impactar, marcando el objetivo con polvo de tiza blanca. Gracias a su alta calidad, puedes practicar tiro de precisi\u00f3n y&#8230;<\/p>\n","protected":false},"featured_media":2839,"template":"","meta":{"_acf_changed":false},"product_brand":[33],"product_cat":[116,17,117],"product_tag":[],"class_list":{"0":"post-2524","1":"product","2":"type-product","3":"status-publish","4":"has-post-thumbnail","6":"product_brand-umarex","7":"product_cat-defensa-personal","8":"product_cat-general","9":"product_cat-municion","11":"first","12":"instock","13":"taxable","14":"shipping-taxable","15":"purchasable","16":"product-type-simple"},"acf":[],"yoast_head":"<!-- This site is optimized with the Yoast SEO plugin v27.2 - https:\/\/yoast.com\/product\/yoast-seo-wordpress\/ -->\n<title>T4E munici\u00f3n de tiza UTS CKB 68 cal..68, 50pcs. #B.5511 - Importadora MC<\/title>\n<meta name=\"robots\" content=\"index, follow, max-snippet:-1, max-image-preview:large, max-video-preview:-1\" \/>\n<link rel=\"canonical\" href=\"https:\/\/importadoramc.cl\/distribucion\/producto\/t4e-municion-de-tiza-uts-ckb-68-cal-68-50pcs-b-5511\/\" \/>\n<meta property=\"og:locale\" content=\"es_ES\" \/>\n<meta property=\"og:type\" content=\"article\" \/>\n<meta property=\"og:title\" content=\"T4E munici\u00f3n de tiza UTS CKB 68 cal..68, 50pcs. #B.5511 - Importadora MC\" \/>\n<meta property=\"og:description\" content=\"Las bolas de tiza han demostrado ser \u00fatiles en la formaci\u00f3n, especialmente para la polic\u00eda. Se rompen en pedazos al impactar, marcando el objetivo con polvo de tiza blanca. Gracias a su alta calidad, puedes practicar tiro de precisi\u00f3n y...\" \/>\n<meta property=\"og:url\" content=\"https:\/\/importadoramc.cl\/distribucion\/producto\/t4e-municion-de-tiza-uts-ckb-68-cal-68-50pcs-b-5511\/\" \/>\n<meta property=\"og:site_name\" content=\"Importadora MC\" \/>\n<meta property=\"article:modified_time\" content=\"2026-03-17T14:57:26+00:00\" \/>\n<meta property=\"og:image\" content=\"https:\/\/importadoramc.cl\/distribucion\/wp-content\/uploads\/2025\/02\/X_2-4791-10-160435.jpg\" \/>\n\t<meta property=\"og:image:width\" content=\"750\" \/>\n\t<meta property=\"og:image:height\" content=\"421\" \/>\n\t<meta property=\"og:image:type\" content=\"image\/jpeg\" \/>\n<meta name=\"twitter:card\" content=\"summary_large_image\" \/>\n<meta name=\"twitter:label1\" content=\"Tiempo estimado de lectura\" \/>\n\t<meta name=\"twitter:data1\" content=\"1 minuto\" \/>\n<script type=\"application\/ld+json\" class=\"yoast-schema-graph\">{\"@context\":\"https:\/\/schema.org\",\"@graph\":[{\"@type\":\"WebPage\",\"@id\":\"https:\/\/importadoramc.cl\/distribucion\/producto\/t4e-municion-de-tiza-uts-ckb-68-cal-68-50pcs-b-5511\/\",\"url\":\"https:\/\/importadoramc.cl\/distribucion\/producto\/t4e-municion-de-tiza-uts-ckb-68-cal-68-50pcs-b-5511\/\",\"name\":\"T4E munici\u00f3n de tiza UTS CKB 68 cal..68, 50pcs. #B.5511 - Importadora MC\",\"isPartOf\":{\"@id\":\"https:\/\/importadoramc.cl\/distribucion\/#website\"},\"primaryImageOfPage\":{\"@id\":\"https:\/\/importadoramc.cl\/distribucion\/producto\/t4e-municion-de-tiza-uts-ckb-68-cal-68-50pcs-b-5511\/#primaryimage\"},\"image\":{\"@id\":\"https:\/\/importadoramc.cl\/distribucion\/producto\/t4e-municion-de-tiza-uts-ckb-68-cal-68-50pcs-b-5511\/#primaryimage\"},\"thumbnailUrl\":\"https:\/\/importadoramc.cl\/distribucion\/wp-content\/uploads\/2025\/02\/X_2-4791-10-160435.jpg\",\"datePublished\":\"2025-02-25T17:45:52+00:00\",\"dateModified\":\"2026-03-17T14:57:26+00:00\",\"breadcrumb\":{\"@id\":\"https:\/\/importadoramc.cl\/distribucion\/producto\/t4e-municion-de-tiza-uts-ckb-68-cal-68-50pcs-b-5511\/#breadcrumb\"},\"inLanguage\":\"es-CL\",\"potentialAction\":[{\"@type\":\"ReadAction\",\"target\":[\"https:\/\/importadoramc.cl\/distribucion\/producto\/t4e-municion-de-tiza-uts-ckb-68-cal-68-50pcs-b-5511\/\"]}]},{\"@type\":\"ImageObject\",\"inLanguage\":\"es-CL\",\"@id\":\"https:\/\/importadoramc.cl\/distribucion\/producto\/t4e-municion-de-tiza-uts-ckb-68-cal-68-50pcs-b-5511\/#primaryimage\",\"url\":\"https:\/\/importadoramc.cl\/distribucion\/wp-content\/uploads\/2025\/02\/X_2-4791-10-160435.jpg\",\"contentUrl\":\"https:\/\/importadoramc.cl\/distribucion\/wp-content\/uploads\/2025\/02\/X_2-4791-10-160435.jpg\",\"width\":750,\"height\":421},{\"@type\":\"BreadcrumbList\",\"@id\":\"https:\/\/importadoramc.cl\/distribucion\/producto\/t4e-municion-de-tiza-uts-ckb-68-cal-68-50pcs-b-5511\/#breadcrumb\",\"itemListElement\":[{\"@type\":\"ListItem\",\"position\":1,\"name\":\"Portada\",\"item\":\"https:\/\/importadoramc.cl\/distribucion\/\"},{\"@type\":\"ListItem\",\"position\":2,\"name\":\"Productos\",\"item\":\"https:\/\/importadoramc.cl\/distribucion\/productos\/\"},{\"@type\":\"ListItem\",\"position\":3,\"name\":\"T4E munici\u00f3n de tiza UTS CKB 68 cal..68, 50pcs. #B.5511\"}]},{\"@type\":\"WebSite\",\"@id\":\"https:\/\/importadoramc.cl\/distribucion\/#website\",\"url\":\"https:\/\/importadoramc.cl\/distribucion\/\",\"name\":\"Importadora MC\",\"description\":\"\",\"publisher\":{\"@id\":\"https:\/\/importadoramc.cl\/distribucion\/#organization\"},\"potentialAction\":[{\"@type\":\"SearchAction\",\"target\":{\"@type\":\"EntryPoint\",\"urlTemplate\":\"https:\/\/importadoramc.cl\/distribucion\/?s={search_term_string}\"},\"query-input\":{\"@type\":\"PropertyValueSpecification\",\"valueRequired\":true,\"valueName\":\"search_term_string\"}}],\"inLanguage\":\"es-CL\"},{\"@type\":\"Organization\",\"@id\":\"https:\/\/importadoramc.cl\/distribucion\/#organization\",\"name\":\"Importadora MC\",\"url\":\"https:\/\/importadoramc.cl\/distribucion\/\",\"logo\":{\"@type\":\"ImageObject\",\"inLanguage\":\"es-CL\",\"@id\":\"https:\/\/importadoramc.cl\/distribucion\/#\/schema\/logo\/image\/\",\"url\":\"https:\/\/importadoramc.cl\/distribucion\/wp-content\/uploads\/2025\/04\/VECTORIZACION-DE-LOGO-IMPORTADORA-1.jpg\",\"contentUrl\":\"https:\/\/importadoramc.cl\/distribucion\/wp-content\/uploads\/2025\/04\/VECTORIZACION-DE-LOGO-IMPORTADORA-1.jpg\",\"width\":2559,\"height\":2513,\"caption\":\"Importadora MC\"},\"image\":{\"@id\":\"https:\/\/importadoramc.cl\/distribucion\/#\/schema\/logo\/image\/\"},\"sameAs\":[\"https:\/\/www.linkedin.com\/company\/importadora-mc-cl\/\"]}]}<\/script>\n<!-- \/ Yoast SEO plugin. -->","yoast_head_json":{"title":"T4E munici\u00f3n de tiza UTS CKB 68 cal..68, 50pcs. #B.5511 - Importadora MC","robots":{"index":"index","follow":"follow","max-snippet":"max-snippet:-1","max-image-preview":"max-image-preview:large","max-video-preview":"max-video-preview:-1"},"canonical":"https:\/\/importadoramc.cl\/distribucion\/producto\/t4e-municion-de-tiza-uts-ckb-68-cal-68-50pcs-b-5511\/","og_locale":"es_ES","og_type":"article","og_title":"T4E munici\u00f3n de tiza UTS CKB 68 cal..68, 50pcs. #B.5511 - Importadora MC","og_description":"Las bolas de tiza han demostrado ser \u00fatiles en la formaci\u00f3n, especialmente para la polic\u00eda. Se rompen en pedazos al impactar, marcando el objetivo con polvo de tiza blanca. Gracias a su alta calidad, puedes practicar tiro de precisi\u00f3n y...","og_url":"https:\/\/importadoramc.cl\/distribucion\/producto\/t4e-municion-de-tiza-uts-ckb-68-cal-68-50pcs-b-5511\/","og_site_name":"Importadora MC","article_modified_time":"2026-03-17T14:57:26+00:00","og_image":[{"width":750,"height":421,"url":"https:\/\/importadoramc.cl\/distribucion\/wp-content\/uploads\/2025\/02\/X_2-4791-10-160435.jpg","type":"image\/jpeg"}],"twitter_card":"summary_large_image","twitter_misc":{"Tiempo estimado de lectura":"1 minuto"},"schema":{"@context":"https:\/\/schema.org","@graph":[{"@type":"WebPage","@id":"https:\/\/importadoramc.cl\/distribucion\/producto\/t4e-municion-de-tiza-uts-ckb-68-cal-68-50pcs-b-5511\/","url":"https:\/\/importadoramc.cl\/distribucion\/producto\/t4e-municion-de-tiza-uts-ckb-68-cal-68-50pcs-b-5511\/","name":"T4E munici\u00f3n de tiza UTS CKB 68 cal..68, 50pcs. #B.5511 - Importadora MC","isPartOf":{"@id":"https:\/\/importadoramc.cl\/distribucion\/#website"},"primaryImageOfPage":{"@id":"https:\/\/importadoramc.cl\/distribucion\/producto\/t4e-municion-de-tiza-uts-ckb-68-cal-68-50pcs-b-5511\/#primaryimage"},"image":{"@id":"https:\/\/importadoramc.cl\/distribucion\/producto\/t4e-municion-de-tiza-uts-ckb-68-cal-68-50pcs-b-5511\/#primaryimage"},"thumbnailUrl":"https:\/\/importadoramc.cl\/distribucion\/wp-content\/uploads\/2025\/02\/X_2-4791-10-160435.jpg","datePublished":"2025-02-25T17:45:52+00:00","dateModified":"2026-03-17T14:57:26+00:00","breadcrumb":{"@id":"https:\/\/importadoramc.cl\/distribucion\/producto\/t4e-municion-de-tiza-uts-ckb-68-cal-68-50pcs-b-5511\/#breadcrumb"},"inLanguage":"es-CL","potentialAction":[{"@type":"ReadAction","target":["https:\/\/importadoramc.cl\/distribucion\/producto\/t4e-municion-de-tiza-uts-ckb-68-cal-68-50pcs-b-5511\/"]}]},{"@type":"ImageObject","inLanguage":"es-CL","@id":"https:\/\/importadoramc.cl\/distribucion\/producto\/t4e-municion-de-tiza-uts-ckb-68-cal-68-50pcs-b-5511\/#primaryimage","url":"https:\/\/importadoramc.cl\/distribucion\/wp-content\/uploads\/2025\/02\/X_2-4791-10-160435.jpg","contentUrl":"https:\/\/importadoramc.cl\/distribucion\/wp-content\/uploads\/2025\/02\/X_2-4791-10-160435.jpg","width":750,"height":421},{"@type":"BreadcrumbList","@id":"https:\/\/importadoramc.cl\/distribucion\/producto\/t4e-municion-de-tiza-uts-ckb-68-cal-68-50pcs-b-5511\/#breadcrumb","itemListElement":[{"@type":"ListItem","position":1,"name":"Portada","item":"https:\/\/importadoramc.cl\/distribucion\/"},{"@type":"ListItem","position":2,"name":"Productos","item":"https:\/\/importadoramc.cl\/distribucion\/productos\/"},{"@type":"ListItem","position":3,"name":"T4E munici\u00f3n de tiza UTS CKB 68 cal..68, 50pcs. #B.5511"}]},{"@type":"WebSite","@id":"https:\/\/importadoramc.cl\/distribucion\/#website","url":"https:\/\/importadoramc.cl\/distribucion\/","name":"Importadora MC","description":"","publisher":{"@id":"https:\/\/importadoramc.cl\/distribucion\/#organization"},"potentialAction":[{"@type":"SearchAction","target":{"@type":"EntryPoint","urlTemplate":"https:\/\/importadoramc.cl\/distribucion\/?s={search_term_string}"},"query-input":{"@type":"PropertyValueSpecification","valueRequired":true,"valueName":"search_term_string"}}],"inLanguage":"es-CL"},{"@type":"Organization","@id":"https:\/\/importadoramc.cl\/distribucion\/#organization","name":"Importadora MC","url":"https:\/\/importadoramc.cl\/distribucion\/","logo":{"@type":"ImageObject","inLanguage":"es-CL","@id":"https:\/\/importadoramc.cl\/distribucion\/#\/schema\/logo\/image\/","url":"https:\/\/importadoramc.cl\/distribucion\/wp-content\/uploads\/2025\/04\/VECTORIZACION-DE-LOGO-IMPORTADORA-1.jpg","contentUrl":"https:\/\/importadoramc.cl\/distribucion\/wp-content\/uploads\/2025\/04\/VECTORIZACION-DE-LOGO-IMPORTADORA-1.jpg","width":2559,"height":2513,"caption":"Importadora MC"},"image":{"@id":"https:\/\/importadoramc.cl\/distribucion\/#\/schema\/logo\/image\/"},"sameAs":["https:\/\/www.linkedin.com\/company\/importadora-mc-cl\/"]}]}},"_links":{"self":[{"href":"https:\/\/importadoramc.cl\/distribucion\/wp-json\/wp\/v2\/product\/2524","targetHints":{"allow":["GET"]}}],"collection":[{"href":"https:\/\/importadoramc.cl\/distribucion\/wp-json\/wp\/v2\/product"}],"about":[{"href":"https:\/\/importadoramc.cl\/distribucion\/wp-json\/wp\/v2\/types\/product"}],"wp:featuredmedia":[{"embeddable":true,"href":"https:\/\/importadoramc.cl\/distribucion\/wp-json\/wp\/v2\/media\/2839"}],"wp:attachment":[{"href":"https:\/\/importadoramc.cl\/distribucion\/wp-json\/wp\/v2\/media?parent=2524"}],"wp:term":[{"taxonomy":"product_brand","embeddable":true,"href":"https:\/\/importadoramc.cl\/distribucion\/wp-json\/wp\/v2\/product_brand?post=2524"},{"taxonomy":"product_cat","embeddable":true,"href":"https:\/\/importadoramc.cl\/distribucion\/wp-json\/wp\/v2\/product_cat?post=2524"},{"taxonomy":"product_tag","embeddable":true,"href":"https:\/\/importadoramc.cl\/distribucion\/wp-json\/wp\/v2\/product_tag?post=2524"}],"curies":[{"name":"wp","href":"https:\/\/api.w.org\/{rel}","templated":true}]}}