{"id":2039,"date":"2025-02-25T14:44:59","date_gmt":"2025-02-25T17:44:59","guid":{"rendered":"https:\/\/importadoramc.cl\/distribucion\/?post_type=product&#038;p=2039"},"modified":"2026-04-13T17:39:19","modified_gmt":"2026-04-13T21:39:19","slug":"lente-wileyx-saber-advanced-1-mica-oscura-302","status":"publish","type":"product","link":"https:\/\/importadoramc.cl\/distribucion\/producto\/lente-wileyx-saber-advanced-1-mica-oscura-302\/","title":{"rendered":"Lente WileyX Saber Advanced 1 mica oscura 302"},"content":{"rendered":"<p><strong>CARACTER\u00cdSTICAS<\/strong><\/p>\n<ul>\n<li>Lentes de policarbonato Selenite \u2122 inastillables que cumplen con los est\u00e1ndares\u00a0<strong>bal\u00edsticos<\/strong>\u00a0MIL-PRF-32432 (GL): est\u00e1ndares ANSI Z87.1-2010 de alta velocidad y alto impacto de masa: as\u00ed como los est\u00e1ndares federales de EE. UU. OSHA 1910.133 (b) (1) (1).<\/li>\n<li>Las lentes gris humo proporcionan reducci\u00f3n del deslumbramiento sin distorsionar los colores. Excelente en condiciones brillantes \/ deslumbrantes.<\/li>\n<li>Transmisi\u00f3n de luz 14% -20%.<\/li>\n<li>El revestimiento de la lente T-Shell \u2122 resiste el rayado.<\/li>\n<li>Protecci\u00f3n 100% UVA \/ UVB con claridad libre de distorsi\u00f3n.<\/li>\n<li>La pieza de nariz de vuelo ajustable se adapta a cualquier puente de cara \/ nariz.<\/li>\n<li>Compatible con el inserto de prescripci\u00f3n PTX.<\/li>\n<\/ul>\n<p><strong>INCLUYE<\/strong><\/p>\n<ul>\n<li>Correa Saber Advanced.<\/li>\n<li>Cord\u00f3n de correa con agarres de goma<\/li>\n<li>Bolso con cord\u00f3n de microfibra<\/li>\n<\/ul>\n","protected":false},"excerpt":{"rendered":"<p>CARACTER\u00cdSTICAS Lentes de policarbonato Selenite \u2122 inastillables que cumplen con los est\u00e1ndares\u00a0bal\u00edsticos\u00a0MIL-PRF-32432 (GL): est\u00e1ndares ANSI Z87.1-2010 de alta velocidad y alto impacto de masa: as\u00ed como los est\u00e1ndares federales de EE. UU. OSHA 1910.133 (b) (1) (1). Las lentes gris&#8230;<\/p>\n","protected":false},"featured_media":6862,"template":"","meta":{"_acf_changed":false},"product_brand":[35],"product_cat":[64,17,65],"product_tag":[],"class_list":{"0":"post-2039","1":"product","2":"type-product","3":"status-publish","4":"has-post-thumbnail","6":"product_brand-wiley-x","7":"product_cat-equipamiento","8":"product_cat-general","9":"product_cat-lentes","11":"first","12":"outofstock","13":"taxable","14":"shipping-taxable","15":"purchasable","16":"product-type-simple"},"acf":[],"yoast_head":"<!-- This site is optimized with the Yoast SEO plugin v27.2 - https:\/\/yoast.com\/product\/yoast-seo-wordpress\/ -->\n<title>Lente WileyX Saber Advanced 1 mica oscura 302 - Importadora MC<\/title>\n<meta name=\"robots\" content=\"index, follow, max-snippet:-1, max-image-preview:large, max-video-preview:-1\" \/>\n<link rel=\"canonical\" href=\"https:\/\/importadoramc.cl\/distribucion\/producto\/lente-wileyx-saber-advanced-1-mica-oscura-302\/\" \/>\n<meta property=\"og:locale\" content=\"es_ES\" \/>\n<meta property=\"og:type\" content=\"article\" \/>\n<meta property=\"og:title\" content=\"Lente WileyX Saber Advanced 1 mica oscura 302 - Importadora MC\" \/>\n<meta property=\"og:description\" content=\"CARACTER\u00cdSTICAS Lentes de policarbonato Selenite \u2122 inastillables que cumplen con los est\u00e1ndares\u00a0bal\u00edsticos\u00a0MIL-PRF-32432 (GL): est\u00e1ndares ANSI Z87.1-2010 de alta velocidad y alto impacto de masa: as\u00ed como los est\u00e1ndares federales de EE. UU. OSHA 1910.133 (b) (1) (1). Las lentes gris...\" \/>\n<meta property=\"og:url\" content=\"https:\/\/importadoramc.cl\/distribucion\/producto\/lente-wileyx-saber-advanced-1-mica-oscura-302\/\" \/>\n<meta property=\"og:site_name\" content=\"Importadora MC\" \/>\n<meta property=\"article:modified_time\" content=\"2026-04-13T21:39:19+00:00\" \/>\n<meta property=\"og:image\" content=\"https:\/\/importadoramc.cl\/distribucion\/wp-content\/uploads\/2025\/02\/saber-advanced-302.png\" \/>\n\t<meta property=\"og:image:width\" content=\"2000\" \/>\n\t<meta property=\"og:image:height\" content=\"2000\" \/>\n\t<meta property=\"og:image:type\" content=\"image\/png\" \/>\n<meta name=\"twitter:card\" content=\"summary_large_image\" \/>\n<meta name=\"twitter:label1\" content=\"Tiempo estimado de lectura\" \/>\n\t<meta name=\"twitter:data1\" content=\"1 minuto\" \/>\n<script type=\"application\/ld+json\" class=\"yoast-schema-graph\">{\"@context\":\"https:\/\/schema.org\",\"@graph\":[{\"@type\":\"WebPage\",\"@id\":\"https:\/\/importadoramc.cl\/distribucion\/producto\/lente-wileyx-saber-advanced-1-mica-oscura-302\/\",\"url\":\"https:\/\/importadoramc.cl\/distribucion\/producto\/lente-wileyx-saber-advanced-1-mica-oscura-302\/\",\"name\":\"Lente WileyX Saber Advanced 1 mica oscura 302 - Importadora MC\",\"isPartOf\":{\"@id\":\"https:\/\/importadoramc.cl\/distribucion\/#website\"},\"primaryImageOfPage\":{\"@id\":\"https:\/\/importadoramc.cl\/distribucion\/producto\/lente-wileyx-saber-advanced-1-mica-oscura-302\/#primaryimage\"},\"image\":{\"@id\":\"https:\/\/importadoramc.cl\/distribucion\/producto\/lente-wileyx-saber-advanced-1-mica-oscura-302\/#primaryimage\"},\"thumbnailUrl\":\"https:\/\/importadoramc.cl\/distribucion\/wp-content\/uploads\/2025\/02\/saber-advanced-302.png\",\"datePublished\":\"2025-02-25T17:44:59+00:00\",\"dateModified\":\"2026-04-13T21:39:19+00:00\",\"breadcrumb\":{\"@id\":\"https:\/\/importadoramc.cl\/distribucion\/producto\/lente-wileyx-saber-advanced-1-mica-oscura-302\/#breadcrumb\"},\"inLanguage\":\"es-CL\",\"potentialAction\":[{\"@type\":\"ReadAction\",\"target\":[\"https:\/\/importadoramc.cl\/distribucion\/producto\/lente-wileyx-saber-advanced-1-mica-oscura-302\/\"]}]},{\"@type\":\"ImageObject\",\"inLanguage\":\"es-CL\",\"@id\":\"https:\/\/importadoramc.cl\/distribucion\/producto\/lente-wileyx-saber-advanced-1-mica-oscura-302\/#primaryimage\",\"url\":\"https:\/\/importadoramc.cl\/distribucion\/wp-content\/uploads\/2025\/02\/saber-advanced-302.png\",\"contentUrl\":\"https:\/\/importadoramc.cl\/distribucion\/wp-content\/uploads\/2025\/02\/saber-advanced-302.png\",\"width\":2000,\"height\":2000},{\"@type\":\"BreadcrumbList\",\"@id\":\"https:\/\/importadoramc.cl\/distribucion\/producto\/lente-wileyx-saber-advanced-1-mica-oscura-302\/#breadcrumb\",\"itemListElement\":[{\"@type\":\"ListItem\",\"position\":1,\"name\":\"Portada\",\"item\":\"https:\/\/importadoramc.cl\/distribucion\/\"},{\"@type\":\"ListItem\",\"position\":2,\"name\":\"Productos\",\"item\":\"https:\/\/importadoramc.cl\/distribucion\/productos\/\"},{\"@type\":\"ListItem\",\"position\":3,\"name\":\"Lente WileyX Saber Advanced 1 mica oscura 302\"}]},{\"@type\":\"WebSite\",\"@id\":\"https:\/\/importadoramc.cl\/distribucion\/#website\",\"url\":\"https:\/\/importadoramc.cl\/distribucion\/\",\"name\":\"Importadora MC\",\"description\":\"\",\"publisher\":{\"@id\":\"https:\/\/importadoramc.cl\/distribucion\/#organization\"},\"potentialAction\":[{\"@type\":\"SearchAction\",\"target\":{\"@type\":\"EntryPoint\",\"urlTemplate\":\"https:\/\/importadoramc.cl\/distribucion\/?s={search_term_string}\"},\"query-input\":{\"@type\":\"PropertyValueSpecification\",\"valueRequired\":true,\"valueName\":\"search_term_string\"}}],\"inLanguage\":\"es-CL\"},{\"@type\":\"Organization\",\"@id\":\"https:\/\/importadoramc.cl\/distribucion\/#organization\",\"name\":\"Importadora MC\",\"url\":\"https:\/\/importadoramc.cl\/distribucion\/\",\"logo\":{\"@type\":\"ImageObject\",\"inLanguage\":\"es-CL\",\"@id\":\"https:\/\/importadoramc.cl\/distribucion\/#\/schema\/logo\/image\/\",\"url\":\"https:\/\/importadoramc.cl\/distribucion\/wp-content\/uploads\/2025\/04\/VECTORIZACION-DE-LOGO-IMPORTADORA-1.jpg\",\"contentUrl\":\"https:\/\/importadoramc.cl\/distribucion\/wp-content\/uploads\/2025\/04\/VECTORIZACION-DE-LOGO-IMPORTADORA-1.jpg\",\"width\":2559,\"height\":2513,\"caption\":\"Importadora MC\"},\"image\":{\"@id\":\"https:\/\/importadoramc.cl\/distribucion\/#\/schema\/logo\/image\/\"},\"sameAs\":[\"https:\/\/www.linkedin.com\/company\/importadora-mc-cl\/\"]}]}<\/script>\n<!-- \/ Yoast SEO plugin. -->","yoast_head_json":{"title":"Lente WileyX Saber Advanced 1 mica oscura 302 - Importadora MC","robots":{"index":"index","follow":"follow","max-snippet":"max-snippet:-1","max-image-preview":"max-image-preview:large","max-video-preview":"max-video-preview:-1"},"canonical":"https:\/\/importadoramc.cl\/distribucion\/producto\/lente-wileyx-saber-advanced-1-mica-oscura-302\/","og_locale":"es_ES","og_type":"article","og_title":"Lente WileyX Saber Advanced 1 mica oscura 302 - Importadora MC","og_description":"CARACTER\u00cdSTICAS Lentes de policarbonato Selenite \u2122 inastillables que cumplen con los est\u00e1ndares\u00a0bal\u00edsticos\u00a0MIL-PRF-32432 (GL): est\u00e1ndares ANSI Z87.1-2010 de alta velocidad y alto impacto de masa: as\u00ed como los est\u00e1ndares federales de EE. UU. OSHA 1910.133 (b) (1) (1). Las lentes gris...","og_url":"https:\/\/importadoramc.cl\/distribucion\/producto\/lente-wileyx-saber-advanced-1-mica-oscura-302\/","og_site_name":"Importadora MC","article_modified_time":"2026-04-13T21:39:19+00:00","og_image":[{"width":2000,"height":2000,"url":"https:\/\/importadoramc.cl\/distribucion\/wp-content\/uploads\/2025\/02\/saber-advanced-302.png","type":"image\/png"}],"twitter_card":"summary_large_image","twitter_misc":{"Tiempo estimado de lectura":"1 minuto"},"schema":{"@context":"https:\/\/schema.org","@graph":[{"@type":"WebPage","@id":"https:\/\/importadoramc.cl\/distribucion\/producto\/lente-wileyx-saber-advanced-1-mica-oscura-302\/","url":"https:\/\/importadoramc.cl\/distribucion\/producto\/lente-wileyx-saber-advanced-1-mica-oscura-302\/","name":"Lente WileyX Saber Advanced 1 mica oscura 302 - Importadora MC","isPartOf":{"@id":"https:\/\/importadoramc.cl\/distribucion\/#website"},"primaryImageOfPage":{"@id":"https:\/\/importadoramc.cl\/distribucion\/producto\/lente-wileyx-saber-advanced-1-mica-oscura-302\/#primaryimage"},"image":{"@id":"https:\/\/importadoramc.cl\/distribucion\/producto\/lente-wileyx-saber-advanced-1-mica-oscura-302\/#primaryimage"},"thumbnailUrl":"https:\/\/importadoramc.cl\/distribucion\/wp-content\/uploads\/2025\/02\/saber-advanced-302.png","datePublished":"2025-02-25T17:44:59+00:00","dateModified":"2026-04-13T21:39:19+00:00","breadcrumb":{"@id":"https:\/\/importadoramc.cl\/distribucion\/producto\/lente-wileyx-saber-advanced-1-mica-oscura-302\/#breadcrumb"},"inLanguage":"es-CL","potentialAction":[{"@type":"ReadAction","target":["https:\/\/importadoramc.cl\/distribucion\/producto\/lente-wileyx-saber-advanced-1-mica-oscura-302\/"]}]},{"@type":"ImageObject","inLanguage":"es-CL","@id":"https:\/\/importadoramc.cl\/distribucion\/producto\/lente-wileyx-saber-advanced-1-mica-oscura-302\/#primaryimage","url":"https:\/\/importadoramc.cl\/distribucion\/wp-content\/uploads\/2025\/02\/saber-advanced-302.png","contentUrl":"https:\/\/importadoramc.cl\/distribucion\/wp-content\/uploads\/2025\/02\/saber-advanced-302.png","width":2000,"height":2000},{"@type":"BreadcrumbList","@id":"https:\/\/importadoramc.cl\/distribucion\/producto\/lente-wileyx-saber-advanced-1-mica-oscura-302\/#breadcrumb","itemListElement":[{"@type":"ListItem","position":1,"name":"Portada","item":"https:\/\/importadoramc.cl\/distribucion\/"},{"@type":"ListItem","position":2,"name":"Productos","item":"https:\/\/importadoramc.cl\/distribucion\/productos\/"},{"@type":"ListItem","position":3,"name":"Lente WileyX Saber Advanced 1 mica oscura 302"}]},{"@type":"WebSite","@id":"https:\/\/importadoramc.cl\/distribucion\/#website","url":"https:\/\/importadoramc.cl\/distribucion\/","name":"Importadora MC","description":"","publisher":{"@id":"https:\/\/importadoramc.cl\/distribucion\/#organization"},"potentialAction":[{"@type":"SearchAction","target":{"@type":"EntryPoint","urlTemplate":"https:\/\/importadoramc.cl\/distribucion\/?s={search_term_string}"},"query-input":{"@type":"PropertyValueSpecification","valueRequired":true,"valueName":"search_term_string"}}],"inLanguage":"es-CL"},{"@type":"Organization","@id":"https:\/\/importadoramc.cl\/distribucion\/#organization","name":"Importadora MC","url":"https:\/\/importadoramc.cl\/distribucion\/","logo":{"@type":"ImageObject","inLanguage":"es-CL","@id":"https:\/\/importadoramc.cl\/distribucion\/#\/schema\/logo\/image\/","url":"https:\/\/importadoramc.cl\/distribucion\/wp-content\/uploads\/2025\/04\/VECTORIZACION-DE-LOGO-IMPORTADORA-1.jpg","contentUrl":"https:\/\/importadoramc.cl\/distribucion\/wp-content\/uploads\/2025\/04\/VECTORIZACION-DE-LOGO-IMPORTADORA-1.jpg","width":2559,"height":2513,"caption":"Importadora MC"},"image":{"@id":"https:\/\/importadoramc.cl\/distribucion\/#\/schema\/logo\/image\/"},"sameAs":["https:\/\/www.linkedin.com\/company\/importadora-mc-cl\/"]}]}},"_links":{"self":[{"href":"https:\/\/importadoramc.cl\/distribucion\/wp-json\/wp\/v2\/product\/2039","targetHints":{"allow":["GET"]}}],"collection":[{"href":"https:\/\/importadoramc.cl\/distribucion\/wp-json\/wp\/v2\/product"}],"about":[{"href":"https:\/\/importadoramc.cl\/distribucion\/wp-json\/wp\/v2\/types\/product"}],"wp:featuredmedia":[{"embeddable":true,"href":"https:\/\/importadoramc.cl\/distribucion\/wp-json\/wp\/v2\/media\/6862"}],"wp:attachment":[{"href":"https:\/\/importadoramc.cl\/distribucion\/wp-json\/wp\/v2\/media?parent=2039"}],"wp:term":[{"taxonomy":"product_brand","embeddable":true,"href":"https:\/\/importadoramc.cl\/distribucion\/wp-json\/wp\/v2\/product_brand?post=2039"},{"taxonomy":"product_cat","embeddable":true,"href":"https:\/\/importadoramc.cl\/distribucion\/wp-json\/wp\/v2\/product_cat?post=2039"},{"taxonomy":"product_tag","embeddable":true,"href":"https:\/\/importadoramc.cl\/distribucion\/wp-json\/wp\/v2\/product_tag?post=2039"}],"curies":[{"name":"wp","href":"https:\/\/api.w.org\/{rel}","templated":true}]}}