{"id":1994,"date":"2025-02-25T14:44:55","date_gmt":"2025-02-25T17:44:55","guid":{"rendered":"https:\/\/importadoramc.cl\/distribucion\/?post_type=product&#038;p=1994"},"modified":"2026-03-30T10:28:00","modified_gmt":"2026-03-30T13:28:00","slug":"holster-blackhawk-stache-iwb-glock-26-base-kit-bk-glock-26-27-33-box-416001bk","status":"publish","type":"product","link":"https:\/\/importadoramc.cl\/distribucion\/producto\/holster-blackhawk-stache-iwb-glock-26-base-kit-bk-glock-26-27-33-box-416001bk\/","title":{"rendered":"Holster BlackHawk Stache IWB Glock 26 BASE Kit BK Glock 26\/27\/33, Box #416001BK"},"content":{"rendered":"<p>La funda Stache es una funda de transporte oculta ambidiestra y modular dentro de la cintura (IWB) fabricada en Estados Unidos. El modelo base incluye funda y clip para cintur\u00f3n.<\/p>\n<p>El Stache es un sistema de funda IWB verdaderamente ambidiestro y modular que le permite hacerlo suyo y adaptarlo a sus necesidades.<\/p>\n<p>Con retenci\u00f3n pasiva ajustable, sacar su arma de fuego del Stache es r\u00e1pido y sin costuras, pero seguro.<\/p>\n<p>El Stache funciona con muchas de las pistolas populares de hoy en d\u00eda con miras de punto rojo montadas. Tambi\u00e9n est\u00e1 dise\u00f1ado para funcionar con los populares clips\u2122 de engranaje Discreet Carry Concepts (se venden por separado).<\/p>\n<p>El moldeo por inyecci\u00f3n hace que el Stache sea delgado sin sacrificar ninguna resistencia, y mantiene los bordes redondeados y lisos. Esto, junto con una gran capacidad de ajuste, se combinan para hacer que el Stache sea incre\u00edblemente c\u00f3modo para usar durante todo el d\u00eda. Zurdo o diestro, bajo o alto, inclinado o recto: la capacidad de ajuste del Stache lo hace tuyo.<\/p>\n<p>Se incluye un clip de cintur\u00f3n estilo J de 1.5&#8243; para la funda. Un clip de 1.75&#8243; se vende por separado para su uso con cinturones m\u00e1s anchos.<\/p>\n<ul>\n<li data-start=\"52\" data-end=\"120\">Dise\u00f1o de pol\u00edmero moldeado por inyecci\u00f3n reforzado por impacto.<\/li>\n<li data-start=\"121\" data-end=\"191\">Clip de cintur\u00f3n estilo J de 1.5&#8243; ajustable para altura y peralte.<\/li>\n<li data-start=\"192\" data-end=\"263\">Ambidiestro, adaptable para llevar con la mano derecha o izquierda.<\/li>\n<li data-start=\"264\" data-end=\"354\">El protector de camisa de perfil bajo agrega comodidad sin inhibir el trazo de dibujo.<\/li>\n<li data-start=\"355\" data-end=\"449\">Se puede adaptar f\u00e1cilmente a varias configuraciones modulares o posiciones de transporte.<\/li>\n<li data-start=\"450\" data-end=\"501\">Compatible con \u00f3pticas RDS montadas en pistola.<\/li>\n<li data-start=\"502\" data-end=\"574\">Compatible con una variedad de accesorios de transporte Stache\u2122 IWB.<\/li>\n<li data-start=\"575\" data-end=\"657\">Dise\u00f1ado para aceptar los populares Discreet Carry Concepts Gear Clips\u2122 Mod-4.<\/li>\n<li data-start=\"658\" data-end=\"702\">Retenci\u00f3n pasiva ajustable por fricci\u00f3n.<\/li>\n<li data-start=\"703\" data-end=\"726\">Hecho en los EE.UU.<\/li>\n<\/ul>\n","protected":false},"excerpt":{"rendered":"<p>La funda Stache es una funda de transporte oculta ambidiestra y modular dentro de la cintura (IWB) fabricada en Estados Unidos. El modelo base incluye funda y clip para cintur\u00f3n. El Stache es un sistema de funda IWB verdaderamente ambidiestro&#8230;<\/p>\n","protected":false},"featured_media":3090,"template":"","meta":{"_acf_changed":false},"product_brand":[128],"product_cat":[49,44,17,140],"product_tag":[],"class_list":{"0":"post-1994","1":"product","2":"type-product","3":"status-publish","4":"has-post-thumbnail","6":"product_brand-blackwawk","7":"product_cat-accesorios-armas-de-fuego","8":"product_cat-armas-de-fuego","9":"product_cat-general","10":"product_cat-holster","12":"first","13":"outofstock","14":"taxable","15":"shipping-taxable","16":"purchasable","17":"product-type-simple"},"acf":[],"yoast_head":"<!-- This site is optimized with the Yoast SEO plugin v27.2 - https:\/\/yoast.com\/product\/yoast-seo-wordpress\/ -->\n<title>Holster BlackHawk Stache IWB Glock 26 BASE Kit BK Glock 26\/27\/33, Box #416001BK - Importadora MC<\/title>\n<meta name=\"robots\" content=\"index, follow, max-snippet:-1, max-image-preview:large, max-video-preview:-1\" \/>\n<link rel=\"canonical\" href=\"https:\/\/importadoramc.cl\/distribucion\/producto\/holster-blackhawk-stache-iwb-glock-26-base-kit-bk-glock-26-27-33-box-416001bk\/\" \/>\n<meta property=\"og:locale\" content=\"es_ES\" \/>\n<meta property=\"og:type\" content=\"article\" \/>\n<meta property=\"og:title\" content=\"Holster BlackHawk Stache IWB Glock 26 BASE Kit BK Glock 26\/27\/33, Box #416001BK - Importadora MC\" \/>\n<meta property=\"og:description\" content=\"La funda Stache es una funda de transporte oculta ambidiestra y modular dentro de la cintura (IWB) fabricada en Estados Unidos. El modelo base incluye funda y clip para cintur\u00f3n. El Stache es un sistema de funda IWB verdaderamente ambidiestro...\" \/>\n<meta property=\"og:url\" content=\"https:\/\/importadoramc.cl\/distribucion\/producto\/holster-blackhawk-stache-iwb-glock-26-base-kit-bk-glock-26-27-33-box-416001bk\/\" \/>\n<meta property=\"og:site_name\" content=\"Importadora MC\" \/>\n<meta property=\"article:modified_time\" content=\"2026-03-30T13:28:00+00:00\" \/>\n<meta property=\"og:image\" content=\"https:\/\/importadoramc.cl\/distribucion\/wp-content\/uploads\/2025\/02\/X_4160-18193.jpg\" \/>\n\t<meta property=\"og:image:width\" content=\"800\" \/>\n\t<meta property=\"og:image:height\" content=\"800\" \/>\n\t<meta property=\"og:image:type\" content=\"image\/jpeg\" \/>\n<meta name=\"twitter:card\" content=\"summary_large_image\" \/>\n<meta name=\"twitter:label1\" content=\"Tiempo estimado de lectura\" \/>\n\t<meta name=\"twitter:data1\" content=\"2 minutos\" \/>\n<script type=\"application\/ld+json\" class=\"yoast-schema-graph\">{\"@context\":\"https:\/\/schema.org\",\"@graph\":[{\"@type\":\"WebPage\",\"@id\":\"https:\/\/importadoramc.cl\/distribucion\/producto\/holster-blackhawk-stache-iwb-glock-26-base-kit-bk-glock-26-27-33-box-416001bk\/\",\"url\":\"https:\/\/importadoramc.cl\/distribucion\/producto\/holster-blackhawk-stache-iwb-glock-26-base-kit-bk-glock-26-27-33-box-416001bk\/\",\"name\":\"Holster BlackHawk Stache IWB Glock 26 BASE Kit BK Glock 26\/27\/33, Box #416001BK - Importadora MC\",\"isPartOf\":{\"@id\":\"https:\/\/importadoramc.cl\/distribucion\/#website\"},\"primaryImageOfPage\":{\"@id\":\"https:\/\/importadoramc.cl\/distribucion\/producto\/holster-blackhawk-stache-iwb-glock-26-base-kit-bk-glock-26-27-33-box-416001bk\/#primaryimage\"},\"image\":{\"@id\":\"https:\/\/importadoramc.cl\/distribucion\/producto\/holster-blackhawk-stache-iwb-glock-26-base-kit-bk-glock-26-27-33-box-416001bk\/#primaryimage\"},\"thumbnailUrl\":\"https:\/\/importadoramc.cl\/distribucion\/wp-content\/uploads\/2025\/02\/X_4160-18193.jpg\",\"datePublished\":\"2025-02-25T17:44:55+00:00\",\"dateModified\":\"2026-03-30T13:28:00+00:00\",\"breadcrumb\":{\"@id\":\"https:\/\/importadoramc.cl\/distribucion\/producto\/holster-blackhawk-stache-iwb-glock-26-base-kit-bk-glock-26-27-33-box-416001bk\/#breadcrumb\"},\"inLanguage\":\"es-CL\",\"potentialAction\":[{\"@type\":\"ReadAction\",\"target\":[\"https:\/\/importadoramc.cl\/distribucion\/producto\/holster-blackhawk-stache-iwb-glock-26-base-kit-bk-glock-26-27-33-box-416001bk\/\"]}]},{\"@type\":\"ImageObject\",\"inLanguage\":\"es-CL\",\"@id\":\"https:\/\/importadoramc.cl\/distribucion\/producto\/holster-blackhawk-stache-iwb-glock-26-base-kit-bk-glock-26-27-33-box-416001bk\/#primaryimage\",\"url\":\"https:\/\/importadoramc.cl\/distribucion\/wp-content\/uploads\/2025\/02\/X_4160-18193.jpg\",\"contentUrl\":\"https:\/\/importadoramc.cl\/distribucion\/wp-content\/uploads\/2025\/02\/X_4160-18193.jpg\",\"width\":800,\"height\":800},{\"@type\":\"BreadcrumbList\",\"@id\":\"https:\/\/importadoramc.cl\/distribucion\/producto\/holster-blackhawk-stache-iwb-glock-26-base-kit-bk-glock-26-27-33-box-416001bk\/#breadcrumb\",\"itemListElement\":[{\"@type\":\"ListItem\",\"position\":1,\"name\":\"Portada\",\"item\":\"https:\/\/importadoramc.cl\/distribucion\/\"},{\"@type\":\"ListItem\",\"position\":2,\"name\":\"Productos\",\"item\":\"https:\/\/importadoramc.cl\/distribucion\/productos\/\"},{\"@type\":\"ListItem\",\"position\":3,\"name\":\"Holster BlackHawk Stache IWB Glock 26 BASE Kit BK Glock 26\/27\/33, Box #416001BK\"}]},{\"@type\":\"WebSite\",\"@id\":\"https:\/\/importadoramc.cl\/distribucion\/#website\",\"url\":\"https:\/\/importadoramc.cl\/distribucion\/\",\"name\":\"Importadora MC\",\"description\":\"\",\"publisher\":{\"@id\":\"https:\/\/importadoramc.cl\/distribucion\/#organization\"},\"potentialAction\":[{\"@type\":\"SearchAction\",\"target\":{\"@type\":\"EntryPoint\",\"urlTemplate\":\"https:\/\/importadoramc.cl\/distribucion\/?s={search_term_string}\"},\"query-input\":{\"@type\":\"PropertyValueSpecification\",\"valueRequired\":true,\"valueName\":\"search_term_string\"}}],\"inLanguage\":\"es-CL\"},{\"@type\":\"Organization\",\"@id\":\"https:\/\/importadoramc.cl\/distribucion\/#organization\",\"name\":\"Importadora MC\",\"url\":\"https:\/\/importadoramc.cl\/distribucion\/\",\"logo\":{\"@type\":\"ImageObject\",\"inLanguage\":\"es-CL\",\"@id\":\"https:\/\/importadoramc.cl\/distribucion\/#\/schema\/logo\/image\/\",\"url\":\"https:\/\/importadoramc.cl\/distribucion\/wp-content\/uploads\/2025\/04\/VECTORIZACION-DE-LOGO-IMPORTADORA-1.jpg\",\"contentUrl\":\"https:\/\/importadoramc.cl\/distribucion\/wp-content\/uploads\/2025\/04\/VECTORIZACION-DE-LOGO-IMPORTADORA-1.jpg\",\"width\":2559,\"height\":2513,\"caption\":\"Importadora MC\"},\"image\":{\"@id\":\"https:\/\/importadoramc.cl\/distribucion\/#\/schema\/logo\/image\/\"},\"sameAs\":[\"https:\/\/www.linkedin.com\/company\/importadora-mc-cl\/\"]}]}<\/script>\n<!-- \/ Yoast SEO plugin. -->","yoast_head_json":{"title":"Holster BlackHawk Stache IWB Glock 26 BASE Kit BK Glock 26\/27\/33, Box #416001BK - Importadora MC","robots":{"index":"index","follow":"follow","max-snippet":"max-snippet:-1","max-image-preview":"max-image-preview:large","max-video-preview":"max-video-preview:-1"},"canonical":"https:\/\/importadoramc.cl\/distribucion\/producto\/holster-blackhawk-stache-iwb-glock-26-base-kit-bk-glock-26-27-33-box-416001bk\/","og_locale":"es_ES","og_type":"article","og_title":"Holster BlackHawk Stache IWB Glock 26 BASE Kit BK Glock 26\/27\/33, Box #416001BK - Importadora MC","og_description":"La funda Stache es una funda de transporte oculta ambidiestra y modular dentro de la cintura (IWB) fabricada en Estados Unidos. El modelo base incluye funda y clip para cintur\u00f3n. El Stache es un sistema de funda IWB verdaderamente ambidiestro...","og_url":"https:\/\/importadoramc.cl\/distribucion\/producto\/holster-blackhawk-stache-iwb-glock-26-base-kit-bk-glock-26-27-33-box-416001bk\/","og_site_name":"Importadora MC","article_modified_time":"2026-03-30T13:28:00+00:00","og_image":[{"width":800,"height":800,"url":"https:\/\/importadoramc.cl\/distribucion\/wp-content\/uploads\/2025\/02\/X_4160-18193.jpg","type":"image\/jpeg"}],"twitter_card":"summary_large_image","twitter_misc":{"Tiempo estimado de lectura":"2 minutos"},"schema":{"@context":"https:\/\/schema.org","@graph":[{"@type":"WebPage","@id":"https:\/\/importadoramc.cl\/distribucion\/producto\/holster-blackhawk-stache-iwb-glock-26-base-kit-bk-glock-26-27-33-box-416001bk\/","url":"https:\/\/importadoramc.cl\/distribucion\/producto\/holster-blackhawk-stache-iwb-glock-26-base-kit-bk-glock-26-27-33-box-416001bk\/","name":"Holster BlackHawk Stache IWB Glock 26 BASE Kit BK Glock 26\/27\/33, Box #416001BK - Importadora MC","isPartOf":{"@id":"https:\/\/importadoramc.cl\/distribucion\/#website"},"primaryImageOfPage":{"@id":"https:\/\/importadoramc.cl\/distribucion\/producto\/holster-blackhawk-stache-iwb-glock-26-base-kit-bk-glock-26-27-33-box-416001bk\/#primaryimage"},"image":{"@id":"https:\/\/importadoramc.cl\/distribucion\/producto\/holster-blackhawk-stache-iwb-glock-26-base-kit-bk-glock-26-27-33-box-416001bk\/#primaryimage"},"thumbnailUrl":"https:\/\/importadoramc.cl\/distribucion\/wp-content\/uploads\/2025\/02\/X_4160-18193.jpg","datePublished":"2025-02-25T17:44:55+00:00","dateModified":"2026-03-30T13:28:00+00:00","breadcrumb":{"@id":"https:\/\/importadoramc.cl\/distribucion\/producto\/holster-blackhawk-stache-iwb-glock-26-base-kit-bk-glock-26-27-33-box-416001bk\/#breadcrumb"},"inLanguage":"es-CL","potentialAction":[{"@type":"ReadAction","target":["https:\/\/importadoramc.cl\/distribucion\/producto\/holster-blackhawk-stache-iwb-glock-26-base-kit-bk-glock-26-27-33-box-416001bk\/"]}]},{"@type":"ImageObject","inLanguage":"es-CL","@id":"https:\/\/importadoramc.cl\/distribucion\/producto\/holster-blackhawk-stache-iwb-glock-26-base-kit-bk-glock-26-27-33-box-416001bk\/#primaryimage","url":"https:\/\/importadoramc.cl\/distribucion\/wp-content\/uploads\/2025\/02\/X_4160-18193.jpg","contentUrl":"https:\/\/importadoramc.cl\/distribucion\/wp-content\/uploads\/2025\/02\/X_4160-18193.jpg","width":800,"height":800},{"@type":"BreadcrumbList","@id":"https:\/\/importadoramc.cl\/distribucion\/producto\/holster-blackhawk-stache-iwb-glock-26-base-kit-bk-glock-26-27-33-box-416001bk\/#breadcrumb","itemListElement":[{"@type":"ListItem","position":1,"name":"Portada","item":"https:\/\/importadoramc.cl\/distribucion\/"},{"@type":"ListItem","position":2,"name":"Productos","item":"https:\/\/importadoramc.cl\/distribucion\/productos\/"},{"@type":"ListItem","position":3,"name":"Holster BlackHawk Stache IWB Glock 26 BASE Kit BK Glock 26\/27\/33, Box #416001BK"}]},{"@type":"WebSite","@id":"https:\/\/importadoramc.cl\/distribucion\/#website","url":"https:\/\/importadoramc.cl\/distribucion\/","name":"Importadora MC","description":"","publisher":{"@id":"https:\/\/importadoramc.cl\/distribucion\/#organization"},"potentialAction":[{"@type":"SearchAction","target":{"@type":"EntryPoint","urlTemplate":"https:\/\/importadoramc.cl\/distribucion\/?s={search_term_string}"},"query-input":{"@type":"PropertyValueSpecification","valueRequired":true,"valueName":"search_term_string"}}],"inLanguage":"es-CL"},{"@type":"Organization","@id":"https:\/\/importadoramc.cl\/distribucion\/#organization","name":"Importadora MC","url":"https:\/\/importadoramc.cl\/distribucion\/","logo":{"@type":"ImageObject","inLanguage":"es-CL","@id":"https:\/\/importadoramc.cl\/distribucion\/#\/schema\/logo\/image\/","url":"https:\/\/importadoramc.cl\/distribucion\/wp-content\/uploads\/2025\/04\/VECTORIZACION-DE-LOGO-IMPORTADORA-1.jpg","contentUrl":"https:\/\/importadoramc.cl\/distribucion\/wp-content\/uploads\/2025\/04\/VECTORIZACION-DE-LOGO-IMPORTADORA-1.jpg","width":2559,"height":2513,"caption":"Importadora MC"},"image":{"@id":"https:\/\/importadoramc.cl\/distribucion\/#\/schema\/logo\/image\/"},"sameAs":["https:\/\/www.linkedin.com\/company\/importadora-mc-cl\/"]}]}},"_links":{"self":[{"href":"https:\/\/importadoramc.cl\/distribucion\/wp-json\/wp\/v2\/product\/1994","targetHints":{"allow":["GET"]}}],"collection":[{"href":"https:\/\/importadoramc.cl\/distribucion\/wp-json\/wp\/v2\/product"}],"about":[{"href":"https:\/\/importadoramc.cl\/distribucion\/wp-json\/wp\/v2\/types\/product"}],"wp:featuredmedia":[{"embeddable":true,"href":"https:\/\/importadoramc.cl\/distribucion\/wp-json\/wp\/v2\/media\/3090"}],"wp:attachment":[{"href":"https:\/\/importadoramc.cl\/distribucion\/wp-json\/wp\/v2\/media?parent=1994"}],"wp:term":[{"taxonomy":"product_brand","embeddable":true,"href":"https:\/\/importadoramc.cl\/distribucion\/wp-json\/wp\/v2\/product_brand?post=1994"},{"taxonomy":"product_cat","embeddable":true,"href":"https:\/\/importadoramc.cl\/distribucion\/wp-json\/wp\/v2\/product_cat?post=1994"},{"taxonomy":"product_tag","embeddable":true,"href":"https:\/\/importadoramc.cl\/distribucion\/wp-json\/wp\/v2\/product_tag?post=1994"}],"curies":[{"name":"wp","href":"https:\/\/api.w.org\/{rel}","templated":true}]}}