{"id":1799,"date":"2025-02-25T14:44:37","date_gmt":"2025-02-25T17:44:37","guid":{"rendered":"https:\/\/importadoramc.cl\/distribucion\/?post_type=product&#038;p=1799"},"modified":"2026-03-30T10:27:55","modified_gmt":"2026-03-30T13:27:55","slug":"cuchillo-walther-pro-de-rescate-color-amarillo-5-2012","status":"publish","type":"product","link":"https:\/\/importadoramc.cl\/distribucion\/producto\/cuchillo-walther-pro-de-rescate-color-amarillo-5-2012\/","title":{"rendered":"Cuchillo Walther PRO de rescate color amarillo #5.2012"},"content":{"rendered":"<p>Esta navaja est\u00e1 dise\u00f1ada para personal de rescate profesional. El bot\u00f3n rectangular en la base de la cuchilla y los huecos en la parte superior de la cuchilla permiten que se abra incluso con una mano h\u00fameda o enguantada.<\/p>\n<p>Una aleta proporciona asistencia de apertura y protege el dedo \u00edndice cuando se extiende la cuchilla y se activa el bloqueo del revestimiento. La hoja con punta de ca\u00edda recubierta de titanio gris de 90 mm de largo est\u00e1 hecha de acero Sandvik 12C27 y tiene una peque\u00f1a sierra frente al ricasso para serrar.<\/p>\n<p>Un interruptor de vidrio est\u00e1 integrado en la parte trasera del mango. Se puede empujar un cortador de correa fuera del mango sin tener que abrir la cuchilla. Las escamas de goma antideslizantes se atornillan a cada lado de la carcasa resistente.<\/p>\n<p>Las incrustaciones de ne\u00f3n amarillo ayudan a hacer que el cuchillo de rescate PRO sea visible en la oscuridad o en el suelo.<\/p>\n<h4><strong>DATOS T\u00c9CNICOS<\/strong><\/h4>\n<table>\n<tbody>\n<tr>\n<td>Longitud<\/td>\n<th>218 mm<\/th>\n<\/tr>\n<tr>\n<td>Peso<\/td>\n<th>208 g<\/th>\n<\/tr>\n<tr>\n<td>Material<\/td>\n<th>12C27 Sandvik Steel<\/th>\n<\/tr>\n<tr>\n<td>Material de agarre<\/td>\n<th>Pol\u00edmero con revestimiento de goma.<\/th>\n<\/tr>\n<tr>\n<td>Longitud de la hoja<\/td>\n<th>90 mm<\/th>\n<\/tr>\n<tr>\n<td>Sistema de bloqueo<\/td>\n<th>Liner-Lock<\/th>\n<\/tr>\n<tr>\n<td>Forma de hoja<\/td>\n<th>Punto de entrega<\/th>\n<\/tr>\n<\/tbody>\n<\/table>\n","protected":false},"excerpt":{"rendered":"<p>Esta navaja est\u00e1 dise\u00f1ada para personal de rescate profesional. El bot\u00f3n rectangular en la base de la cuchilla y los huecos en la parte superior de la cuchilla permiten que se abra incluso con una mano h\u00fameda o enguantada. Una&#8230;<\/p>\n","protected":false},"featured_media":3154,"template":"","meta":{"_acf_changed":false},"product_brand":[124],"product_cat":[68,64,17],"product_tag":[],"class_list":{"0":"post-1799","1":"product","2":"type-product","3":"status-publish","4":"has-post-thumbnail","6":"product_brand-walther","7":"product_cat-cuchilleria","8":"product_cat-equipamiento","9":"product_cat-general","11":"first","12":"outofstock","13":"taxable","14":"shipping-taxable","15":"purchasable","16":"product-type-simple"},"acf":[],"yoast_head":"<!-- This site is optimized with the Yoast SEO plugin v27.2 - https:\/\/yoast.com\/product\/yoast-seo-wordpress\/ -->\n<title>Cuchillo Walther PRO de rescate color amarillo #5.2012 - Importadora MC<\/title>\n<meta name=\"robots\" content=\"index, follow, max-snippet:-1, max-image-preview:large, max-video-preview:-1\" \/>\n<link rel=\"canonical\" href=\"https:\/\/importadoramc.cl\/distribucion\/producto\/cuchillo-walther-pro-de-rescate-color-amarillo-5-2012\/\" \/>\n<meta property=\"og:locale\" content=\"es_ES\" \/>\n<meta property=\"og:type\" content=\"article\" \/>\n<meta property=\"og:title\" content=\"Cuchillo Walther PRO de rescate color amarillo #5.2012 - Importadora MC\" \/>\n<meta property=\"og:description\" content=\"Esta navaja est\u00e1 dise\u00f1ada para personal de rescate profesional. El bot\u00f3n rectangular en la base de la cuchilla y los huecos en la parte superior de la cuchilla permiten que se abra incluso con una mano h\u00fameda o enguantada. Una...\" \/>\n<meta property=\"og:url\" content=\"https:\/\/importadoramc.cl\/distribucion\/producto\/cuchillo-walther-pro-de-rescate-color-amarillo-5-2012\/\" \/>\n<meta property=\"og:site_name\" content=\"Importadora MC\" \/>\n<meta property=\"article:modified_time\" content=\"2026-03-30T13:27:55+00:00\" \/>\n<meta property=\"og:image\" content=\"https:\/\/importadoramc.cl\/distribucion\/wp-content\/uploads\/2025\/02\/X_5-2012_rescueknifepro_armeria_tarapaca2019.jpg\" \/>\n\t<meta property=\"og:image:width\" content=\"1200\" \/>\n\t<meta property=\"og:image:height\" content=\"675\" \/>\n\t<meta property=\"og:image:type\" content=\"image\/jpeg\" \/>\n<meta name=\"twitter:card\" content=\"summary_large_image\" \/>\n<meta name=\"twitter:label1\" content=\"Tiempo estimado de lectura\" \/>\n\t<meta name=\"twitter:data1\" content=\"1 minuto\" \/>\n<script type=\"application\/ld+json\" class=\"yoast-schema-graph\">{\"@context\":\"https:\/\/schema.org\",\"@graph\":[{\"@type\":\"WebPage\",\"@id\":\"https:\/\/importadoramc.cl\/distribucion\/producto\/cuchillo-walther-pro-de-rescate-color-amarillo-5-2012\/\",\"url\":\"https:\/\/importadoramc.cl\/distribucion\/producto\/cuchillo-walther-pro-de-rescate-color-amarillo-5-2012\/\",\"name\":\"Cuchillo Walther PRO de rescate color amarillo #5.2012 - Importadora MC\",\"isPartOf\":{\"@id\":\"https:\/\/importadoramc.cl\/distribucion\/#website\"},\"primaryImageOfPage\":{\"@id\":\"https:\/\/importadoramc.cl\/distribucion\/producto\/cuchillo-walther-pro-de-rescate-color-amarillo-5-2012\/#primaryimage\"},\"image\":{\"@id\":\"https:\/\/importadoramc.cl\/distribucion\/producto\/cuchillo-walther-pro-de-rescate-color-amarillo-5-2012\/#primaryimage\"},\"thumbnailUrl\":\"https:\/\/importadoramc.cl\/distribucion\/wp-content\/uploads\/2025\/02\/X_5-2012_rescueknifepro_armeria_tarapaca2019.jpg\",\"datePublished\":\"2025-02-25T17:44:37+00:00\",\"dateModified\":\"2026-03-30T13:27:55+00:00\",\"breadcrumb\":{\"@id\":\"https:\/\/importadoramc.cl\/distribucion\/producto\/cuchillo-walther-pro-de-rescate-color-amarillo-5-2012\/#breadcrumb\"},\"inLanguage\":\"es-CL\",\"potentialAction\":[{\"@type\":\"ReadAction\",\"target\":[\"https:\/\/importadoramc.cl\/distribucion\/producto\/cuchillo-walther-pro-de-rescate-color-amarillo-5-2012\/\"]}]},{\"@type\":\"ImageObject\",\"inLanguage\":\"es-CL\",\"@id\":\"https:\/\/importadoramc.cl\/distribucion\/producto\/cuchillo-walther-pro-de-rescate-color-amarillo-5-2012\/#primaryimage\",\"url\":\"https:\/\/importadoramc.cl\/distribucion\/wp-content\/uploads\/2025\/02\/X_5-2012_rescueknifepro_armeria_tarapaca2019.jpg\",\"contentUrl\":\"https:\/\/importadoramc.cl\/distribucion\/wp-content\/uploads\/2025\/02\/X_5-2012_rescueknifepro_armeria_tarapaca2019.jpg\",\"width\":1200,\"height\":675},{\"@type\":\"BreadcrumbList\",\"@id\":\"https:\/\/importadoramc.cl\/distribucion\/producto\/cuchillo-walther-pro-de-rescate-color-amarillo-5-2012\/#breadcrumb\",\"itemListElement\":[{\"@type\":\"ListItem\",\"position\":1,\"name\":\"Portada\",\"item\":\"https:\/\/importadoramc.cl\/distribucion\/\"},{\"@type\":\"ListItem\",\"position\":2,\"name\":\"Productos\",\"item\":\"https:\/\/importadoramc.cl\/distribucion\/productos\/\"},{\"@type\":\"ListItem\",\"position\":3,\"name\":\"Cuchillo Walther PRO de rescate color amarillo #5.2012\"}]},{\"@type\":\"WebSite\",\"@id\":\"https:\/\/importadoramc.cl\/distribucion\/#website\",\"url\":\"https:\/\/importadoramc.cl\/distribucion\/\",\"name\":\"Importadora MC\",\"description\":\"\",\"publisher\":{\"@id\":\"https:\/\/importadoramc.cl\/distribucion\/#organization\"},\"potentialAction\":[{\"@type\":\"SearchAction\",\"target\":{\"@type\":\"EntryPoint\",\"urlTemplate\":\"https:\/\/importadoramc.cl\/distribucion\/?s={search_term_string}\"},\"query-input\":{\"@type\":\"PropertyValueSpecification\",\"valueRequired\":true,\"valueName\":\"search_term_string\"}}],\"inLanguage\":\"es-CL\"},{\"@type\":\"Organization\",\"@id\":\"https:\/\/importadoramc.cl\/distribucion\/#organization\",\"name\":\"Importadora MC\",\"url\":\"https:\/\/importadoramc.cl\/distribucion\/\",\"logo\":{\"@type\":\"ImageObject\",\"inLanguage\":\"es-CL\",\"@id\":\"https:\/\/importadoramc.cl\/distribucion\/#\/schema\/logo\/image\/\",\"url\":\"https:\/\/importadoramc.cl\/distribucion\/wp-content\/uploads\/2025\/04\/VECTORIZACION-DE-LOGO-IMPORTADORA-1.jpg\",\"contentUrl\":\"https:\/\/importadoramc.cl\/distribucion\/wp-content\/uploads\/2025\/04\/VECTORIZACION-DE-LOGO-IMPORTADORA-1.jpg\",\"width\":2559,\"height\":2513,\"caption\":\"Importadora MC\"},\"image\":{\"@id\":\"https:\/\/importadoramc.cl\/distribucion\/#\/schema\/logo\/image\/\"},\"sameAs\":[\"https:\/\/www.linkedin.com\/company\/importadora-mc-cl\/\"]}]}<\/script>\n<!-- \/ Yoast SEO plugin. -->","yoast_head_json":{"title":"Cuchillo Walther PRO de rescate color amarillo #5.2012 - Importadora MC","robots":{"index":"index","follow":"follow","max-snippet":"max-snippet:-1","max-image-preview":"max-image-preview:large","max-video-preview":"max-video-preview:-1"},"canonical":"https:\/\/importadoramc.cl\/distribucion\/producto\/cuchillo-walther-pro-de-rescate-color-amarillo-5-2012\/","og_locale":"es_ES","og_type":"article","og_title":"Cuchillo Walther PRO de rescate color amarillo #5.2012 - Importadora MC","og_description":"Esta navaja est\u00e1 dise\u00f1ada para personal de rescate profesional. El bot\u00f3n rectangular en la base de la cuchilla y los huecos en la parte superior de la cuchilla permiten que se abra incluso con una mano h\u00fameda o enguantada. Una...","og_url":"https:\/\/importadoramc.cl\/distribucion\/producto\/cuchillo-walther-pro-de-rescate-color-amarillo-5-2012\/","og_site_name":"Importadora MC","article_modified_time":"2026-03-30T13:27:55+00:00","og_image":[{"width":1200,"height":675,"url":"https:\/\/importadoramc.cl\/distribucion\/wp-content\/uploads\/2025\/02\/X_5-2012_rescueknifepro_armeria_tarapaca2019.jpg","type":"image\/jpeg"}],"twitter_card":"summary_large_image","twitter_misc":{"Tiempo estimado de lectura":"1 minuto"},"schema":{"@context":"https:\/\/schema.org","@graph":[{"@type":"WebPage","@id":"https:\/\/importadoramc.cl\/distribucion\/producto\/cuchillo-walther-pro-de-rescate-color-amarillo-5-2012\/","url":"https:\/\/importadoramc.cl\/distribucion\/producto\/cuchillo-walther-pro-de-rescate-color-amarillo-5-2012\/","name":"Cuchillo Walther PRO de rescate color amarillo #5.2012 - Importadora MC","isPartOf":{"@id":"https:\/\/importadoramc.cl\/distribucion\/#website"},"primaryImageOfPage":{"@id":"https:\/\/importadoramc.cl\/distribucion\/producto\/cuchillo-walther-pro-de-rescate-color-amarillo-5-2012\/#primaryimage"},"image":{"@id":"https:\/\/importadoramc.cl\/distribucion\/producto\/cuchillo-walther-pro-de-rescate-color-amarillo-5-2012\/#primaryimage"},"thumbnailUrl":"https:\/\/importadoramc.cl\/distribucion\/wp-content\/uploads\/2025\/02\/X_5-2012_rescueknifepro_armeria_tarapaca2019.jpg","datePublished":"2025-02-25T17:44:37+00:00","dateModified":"2026-03-30T13:27:55+00:00","breadcrumb":{"@id":"https:\/\/importadoramc.cl\/distribucion\/producto\/cuchillo-walther-pro-de-rescate-color-amarillo-5-2012\/#breadcrumb"},"inLanguage":"es-CL","potentialAction":[{"@type":"ReadAction","target":["https:\/\/importadoramc.cl\/distribucion\/producto\/cuchillo-walther-pro-de-rescate-color-amarillo-5-2012\/"]}]},{"@type":"ImageObject","inLanguage":"es-CL","@id":"https:\/\/importadoramc.cl\/distribucion\/producto\/cuchillo-walther-pro-de-rescate-color-amarillo-5-2012\/#primaryimage","url":"https:\/\/importadoramc.cl\/distribucion\/wp-content\/uploads\/2025\/02\/X_5-2012_rescueknifepro_armeria_tarapaca2019.jpg","contentUrl":"https:\/\/importadoramc.cl\/distribucion\/wp-content\/uploads\/2025\/02\/X_5-2012_rescueknifepro_armeria_tarapaca2019.jpg","width":1200,"height":675},{"@type":"BreadcrumbList","@id":"https:\/\/importadoramc.cl\/distribucion\/producto\/cuchillo-walther-pro-de-rescate-color-amarillo-5-2012\/#breadcrumb","itemListElement":[{"@type":"ListItem","position":1,"name":"Portada","item":"https:\/\/importadoramc.cl\/distribucion\/"},{"@type":"ListItem","position":2,"name":"Productos","item":"https:\/\/importadoramc.cl\/distribucion\/productos\/"},{"@type":"ListItem","position":3,"name":"Cuchillo Walther PRO de rescate color amarillo #5.2012"}]},{"@type":"WebSite","@id":"https:\/\/importadoramc.cl\/distribucion\/#website","url":"https:\/\/importadoramc.cl\/distribucion\/","name":"Importadora MC","description":"","publisher":{"@id":"https:\/\/importadoramc.cl\/distribucion\/#organization"},"potentialAction":[{"@type":"SearchAction","target":{"@type":"EntryPoint","urlTemplate":"https:\/\/importadoramc.cl\/distribucion\/?s={search_term_string}"},"query-input":{"@type":"PropertyValueSpecification","valueRequired":true,"valueName":"search_term_string"}}],"inLanguage":"es-CL"},{"@type":"Organization","@id":"https:\/\/importadoramc.cl\/distribucion\/#organization","name":"Importadora MC","url":"https:\/\/importadoramc.cl\/distribucion\/","logo":{"@type":"ImageObject","inLanguage":"es-CL","@id":"https:\/\/importadoramc.cl\/distribucion\/#\/schema\/logo\/image\/","url":"https:\/\/importadoramc.cl\/distribucion\/wp-content\/uploads\/2025\/04\/VECTORIZACION-DE-LOGO-IMPORTADORA-1.jpg","contentUrl":"https:\/\/importadoramc.cl\/distribucion\/wp-content\/uploads\/2025\/04\/VECTORIZACION-DE-LOGO-IMPORTADORA-1.jpg","width":2559,"height":2513,"caption":"Importadora MC"},"image":{"@id":"https:\/\/importadoramc.cl\/distribucion\/#\/schema\/logo\/image\/"},"sameAs":["https:\/\/www.linkedin.com\/company\/importadora-mc-cl\/"]}]}},"_links":{"self":[{"href":"https:\/\/importadoramc.cl\/distribucion\/wp-json\/wp\/v2\/product\/1799","targetHints":{"allow":["GET"]}}],"collection":[{"href":"https:\/\/importadoramc.cl\/distribucion\/wp-json\/wp\/v2\/product"}],"about":[{"href":"https:\/\/importadoramc.cl\/distribucion\/wp-json\/wp\/v2\/types\/product"}],"wp:featuredmedia":[{"embeddable":true,"href":"https:\/\/importadoramc.cl\/distribucion\/wp-json\/wp\/v2\/media\/3154"}],"wp:attachment":[{"href":"https:\/\/importadoramc.cl\/distribucion\/wp-json\/wp\/v2\/media?parent=1799"}],"wp:term":[{"taxonomy":"product_brand","embeddable":true,"href":"https:\/\/importadoramc.cl\/distribucion\/wp-json\/wp\/v2\/product_brand?post=1799"},{"taxonomy":"product_cat","embeddable":true,"href":"https:\/\/importadoramc.cl\/distribucion\/wp-json\/wp\/v2\/product_cat?post=1799"},{"taxonomy":"product_tag","embeddable":true,"href":"https:\/\/importadoramc.cl\/distribucion\/wp-json\/wp\/v2\/product_tag?post=1799"}],"curies":[{"name":"wp","href":"https:\/\/api.w.org\/{rel}","templated":true}]}}