{"id":1521,"date":"2025-02-25T14:44:11","date_gmt":"2025-02-25T17:44:11","guid":{"rendered":"https:\/\/importadoramc.cl\/distribucion\/?post_type=product&#038;p=1521"},"modified":"2026-03-30T10:27:50","modified_gmt":"2026-03-30T13:27:50","slug":"replica-cal-6mm-mod-neptune-marsoc-b-marca-rossi","status":"publish","type":"product","link":"https:\/\/importadoramc.cl\/distribucion\/producto\/replica-cal-6mm-mod-neptune-marsoc-b-marca-rossi\/","title":{"rendered":"Replica cal 6mm mod NEPTUNE-MARSOC-B marca Rossi"},"content":{"rendered":"<p><strong>*Nota: el conector de bater\u00eda de la serie NEPTUNE es T-DEANS<\/strong><\/p>\n<p><strong>Nota* Incluye un (1) Magazine mid cap de 140 Rds<\/strong><\/p>\n<p>#Hablemosde la nueva ROSSI Marsoc, las AR15 han sido las m\u00e1s populares, pero esta MARSOC viene con un equipamiento muy interesante, tiene un gatillo electr\u00f3nico con Mosfet y con freno activo que permite que el pist\u00f3n descans\u00e9, sin embargo el pist\u00f3n tiene dientes de acero para una mayor durabilidad, el cuerpo y guardamanos es totalmente met\u00e1lico y todos sus internals tambi\u00e9n, su flash hider tambi\u00e9n es met\u00e1lico y se puede sacar para colocar silenciador o trazadores sin problemas. Una de sus caracter\u00edsticas m\u00e1s resaltantes es el ca\u00f1\u00f3n interno 6.02 que le da m\u00e1s ventaja frente a otras r\u00e9plicas al momento de elegir cu\u00e1l llevar, tambi\u00e9n tiene cambio r\u00e1pido de resorte, as\u00ed que puedes ajustar la potencia a tu gusto. Viene con dos cargadores MID-CAP incluidos sin cascabeleo para no delatarte, incluye ASAP para que puedas utilizar el tipo de correa que gustes, punto de mira y alza de mira met\u00e1licos, posee c\u00e1mara de hop up giratoria ajustable, la culata tiene cinco posiciones y su conexi\u00f3n a la bater\u00eda es\u00a0<strong>DEANS.<\/strong><\/p>\n<p>As\u00ed que no hay que pensarlo mucho.<\/p>\n<table style=\"width: 100%; border-collapse: separate; border-spacing: 1px;\">\n<thead>\n<tr style=\"background-color: #f2f2f2;\">\n<th style=\"border: 1px solid #ddd; padding: 8px; text-align: left;\">Caracter\u00edstica<\/th>\n<th style=\"border: 1px solid #ddd; padding: 8px; text-align: left;\">Detalle<\/th>\n<\/tr>\n<\/thead>\n<tbody>\n<tr>\n<td style=\"border: 1px solid #ddd; padding: 8px;\">Gatillo electr\u00f3nico<\/td>\n<td style=\"border: 1px solid #ddd; padding: 8px;\">Con freno activo<\/td>\n<\/tr>\n<tr>\n<td style=\"border: 1px solid #ddd; padding: 8px;\">Engranajes<\/td>\n<td style=\"border: 1px solid #ddd; padding: 8px;\">CNC combinados<\/td>\n<\/tr>\n<tr>\n<td style=\"border: 1px solid #ddd; padding: 8px;\">Pist\u00f3n<\/td>\n<td style=\"border: 1px solid #ddd; padding: 8px;\">Con dientes de acero<\/td>\n<\/tr>\n<tr>\n<td style=\"border: 1px solid #ddd; padding: 8px;\">Bujes<\/td>\n<td style=\"border: 1px solid #ddd; padding: 8px;\">8 mm<\/td>\n<\/tr>\n<tr>\n<td style=\"border: 1px solid #ddd; padding: 8px;\">Gu\u00eda de resorte<\/td>\n<td style=\"border: 1px solid #ddd; padding: 8px;\">QD con cojinete<\/td>\n<\/tr>\n<tr>\n<td style=\"border: 1px solid #ddd; padding: 8px;\">Mosfet<\/td>\n<td style=\"border: 1px solid #ddd; padding: 8px;\">S\u00ed<\/td>\n<\/tr>\n<tr>\n<td style=\"border: 1px solid #ddd; padding: 8px;\">Ca\u00f1\u00f3n de precisi\u00f3n<\/td>\n<td style=\"border: 1px solid #ddd; padding: 8px;\">6,02 mm<\/td>\n<\/tr>\n<tr>\n<td style=\"border: 1px solid #ddd; padding: 8px;\">Ca\u00f1\u00f3n exterior<\/td>\n<td style=\"border: 1px solid #ddd; padding: 8px;\">De una pieza<\/td>\n<\/tr>\n<tr>\n<td style=\"border: 1px solid #ddd; padding: 8px;\">Guardamanos<\/td>\n<td style=\"border: 1px solid #ddd; padding: 8px;\">MK18 CNC Light Black<\/td>\n<\/tr>\n<tr>\n<td style=\"border: 1px solid #ddd; padding: 8px;\">Miras plegables<\/td>\n<td style=\"border: 1px solid #ddd; padding: 8px;\">De metal<\/td>\n<\/tr>\n<tr>\n<td style=\"border: 1px solid #ddd; padding: 8px;\">Tubo de culata<\/td>\n<td style=\"border: 1px solid #ddd; padding: 8px;\">Met\u00e1lico<\/td>\n<\/tr>\n<tr>\n<td style=\"border: 1px solid #ddd; padding: 8px;\">Culata<\/td>\n<td style=\"border: 1px solid #ddd; padding: 8px;\">Fibra de nailon<\/td>\n<\/tr>\n<tr>\n<td style=\"border: 1px solid #ddd; padding: 8px;\">Cargador<\/td>\n<td style=\"border: 1px solid #ddd; padding: 8px;\">1 de pol\u00edmero MID-CAP<\/td>\n<\/tr>\n<tr>\n<td style=\"border: 1px solid #ddd; padding: 8px;\">Motor<\/td>\n<td style=\"border: 1px solid #ddd; padding: 8px;\">25.000 rpm (Hi-Speed)<\/td>\n<\/tr>\n<tr>\n<td style=\"border: 1px solid #ddd; padding: 8px;\">Longitud<\/td>\n<td style=\"border: 1px solid #ddd; padding: 8px;\">Cerrado: 720 mm \/ Abierto: 800 mm<\/td>\n<\/tr>\n<tr>\n<td style=\"border: 1px solid #ddd; padding: 8px;\">Peso<\/td>\n<td style=\"border: 1px solid #ddd; padding: 8px;\">2600 g<\/td>\n<\/tr>\n<tr>\n<td style=\"border: 1px solid #ddd; padding: 8px;\">Boca extra<\/td>\n<td style=\"border: 1px solid #ddd; padding: 8px;\">Naranja<\/td>\n<\/tr>\n<\/tbody>\n<\/table>\n","protected":false},"excerpt":{"rendered":"<p>*Nota: el conector de bater\u00eda de la serie NEPTUNE es T-DEANS Nota* Incluye un (1) Magazine mid cap de 140 Rds #Hablemosde la nueva ROSSI Marsoc, las AR15 han sido las m\u00e1s populares, pero esta MARSOC viene con un equipamiento&#8230;<\/p>\n","protected":false},"featured_media":3241,"template":"","meta":{"_acf_changed":false},"product_brand":[132],"product_cat":[18,17,19],"product_tag":[],"class_list":{"0":"post-1521","1":"product","2":"type-product","3":"status-publish","4":"has-post-thumbnail","6":"product_brand-rossi","7":"product_cat-airsoft","8":"product_cat-general","9":"product_cat-replicas-electricas","11":"first","12":"outofstock","13":"taxable","14":"shipping-taxable","15":"purchasable","16":"product-type-simple"},"acf":[],"yoast_head":"<!-- This site is optimized with the Yoast SEO plugin v27.2 - https:\/\/yoast.com\/product\/yoast-seo-wordpress\/ -->\n<title>Replica cal 6mm mod NEPTUNE-MARSOC-B marca Rossi - Importadora MC<\/title>\n<meta name=\"robots\" content=\"index, follow, max-snippet:-1, max-image-preview:large, max-video-preview:-1\" \/>\n<link rel=\"canonical\" href=\"https:\/\/importadoramc.cl\/distribucion\/producto\/replica-cal-6mm-mod-neptune-marsoc-b-marca-rossi\/\" \/>\n<meta property=\"og:locale\" content=\"es_ES\" \/>\n<meta property=\"og:type\" content=\"article\" \/>\n<meta property=\"og:title\" content=\"Replica cal 6mm mod NEPTUNE-MARSOC-B marca Rossi - Importadora MC\" \/>\n<meta property=\"og:description\" content=\"*Nota: el conector de bater\u00eda de la serie NEPTUNE es T-DEANS Nota* Incluye un (1) Magazine mid cap de 140 Rds #Hablemosde la nueva ROSSI Marsoc, las AR15 han sido las m\u00e1s populares, pero esta MARSOC viene con un equipamiento...\" \/>\n<meta property=\"og:url\" content=\"https:\/\/importadoramc.cl\/distribucion\/producto\/replica-cal-6mm-mod-neptune-marsoc-b-marca-rossi\/\" \/>\n<meta property=\"og:site_name\" content=\"Importadora MC\" \/>\n<meta property=\"article:modified_time\" content=\"2026-03-30T13:27:50+00:00\" \/>\n<meta property=\"og:image\" content=\"https:\/\/importadoramc.cl\/distribucion\/wp-content\/uploads\/2025\/02\/X_neptune-9-marsocnegra5533.jpg\" \/>\n\t<meta property=\"og:image:width\" content=\"800\" \/>\n\t<meta property=\"og:image:height\" content=\"800\" \/>\n\t<meta property=\"og:image:type\" content=\"image\/jpeg\" \/>\n<meta name=\"twitter:card\" content=\"summary_large_image\" \/>\n<meta name=\"twitter:label1\" content=\"Tiempo estimado de lectura\" \/>\n\t<meta name=\"twitter:data1\" content=\"2 minutos\" \/>\n<script type=\"application\/ld+json\" class=\"yoast-schema-graph\">{\"@context\":\"https:\/\/schema.org\",\"@graph\":[{\"@type\":\"WebPage\",\"@id\":\"https:\/\/importadoramc.cl\/distribucion\/producto\/replica-cal-6mm-mod-neptune-marsoc-b-marca-rossi\/\",\"url\":\"https:\/\/importadoramc.cl\/distribucion\/producto\/replica-cal-6mm-mod-neptune-marsoc-b-marca-rossi\/\",\"name\":\"Replica cal 6mm mod NEPTUNE-MARSOC-B marca Rossi - Importadora MC\",\"isPartOf\":{\"@id\":\"https:\/\/importadoramc.cl\/distribucion\/#website\"},\"primaryImageOfPage\":{\"@id\":\"https:\/\/importadoramc.cl\/distribucion\/producto\/replica-cal-6mm-mod-neptune-marsoc-b-marca-rossi\/#primaryimage\"},\"image\":{\"@id\":\"https:\/\/importadoramc.cl\/distribucion\/producto\/replica-cal-6mm-mod-neptune-marsoc-b-marca-rossi\/#primaryimage\"},\"thumbnailUrl\":\"https:\/\/importadoramc.cl\/distribucion\/wp-content\/uploads\/2025\/02\/X_neptune-9-marsocnegra5533.jpg\",\"datePublished\":\"2025-02-25T17:44:11+00:00\",\"dateModified\":\"2026-03-30T13:27:50+00:00\",\"breadcrumb\":{\"@id\":\"https:\/\/importadoramc.cl\/distribucion\/producto\/replica-cal-6mm-mod-neptune-marsoc-b-marca-rossi\/#breadcrumb\"},\"inLanguage\":\"es-CL\",\"potentialAction\":[{\"@type\":\"ReadAction\",\"target\":[\"https:\/\/importadoramc.cl\/distribucion\/producto\/replica-cal-6mm-mod-neptune-marsoc-b-marca-rossi\/\"]}]},{\"@type\":\"ImageObject\",\"inLanguage\":\"es-CL\",\"@id\":\"https:\/\/importadoramc.cl\/distribucion\/producto\/replica-cal-6mm-mod-neptune-marsoc-b-marca-rossi\/#primaryimage\",\"url\":\"https:\/\/importadoramc.cl\/distribucion\/wp-content\/uploads\/2025\/02\/X_neptune-9-marsocnegra5533.jpg\",\"contentUrl\":\"https:\/\/importadoramc.cl\/distribucion\/wp-content\/uploads\/2025\/02\/X_neptune-9-marsocnegra5533.jpg\",\"width\":800,\"height\":800},{\"@type\":\"BreadcrumbList\",\"@id\":\"https:\/\/importadoramc.cl\/distribucion\/producto\/replica-cal-6mm-mod-neptune-marsoc-b-marca-rossi\/#breadcrumb\",\"itemListElement\":[{\"@type\":\"ListItem\",\"position\":1,\"name\":\"Portada\",\"item\":\"https:\/\/importadoramc.cl\/distribucion\/\"},{\"@type\":\"ListItem\",\"position\":2,\"name\":\"Productos\",\"item\":\"https:\/\/importadoramc.cl\/distribucion\/productos\/\"},{\"@type\":\"ListItem\",\"position\":3,\"name\":\"Replica cal 6mm mod NEPTUNE-MARSOC-B marca Rossi\"}]},{\"@type\":\"WebSite\",\"@id\":\"https:\/\/importadoramc.cl\/distribucion\/#website\",\"url\":\"https:\/\/importadoramc.cl\/distribucion\/\",\"name\":\"Importadora MC\",\"description\":\"\",\"publisher\":{\"@id\":\"https:\/\/importadoramc.cl\/distribucion\/#organization\"},\"potentialAction\":[{\"@type\":\"SearchAction\",\"target\":{\"@type\":\"EntryPoint\",\"urlTemplate\":\"https:\/\/importadoramc.cl\/distribucion\/?s={search_term_string}\"},\"query-input\":{\"@type\":\"PropertyValueSpecification\",\"valueRequired\":true,\"valueName\":\"search_term_string\"}}],\"inLanguage\":\"es-CL\"},{\"@type\":\"Organization\",\"@id\":\"https:\/\/importadoramc.cl\/distribucion\/#organization\",\"name\":\"Importadora MC\",\"url\":\"https:\/\/importadoramc.cl\/distribucion\/\",\"logo\":{\"@type\":\"ImageObject\",\"inLanguage\":\"es-CL\",\"@id\":\"https:\/\/importadoramc.cl\/distribucion\/#\/schema\/logo\/image\/\",\"url\":\"https:\/\/importadoramc.cl\/distribucion\/wp-content\/uploads\/2025\/04\/VECTORIZACION-DE-LOGO-IMPORTADORA-1.jpg\",\"contentUrl\":\"https:\/\/importadoramc.cl\/distribucion\/wp-content\/uploads\/2025\/04\/VECTORIZACION-DE-LOGO-IMPORTADORA-1.jpg\",\"width\":2559,\"height\":2513,\"caption\":\"Importadora MC\"},\"image\":{\"@id\":\"https:\/\/importadoramc.cl\/distribucion\/#\/schema\/logo\/image\/\"},\"sameAs\":[\"https:\/\/www.linkedin.com\/company\/importadora-mc-cl\/\"]}]}<\/script>\n<!-- \/ Yoast SEO plugin. -->","yoast_head_json":{"title":"Replica cal 6mm mod NEPTUNE-MARSOC-B marca Rossi - Importadora MC","robots":{"index":"index","follow":"follow","max-snippet":"max-snippet:-1","max-image-preview":"max-image-preview:large","max-video-preview":"max-video-preview:-1"},"canonical":"https:\/\/importadoramc.cl\/distribucion\/producto\/replica-cal-6mm-mod-neptune-marsoc-b-marca-rossi\/","og_locale":"es_ES","og_type":"article","og_title":"Replica cal 6mm mod NEPTUNE-MARSOC-B marca Rossi - Importadora MC","og_description":"*Nota: el conector de bater\u00eda de la serie NEPTUNE es T-DEANS Nota* Incluye un (1) Magazine mid cap de 140 Rds #Hablemosde la nueva ROSSI Marsoc, las AR15 han sido las m\u00e1s populares, pero esta MARSOC viene con un equipamiento...","og_url":"https:\/\/importadoramc.cl\/distribucion\/producto\/replica-cal-6mm-mod-neptune-marsoc-b-marca-rossi\/","og_site_name":"Importadora MC","article_modified_time":"2026-03-30T13:27:50+00:00","og_image":[{"width":800,"height":800,"url":"https:\/\/importadoramc.cl\/distribucion\/wp-content\/uploads\/2025\/02\/X_neptune-9-marsocnegra5533.jpg","type":"image\/jpeg"}],"twitter_card":"summary_large_image","twitter_misc":{"Tiempo estimado de lectura":"2 minutos"},"schema":{"@context":"https:\/\/schema.org","@graph":[{"@type":"WebPage","@id":"https:\/\/importadoramc.cl\/distribucion\/producto\/replica-cal-6mm-mod-neptune-marsoc-b-marca-rossi\/","url":"https:\/\/importadoramc.cl\/distribucion\/producto\/replica-cal-6mm-mod-neptune-marsoc-b-marca-rossi\/","name":"Replica cal 6mm mod NEPTUNE-MARSOC-B marca Rossi - Importadora MC","isPartOf":{"@id":"https:\/\/importadoramc.cl\/distribucion\/#website"},"primaryImageOfPage":{"@id":"https:\/\/importadoramc.cl\/distribucion\/producto\/replica-cal-6mm-mod-neptune-marsoc-b-marca-rossi\/#primaryimage"},"image":{"@id":"https:\/\/importadoramc.cl\/distribucion\/producto\/replica-cal-6mm-mod-neptune-marsoc-b-marca-rossi\/#primaryimage"},"thumbnailUrl":"https:\/\/importadoramc.cl\/distribucion\/wp-content\/uploads\/2025\/02\/X_neptune-9-marsocnegra5533.jpg","datePublished":"2025-02-25T17:44:11+00:00","dateModified":"2026-03-30T13:27:50+00:00","breadcrumb":{"@id":"https:\/\/importadoramc.cl\/distribucion\/producto\/replica-cal-6mm-mod-neptune-marsoc-b-marca-rossi\/#breadcrumb"},"inLanguage":"es-CL","potentialAction":[{"@type":"ReadAction","target":["https:\/\/importadoramc.cl\/distribucion\/producto\/replica-cal-6mm-mod-neptune-marsoc-b-marca-rossi\/"]}]},{"@type":"ImageObject","inLanguage":"es-CL","@id":"https:\/\/importadoramc.cl\/distribucion\/producto\/replica-cal-6mm-mod-neptune-marsoc-b-marca-rossi\/#primaryimage","url":"https:\/\/importadoramc.cl\/distribucion\/wp-content\/uploads\/2025\/02\/X_neptune-9-marsocnegra5533.jpg","contentUrl":"https:\/\/importadoramc.cl\/distribucion\/wp-content\/uploads\/2025\/02\/X_neptune-9-marsocnegra5533.jpg","width":800,"height":800},{"@type":"BreadcrumbList","@id":"https:\/\/importadoramc.cl\/distribucion\/producto\/replica-cal-6mm-mod-neptune-marsoc-b-marca-rossi\/#breadcrumb","itemListElement":[{"@type":"ListItem","position":1,"name":"Portada","item":"https:\/\/importadoramc.cl\/distribucion\/"},{"@type":"ListItem","position":2,"name":"Productos","item":"https:\/\/importadoramc.cl\/distribucion\/productos\/"},{"@type":"ListItem","position":3,"name":"Replica cal 6mm mod NEPTUNE-MARSOC-B marca Rossi"}]},{"@type":"WebSite","@id":"https:\/\/importadoramc.cl\/distribucion\/#website","url":"https:\/\/importadoramc.cl\/distribucion\/","name":"Importadora MC","description":"","publisher":{"@id":"https:\/\/importadoramc.cl\/distribucion\/#organization"},"potentialAction":[{"@type":"SearchAction","target":{"@type":"EntryPoint","urlTemplate":"https:\/\/importadoramc.cl\/distribucion\/?s={search_term_string}"},"query-input":{"@type":"PropertyValueSpecification","valueRequired":true,"valueName":"search_term_string"}}],"inLanguage":"es-CL"},{"@type":"Organization","@id":"https:\/\/importadoramc.cl\/distribucion\/#organization","name":"Importadora MC","url":"https:\/\/importadoramc.cl\/distribucion\/","logo":{"@type":"ImageObject","inLanguage":"es-CL","@id":"https:\/\/importadoramc.cl\/distribucion\/#\/schema\/logo\/image\/","url":"https:\/\/importadoramc.cl\/distribucion\/wp-content\/uploads\/2025\/04\/VECTORIZACION-DE-LOGO-IMPORTADORA-1.jpg","contentUrl":"https:\/\/importadoramc.cl\/distribucion\/wp-content\/uploads\/2025\/04\/VECTORIZACION-DE-LOGO-IMPORTADORA-1.jpg","width":2559,"height":2513,"caption":"Importadora MC"},"image":{"@id":"https:\/\/importadoramc.cl\/distribucion\/#\/schema\/logo\/image\/"},"sameAs":["https:\/\/www.linkedin.com\/company\/importadora-mc-cl\/"]}]}},"_links":{"self":[{"href":"https:\/\/importadoramc.cl\/distribucion\/wp-json\/wp\/v2\/product\/1521","targetHints":{"allow":["GET"]}}],"collection":[{"href":"https:\/\/importadoramc.cl\/distribucion\/wp-json\/wp\/v2\/product"}],"about":[{"href":"https:\/\/importadoramc.cl\/distribucion\/wp-json\/wp\/v2\/types\/product"}],"wp:featuredmedia":[{"embeddable":true,"href":"https:\/\/importadoramc.cl\/distribucion\/wp-json\/wp\/v2\/media\/3241"}],"wp:attachment":[{"href":"https:\/\/importadoramc.cl\/distribucion\/wp-json\/wp\/v2\/media?parent=1521"}],"wp:term":[{"taxonomy":"product_brand","embeddable":true,"href":"https:\/\/importadoramc.cl\/distribucion\/wp-json\/wp\/v2\/product_brand?post=1521"},{"taxonomy":"product_cat","embeddable":true,"href":"https:\/\/importadoramc.cl\/distribucion\/wp-json\/wp\/v2\/product_cat?post=1521"},{"taxonomy":"product_tag","embeddable":true,"href":"https:\/\/importadoramc.cl\/distribucion\/wp-json\/wp\/v2\/product_tag?post=1521"}],"curies":[{"name":"wp","href":"https:\/\/api.w.org\/{rel}","templated":true}]}}