{"id":1461,"date":"2025-02-25T14:44:05","date_gmt":"2025-02-25T17:44:05","guid":{"rendered":"https:\/\/importadoramc.cl\/distribucion\/?post_type=product&#038;p=1461"},"modified":"2026-04-06T15:52:36","modified_gmt":"2026-04-06T19:52:36","slug":"replica-pistola-cal-6-mm-mod-glock-19x-green-gas-blowback-2-6459","status":"publish","type":"product","link":"https:\/\/importadoramc.cl\/distribucion\/producto\/replica-pistola-cal-6-mm-mod-glock-19x-green-gas-blowback-2-6459\/","title":{"rendered":"Replica pistola cal 6 mm mod Glock 19x Green Gas Blowback #2.6459"},"content":{"rendered":"<p>\u00a1Experimenta la emoci\u00f3n y autenticidad de la <strong>Glock 19X de Umarex Green Gas<\/strong>! Esta r\u00e9plica de airsoft te brinda un dise\u00f1o fiel a la versi\u00f3n original, potencia y precisi\u00f3n impresionantes, y la seguridad que necesitas en el campo de juego. Con licencia oficial de Glock, es la elecci\u00f3n perfecta para jugadores exigentes. Domina cada enfrentamiento con la leyenda en tus manos. \u00a1Convi\u00e9rtete en el centro de atenci\u00f3n en el campo de airsoft con la Glock 19X de Umarex!<\/p>\n<ul>\n<li>Green Gas Blowback<\/li>\n<li>Corredera de metal<\/li>\n<li>R\u00e9plica aut\u00e9ntica<\/li>\n<li>Shoot-up regulable desde el exterior<\/li>\n<li>Color coyote<\/li>\n<li>Riel picatinny<\/li>\n<\/ul>\n<table style=\"border: 1px solid black; border-collapse: collapse; width: 100%;\">\n<tbody>\n<tr>\n<th style=\"border: 1px solid black; padding: 8px;\">Especificaci\u00f3n<\/th>\n<th style=\"border: 1px solid black; padding: 8px;\">Detalle<\/th>\n<\/tr>\n<tr>\n<td style=\"border: 1px solid black; padding: 8px;\">Calibre<\/td>\n<td style=\"border: 1px solid black; padding: 8px;\">6mm<\/td>\n<\/tr>\n<tr>\n<td style=\"border: 1px solid black; padding: 8px;\">Capacidad de cargador<\/td>\n<td style=\"border: 1px solid black; padding: 8px;\">22 RDS<\/td>\n<\/tr>\n<tr>\n<td style=\"border: 1px solid black; padding: 8px;\">Velocidad de la bala<\/td>\n<td style=\"border: 1px solid black; padding: 8px;\">90M\/S<\/td>\n<\/tr>\n<tr>\n<td style=\"border: 1px solid black; padding: 8px;\">Nivel de energ\u00eda<\/td>\n<td style=\"border: 1px solid black; padding: 8px;\">1.0 Julios<\/td>\n<\/tr>\n<tr>\n<td style=\"border: 1px solid black; padding: 8px;\">Longitud<\/td>\n<td style=\"border: 1px solid black; padding: 8px;\">175mm<\/td>\n<\/tr>\n<tr>\n<td style=\"border: 1px solid black; padding: 8px;\">Peso<\/td>\n<td style=\"border: 1px solid black; padding: 8px;\">630g<\/td>\n<\/tr>\n<\/tbody>\n<\/table>\n","protected":false},"excerpt":{"rendered":"<p>\u00a1Experimenta la emoci\u00f3n y autenticidad de la Glock 19X de Umarex Green Gas! Esta r\u00e9plica de airsoft te brinda un dise\u00f1o fiel a la versi\u00f3n original, potencia y precisi\u00f3n impresionantes, y la seguridad que necesitas en el campo de juego&#8230;.<\/p>\n","protected":false},"featured_media":6996,"template":"","meta":{"_acf_changed":false},"product_brand":[33],"product_cat":[18,17,20],"product_tag":[],"class_list":{"0":"post-1461","1":"product","2":"type-product","3":"status-publish","4":"has-post-thumbnail","6":"product_brand-umarex","7":"product_cat-airsoft","8":"product_cat-general","9":"product_cat-replicas-gas","11":"first","12":"outofstock","13":"taxable","14":"shipping-taxable","15":"purchasable","16":"product-type-simple"},"acf":[],"yoast_head":"<!-- This site is optimized with the Yoast SEO plugin v27.2 - https:\/\/yoast.com\/product\/yoast-seo-wordpress\/ -->\n<title>Replica pistola cal 6 mm mod Glock 19x Green Gas Blowback #2.6459 - Importadora MC<\/title>\n<meta name=\"robots\" content=\"index, follow, max-snippet:-1, max-image-preview:large, max-video-preview:-1\" \/>\n<link rel=\"canonical\" href=\"https:\/\/importadoramc.cl\/distribucion\/producto\/replica-pistola-cal-6-mm-mod-glock-19x-green-gas-blowback-2-6459\/\" \/>\n<meta property=\"og:locale\" content=\"es_ES\" \/>\n<meta property=\"og:type\" content=\"article\" \/>\n<meta property=\"og:title\" content=\"Replica pistola cal 6 mm mod Glock 19x Green Gas Blowback #2.6459 - Importadora MC\" \/>\n<meta property=\"og:description\" content=\"\u00a1Experimenta la emoci\u00f3n y autenticidad de la Glock 19X de Umarex Green Gas! Esta r\u00e9plica de airsoft te brinda un dise\u00f1o fiel a la versi\u00f3n original, potencia y precisi\u00f3n impresionantes, y la seguridad que necesitas en el campo de juego....\" \/>\n<meta property=\"og:url\" content=\"https:\/\/importadoramc.cl\/distribucion\/producto\/replica-pistola-cal-6-mm-mod-glock-19x-green-gas-blowback-2-6459\/\" \/>\n<meta property=\"og:site_name\" content=\"Importadora MC\" \/>\n<meta property=\"article:modified_time\" content=\"2026-04-06T19:52:36+00:00\" \/>\n<meta property=\"og:image\" content=\"https:\/\/importadoramc.cl\/distribucion\/wp-content\/uploads\/2025\/02\/Replica-pistola-cal-6-mm-mod-Glock-19x-Green-Gas-Blowback-2.6459.png\" \/>\n\t<meta property=\"og:image:width\" content=\"2000\" \/>\n\t<meta property=\"og:image:height\" content=\"2000\" \/>\n\t<meta property=\"og:image:type\" content=\"image\/png\" \/>\n<meta name=\"twitter:card\" content=\"summary_large_image\" \/>\n<meta name=\"twitter:label1\" content=\"Tiempo estimado de lectura\" \/>\n\t<meta name=\"twitter:data1\" content=\"1 minuto\" \/>\n<script type=\"application\/ld+json\" class=\"yoast-schema-graph\">{\"@context\":\"https:\/\/schema.org\",\"@graph\":[{\"@type\":\"WebPage\",\"@id\":\"https:\/\/importadoramc.cl\/distribucion\/producto\/replica-pistola-cal-6-mm-mod-glock-19x-green-gas-blowback-2-6459\/\",\"url\":\"https:\/\/importadoramc.cl\/distribucion\/producto\/replica-pistola-cal-6-mm-mod-glock-19x-green-gas-blowback-2-6459\/\",\"name\":\"Replica pistola cal 6 mm mod Glock 19x Green Gas Blowback #2.6459 - Importadora MC\",\"isPartOf\":{\"@id\":\"https:\/\/importadoramc.cl\/distribucion\/#website\"},\"primaryImageOfPage\":{\"@id\":\"https:\/\/importadoramc.cl\/distribucion\/producto\/replica-pistola-cal-6-mm-mod-glock-19x-green-gas-blowback-2-6459\/#primaryimage\"},\"image\":{\"@id\":\"https:\/\/importadoramc.cl\/distribucion\/producto\/replica-pistola-cal-6-mm-mod-glock-19x-green-gas-blowback-2-6459\/#primaryimage\"},\"thumbnailUrl\":\"https:\/\/importadoramc.cl\/distribucion\/wp-content\/uploads\/2025\/02\/Replica-pistola-cal-6-mm-mod-Glock-19x-Green-Gas-Blowback-2.6459.png\",\"datePublished\":\"2025-02-25T17:44:05+00:00\",\"dateModified\":\"2026-04-06T19:52:36+00:00\",\"breadcrumb\":{\"@id\":\"https:\/\/importadoramc.cl\/distribucion\/producto\/replica-pistola-cal-6-mm-mod-glock-19x-green-gas-blowback-2-6459\/#breadcrumb\"},\"inLanguage\":\"es-CL\",\"potentialAction\":[{\"@type\":\"ReadAction\",\"target\":[\"https:\/\/importadoramc.cl\/distribucion\/producto\/replica-pistola-cal-6-mm-mod-glock-19x-green-gas-blowback-2-6459\/\"]}]},{\"@type\":\"ImageObject\",\"inLanguage\":\"es-CL\",\"@id\":\"https:\/\/importadoramc.cl\/distribucion\/producto\/replica-pistola-cal-6-mm-mod-glock-19x-green-gas-blowback-2-6459\/#primaryimage\",\"url\":\"https:\/\/importadoramc.cl\/distribucion\/wp-content\/uploads\/2025\/02\/Replica-pistola-cal-6-mm-mod-Glock-19x-Green-Gas-Blowback-2.6459.png\",\"contentUrl\":\"https:\/\/importadoramc.cl\/distribucion\/wp-content\/uploads\/2025\/02\/Replica-pistola-cal-6-mm-mod-Glock-19x-Green-Gas-Blowback-2.6459.png\",\"width\":2000,\"height\":2000},{\"@type\":\"BreadcrumbList\",\"@id\":\"https:\/\/importadoramc.cl\/distribucion\/producto\/replica-pistola-cal-6-mm-mod-glock-19x-green-gas-blowback-2-6459\/#breadcrumb\",\"itemListElement\":[{\"@type\":\"ListItem\",\"position\":1,\"name\":\"Portada\",\"item\":\"https:\/\/importadoramc.cl\/distribucion\/\"},{\"@type\":\"ListItem\",\"position\":2,\"name\":\"Productos\",\"item\":\"https:\/\/importadoramc.cl\/distribucion\/productos\/\"},{\"@type\":\"ListItem\",\"position\":3,\"name\":\"Replica pistola cal 6 mm mod Glock 19x Green Gas Blowback #2.6459\"}]},{\"@type\":\"WebSite\",\"@id\":\"https:\/\/importadoramc.cl\/distribucion\/#website\",\"url\":\"https:\/\/importadoramc.cl\/distribucion\/\",\"name\":\"Importadora MC\",\"description\":\"\",\"publisher\":{\"@id\":\"https:\/\/importadoramc.cl\/distribucion\/#organization\"},\"potentialAction\":[{\"@type\":\"SearchAction\",\"target\":{\"@type\":\"EntryPoint\",\"urlTemplate\":\"https:\/\/importadoramc.cl\/distribucion\/?s={search_term_string}\"},\"query-input\":{\"@type\":\"PropertyValueSpecification\",\"valueRequired\":true,\"valueName\":\"search_term_string\"}}],\"inLanguage\":\"es-CL\"},{\"@type\":\"Organization\",\"@id\":\"https:\/\/importadoramc.cl\/distribucion\/#organization\",\"name\":\"Importadora MC\",\"url\":\"https:\/\/importadoramc.cl\/distribucion\/\",\"logo\":{\"@type\":\"ImageObject\",\"inLanguage\":\"es-CL\",\"@id\":\"https:\/\/importadoramc.cl\/distribucion\/#\/schema\/logo\/image\/\",\"url\":\"https:\/\/importadoramc.cl\/distribucion\/wp-content\/uploads\/2025\/04\/VECTORIZACION-DE-LOGO-IMPORTADORA-1.jpg\",\"contentUrl\":\"https:\/\/importadoramc.cl\/distribucion\/wp-content\/uploads\/2025\/04\/VECTORIZACION-DE-LOGO-IMPORTADORA-1.jpg\",\"width\":2559,\"height\":2513,\"caption\":\"Importadora MC\"},\"image\":{\"@id\":\"https:\/\/importadoramc.cl\/distribucion\/#\/schema\/logo\/image\/\"},\"sameAs\":[\"https:\/\/www.linkedin.com\/company\/importadora-mc-cl\/\"]}]}<\/script>\n<!-- \/ Yoast SEO plugin. -->","yoast_head_json":{"title":"Replica pistola cal 6 mm mod Glock 19x Green Gas Blowback #2.6459 - Importadora MC","robots":{"index":"index","follow":"follow","max-snippet":"max-snippet:-1","max-image-preview":"max-image-preview:large","max-video-preview":"max-video-preview:-1"},"canonical":"https:\/\/importadoramc.cl\/distribucion\/producto\/replica-pistola-cal-6-mm-mod-glock-19x-green-gas-blowback-2-6459\/","og_locale":"es_ES","og_type":"article","og_title":"Replica pistola cal 6 mm mod Glock 19x Green Gas Blowback #2.6459 - Importadora MC","og_description":"\u00a1Experimenta la emoci\u00f3n y autenticidad de la Glock 19X de Umarex Green Gas! Esta r\u00e9plica de airsoft te brinda un dise\u00f1o fiel a la versi\u00f3n original, potencia y precisi\u00f3n impresionantes, y la seguridad que necesitas en el campo de juego....","og_url":"https:\/\/importadoramc.cl\/distribucion\/producto\/replica-pistola-cal-6-mm-mod-glock-19x-green-gas-blowback-2-6459\/","og_site_name":"Importadora MC","article_modified_time":"2026-04-06T19:52:36+00:00","og_image":[{"width":2000,"height":2000,"url":"https:\/\/importadoramc.cl\/distribucion\/wp-content\/uploads\/2025\/02\/Replica-pistola-cal-6-mm-mod-Glock-19x-Green-Gas-Blowback-2.6459.png","type":"image\/png"}],"twitter_card":"summary_large_image","twitter_misc":{"Tiempo estimado de lectura":"1 minuto"},"schema":{"@context":"https:\/\/schema.org","@graph":[{"@type":"WebPage","@id":"https:\/\/importadoramc.cl\/distribucion\/producto\/replica-pistola-cal-6-mm-mod-glock-19x-green-gas-blowback-2-6459\/","url":"https:\/\/importadoramc.cl\/distribucion\/producto\/replica-pistola-cal-6-mm-mod-glock-19x-green-gas-blowback-2-6459\/","name":"Replica pistola cal 6 mm mod Glock 19x Green Gas Blowback #2.6459 - Importadora MC","isPartOf":{"@id":"https:\/\/importadoramc.cl\/distribucion\/#website"},"primaryImageOfPage":{"@id":"https:\/\/importadoramc.cl\/distribucion\/producto\/replica-pistola-cal-6-mm-mod-glock-19x-green-gas-blowback-2-6459\/#primaryimage"},"image":{"@id":"https:\/\/importadoramc.cl\/distribucion\/producto\/replica-pistola-cal-6-mm-mod-glock-19x-green-gas-blowback-2-6459\/#primaryimage"},"thumbnailUrl":"https:\/\/importadoramc.cl\/distribucion\/wp-content\/uploads\/2025\/02\/Replica-pistola-cal-6-mm-mod-Glock-19x-Green-Gas-Blowback-2.6459.png","datePublished":"2025-02-25T17:44:05+00:00","dateModified":"2026-04-06T19:52:36+00:00","breadcrumb":{"@id":"https:\/\/importadoramc.cl\/distribucion\/producto\/replica-pistola-cal-6-mm-mod-glock-19x-green-gas-blowback-2-6459\/#breadcrumb"},"inLanguage":"es-CL","potentialAction":[{"@type":"ReadAction","target":["https:\/\/importadoramc.cl\/distribucion\/producto\/replica-pistola-cal-6-mm-mod-glock-19x-green-gas-blowback-2-6459\/"]}]},{"@type":"ImageObject","inLanguage":"es-CL","@id":"https:\/\/importadoramc.cl\/distribucion\/producto\/replica-pistola-cal-6-mm-mod-glock-19x-green-gas-blowback-2-6459\/#primaryimage","url":"https:\/\/importadoramc.cl\/distribucion\/wp-content\/uploads\/2025\/02\/Replica-pistola-cal-6-mm-mod-Glock-19x-Green-Gas-Blowback-2.6459.png","contentUrl":"https:\/\/importadoramc.cl\/distribucion\/wp-content\/uploads\/2025\/02\/Replica-pistola-cal-6-mm-mod-Glock-19x-Green-Gas-Blowback-2.6459.png","width":2000,"height":2000},{"@type":"BreadcrumbList","@id":"https:\/\/importadoramc.cl\/distribucion\/producto\/replica-pistola-cal-6-mm-mod-glock-19x-green-gas-blowback-2-6459\/#breadcrumb","itemListElement":[{"@type":"ListItem","position":1,"name":"Portada","item":"https:\/\/importadoramc.cl\/distribucion\/"},{"@type":"ListItem","position":2,"name":"Productos","item":"https:\/\/importadoramc.cl\/distribucion\/productos\/"},{"@type":"ListItem","position":3,"name":"Replica pistola cal 6 mm mod Glock 19x Green Gas Blowback #2.6459"}]},{"@type":"WebSite","@id":"https:\/\/importadoramc.cl\/distribucion\/#website","url":"https:\/\/importadoramc.cl\/distribucion\/","name":"Importadora MC","description":"","publisher":{"@id":"https:\/\/importadoramc.cl\/distribucion\/#organization"},"potentialAction":[{"@type":"SearchAction","target":{"@type":"EntryPoint","urlTemplate":"https:\/\/importadoramc.cl\/distribucion\/?s={search_term_string}"},"query-input":{"@type":"PropertyValueSpecification","valueRequired":true,"valueName":"search_term_string"}}],"inLanguage":"es-CL"},{"@type":"Organization","@id":"https:\/\/importadoramc.cl\/distribucion\/#organization","name":"Importadora MC","url":"https:\/\/importadoramc.cl\/distribucion\/","logo":{"@type":"ImageObject","inLanguage":"es-CL","@id":"https:\/\/importadoramc.cl\/distribucion\/#\/schema\/logo\/image\/","url":"https:\/\/importadoramc.cl\/distribucion\/wp-content\/uploads\/2025\/04\/VECTORIZACION-DE-LOGO-IMPORTADORA-1.jpg","contentUrl":"https:\/\/importadoramc.cl\/distribucion\/wp-content\/uploads\/2025\/04\/VECTORIZACION-DE-LOGO-IMPORTADORA-1.jpg","width":2559,"height":2513,"caption":"Importadora MC"},"image":{"@id":"https:\/\/importadoramc.cl\/distribucion\/#\/schema\/logo\/image\/"},"sameAs":["https:\/\/www.linkedin.com\/company\/importadora-mc-cl\/"]}]}},"_links":{"self":[{"href":"https:\/\/importadoramc.cl\/distribucion\/wp-json\/wp\/v2\/product\/1461","targetHints":{"allow":["GET"]}}],"collection":[{"href":"https:\/\/importadoramc.cl\/distribucion\/wp-json\/wp\/v2\/product"}],"about":[{"href":"https:\/\/importadoramc.cl\/distribucion\/wp-json\/wp\/v2\/types\/product"}],"wp:featuredmedia":[{"embeddable":true,"href":"https:\/\/importadoramc.cl\/distribucion\/wp-json\/wp\/v2\/media\/6996"}],"wp:attachment":[{"href":"https:\/\/importadoramc.cl\/distribucion\/wp-json\/wp\/v2\/media?parent=1461"}],"wp:term":[{"taxonomy":"product_brand","embeddable":true,"href":"https:\/\/importadoramc.cl\/distribucion\/wp-json\/wp\/v2\/product_brand?post=1461"},{"taxonomy":"product_cat","embeddable":true,"href":"https:\/\/importadoramc.cl\/distribucion\/wp-json\/wp\/v2\/product_cat?post=1461"},{"taxonomy":"product_tag","embeddable":true,"href":"https:\/\/importadoramc.cl\/distribucion\/wp-json\/wp\/v2\/product_tag?post=1461"}],"curies":[{"name":"wp","href":"https:\/\/api.w.org\/{rel}","templated":true}]}}