{"id":1457,"date":"2025-02-25T14:44:05","date_gmt":"2025-02-25T17:44:05","guid":{"rendered":"https:\/\/importadoramc.cl\/distribucion\/?post_type=product&#038;p=1457"},"modified":"2026-03-24T09:21:19","modified_gmt":"2026-03-24T12:21:19","slug":"replica-pistola-cal-6-mm-mod-glock-18c-gbb-2-6419x","status":"publish","type":"product","link":"https:\/\/importadoramc.cl\/distribucion\/producto\/replica-pistola-cal-6-mm-mod-glock-18c-gbb-2-6419x\/","title":{"rendered":"R\u00e9plica pistola cal 6 mm mod Glock 18C GBB #2.6419X"},"content":{"rendered":"<p><strong>CARACTER\u00cdSTICAS<\/strong><\/p>\n<ul>\n<li>Corredera de metal<\/li>\n<li>Riel Picatinny<\/li>\n<li>Tiro ajustable<\/li>\n<li>Green gas Blowback<\/li>\n<li>Replica aut\u00e9ntica<\/li>\n<li>Semi y Autom\u00e1tica<\/li>\n<li>Magazine Hi-cap 50 Rds<\/li>\n<\/ul>\n<p><strong>ESPECIFICACIONES<\/strong><\/p>\n<table style=\"width: 100%; border-collapse: separate; border-spacing: 2px;\">\n<thead>\n<tr style=\"background-color: #f2f2f2;\">\n<th style=\"border: 1px solid #ddd; padding: 8px; text-align: left;\">Especificaci\u00f3n<\/th>\n<th style=\"border: 1px solid #ddd; padding: 8px; text-align: left;\">Detalle<\/th>\n<\/tr>\n<\/thead>\n<tbody>\n<tr>\n<td style=\"border: 1px solid #ddd; padding: 8px;\">Calibre<\/td>\n<td style=\"border: 1px solid #ddd; padding: 8px;\">6mm<\/td>\n<\/tr>\n<tr>\n<td style=\"border: 1px solid #ddd; padding: 8px;\">Magazine<\/td>\n<td style=\"border: 1px solid #ddd; padding: 8px;\">50 Rondas<\/td>\n<\/tr>\n<tr>\n<td style=\"border: 1px solid #ddd; padding: 8px;\">Velocidad<\/td>\n<td style=\"border: 1px solid #ddd; padding: 8px;\">70 m\/s<\/td>\n<\/tr>\n<tr>\n<td style=\"border: 1px solid #ddd; padding: 8px;\">Nivel de energ\u00eda<\/td>\n<td style=\"border: 1px solid #ddd; padding: 8px;\">1.0 Julios<\/td>\n<\/tr>\n<tr>\n<td style=\"border: 1px solid #ddd; padding: 8px;\">Longitud<\/td>\n<td style=\"border: 1px solid #ddd; padding: 8px;\">198 mm<\/td>\n<\/tr>\n<tr>\n<td style=\"border: 1px solid #ddd; padding: 8px;\">Peso<\/td>\n<td style=\"border: 1px solid #ddd; padding: 8px;\">654 gr<\/td>\n<\/tr>\n<\/tbody>\n<\/table>\n","protected":false},"excerpt":{"rendered":"<p>CARACTER\u00cdSTICAS Corredera de metal Riel Picatinny Tiro ajustable Green gas Blowback Replica aut\u00e9ntica Semi y Autom\u00e1tica Magazine Hi-cap 50 Rds ESPECIFICACIONES Especificaci\u00f3n Detalle Calibre 6mm Magazine 50 Rondas Velocidad 70 m\/s Nivel de energ\u00eda 1.0 Julios Longitud 198 mm Peso&#8230;<\/p>\n","protected":false},"featured_media":6995,"template":"","meta":{"_acf_changed":false},"product_brand":[33],"product_cat":[18,17,20],"product_tag":[],"class_list":{"0":"post-1457","1":"product","2":"type-product","3":"status-publish","4":"has-post-thumbnail","6":"product_brand-umarex","7":"product_cat-airsoft","8":"product_cat-general","9":"product_cat-replicas-gas","11":"first","12":"instock","13":"taxable","14":"shipping-taxable","15":"purchasable","16":"product-type-simple"},"acf":[],"yoast_head":"<!-- This site is optimized with the Yoast SEO plugin v27.2 - https:\/\/yoast.com\/product\/yoast-seo-wordpress\/ -->\n<title>R\u00e9plica pistola cal 6 mm mod Glock 18C GBB #2.6419X - Importadora MC<\/title>\n<meta name=\"robots\" content=\"index, follow, max-snippet:-1, max-image-preview:large, max-video-preview:-1\" \/>\n<link rel=\"canonical\" href=\"https:\/\/importadoramc.cl\/distribucion\/producto\/replica-pistola-cal-6-mm-mod-glock-18c-gbb-2-6419x\/\" \/>\n<meta property=\"og:locale\" content=\"es_ES\" \/>\n<meta property=\"og:type\" content=\"article\" \/>\n<meta property=\"og:title\" content=\"R\u00e9plica pistola cal 6 mm mod Glock 18C GBB #2.6419X - Importadora MC\" \/>\n<meta property=\"og:description\" content=\"CARACTER\u00cdSTICAS Corredera de metal Riel Picatinny Tiro ajustable Green gas Blowback Replica aut\u00e9ntica Semi y Autom\u00e1tica Magazine Hi-cap 50 Rds ESPECIFICACIONES Especificaci\u00f3n Detalle Calibre 6mm Magazine 50 Rondas Velocidad 70 m\/s Nivel de energ\u00eda 1.0 Julios Longitud 198 mm Peso...\" \/>\n<meta property=\"og:url\" content=\"https:\/\/importadoramc.cl\/distribucion\/producto\/replica-pistola-cal-6-mm-mod-glock-18c-gbb-2-6419x\/\" \/>\n<meta property=\"og:site_name\" content=\"Importadora MC\" \/>\n<meta property=\"article:modified_time\" content=\"2026-03-24T12:21:19+00:00\" \/>\n<meta property=\"og:image\" content=\"https:\/\/importadoramc.cl\/distribucion\/wp-content\/uploads\/2025\/02\/Replica-pistola-cal-6-mm-mod-Glock-18C-GBB-2.6419X.png\" \/>\n\t<meta property=\"og:image:width\" content=\"2000\" \/>\n\t<meta property=\"og:image:height\" content=\"2000\" \/>\n\t<meta property=\"og:image:type\" content=\"image\/png\" \/>\n<meta name=\"twitter:card\" content=\"summary_large_image\" \/>\n<meta name=\"twitter:label1\" content=\"Tiempo estimado de lectura\" \/>\n\t<meta name=\"twitter:data1\" content=\"1 minuto\" \/>\n<script type=\"application\/ld+json\" class=\"yoast-schema-graph\">{\"@context\":\"https:\/\/schema.org\",\"@graph\":[{\"@type\":\"WebPage\",\"@id\":\"https:\/\/importadoramc.cl\/distribucion\/producto\/replica-pistola-cal-6-mm-mod-glock-18c-gbb-2-6419x\/\",\"url\":\"https:\/\/importadoramc.cl\/distribucion\/producto\/replica-pistola-cal-6-mm-mod-glock-18c-gbb-2-6419x\/\",\"name\":\"R\u00e9plica pistola cal 6 mm mod Glock 18C GBB #2.6419X - Importadora MC\",\"isPartOf\":{\"@id\":\"https:\/\/importadoramc.cl\/distribucion\/#website\"},\"primaryImageOfPage\":{\"@id\":\"https:\/\/importadoramc.cl\/distribucion\/producto\/replica-pistola-cal-6-mm-mod-glock-18c-gbb-2-6419x\/#primaryimage\"},\"image\":{\"@id\":\"https:\/\/importadoramc.cl\/distribucion\/producto\/replica-pistola-cal-6-mm-mod-glock-18c-gbb-2-6419x\/#primaryimage\"},\"thumbnailUrl\":\"https:\/\/importadoramc.cl\/distribucion\/wp-content\/uploads\/2025\/02\/Replica-pistola-cal-6-mm-mod-Glock-18C-GBB-2.6419X.png\",\"datePublished\":\"2025-02-25T17:44:05+00:00\",\"dateModified\":\"2026-03-24T12:21:19+00:00\",\"breadcrumb\":{\"@id\":\"https:\/\/importadoramc.cl\/distribucion\/producto\/replica-pistola-cal-6-mm-mod-glock-18c-gbb-2-6419x\/#breadcrumb\"},\"inLanguage\":\"es-CL\",\"potentialAction\":[{\"@type\":\"ReadAction\",\"target\":[\"https:\/\/importadoramc.cl\/distribucion\/producto\/replica-pistola-cal-6-mm-mod-glock-18c-gbb-2-6419x\/\"]}]},{\"@type\":\"ImageObject\",\"inLanguage\":\"es-CL\",\"@id\":\"https:\/\/importadoramc.cl\/distribucion\/producto\/replica-pistola-cal-6-mm-mod-glock-18c-gbb-2-6419x\/#primaryimage\",\"url\":\"https:\/\/importadoramc.cl\/distribucion\/wp-content\/uploads\/2025\/02\/Replica-pistola-cal-6-mm-mod-Glock-18C-GBB-2.6419X.png\",\"contentUrl\":\"https:\/\/importadoramc.cl\/distribucion\/wp-content\/uploads\/2025\/02\/Replica-pistola-cal-6-mm-mod-Glock-18C-GBB-2.6419X.png\",\"width\":2000,\"height\":2000},{\"@type\":\"BreadcrumbList\",\"@id\":\"https:\/\/importadoramc.cl\/distribucion\/producto\/replica-pistola-cal-6-mm-mod-glock-18c-gbb-2-6419x\/#breadcrumb\",\"itemListElement\":[{\"@type\":\"ListItem\",\"position\":1,\"name\":\"Portada\",\"item\":\"https:\/\/importadoramc.cl\/distribucion\/\"},{\"@type\":\"ListItem\",\"position\":2,\"name\":\"Productos\",\"item\":\"https:\/\/importadoramc.cl\/distribucion\/productos\/\"},{\"@type\":\"ListItem\",\"position\":3,\"name\":\"R\u00e9plica pistola cal 6 mm mod Glock 18C GBB #2.6419X\"}]},{\"@type\":\"WebSite\",\"@id\":\"https:\/\/importadoramc.cl\/distribucion\/#website\",\"url\":\"https:\/\/importadoramc.cl\/distribucion\/\",\"name\":\"Importadora MC\",\"description\":\"\",\"publisher\":{\"@id\":\"https:\/\/importadoramc.cl\/distribucion\/#organization\"},\"potentialAction\":[{\"@type\":\"SearchAction\",\"target\":{\"@type\":\"EntryPoint\",\"urlTemplate\":\"https:\/\/importadoramc.cl\/distribucion\/?s={search_term_string}\"},\"query-input\":{\"@type\":\"PropertyValueSpecification\",\"valueRequired\":true,\"valueName\":\"search_term_string\"}}],\"inLanguage\":\"es-CL\"},{\"@type\":\"Organization\",\"@id\":\"https:\/\/importadoramc.cl\/distribucion\/#organization\",\"name\":\"Importadora MC\",\"url\":\"https:\/\/importadoramc.cl\/distribucion\/\",\"logo\":{\"@type\":\"ImageObject\",\"inLanguage\":\"es-CL\",\"@id\":\"https:\/\/importadoramc.cl\/distribucion\/#\/schema\/logo\/image\/\",\"url\":\"https:\/\/importadoramc.cl\/distribucion\/wp-content\/uploads\/2025\/04\/VECTORIZACION-DE-LOGO-IMPORTADORA-1.jpg\",\"contentUrl\":\"https:\/\/importadoramc.cl\/distribucion\/wp-content\/uploads\/2025\/04\/VECTORIZACION-DE-LOGO-IMPORTADORA-1.jpg\",\"width\":2559,\"height\":2513,\"caption\":\"Importadora MC\"},\"image\":{\"@id\":\"https:\/\/importadoramc.cl\/distribucion\/#\/schema\/logo\/image\/\"},\"sameAs\":[\"https:\/\/www.linkedin.com\/company\/importadora-mc-cl\/\"]}]}<\/script>\n<!-- \/ Yoast SEO plugin. -->","yoast_head_json":{"title":"R\u00e9plica pistola cal 6 mm mod Glock 18C GBB #2.6419X - Importadora MC","robots":{"index":"index","follow":"follow","max-snippet":"max-snippet:-1","max-image-preview":"max-image-preview:large","max-video-preview":"max-video-preview:-1"},"canonical":"https:\/\/importadoramc.cl\/distribucion\/producto\/replica-pistola-cal-6-mm-mod-glock-18c-gbb-2-6419x\/","og_locale":"es_ES","og_type":"article","og_title":"R\u00e9plica pistola cal 6 mm mod Glock 18C GBB #2.6419X - Importadora MC","og_description":"CARACTER\u00cdSTICAS Corredera de metal Riel Picatinny Tiro ajustable Green gas Blowback Replica aut\u00e9ntica Semi y Autom\u00e1tica Magazine Hi-cap 50 Rds ESPECIFICACIONES Especificaci\u00f3n Detalle Calibre 6mm Magazine 50 Rondas Velocidad 70 m\/s Nivel de energ\u00eda 1.0 Julios Longitud 198 mm Peso...","og_url":"https:\/\/importadoramc.cl\/distribucion\/producto\/replica-pistola-cal-6-mm-mod-glock-18c-gbb-2-6419x\/","og_site_name":"Importadora MC","article_modified_time":"2026-03-24T12:21:19+00:00","og_image":[{"width":2000,"height":2000,"url":"https:\/\/importadoramc.cl\/distribucion\/wp-content\/uploads\/2025\/02\/Replica-pistola-cal-6-mm-mod-Glock-18C-GBB-2.6419X.png","type":"image\/png"}],"twitter_card":"summary_large_image","twitter_misc":{"Tiempo estimado de lectura":"1 minuto"},"schema":{"@context":"https:\/\/schema.org","@graph":[{"@type":"WebPage","@id":"https:\/\/importadoramc.cl\/distribucion\/producto\/replica-pistola-cal-6-mm-mod-glock-18c-gbb-2-6419x\/","url":"https:\/\/importadoramc.cl\/distribucion\/producto\/replica-pistola-cal-6-mm-mod-glock-18c-gbb-2-6419x\/","name":"R\u00e9plica pistola cal 6 mm mod Glock 18C GBB #2.6419X - Importadora MC","isPartOf":{"@id":"https:\/\/importadoramc.cl\/distribucion\/#website"},"primaryImageOfPage":{"@id":"https:\/\/importadoramc.cl\/distribucion\/producto\/replica-pistola-cal-6-mm-mod-glock-18c-gbb-2-6419x\/#primaryimage"},"image":{"@id":"https:\/\/importadoramc.cl\/distribucion\/producto\/replica-pistola-cal-6-mm-mod-glock-18c-gbb-2-6419x\/#primaryimage"},"thumbnailUrl":"https:\/\/importadoramc.cl\/distribucion\/wp-content\/uploads\/2025\/02\/Replica-pistola-cal-6-mm-mod-Glock-18C-GBB-2.6419X.png","datePublished":"2025-02-25T17:44:05+00:00","dateModified":"2026-03-24T12:21:19+00:00","breadcrumb":{"@id":"https:\/\/importadoramc.cl\/distribucion\/producto\/replica-pistola-cal-6-mm-mod-glock-18c-gbb-2-6419x\/#breadcrumb"},"inLanguage":"es-CL","potentialAction":[{"@type":"ReadAction","target":["https:\/\/importadoramc.cl\/distribucion\/producto\/replica-pistola-cal-6-mm-mod-glock-18c-gbb-2-6419x\/"]}]},{"@type":"ImageObject","inLanguage":"es-CL","@id":"https:\/\/importadoramc.cl\/distribucion\/producto\/replica-pistola-cal-6-mm-mod-glock-18c-gbb-2-6419x\/#primaryimage","url":"https:\/\/importadoramc.cl\/distribucion\/wp-content\/uploads\/2025\/02\/Replica-pistola-cal-6-mm-mod-Glock-18C-GBB-2.6419X.png","contentUrl":"https:\/\/importadoramc.cl\/distribucion\/wp-content\/uploads\/2025\/02\/Replica-pistola-cal-6-mm-mod-Glock-18C-GBB-2.6419X.png","width":2000,"height":2000},{"@type":"BreadcrumbList","@id":"https:\/\/importadoramc.cl\/distribucion\/producto\/replica-pistola-cal-6-mm-mod-glock-18c-gbb-2-6419x\/#breadcrumb","itemListElement":[{"@type":"ListItem","position":1,"name":"Portada","item":"https:\/\/importadoramc.cl\/distribucion\/"},{"@type":"ListItem","position":2,"name":"Productos","item":"https:\/\/importadoramc.cl\/distribucion\/productos\/"},{"@type":"ListItem","position":3,"name":"R\u00e9plica pistola cal 6 mm mod Glock 18C GBB #2.6419X"}]},{"@type":"WebSite","@id":"https:\/\/importadoramc.cl\/distribucion\/#website","url":"https:\/\/importadoramc.cl\/distribucion\/","name":"Importadora MC","description":"","publisher":{"@id":"https:\/\/importadoramc.cl\/distribucion\/#organization"},"potentialAction":[{"@type":"SearchAction","target":{"@type":"EntryPoint","urlTemplate":"https:\/\/importadoramc.cl\/distribucion\/?s={search_term_string}"},"query-input":{"@type":"PropertyValueSpecification","valueRequired":true,"valueName":"search_term_string"}}],"inLanguage":"es-CL"},{"@type":"Organization","@id":"https:\/\/importadoramc.cl\/distribucion\/#organization","name":"Importadora MC","url":"https:\/\/importadoramc.cl\/distribucion\/","logo":{"@type":"ImageObject","inLanguage":"es-CL","@id":"https:\/\/importadoramc.cl\/distribucion\/#\/schema\/logo\/image\/","url":"https:\/\/importadoramc.cl\/distribucion\/wp-content\/uploads\/2025\/04\/VECTORIZACION-DE-LOGO-IMPORTADORA-1.jpg","contentUrl":"https:\/\/importadoramc.cl\/distribucion\/wp-content\/uploads\/2025\/04\/VECTORIZACION-DE-LOGO-IMPORTADORA-1.jpg","width":2559,"height":2513,"caption":"Importadora MC"},"image":{"@id":"https:\/\/importadoramc.cl\/distribucion\/#\/schema\/logo\/image\/"},"sameAs":["https:\/\/www.linkedin.com\/company\/importadora-mc-cl\/"]}]}},"_links":{"self":[{"href":"https:\/\/importadoramc.cl\/distribucion\/wp-json\/wp\/v2\/product\/1457","targetHints":{"allow":["GET"]}}],"collection":[{"href":"https:\/\/importadoramc.cl\/distribucion\/wp-json\/wp\/v2\/product"}],"about":[{"href":"https:\/\/importadoramc.cl\/distribucion\/wp-json\/wp\/v2\/types\/product"}],"wp:featuredmedia":[{"embeddable":true,"href":"https:\/\/importadoramc.cl\/distribucion\/wp-json\/wp\/v2\/media\/6995"}],"wp:attachment":[{"href":"https:\/\/importadoramc.cl\/distribucion\/wp-json\/wp\/v2\/media?parent=1457"}],"wp:term":[{"taxonomy":"product_brand","embeddable":true,"href":"https:\/\/importadoramc.cl\/distribucion\/wp-json\/wp\/v2\/product_brand?post=1457"},{"taxonomy":"product_cat","embeddable":true,"href":"https:\/\/importadoramc.cl\/distribucion\/wp-json\/wp\/v2\/product_cat?post=1457"},{"taxonomy":"product_tag","embeddable":true,"href":"https:\/\/importadoramc.cl\/distribucion\/wp-json\/wp\/v2\/product_tag?post=1457"}],"curies":[{"name":"wp","href":"https:\/\/api.w.org\/{rel}","templated":true}]}}