{"id":1003,"date":"2025-02-25T14:43:27","date_gmt":"2025-02-25T17:43:27","guid":{"rendered":"https:\/\/importadoramc.cl\/distribucion\/?post_type=product&#038;p=1003"},"modified":"2026-03-30T15:39:45","modified_gmt":"2026-03-30T18:39:45","slug":"linterna-walther-pl31r-3-7129","status":"publish","type":"product","link":"https:\/\/importadoramc.cl\/distribucion\/producto\/linterna-walther-pl31r-3-7129\/","title":{"rendered":"Linterna Walther PL31r #3.7129"},"content":{"rendered":"<p>La PL31r es una aut\u00e9ntica l\u00e1mpara de bolsillo: compacta, flexible y fiable. Bajo la elegante y robusta carcasa de aluminio, un potente LED genera hasta 250 l\u00famenes. Con los 6 esquemas de conmutaci\u00f3n pre seleccionables, est\u00e1 bien preparado para cada situaci\u00f3n, y la capacidad de programaci\u00f3n del C\u00f3digo 144 le permite elegir f\u00e1cilmente c\u00f3mo desea usar los cuatro niveles de brillo (100, 40 y 10 por ciento, as\u00ed como el modo lunar).<\/p>\n<p>Opcionalmente, tambi\u00e9n puede usar el nivel del 10 por ciento y el modo de luna con Boost-on-Demand, que lleva el PL31r a los 250 l\u00famenes completos con un doble clic. Desde cada nivel puedes activar la luz estrobosc\u00f3pica de defensa t\u00e1ctica, una luz estrobosc\u00f3pica brillante, o la luz de posici\u00f3n, que llama tu atenci\u00f3n con pulsos de luz.<\/p>\n<p>La bater\u00eda de iones de litio (tipo 10430) se carga directamente en la l\u00e1mpara a trav\u00e9s de USB; la bater\u00eda est\u00e1 protegida por una protecci\u00f3n de descarga profunda. Pr\u00e1ctico: con la funda de manos libres, puede llevar el PL31r en dos posiciones en su cintur\u00f3n. Incluye cable de carga (micro USB), mu\u00f1equera y sello de repuesto.<\/p>\n<p><strong>INFORMACI\u00d3N T\u00c9CNICA<\/strong><\/p>\n<table style=\"width: 100%; border-collapse: collapse; border: 1px solid #000;\">\n<tbody>\n<tr>\n<th style=\"border: 1px solid #000; padding: 8px; text-align: left;\">Especificaci\u00f3n<\/th>\n<th style=\"border: 1px solid #000; padding: 8px; text-align: left;\">Detalle<\/th>\n<\/tr>\n<tr>\n<td style=\"border: 1px solid #000; padding: 8px;\">Brillo<\/td>\n<td style=\"border: 1px solid #000; padding: 8px;\">250 l\u00famenes<\/td>\n<\/tr>\n<tr>\n<td style=\"border: 1px solid #000; padding: 8px;\">Niveles de brillo<\/td>\n<td style=\"border: 1px solid #000; padding: 8px;\">100%, 40%, 10% y luna<\/td>\n<\/tr>\n<tr>\n<td style=\"border: 1px solid #000; padding: 8px;\">Distancia<\/td>\n<td style=\"border: 1px solid #000; padding: 8px;\">65 metros<\/td>\n<\/tr>\n<tr>\n<td style=\"border: 1px solid #000; padding: 8px;\">Tiempo de uso<\/td>\n<td style=\"border: 1px solid #000; padding: 8px;\">30 horas<\/td>\n<\/tr>\n<tr>\n<td style=\"border: 1px solid #000; padding: 8px;\">Tipo de bater\u00eda<\/td>\n<td style=\"border: 1px solid #000; padding: 8px;\">Cree XP-G2<\/td>\n<\/tr>\n<tr>\n<td style=\"border: 1px solid #000; padding: 8px;\">Chip<\/td>\n<td style=\"border: 1px solid #000; padding: 8px;\">16mm<\/td>\n<\/tr>\n<tr>\n<td style=\"border: 1px solid #000; padding: 8px;\">\u00d8 Mango<\/td>\n<td style=\"border: 1px solid #000; padding: 8px;\">16mm<\/td>\n<\/tr>\n<tr>\n<td style=\"border: 1px solid #000; padding: 8px;\">Largo<\/td>\n<td style=\"border: 1px solid #000; padding: 8px;\">118mm<\/td>\n<\/tr>\n<tr>\n<td style=\"border: 1px solid #000; padding: 8px;\">Peso<\/td>\n<td style=\"border: 1px solid #000; padding: 8px;\">40g<\/td>\n<\/tr>\n<\/tbody>\n<\/table>\n","protected":false},"excerpt":{"rendered":"<p>La PL31r es una aut\u00e9ntica l\u00e1mpara de bolsillo: compacta, flexible y fiable. Bajo la elegante y robusta carcasa de aluminio, un potente LED genera hasta 250 l\u00famenes. Con los 6 esquemas de conmutaci\u00f3n pre seleccionables, est\u00e1 bien preparado para cada&#8230;<\/p>\n","protected":false},"featured_media":3448,"template":"","meta":{"_acf_changed":false},"product_brand":[124],"product_cat":[64,17,67],"product_tag":[],"class_list":{"0":"post-1003","1":"product","2":"type-product","3":"status-publish","4":"has-post-thumbnail","6":"product_brand-walther","7":"product_cat-equipamiento","8":"product_cat-general","9":"product_cat-linternas","11":"first","12":"outofstock","13":"taxable","14":"shipping-taxable","15":"purchasable","16":"product-type-simple"},"acf":[],"yoast_head":"<!-- This site is optimized with the Yoast SEO plugin v27.2 - https:\/\/yoast.com\/product\/yoast-seo-wordpress\/ -->\n<title>Linterna Walther PL31r #3.7129 - Importadora MC<\/title>\n<meta name=\"robots\" content=\"index, follow, max-snippet:-1, max-image-preview:large, max-video-preview:-1\" \/>\n<link rel=\"canonical\" href=\"https:\/\/importadoramc.cl\/distribucion\/producto\/linterna-walther-pl31r-3-7129\/\" \/>\n<meta property=\"og:locale\" content=\"es_ES\" \/>\n<meta property=\"og:type\" content=\"article\" \/>\n<meta property=\"og:title\" content=\"Linterna Walther PL31r #3.7129 - Importadora MC\" \/>\n<meta property=\"og:description\" content=\"La PL31r es una aut\u00e9ntica l\u00e1mpara de bolsillo: compacta, flexible y fiable. Bajo la elegante y robusta carcasa de aluminio, un potente LED genera hasta 250 l\u00famenes. Con los 6 esquemas de conmutaci\u00f3n pre seleccionables, est\u00e1 bien preparado para cada...\" \/>\n<meta property=\"og:url\" content=\"https:\/\/importadoramc.cl\/distribucion\/producto\/linterna-walther-pl31r-3-7129\/\" \/>\n<meta property=\"og:site_name\" content=\"Importadora MC\" \/>\n<meta property=\"article:modified_time\" content=\"2026-03-30T18:39:45+00:00\" \/>\n<meta property=\"og:image\" content=\"https:\/\/importadoramc.cl\/distribucion\/wp-content\/uploads\/2025\/02\/X_3-7129_pl31r_lieferumfang_2000_1125_09279.jpg\" \/>\n\t<meta property=\"og:image:width\" content=\"1200\" \/>\n\t<meta property=\"og:image:height\" content=\"675\" \/>\n\t<meta property=\"og:image:type\" content=\"image\/jpeg\" \/>\n<meta name=\"twitter:card\" content=\"summary_large_image\" \/>\n<meta name=\"twitter:label1\" content=\"Tiempo estimado de lectura\" \/>\n\t<meta name=\"twitter:data1\" content=\"1 minuto\" \/>\n<script type=\"application\/ld+json\" class=\"yoast-schema-graph\">{\"@context\":\"https:\/\/schema.org\",\"@graph\":[{\"@type\":\"WebPage\",\"@id\":\"https:\/\/importadoramc.cl\/distribucion\/producto\/linterna-walther-pl31r-3-7129\/\",\"url\":\"https:\/\/importadoramc.cl\/distribucion\/producto\/linterna-walther-pl31r-3-7129\/\",\"name\":\"Linterna Walther PL31r #3.7129 - Importadora MC\",\"isPartOf\":{\"@id\":\"https:\/\/importadoramc.cl\/distribucion\/#website\"},\"primaryImageOfPage\":{\"@id\":\"https:\/\/importadoramc.cl\/distribucion\/producto\/linterna-walther-pl31r-3-7129\/#primaryimage\"},\"image\":{\"@id\":\"https:\/\/importadoramc.cl\/distribucion\/producto\/linterna-walther-pl31r-3-7129\/#primaryimage\"},\"thumbnailUrl\":\"https:\/\/importadoramc.cl\/distribucion\/wp-content\/uploads\/2025\/02\/X_3-7129_pl31r_lieferumfang_2000_1125_09279.jpg\",\"datePublished\":\"2025-02-25T17:43:27+00:00\",\"dateModified\":\"2026-03-30T18:39:45+00:00\",\"breadcrumb\":{\"@id\":\"https:\/\/importadoramc.cl\/distribucion\/producto\/linterna-walther-pl31r-3-7129\/#breadcrumb\"},\"inLanguage\":\"es-CL\",\"potentialAction\":[{\"@type\":\"ReadAction\",\"target\":[\"https:\/\/importadoramc.cl\/distribucion\/producto\/linterna-walther-pl31r-3-7129\/\"]}]},{\"@type\":\"ImageObject\",\"inLanguage\":\"es-CL\",\"@id\":\"https:\/\/importadoramc.cl\/distribucion\/producto\/linterna-walther-pl31r-3-7129\/#primaryimage\",\"url\":\"https:\/\/importadoramc.cl\/distribucion\/wp-content\/uploads\/2025\/02\/X_3-7129_pl31r_lieferumfang_2000_1125_09279.jpg\",\"contentUrl\":\"https:\/\/importadoramc.cl\/distribucion\/wp-content\/uploads\/2025\/02\/X_3-7129_pl31r_lieferumfang_2000_1125_09279.jpg\",\"width\":1200,\"height\":675},{\"@type\":\"BreadcrumbList\",\"@id\":\"https:\/\/importadoramc.cl\/distribucion\/producto\/linterna-walther-pl31r-3-7129\/#breadcrumb\",\"itemListElement\":[{\"@type\":\"ListItem\",\"position\":1,\"name\":\"Portada\",\"item\":\"https:\/\/importadoramc.cl\/distribucion\/\"},{\"@type\":\"ListItem\",\"position\":2,\"name\":\"Productos\",\"item\":\"https:\/\/importadoramc.cl\/distribucion\/productos\/\"},{\"@type\":\"ListItem\",\"position\":3,\"name\":\"Linterna Walther PL31r #3.7129\"}]},{\"@type\":\"WebSite\",\"@id\":\"https:\/\/importadoramc.cl\/distribucion\/#website\",\"url\":\"https:\/\/importadoramc.cl\/distribucion\/\",\"name\":\"Importadora MC\",\"description\":\"\",\"publisher\":{\"@id\":\"https:\/\/importadoramc.cl\/distribucion\/#organization\"},\"potentialAction\":[{\"@type\":\"SearchAction\",\"target\":{\"@type\":\"EntryPoint\",\"urlTemplate\":\"https:\/\/importadoramc.cl\/distribucion\/?s={search_term_string}\"},\"query-input\":{\"@type\":\"PropertyValueSpecification\",\"valueRequired\":true,\"valueName\":\"search_term_string\"}}],\"inLanguage\":\"es-CL\"},{\"@type\":\"Organization\",\"@id\":\"https:\/\/importadoramc.cl\/distribucion\/#organization\",\"name\":\"Importadora MC\",\"url\":\"https:\/\/importadoramc.cl\/distribucion\/\",\"logo\":{\"@type\":\"ImageObject\",\"inLanguage\":\"es-CL\",\"@id\":\"https:\/\/importadoramc.cl\/distribucion\/#\/schema\/logo\/image\/\",\"url\":\"https:\/\/importadoramc.cl\/distribucion\/wp-content\/uploads\/2025\/04\/VECTORIZACION-DE-LOGO-IMPORTADORA-1.jpg\",\"contentUrl\":\"https:\/\/importadoramc.cl\/distribucion\/wp-content\/uploads\/2025\/04\/VECTORIZACION-DE-LOGO-IMPORTADORA-1.jpg\",\"width\":2559,\"height\":2513,\"caption\":\"Importadora MC\"},\"image\":{\"@id\":\"https:\/\/importadoramc.cl\/distribucion\/#\/schema\/logo\/image\/\"},\"sameAs\":[\"https:\/\/www.linkedin.com\/company\/importadora-mc-cl\/\"]}]}<\/script>\n<!-- \/ Yoast SEO plugin. -->","yoast_head_json":{"title":"Linterna Walther PL31r #3.7129 - Importadora MC","robots":{"index":"index","follow":"follow","max-snippet":"max-snippet:-1","max-image-preview":"max-image-preview:large","max-video-preview":"max-video-preview:-1"},"canonical":"https:\/\/importadoramc.cl\/distribucion\/producto\/linterna-walther-pl31r-3-7129\/","og_locale":"es_ES","og_type":"article","og_title":"Linterna Walther PL31r #3.7129 - Importadora MC","og_description":"La PL31r es una aut\u00e9ntica l\u00e1mpara de bolsillo: compacta, flexible y fiable. Bajo la elegante y robusta carcasa de aluminio, un potente LED genera hasta 250 l\u00famenes. Con los 6 esquemas de conmutaci\u00f3n pre seleccionables, est\u00e1 bien preparado para cada...","og_url":"https:\/\/importadoramc.cl\/distribucion\/producto\/linterna-walther-pl31r-3-7129\/","og_site_name":"Importadora MC","article_modified_time":"2026-03-30T18:39:45+00:00","og_image":[{"width":1200,"height":675,"url":"https:\/\/importadoramc.cl\/distribucion\/wp-content\/uploads\/2025\/02\/X_3-7129_pl31r_lieferumfang_2000_1125_09279.jpg","type":"image\/jpeg"}],"twitter_card":"summary_large_image","twitter_misc":{"Tiempo estimado de lectura":"1 minuto"},"schema":{"@context":"https:\/\/schema.org","@graph":[{"@type":"WebPage","@id":"https:\/\/importadoramc.cl\/distribucion\/producto\/linterna-walther-pl31r-3-7129\/","url":"https:\/\/importadoramc.cl\/distribucion\/producto\/linterna-walther-pl31r-3-7129\/","name":"Linterna Walther PL31r #3.7129 - Importadora MC","isPartOf":{"@id":"https:\/\/importadoramc.cl\/distribucion\/#website"},"primaryImageOfPage":{"@id":"https:\/\/importadoramc.cl\/distribucion\/producto\/linterna-walther-pl31r-3-7129\/#primaryimage"},"image":{"@id":"https:\/\/importadoramc.cl\/distribucion\/producto\/linterna-walther-pl31r-3-7129\/#primaryimage"},"thumbnailUrl":"https:\/\/importadoramc.cl\/distribucion\/wp-content\/uploads\/2025\/02\/X_3-7129_pl31r_lieferumfang_2000_1125_09279.jpg","datePublished":"2025-02-25T17:43:27+00:00","dateModified":"2026-03-30T18:39:45+00:00","breadcrumb":{"@id":"https:\/\/importadoramc.cl\/distribucion\/producto\/linterna-walther-pl31r-3-7129\/#breadcrumb"},"inLanguage":"es-CL","potentialAction":[{"@type":"ReadAction","target":["https:\/\/importadoramc.cl\/distribucion\/producto\/linterna-walther-pl31r-3-7129\/"]}]},{"@type":"ImageObject","inLanguage":"es-CL","@id":"https:\/\/importadoramc.cl\/distribucion\/producto\/linterna-walther-pl31r-3-7129\/#primaryimage","url":"https:\/\/importadoramc.cl\/distribucion\/wp-content\/uploads\/2025\/02\/X_3-7129_pl31r_lieferumfang_2000_1125_09279.jpg","contentUrl":"https:\/\/importadoramc.cl\/distribucion\/wp-content\/uploads\/2025\/02\/X_3-7129_pl31r_lieferumfang_2000_1125_09279.jpg","width":1200,"height":675},{"@type":"BreadcrumbList","@id":"https:\/\/importadoramc.cl\/distribucion\/producto\/linterna-walther-pl31r-3-7129\/#breadcrumb","itemListElement":[{"@type":"ListItem","position":1,"name":"Portada","item":"https:\/\/importadoramc.cl\/distribucion\/"},{"@type":"ListItem","position":2,"name":"Productos","item":"https:\/\/importadoramc.cl\/distribucion\/productos\/"},{"@type":"ListItem","position":3,"name":"Linterna Walther PL31r #3.7129"}]},{"@type":"WebSite","@id":"https:\/\/importadoramc.cl\/distribucion\/#website","url":"https:\/\/importadoramc.cl\/distribucion\/","name":"Importadora MC","description":"","publisher":{"@id":"https:\/\/importadoramc.cl\/distribucion\/#organization"},"potentialAction":[{"@type":"SearchAction","target":{"@type":"EntryPoint","urlTemplate":"https:\/\/importadoramc.cl\/distribucion\/?s={search_term_string}"},"query-input":{"@type":"PropertyValueSpecification","valueRequired":true,"valueName":"search_term_string"}}],"inLanguage":"es-CL"},{"@type":"Organization","@id":"https:\/\/importadoramc.cl\/distribucion\/#organization","name":"Importadora MC","url":"https:\/\/importadoramc.cl\/distribucion\/","logo":{"@type":"ImageObject","inLanguage":"es-CL","@id":"https:\/\/importadoramc.cl\/distribucion\/#\/schema\/logo\/image\/","url":"https:\/\/importadoramc.cl\/distribucion\/wp-content\/uploads\/2025\/04\/VECTORIZACION-DE-LOGO-IMPORTADORA-1.jpg","contentUrl":"https:\/\/importadoramc.cl\/distribucion\/wp-content\/uploads\/2025\/04\/VECTORIZACION-DE-LOGO-IMPORTADORA-1.jpg","width":2559,"height":2513,"caption":"Importadora MC"},"image":{"@id":"https:\/\/importadoramc.cl\/distribucion\/#\/schema\/logo\/image\/"},"sameAs":["https:\/\/www.linkedin.com\/company\/importadora-mc-cl\/"]}]}},"_links":{"self":[{"href":"https:\/\/importadoramc.cl\/distribucion\/wp-json\/wp\/v2\/product\/1003","targetHints":{"allow":["GET"]}}],"collection":[{"href":"https:\/\/importadoramc.cl\/distribucion\/wp-json\/wp\/v2\/product"}],"about":[{"href":"https:\/\/importadoramc.cl\/distribucion\/wp-json\/wp\/v2\/types\/product"}],"wp:featuredmedia":[{"embeddable":true,"href":"https:\/\/importadoramc.cl\/distribucion\/wp-json\/wp\/v2\/media\/3448"}],"wp:attachment":[{"href":"https:\/\/importadoramc.cl\/distribucion\/wp-json\/wp\/v2\/media?parent=1003"}],"wp:term":[{"taxonomy":"product_brand","embeddable":true,"href":"https:\/\/importadoramc.cl\/distribucion\/wp-json\/wp\/v2\/product_brand?post=1003"},{"taxonomy":"product_cat","embeddable":true,"href":"https:\/\/importadoramc.cl\/distribucion\/wp-json\/wp\/v2\/product_cat?post=1003"},{"taxonomy":"product_tag","embeddable":true,"href":"https:\/\/importadoramc.cl\/distribucion\/wp-json\/wp\/v2\/product_tag?post=1003"}],"curies":[{"name":"wp","href":"https:\/\/api.w.org\/{rel}","templated":true}]}}